{"id":7170,"date":"2024-01-17T12:04:05","date_gmt":"2024-01-17T09:04:05","guid":{"rendered":"https:\/\/simonjersey.eu\/lv\/?post_type=product&#038;p=7170"},"modified":"2024-01-17T12:11:07","modified_gmt":"2024-01-17T09:11:07","slug":"satina-bluze","status":"publish","type":"product","link":"https:\/\/simonjersey.eu\/lv\/produkts\/satina-bluze\/","title":{"rendered":"Sat\u012bna bl\u016bze"},"content":{"rendered":"","protected":false},"excerpt":{"rendered":"<p>Atjauniniet savu darba ap\u0123\u0113rbu skapi ar m\u016bsu popul\u0101ro sat\u012bna bl\u016bzi, kas tagad ir pieejama jaun\u0101s paste\u013cto\u0146os.<\/p>\n<p>Garums: 62cm<br \/>\nMateri\u0101ls:97% poliesters 3% elastane\/ 180 g\/m\u00b2<br \/>\nKop\u0161ana: 30\u00b0 ve\u013cas ma\u0161\u012bn\u0101, viegli kopjams, minimaal gludin\u0101\u0161ana.<br \/>\nIzm\u0113ri(UK): 6-26<\/p>\n","protected":false},"featured_media":7177,"template":"","meta":[],"product_brand":[],"product_cat":[487,89,94,22,24,34,78,79,50,62,105],"product_tag":[],"class_list":{"0":"post-7170","1":"product","2":"type-product","3":"status-publish","4":"has-post-thumbnail","6":"product_cat-smart-casual-darba-apgerbs","7":"product_cat-sievietem-lietiskais-apgerbs","8":"product_cat-bluzes-sievietem-lietiskais-apgerbs","9":"product_cat-restorani","10":"product_cat-sievietem","11":"product_cat-bluzes","12":"product_cat-recepcija","13":"product_cat-bluzes-recepcija","14":"product_cat-sievietem-viesmiliba","15":"product_cat-bluzes-sievietem-viesmiliba","16":"product_cat-sieviesu-bluzes","18":"first","19":"instock","20":"taxable","21":"shipping-taxable","22":"purchasable","23":"product-type-variable","24":"has-default-attributes"},"yoast_head":"<!-- This site is optimized with the Yoast SEO plugin v27.2 - https:\/\/yoast.com\/product\/yoast-seo-wordpress\/ -->\n<title>Sat\u012bna bl\u016bze - Simon Jersey Latvija<\/title>\n<meta name=\"robots\" content=\"index, follow, max-snippet:-1, max-image-preview:large, max-video-preview:-1\" \/>\n<link rel=\"canonical\" href=\"https:\/\/simonjersey.eu\/lv\/produkts\/satina-bluze\/\" \/>\n<meta property=\"og:locale\" content=\"lv_LV\" \/>\n<meta property=\"og:type\" content=\"article\" \/>\n<meta property=\"og:title\" content=\"Sat\u012bna bl\u016bze - Simon Jersey Latvija\" \/>\n<meta property=\"og:description\" content=\"Atjauniniet savu darba ap\u0123\u0113rbu skapi ar m\u016bsu popul\u0101ro sat\u012bna bl\u016bzi, kas tagad ir pieejama jaun\u0101s paste\u013cto\u0146os.  Garums: 62cm Materi\u0101ls:97% poliesters 3% elastane\/ 180 g\/m\u00b2 Kop\u0161ana: 30\u00b0 ve\u013cas ma\u0161\u012bn\u0101, viegli kopjams, minimaal gludin\u0101\u0161ana. Izm\u0113ri(UK): 6-26\" \/>\n<meta property=\"og:url\" content=\"https:\/\/simonjersey.eu\/lv\/produkts\/satina-bluze\/\" \/>\n<meta property=\"og:site_name\" content=\"Simon Jersey Latvija\" \/>\n<meta property=\"article:modified_time\" content=\"2024-01-17T09:11:07+00:00\" \/>\n<meta property=\"og:image\" content=\"https:\/\/simonjersey.eu\/lv\/wp-content\/uploads\/sites\/2\/2024\/01\/Ravenna-Blouse-Taupe-1.jpg\" \/>\n\t<meta property=\"og:image:width\" content=\"900\" \/>\n\t<meta property=\"og:image:height\" content=\"1305\" \/>\n\t<meta property=\"og:image:type\" content=\"image\/jpeg\" \/>\n<meta name=\"twitter:card\" content=\"summary_large_image\" \/>\n<script type=\"application\/ld+json\" class=\"yoast-schema-graph\">{\"@context\":\"https:\/\/schema.org\",\"@graph\":[{\"@type\":\"WebPage\",\"@id\":\"https:\/\/simonjersey.eu\/lv\/produkts\/satina-bluze\/\",\"url\":\"https:\/\/simonjersey.eu\/lv\/produkts\/satina-bluze\/\",\"name\":\"Sat\u012bna bl\u016bze - Simon Jersey Latvija\",\"isPartOf\":{\"@id\":\"https:\/\/simonjersey.eu\/lv\/#website\"},\"primaryImageOfPage\":{\"@id\":\"https:\/\/simonjersey.eu\/lv\/produkts\/satina-bluze\/#primaryimage\"},\"image\":{\"@id\":\"https:\/\/simonjersey.eu\/lv\/produkts\/satina-bluze\/#primaryimage\"},\"thumbnailUrl\":\"https:\/\/simonjersey.eu\/lv\/wp-content\/uploads\/sites\/2\/2024\/01\/Ravenna-Blouse-Taupe-1.jpg\",\"datePublished\":\"2024-01-17T09:04:05+00:00\",\"dateModified\":\"2024-01-17T09:11:07+00:00\",\"breadcrumb\":{\"@id\":\"https:\/\/simonjersey.eu\/lv\/produkts\/satina-bluze\/#breadcrumb\"},\"inLanguage\":\"lv-LV\",\"potentialAction\":[{\"@type\":\"ReadAction\",\"target\":[\"https:\/\/simonjersey.eu\/lv\/produkts\/satina-bluze\/\"]}]},{\"@type\":\"ImageObject\",\"inLanguage\":\"lv-LV\",\"@id\":\"https:\/\/simonjersey.eu\/lv\/produkts\/satina-bluze\/#primaryimage\",\"url\":\"https:\/\/simonjersey.eu\/lv\/wp-content\/uploads\/sites\/2\/2024\/01\/Ravenna-Blouse-Taupe-1.jpg\",\"contentUrl\":\"https:\/\/simonjersey.eu\/lv\/wp-content\/uploads\/sites\/2\/2024\/01\/Ravenna-Blouse-Taupe-1.jpg\",\"width\":900,\"height\":1305},{\"@type\":\"BreadcrumbList\",\"@id\":\"https:\/\/simonjersey.eu\/lv\/produkts\/satina-bluze\/#breadcrumb\",\"itemListElement\":[{\"@type\":\"ListItem\",\"position\":1,\"name\":\"Home\",\"item\":\"https:\/\/simonjersey.eu\/lv\/\"},{\"@type\":\"ListItem\",\"position\":2,\"name\":\"E-veikals\",\"item\":\"https:\/\/simonjersey.eu\/lv\/e-veikals\/\"},{\"@type\":\"ListItem\",\"position\":3,\"name\":\"Sat\u012bna bl\u016bze\"}]},{\"@type\":\"WebSite\",\"@id\":\"https:\/\/simonjersey.eu\/lv\/#website\",\"url\":\"https:\/\/simonjersey.eu\/lv\/\",\"name\":\"Simon Jersey Latvija\",\"description\":\"Kvalitat\u012bvi un iztur\u012bgi darba ap\u0123\u0113rbi\",\"potentialAction\":[{\"@type\":\"SearchAction\",\"target\":{\"@type\":\"EntryPoint\",\"urlTemplate\":\"https:\/\/simonjersey.eu\/lv\/?s={search_term_string}\"},\"query-input\":{\"@type\":\"PropertyValueSpecification\",\"valueRequired\":true,\"valueName\":\"search_term_string\"}}],\"inLanguage\":\"lv-LV\"}]}<\/script>\n<!-- \/ Yoast SEO plugin. -->","yoast_head_json":{"title":"Sat\u012bna bl\u016bze - Simon Jersey Latvija","robots":{"index":"index","follow":"follow","max-snippet":"max-snippet:-1","max-image-preview":"max-image-preview:large","max-video-preview":"max-video-preview:-1"},"canonical":"https:\/\/simonjersey.eu\/lv\/produkts\/satina-bluze\/","og_locale":"lv_LV","og_type":"article","og_title":"Sat\u012bna bl\u016bze - Simon Jersey Latvija","og_description":"Atjauniniet savu darba ap\u0123\u0113rbu skapi ar m\u016bsu popul\u0101ro sat\u012bna bl\u016bzi, kas tagad ir pieejama jaun\u0101s paste\u013cto\u0146os.  Garums: 62cm Materi\u0101ls:97% poliesters 3% elastane\/ 180 g\/m\u00b2 Kop\u0161ana: 30\u00b0 ve\u013cas ma\u0161\u012bn\u0101, viegli kopjams, minimaal gludin\u0101\u0161ana. Izm\u0113ri(UK): 6-26","og_url":"https:\/\/simonjersey.eu\/lv\/produkts\/satina-bluze\/","og_site_name":"Simon Jersey Latvija","article_modified_time":"2024-01-17T09:11:07+00:00","og_image":[{"width":900,"height":1305,"url":"https:\/\/simonjersey.eu\/lv\/wp-content\/uploads\/sites\/2\/2024\/01\/Ravenna-Blouse-Taupe-1.jpg","type":"image\/jpeg"}],"twitter_card":"summary_large_image","schema":{"@context":"https:\/\/schema.org","@graph":[{"@type":"WebPage","@id":"https:\/\/simonjersey.eu\/lv\/produkts\/satina-bluze\/","url":"https:\/\/simonjersey.eu\/lv\/produkts\/satina-bluze\/","name":"Sat\u012bna bl\u016bze - Simon Jersey Latvija","isPartOf":{"@id":"https:\/\/simonjersey.eu\/lv\/#website"},"primaryImageOfPage":{"@id":"https:\/\/simonjersey.eu\/lv\/produkts\/satina-bluze\/#primaryimage"},"image":{"@id":"https:\/\/simonjersey.eu\/lv\/produkts\/satina-bluze\/#primaryimage"},"thumbnailUrl":"https:\/\/simonjersey.eu\/lv\/wp-content\/uploads\/sites\/2\/2024\/01\/Ravenna-Blouse-Taupe-1.jpg","datePublished":"2024-01-17T09:04:05+00:00","dateModified":"2024-01-17T09:11:07+00:00","breadcrumb":{"@id":"https:\/\/simonjersey.eu\/lv\/produkts\/satina-bluze\/#breadcrumb"},"inLanguage":"lv-LV","potentialAction":[{"@type":"ReadAction","target":["https:\/\/simonjersey.eu\/lv\/produkts\/satina-bluze\/"]}]},{"@type":"ImageObject","inLanguage":"lv-LV","@id":"https:\/\/simonjersey.eu\/lv\/produkts\/satina-bluze\/#primaryimage","url":"https:\/\/simonjersey.eu\/lv\/wp-content\/uploads\/sites\/2\/2024\/01\/Ravenna-Blouse-Taupe-1.jpg","contentUrl":"https:\/\/simonjersey.eu\/lv\/wp-content\/uploads\/sites\/2\/2024\/01\/Ravenna-Blouse-Taupe-1.jpg","width":900,"height":1305},{"@type":"BreadcrumbList","@id":"https:\/\/simonjersey.eu\/lv\/produkts\/satina-bluze\/#breadcrumb","itemListElement":[{"@type":"ListItem","position":1,"name":"Home","item":"https:\/\/simonjersey.eu\/lv\/"},{"@type":"ListItem","position":2,"name":"E-veikals","item":"https:\/\/simonjersey.eu\/lv\/e-veikals\/"},{"@type":"ListItem","position":3,"name":"Sat\u012bna bl\u016bze"}]},{"@type":"WebSite","@id":"https:\/\/simonjersey.eu\/lv\/#website","url":"https:\/\/simonjersey.eu\/lv\/","name":"Simon Jersey Latvija","description":"Kvalitat\u012bvi un iztur\u012bgi darba ap\u0123\u0113rbi","potentialAction":[{"@type":"SearchAction","target":{"@type":"EntryPoint","urlTemplate":"https:\/\/simonjersey.eu\/lv\/?s={search_term_string}"},"query-input":{"@type":"PropertyValueSpecification","valueRequired":true,"valueName":"search_term_string"}}],"inLanguage":"lv-LV"}]}},"_links":{"self":[{"href":"https:\/\/simonjersey.eu\/lv\/wp-json\/wp\/v2\/product\/7170","targetHints":{"allow":["GET"]}}],"collection":[{"href":"https:\/\/simonjersey.eu\/lv\/wp-json\/wp\/v2\/product"}],"about":[{"href":"https:\/\/simonjersey.eu\/lv\/wp-json\/wp\/v2\/types\/product"}],"wp:featuredmedia":[{"embeddable":true,"href":"https:\/\/simonjersey.eu\/lv\/wp-json\/wp\/v2\/media\/7177"}],"wp:attachment":[{"href":"https:\/\/simonjersey.eu\/lv\/wp-json\/wp\/v2\/media?parent=7170"}],"wp:term":[{"taxonomy":"product_brand","embeddable":true,"href":"https:\/\/simonjersey.eu\/lv\/wp-json\/wp\/v2\/product_brand?post=7170"},{"taxonomy":"product_cat","embeddable":true,"href":"https:\/\/simonjersey.eu\/lv\/wp-json\/wp\/v2\/product_cat?post=7170"},{"taxonomy":"product_tag","embeddable":true,"href":"https:\/\/simonjersey.eu\/lv\/wp-json\/wp\/v2\/product_tag?post=7170"}],"curies":[{"name":"wp","href":"https:\/\/api.w.org\/{rel}","templated":true}]}}