{"id":7196,"date":"2024-01-17T13:12:36","date_gmt":"2024-01-17T10:12:36","guid":{"rendered":"https:\/\/simonjersey.eu\/lv\/?post_type=product&#038;p=7196"},"modified":"2024-01-25T15:36:14","modified_gmt":"2024-01-25T12:36:14","slug":"jersey-stretch-kleita-kas-izplesas-no-apaksas","status":"publish","type":"product","link":"https:\/\/simonjersey.eu\/lv\/produkts\/jersey-stretch-kleita-kas-izplesas-no-apaksas\/","title":{"rendered":"Jersey Stretch kleita, kas izple\u0161as no apak\u0161as"},"content":{"rendered":"","protected":false},"excerpt":{"rendered":"<p>M\u016bsu jaun\u0101 stil\u012bg\u0101 princeses piegriezuma D\u017eersija kleita ir laba alternat\u012bva lieti\u0161\u0137ajam uzvalkam ikdienas darba vid\u0113.<\/p>\n<p>Sievi\u0161\u0137\u012bg\u0101 &#8220;Smart casual&#8221; kleita ir ide\u0101li piem\u0113rota gan klientu apkalpo\u0161anas, gan biroja darbiniekiem.<\/p>\n<p>\u013boti \u0113rt\u0101 uzplaiksn\u012bt\u0101 kleita no nesaburz\u012bta elast\u012bga materi\u0101la ir bez oderes, ar \u012bs\u0101m piedurkn\u0113m, izgrieztu vidukli, aizmugur\u0113 sl\u0113pts r\u0101v\u0113jsl\u0113dz\u0113js, ko sedz sat\u012bna lentes deta\u013c\u0101m izv\u0113rsta aizdare.<\/p>\n<p>Garums: 100,5cm<\/p>\n<p>Materi\u0101ls: 67% Viscose, 29% Polyamide, 4% Elastane \/360gsm<\/p>\n<p>Kop\u0161ana: Mazg\u0101t 30\u00b0 ve\u013cas ma\u0161\u012bn\u0101, minim\u0101la gludin\u0101\u0161ana.<br \/>\nIzm\u0113ri (UK): 6-24.<\/p>\n<p>&nbsp;<\/p>\n","protected":false},"featured_media":7198,"template":"","meta":[],"product_brand":[],"product_cat":[487,89,96,22,24,36,17,19,78,81,50,64,109],"product_tag":[],"class_list":{"0":"post-7196","1":"product","2":"type-product","3":"status-publish","4":"has-post-thumbnail","6":"product_cat-smart-casual-darba-apgerbs","7":"product_cat-sievietem-lietiskais-apgerbs","8":"product_cat-kleitas-sievietem-lietiskais-apgerbs","9":"product_cat-restorani","10":"product_cat-sievietem","11":"product_cat-kleitas-sievietem","12":"product_cat-skaistumkopsana","13":"product_cat-kleitas","14":"product_cat-recepcija","15":"product_cat-kleitas-recepcija","16":"product_cat-sievietem-viesmiliba","17":"product_cat-kleitas-sievietem-viesmiliba","18":"product_cat-svarki-un-kleitas","20":"first","21":"instock","22":"taxable","23":"shipping-taxable","24":"purchasable","25":"product-type-variable","26":"has-default-attributes"},"yoast_head":"<!-- This site is optimized with the Yoast SEO plugin v27.2 - https:\/\/yoast.com\/product\/yoast-seo-wordpress\/ -->\n<title>Jersey Stretch kleita, kas izple\u0161as no apak\u0161as - Simon Jersey Latvija<\/title>\n<meta name=\"robots\" content=\"index, follow, max-snippet:-1, max-image-preview:large, max-video-preview:-1\" \/>\n<link rel=\"canonical\" href=\"https:\/\/simonjersey.eu\/lv\/produkts\/jersey-stretch-kleita-kas-izplesas-no-apaksas\/\" \/>\n<meta property=\"og:locale\" content=\"lv_LV\" \/>\n<meta property=\"og:type\" content=\"article\" \/>\n<meta property=\"og:title\" content=\"Jersey Stretch kleita, kas izple\u0161as no apak\u0161as - Simon Jersey Latvija\" \/>\n<meta property=\"og:description\" content=\"M\u016bsu jaun\u0101 stil\u012bg\u0101 princeses piegriezuma D\u017eersija kleita ir laba alternat\u012bva lieti\u0161\u0137ajam uzvalkam ikdienas darba vid\u0113.  Sievi\u0161\u0137\u012bg\u0101 &quot;Smart casual&quot; kleita ir ide\u0101li piem\u0113rota gan klientu apkalpo\u0161anas, gan biroja darbiniekiem.  \u013boti \u0113rt\u0101 uzplaiksn\u012bt\u0101 kleita no nesaburz\u012bta elast\u012bga materi\u0101la ir bez oderes, ar \u012bs\u0101m piedurkn\u0113m, izgrieztu vidukli, aizmugur\u0113 sl\u0113pts r\u0101v\u0113jsl\u0113dz\u0113js, ko sedz sat\u012bna lentes deta\u013c\u0101m izv\u0113rsta aizdare.  Garums: 100,5cm  Materi\u0101ls: 67% Viscose, 29% Polyamide, 4% Elastane \/360gsm  Kop\u0161ana: Mazg\u0101t 30\u00b0 ve\u013cas ma\u0161\u012bn\u0101, minim\u0101la gludin\u0101\u0161ana. Izm\u0113ri (UK): 6-24.  &nbsp;\" \/>\n<meta property=\"og:url\" content=\"https:\/\/simonjersey.eu\/lv\/produkts\/jersey-stretch-kleita-kas-izplesas-no-apaksas\/\" \/>\n<meta property=\"og:site_name\" content=\"Simon Jersey Latvija\" \/>\n<meta property=\"article:modified_time\" content=\"2024-01-25T12:36:14+00:00\" \/>\n<meta property=\"og:image\" content=\"https:\/\/simonjersey.eu\/lv\/wp-content\/uploads\/sites\/2\/2024\/01\/Belinda-Dress-Black-700-x-1023-1.jpg\" \/>\n\t<meta property=\"og:image:width\" content=\"700\" \/>\n\t<meta property=\"og:image:height\" content=\"1023\" \/>\n\t<meta property=\"og:image:type\" content=\"image\/jpeg\" \/>\n<meta name=\"twitter:card\" content=\"summary_large_image\" \/>\n<script type=\"application\/ld+json\" class=\"yoast-schema-graph\">{\"@context\":\"https:\/\/schema.org\",\"@graph\":[{\"@type\":\"WebPage\",\"@id\":\"https:\/\/simonjersey.eu\/lv\/produkts\/jersey-stretch-kleita-kas-izplesas-no-apaksas\/\",\"url\":\"https:\/\/simonjersey.eu\/lv\/produkts\/jersey-stretch-kleita-kas-izplesas-no-apaksas\/\",\"name\":\"Jersey Stretch kleita, kas izple\u0161as no apak\u0161as - Simon Jersey Latvija\",\"isPartOf\":{\"@id\":\"https:\/\/simonjersey.eu\/lv\/#website\"},\"primaryImageOfPage\":{\"@id\":\"https:\/\/simonjersey.eu\/lv\/produkts\/jersey-stretch-kleita-kas-izplesas-no-apaksas\/#primaryimage\"},\"image\":{\"@id\":\"https:\/\/simonjersey.eu\/lv\/produkts\/jersey-stretch-kleita-kas-izplesas-no-apaksas\/#primaryimage\"},\"thumbnailUrl\":\"https:\/\/simonjersey.eu\/lv\/wp-content\/uploads\/sites\/2\/2024\/01\/Belinda-Dress-Black-700-x-1023-1.jpg\",\"datePublished\":\"2024-01-17T10:12:36+00:00\",\"dateModified\":\"2024-01-25T12:36:14+00:00\",\"breadcrumb\":{\"@id\":\"https:\/\/simonjersey.eu\/lv\/produkts\/jersey-stretch-kleita-kas-izplesas-no-apaksas\/#breadcrumb\"},\"inLanguage\":\"lv-LV\",\"potentialAction\":[{\"@type\":\"ReadAction\",\"target\":[\"https:\/\/simonjersey.eu\/lv\/produkts\/jersey-stretch-kleita-kas-izplesas-no-apaksas\/\"]}]},{\"@type\":\"ImageObject\",\"inLanguage\":\"lv-LV\",\"@id\":\"https:\/\/simonjersey.eu\/lv\/produkts\/jersey-stretch-kleita-kas-izplesas-no-apaksas\/#primaryimage\",\"url\":\"https:\/\/simonjersey.eu\/lv\/wp-content\/uploads\/sites\/2\/2024\/01\/Belinda-Dress-Black-700-x-1023-1.jpg\",\"contentUrl\":\"https:\/\/simonjersey.eu\/lv\/wp-content\/uploads\/sites\/2\/2024\/01\/Belinda-Dress-Black-700-x-1023-1.jpg\",\"width\":700,\"height\":1023},{\"@type\":\"BreadcrumbList\",\"@id\":\"https:\/\/simonjersey.eu\/lv\/produkts\/jersey-stretch-kleita-kas-izplesas-no-apaksas\/#breadcrumb\",\"itemListElement\":[{\"@type\":\"ListItem\",\"position\":1,\"name\":\"Home\",\"item\":\"https:\/\/simonjersey.eu\/lv\/\"},{\"@type\":\"ListItem\",\"position\":2,\"name\":\"E-veikals\",\"item\":\"https:\/\/simonjersey.eu\/lv\/e-veikals\/\"},{\"@type\":\"ListItem\",\"position\":3,\"name\":\"Jersey Stretch kleita, kas izple\u0161as no apak\u0161as\"}]},{\"@type\":\"WebSite\",\"@id\":\"https:\/\/simonjersey.eu\/lv\/#website\",\"url\":\"https:\/\/simonjersey.eu\/lv\/\",\"name\":\"Simon Jersey Latvija\",\"description\":\"Kvalitat\u012bvi un iztur\u012bgi darba ap\u0123\u0113rbi\",\"potentialAction\":[{\"@type\":\"SearchAction\",\"target\":{\"@type\":\"EntryPoint\",\"urlTemplate\":\"https:\/\/simonjersey.eu\/lv\/?s={search_term_string}\"},\"query-input\":{\"@type\":\"PropertyValueSpecification\",\"valueRequired\":true,\"valueName\":\"search_term_string\"}}],\"inLanguage\":\"lv-LV\"}]}<\/script>\n<!-- \/ Yoast SEO plugin. -->","yoast_head_json":{"title":"Jersey Stretch kleita, kas izple\u0161as no apak\u0161as - Simon Jersey Latvija","robots":{"index":"index","follow":"follow","max-snippet":"max-snippet:-1","max-image-preview":"max-image-preview:large","max-video-preview":"max-video-preview:-1"},"canonical":"https:\/\/simonjersey.eu\/lv\/produkts\/jersey-stretch-kleita-kas-izplesas-no-apaksas\/","og_locale":"lv_LV","og_type":"article","og_title":"Jersey Stretch kleita, kas izple\u0161as no apak\u0161as - Simon Jersey Latvija","og_description":"M\u016bsu jaun\u0101 stil\u012bg\u0101 princeses piegriezuma D\u017eersija kleita ir laba alternat\u012bva lieti\u0161\u0137ajam uzvalkam ikdienas darba vid\u0113.  Sievi\u0161\u0137\u012bg\u0101 \"Smart casual\" kleita ir ide\u0101li piem\u0113rota gan klientu apkalpo\u0161anas, gan biroja darbiniekiem.  \u013boti \u0113rt\u0101 uzplaiksn\u012bt\u0101 kleita no nesaburz\u012bta elast\u012bga materi\u0101la ir bez oderes, ar \u012bs\u0101m piedurkn\u0113m, izgrieztu vidukli, aizmugur\u0113 sl\u0113pts r\u0101v\u0113jsl\u0113dz\u0113js, ko sedz sat\u012bna lentes deta\u013c\u0101m izv\u0113rsta aizdare.  Garums: 100,5cm  Materi\u0101ls: 67% Viscose, 29% Polyamide, 4% Elastane \/360gsm  Kop\u0161ana: Mazg\u0101t 30\u00b0 ve\u013cas ma\u0161\u012bn\u0101, minim\u0101la gludin\u0101\u0161ana. Izm\u0113ri (UK): 6-24.  &nbsp;","og_url":"https:\/\/simonjersey.eu\/lv\/produkts\/jersey-stretch-kleita-kas-izplesas-no-apaksas\/","og_site_name":"Simon Jersey Latvija","article_modified_time":"2024-01-25T12:36:14+00:00","og_image":[{"width":700,"height":1023,"url":"https:\/\/simonjersey.eu\/lv\/wp-content\/uploads\/sites\/2\/2024\/01\/Belinda-Dress-Black-700-x-1023-1.jpg","type":"image\/jpeg"}],"twitter_card":"summary_large_image","schema":{"@context":"https:\/\/schema.org","@graph":[{"@type":"WebPage","@id":"https:\/\/simonjersey.eu\/lv\/produkts\/jersey-stretch-kleita-kas-izplesas-no-apaksas\/","url":"https:\/\/simonjersey.eu\/lv\/produkts\/jersey-stretch-kleita-kas-izplesas-no-apaksas\/","name":"Jersey Stretch kleita, kas izple\u0161as no apak\u0161as - Simon Jersey Latvija","isPartOf":{"@id":"https:\/\/simonjersey.eu\/lv\/#website"},"primaryImageOfPage":{"@id":"https:\/\/simonjersey.eu\/lv\/produkts\/jersey-stretch-kleita-kas-izplesas-no-apaksas\/#primaryimage"},"image":{"@id":"https:\/\/simonjersey.eu\/lv\/produkts\/jersey-stretch-kleita-kas-izplesas-no-apaksas\/#primaryimage"},"thumbnailUrl":"https:\/\/simonjersey.eu\/lv\/wp-content\/uploads\/sites\/2\/2024\/01\/Belinda-Dress-Black-700-x-1023-1.jpg","datePublished":"2024-01-17T10:12:36+00:00","dateModified":"2024-01-25T12:36:14+00:00","breadcrumb":{"@id":"https:\/\/simonjersey.eu\/lv\/produkts\/jersey-stretch-kleita-kas-izplesas-no-apaksas\/#breadcrumb"},"inLanguage":"lv-LV","potentialAction":[{"@type":"ReadAction","target":["https:\/\/simonjersey.eu\/lv\/produkts\/jersey-stretch-kleita-kas-izplesas-no-apaksas\/"]}]},{"@type":"ImageObject","inLanguage":"lv-LV","@id":"https:\/\/simonjersey.eu\/lv\/produkts\/jersey-stretch-kleita-kas-izplesas-no-apaksas\/#primaryimage","url":"https:\/\/simonjersey.eu\/lv\/wp-content\/uploads\/sites\/2\/2024\/01\/Belinda-Dress-Black-700-x-1023-1.jpg","contentUrl":"https:\/\/simonjersey.eu\/lv\/wp-content\/uploads\/sites\/2\/2024\/01\/Belinda-Dress-Black-700-x-1023-1.jpg","width":700,"height":1023},{"@type":"BreadcrumbList","@id":"https:\/\/simonjersey.eu\/lv\/produkts\/jersey-stretch-kleita-kas-izplesas-no-apaksas\/#breadcrumb","itemListElement":[{"@type":"ListItem","position":1,"name":"Home","item":"https:\/\/simonjersey.eu\/lv\/"},{"@type":"ListItem","position":2,"name":"E-veikals","item":"https:\/\/simonjersey.eu\/lv\/e-veikals\/"},{"@type":"ListItem","position":3,"name":"Jersey Stretch kleita, kas izple\u0161as no apak\u0161as"}]},{"@type":"WebSite","@id":"https:\/\/simonjersey.eu\/lv\/#website","url":"https:\/\/simonjersey.eu\/lv\/","name":"Simon Jersey Latvija","description":"Kvalitat\u012bvi un iztur\u012bgi darba ap\u0123\u0113rbi","potentialAction":[{"@type":"SearchAction","target":{"@type":"EntryPoint","urlTemplate":"https:\/\/simonjersey.eu\/lv\/?s={search_term_string}"},"query-input":{"@type":"PropertyValueSpecification","valueRequired":true,"valueName":"search_term_string"}}],"inLanguage":"lv-LV"}]}},"_links":{"self":[{"href":"https:\/\/simonjersey.eu\/lv\/wp-json\/wp\/v2\/product\/7196","targetHints":{"allow":["GET"]}}],"collection":[{"href":"https:\/\/simonjersey.eu\/lv\/wp-json\/wp\/v2\/product"}],"about":[{"href":"https:\/\/simonjersey.eu\/lv\/wp-json\/wp\/v2\/types\/product"}],"wp:featuredmedia":[{"embeddable":true,"href":"https:\/\/simonjersey.eu\/lv\/wp-json\/wp\/v2\/media\/7198"}],"wp:attachment":[{"href":"https:\/\/simonjersey.eu\/lv\/wp-json\/wp\/v2\/media?parent=7196"}],"wp:term":[{"taxonomy":"product_brand","embeddable":true,"href":"https:\/\/simonjersey.eu\/lv\/wp-json\/wp\/v2\/product_brand?post=7196"},{"taxonomy":"product_cat","embeddable":true,"href":"https:\/\/simonjersey.eu\/lv\/wp-json\/wp\/v2\/product_cat?post=7196"},{"taxonomy":"product_tag","embeddable":true,"href":"https:\/\/simonjersey.eu\/lv\/wp-json\/wp\/v2\/product_tag?post=7196"}],"curies":[{"name":"wp","href":"https:\/\/api.w.org\/{rel}","templated":true}]}}