{"id":7202,"date":"2024-01-17T14:19:11","date_gmt":"2024-01-17T11:19:11","guid":{"rendered":"https:\/\/simonjersey.eu\/lv\/?post_type=product&#038;p=7202"},"modified":"2026-01-14T14:50:47","modified_gmt":"2026-01-14T11:50:47","slug":"sieviesu-bleizera-jersey-jaka-bez-oderes","status":"publish","type":"product","link":"https:\/\/simonjersey.eu\/lv\/produkts\/sieviesu-bleizera-jersey-jaka-bez-oderes\/","title":{"rendered":"Sievie\u0161u bleizera Jersey jaka bez oderes"},"content":{"rendered":"","protected":false},"excerpt":{"rendered":"<p>Sievi\u0161\u0137\u012bga un burv\u012bga &#8220;Smart casual&#8221; jaka\/jaka ir ide\u0101li piem\u0113rota gan klientu apkalpo\u0161anas darbiniekiem, gan biroja darbiniekiem, kuri ikdienas stilu nov\u0113rt\u0113 k\u0101 darba ap\u0123\u0113rbu.<\/p>\n<p>\u013boti \u0113rta jaka no neburz\u0101ma d\u017eersija elast\u012bga materi\u0101la, bez odere, viduklis apstr\u0101d\u0101ts, uz\u0161\u016btas kabatas, divas pogas, atv\u0113rtas piedurknes. Jaka ir pieejama divos garumos.<\/p>\n<p>Garums klasisk: 60,5cm<\/p>\n<p>Garums gar\u0161 : 63cm<\/p>\n<p>Materi\u0101ls: 67% Viscose, 29% Polyamide, 4% Elastane \/360gsm<\/p>\n<p>Kop\u0161ana: Mazg\u0101t 30\u00b0 ve\u013cas ma\u0161\u012bn\u0101, minim\u0101la gludin\u0101\u0161ana.<br \/>\nIzm\u0113ri (UK): 6-24.<\/p>\n","protected":false},"featured_media":7205,"template":"","meta":[],"product_brand":[],"product_cat":[487,89,98,22,24,38,78,83,50,66,110],"product_tag":[],"class_list":{"0":"post-7202","1":"product","2":"type-product","3":"status-publish","4":"has-post-thumbnail","6":"product_cat-smart-casual-darba-apgerbs","7":"product_cat-sievietem-lietiskais-apgerbs","8":"product_cat-zaketes-sievietem-lietiskais-apgerbs","9":"product_cat-restorani","10":"product_cat-sievietem","11":"product_cat-zaketes","12":"product_cat-recepcija","13":"product_cat-zaketes-recepcija","14":"product_cat-sievietem-viesmiliba","15":"product_cat-zaketes-sievietem-viesmiliba","16":"product_cat-zaketes-2","18":"first","19":"instock","20":"taxable","21":"shipping-taxable","22":"purchasable","23":"product-type-variable","24":"has-default-attributes"},"yoast_head":"<!-- This site is optimized with the Yoast SEO plugin v27.2 - https:\/\/yoast.com\/product\/yoast-seo-wordpress\/ -->\n<title>Sievie\u0161u bleizera Jersey jaka bez oderes - Simon Jersey Latvija<\/title>\n<meta name=\"robots\" content=\"index, follow, max-snippet:-1, max-image-preview:large, max-video-preview:-1\" \/>\n<link rel=\"canonical\" href=\"https:\/\/simonjersey.eu\/lv\/produkts\/sieviesu-bleizera-jersey-jaka-bez-oderes\/\" \/>\n<meta property=\"og:locale\" content=\"lv_LV\" \/>\n<meta property=\"og:type\" content=\"article\" \/>\n<meta property=\"og:title\" content=\"Sievie\u0161u bleizera Jersey jaka bez oderes - Simon Jersey Latvija\" \/>\n<meta property=\"og:description\" content=\"Sievi\u0161\u0137\u012bga un burv\u012bga &quot;Smart casual&quot; jaka\/jaka ir ide\u0101li piem\u0113rota gan klientu apkalpo\u0161anas darbiniekiem, gan biroja darbiniekiem, kuri ikdienas stilu nov\u0113rt\u0113 k\u0101 darba ap\u0123\u0113rbu.  \u013boti \u0113rta jaka no neburz\u0101ma d\u017eersija elast\u012bga materi\u0101la, bez odere, viduklis apstr\u0101d\u0101ts, uz\u0161\u016btas kabatas, divas pogas, atv\u0113rtas piedurknes. Jaka ir pieejama divos garumos.  Garums klasisk: 60,5cm  Garums gar\u0161 : 63cm  Materi\u0101ls: 67% Viscose, 29% Polyamide, 4% Elastane \/360gsm  Kop\u0161ana: Mazg\u0101t 30\u00b0 ve\u013cas ma\u0161\u012bn\u0101, minim\u0101la gludin\u0101\u0161ana. Izm\u0113ri (UK): 6-24.\" \/>\n<meta property=\"og:url\" content=\"https:\/\/simonjersey.eu\/lv\/produkts\/sieviesu-bleizera-jersey-jaka-bez-oderes\/\" \/>\n<meta property=\"og:site_name\" content=\"Simon Jersey Latvija\" \/>\n<meta property=\"article:modified_time\" content=\"2026-01-14T11:50:47+00:00\" \/>\n<meta property=\"og:image\" content=\"https:\/\/simonjersey.eu\/lv\/wp-content\/uploads\/sites\/2\/2024\/01\/Libra-Grey-700-x-1049-1-1.jpg\" \/>\n\t<meta property=\"og:image:width\" content=\"700\" \/>\n\t<meta property=\"og:image:height\" content=\"1049\" \/>\n\t<meta property=\"og:image:type\" content=\"image\/jpeg\" \/>\n<meta name=\"twitter:card\" content=\"summary_large_image\" \/>\n<meta name=\"twitter:label1\" content=\"Est. reading time\" \/>\n\t<meta name=\"twitter:data1\" content=\"1 min\u016bte\" \/>\n<script type=\"application\/ld+json\" class=\"yoast-schema-graph\">{\"@context\":\"https:\/\/schema.org\",\"@graph\":[{\"@type\":\"WebPage\",\"@id\":\"https:\/\/simonjersey.eu\/lv\/produkts\/sieviesu-bleizera-jersey-jaka-bez-oderes\/\",\"url\":\"https:\/\/simonjersey.eu\/lv\/produkts\/sieviesu-bleizera-jersey-jaka-bez-oderes\/\",\"name\":\"Sievie\u0161u bleizera Jersey jaka bez oderes - Simon Jersey Latvija\",\"isPartOf\":{\"@id\":\"https:\/\/simonjersey.eu\/lv\/#website\"},\"primaryImageOfPage\":{\"@id\":\"https:\/\/simonjersey.eu\/lv\/produkts\/sieviesu-bleizera-jersey-jaka-bez-oderes\/#primaryimage\"},\"image\":{\"@id\":\"https:\/\/simonjersey.eu\/lv\/produkts\/sieviesu-bleizera-jersey-jaka-bez-oderes\/#primaryimage\"},\"thumbnailUrl\":\"https:\/\/simonjersey.eu\/lv\/wp-content\/uploads\/sites\/2\/2024\/01\/Libra-Grey-700-x-1049-1-1.jpg\",\"datePublished\":\"2024-01-17T11:19:11+00:00\",\"dateModified\":\"2026-01-14T11:50:47+00:00\",\"breadcrumb\":{\"@id\":\"https:\/\/simonjersey.eu\/lv\/produkts\/sieviesu-bleizera-jersey-jaka-bez-oderes\/#breadcrumb\"},\"inLanguage\":\"lv-LV\",\"potentialAction\":[{\"@type\":\"ReadAction\",\"target\":[\"https:\/\/simonjersey.eu\/lv\/produkts\/sieviesu-bleizera-jersey-jaka-bez-oderes\/\"]}]},{\"@type\":\"ImageObject\",\"inLanguage\":\"lv-LV\",\"@id\":\"https:\/\/simonjersey.eu\/lv\/produkts\/sieviesu-bleizera-jersey-jaka-bez-oderes\/#primaryimage\",\"url\":\"https:\/\/simonjersey.eu\/lv\/wp-content\/uploads\/sites\/2\/2024\/01\/Libra-Grey-700-x-1049-1-1.jpg\",\"contentUrl\":\"https:\/\/simonjersey.eu\/lv\/wp-content\/uploads\/sites\/2\/2024\/01\/Libra-Grey-700-x-1049-1-1.jpg\",\"width\":700,\"height\":1049},{\"@type\":\"BreadcrumbList\",\"@id\":\"https:\/\/simonjersey.eu\/lv\/produkts\/sieviesu-bleizera-jersey-jaka-bez-oderes\/#breadcrumb\",\"itemListElement\":[{\"@type\":\"ListItem\",\"position\":1,\"name\":\"Home\",\"item\":\"https:\/\/simonjersey.eu\/lv\/\"},{\"@type\":\"ListItem\",\"position\":2,\"name\":\"E-veikals\",\"item\":\"https:\/\/simonjersey.eu\/lv\/e-veikals\/\"},{\"@type\":\"ListItem\",\"position\":3,\"name\":\"Sievie\u0161u bleizera Jersey jaka bez oderes\"}]},{\"@type\":\"WebSite\",\"@id\":\"https:\/\/simonjersey.eu\/lv\/#website\",\"url\":\"https:\/\/simonjersey.eu\/lv\/\",\"name\":\"Simon Jersey Latvija\",\"description\":\"Kvalitat\u012bvi un iztur\u012bgi darba ap\u0123\u0113rbi\",\"potentialAction\":[{\"@type\":\"SearchAction\",\"target\":{\"@type\":\"EntryPoint\",\"urlTemplate\":\"https:\/\/simonjersey.eu\/lv\/?s={search_term_string}\"},\"query-input\":{\"@type\":\"PropertyValueSpecification\",\"valueRequired\":true,\"valueName\":\"search_term_string\"}}],\"inLanguage\":\"lv-LV\"}]}<\/script>\n<!-- \/ Yoast SEO plugin. -->","yoast_head_json":{"title":"Sievie\u0161u bleizera Jersey jaka bez oderes - Simon Jersey Latvija","robots":{"index":"index","follow":"follow","max-snippet":"max-snippet:-1","max-image-preview":"max-image-preview:large","max-video-preview":"max-video-preview:-1"},"canonical":"https:\/\/simonjersey.eu\/lv\/produkts\/sieviesu-bleizera-jersey-jaka-bez-oderes\/","og_locale":"lv_LV","og_type":"article","og_title":"Sievie\u0161u bleizera Jersey jaka bez oderes - Simon Jersey Latvija","og_description":"Sievi\u0161\u0137\u012bga un burv\u012bga \"Smart casual\" jaka\/jaka ir ide\u0101li piem\u0113rota gan klientu apkalpo\u0161anas darbiniekiem, gan biroja darbiniekiem, kuri ikdienas stilu nov\u0113rt\u0113 k\u0101 darba ap\u0123\u0113rbu.  \u013boti \u0113rta jaka no neburz\u0101ma d\u017eersija elast\u012bga materi\u0101la, bez odere, viduklis apstr\u0101d\u0101ts, uz\u0161\u016btas kabatas, divas pogas, atv\u0113rtas piedurknes. Jaka ir pieejama divos garumos.  Garums klasisk: 60,5cm  Garums gar\u0161 : 63cm  Materi\u0101ls: 67% Viscose, 29% Polyamide, 4% Elastane \/360gsm  Kop\u0161ana: Mazg\u0101t 30\u00b0 ve\u013cas ma\u0161\u012bn\u0101, minim\u0101la gludin\u0101\u0161ana. Izm\u0113ri (UK): 6-24.","og_url":"https:\/\/simonjersey.eu\/lv\/produkts\/sieviesu-bleizera-jersey-jaka-bez-oderes\/","og_site_name":"Simon Jersey Latvija","article_modified_time":"2026-01-14T11:50:47+00:00","og_image":[{"width":700,"height":1049,"url":"https:\/\/simonjersey.eu\/lv\/wp-content\/uploads\/sites\/2\/2024\/01\/Libra-Grey-700-x-1049-1-1.jpg","type":"image\/jpeg"}],"twitter_card":"summary_large_image","twitter_misc":{"Est. reading time":"1 min\u016bte"},"schema":{"@context":"https:\/\/schema.org","@graph":[{"@type":"WebPage","@id":"https:\/\/simonjersey.eu\/lv\/produkts\/sieviesu-bleizera-jersey-jaka-bez-oderes\/","url":"https:\/\/simonjersey.eu\/lv\/produkts\/sieviesu-bleizera-jersey-jaka-bez-oderes\/","name":"Sievie\u0161u bleizera Jersey jaka bez oderes - Simon Jersey Latvija","isPartOf":{"@id":"https:\/\/simonjersey.eu\/lv\/#website"},"primaryImageOfPage":{"@id":"https:\/\/simonjersey.eu\/lv\/produkts\/sieviesu-bleizera-jersey-jaka-bez-oderes\/#primaryimage"},"image":{"@id":"https:\/\/simonjersey.eu\/lv\/produkts\/sieviesu-bleizera-jersey-jaka-bez-oderes\/#primaryimage"},"thumbnailUrl":"https:\/\/simonjersey.eu\/lv\/wp-content\/uploads\/sites\/2\/2024\/01\/Libra-Grey-700-x-1049-1-1.jpg","datePublished":"2024-01-17T11:19:11+00:00","dateModified":"2026-01-14T11:50:47+00:00","breadcrumb":{"@id":"https:\/\/simonjersey.eu\/lv\/produkts\/sieviesu-bleizera-jersey-jaka-bez-oderes\/#breadcrumb"},"inLanguage":"lv-LV","potentialAction":[{"@type":"ReadAction","target":["https:\/\/simonjersey.eu\/lv\/produkts\/sieviesu-bleizera-jersey-jaka-bez-oderes\/"]}]},{"@type":"ImageObject","inLanguage":"lv-LV","@id":"https:\/\/simonjersey.eu\/lv\/produkts\/sieviesu-bleizera-jersey-jaka-bez-oderes\/#primaryimage","url":"https:\/\/simonjersey.eu\/lv\/wp-content\/uploads\/sites\/2\/2024\/01\/Libra-Grey-700-x-1049-1-1.jpg","contentUrl":"https:\/\/simonjersey.eu\/lv\/wp-content\/uploads\/sites\/2\/2024\/01\/Libra-Grey-700-x-1049-1-1.jpg","width":700,"height":1049},{"@type":"BreadcrumbList","@id":"https:\/\/simonjersey.eu\/lv\/produkts\/sieviesu-bleizera-jersey-jaka-bez-oderes\/#breadcrumb","itemListElement":[{"@type":"ListItem","position":1,"name":"Home","item":"https:\/\/simonjersey.eu\/lv\/"},{"@type":"ListItem","position":2,"name":"E-veikals","item":"https:\/\/simonjersey.eu\/lv\/e-veikals\/"},{"@type":"ListItem","position":3,"name":"Sievie\u0161u bleizera Jersey jaka bez oderes"}]},{"@type":"WebSite","@id":"https:\/\/simonjersey.eu\/lv\/#website","url":"https:\/\/simonjersey.eu\/lv\/","name":"Simon Jersey Latvija","description":"Kvalitat\u012bvi un iztur\u012bgi darba ap\u0123\u0113rbi","potentialAction":[{"@type":"SearchAction","target":{"@type":"EntryPoint","urlTemplate":"https:\/\/simonjersey.eu\/lv\/?s={search_term_string}"},"query-input":{"@type":"PropertyValueSpecification","valueRequired":true,"valueName":"search_term_string"}}],"inLanguage":"lv-LV"}]}},"_links":{"self":[{"href":"https:\/\/simonjersey.eu\/lv\/wp-json\/wp\/v2\/product\/7202","targetHints":{"allow":["GET"]}}],"collection":[{"href":"https:\/\/simonjersey.eu\/lv\/wp-json\/wp\/v2\/product"}],"about":[{"href":"https:\/\/simonjersey.eu\/lv\/wp-json\/wp\/v2\/types\/product"}],"wp:featuredmedia":[{"embeddable":true,"href":"https:\/\/simonjersey.eu\/lv\/wp-json\/wp\/v2\/media\/7205"}],"wp:attachment":[{"href":"https:\/\/simonjersey.eu\/lv\/wp-json\/wp\/v2\/media?parent=7202"}],"wp:term":[{"taxonomy":"product_brand","embeddable":true,"href":"https:\/\/simonjersey.eu\/lv\/wp-json\/wp\/v2\/product_brand?post=7202"},{"taxonomy":"product_cat","embeddable":true,"href":"https:\/\/simonjersey.eu\/lv\/wp-json\/wp\/v2\/product_cat?post=7202"},{"taxonomy":"product_tag","embeddable":true,"href":"https:\/\/simonjersey.eu\/lv\/wp-json\/wp\/v2\/product_tag?post=7202"}],"curies":[{"name":"wp","href":"https:\/\/api.w.org\/{rel}","templated":true}]}}