{"id":7215,"date":"2024-01-17T15:23:16","date_gmt":"2024-01-17T12:23:16","guid":{"rendered":"https:\/\/simonjersey.eu\/lv\/?post_type=product&#038;p=7215"},"modified":"2026-01-14T14:49:55","modified_gmt":"2026-01-14T11:49:55","slug":"viriesu-dzersijas-stretch-zaketes","status":"publish","type":"product","link":"https:\/\/simonjersey.eu\/lv\/produkts\/viriesu-dzersijas-stretch-zaketes\/","title":{"rendered":"V\u012brie\u0161u d\u017eersijas stretch \u017eaketes"},"content":{"rendered":"","protected":false},"excerpt":{"rendered":"<p>Jaun\u0101 freestyle Jersey Blazer <strong>\u017eaketes<\/strong> ir laba alternat\u012bva lieti\u0161\u0137ajam uzvalkam ikdienas darba vid\u0113.<\/p>\n<p>Gudr\u0101 ikdienas \u017eakete ir ide\u0101li piem\u0113rota gan klientu apkalpo\u0161anas dienesta darbiniekiem, gan biroja darbiniekiem, kuri ikdienas stilu nov\u0113rt\u0113 k\u0101 darba ap\u0123\u0113rbu.<\/p>\n<p>\u013boti \u0113rt\u0101, nesaburz\u012bt\u0101 d\u017eersija streiga jaka ir bez oderes, ar uz\u0161\u016bt\u0101m kabat\u0101m, div\u0101m pog\u0101m un diviem \u0161\u0137\u0113lumiem aizmugur\u0113.<\/p>\n<p>Materi\u0101ls: 67% Viscose, 29% Polyamide, 4% Elastane \/360gsm<\/p>\n<p>Kop\u0161ana: Mazg\u0101t 30\u00b0 ve\u013cas ma\u0161\u012bn\u0101, minim\u0101la gludin\u0101\u0161ana.<br \/>\nIzm\u0113ri (UK): 36-50.<\/p>\n<p>36-50 regular<br \/>\n38-44 long<\/p>\n<p>Centra muguras garums 40R izm\u0113r\u0101 = 73 cm<\/p>\n<p>Centra muguras garums 40L izm\u0113r\u0101 = 75,5 cm<\/p>\n","protected":false},"featured_media":7223,"template":"","meta":[],"product_brand":[],"product_cat":[487,90,102,22,25,42,78,83,51,70,110],"product_tag":[],"class_list":{"0":"post-7215","1":"product","2":"type-product","3":"status-publish","4":"has-post-thumbnail","6":"product_cat-smart-casual-darba-apgerbs","7":"product_cat-viriesiem-lietiskais-apgerbs","8":"product_cat-zaketes-viriesiem-lietiskais-apgerbs","9":"product_cat-restorani","10":"product_cat-viriesiem","11":"product_cat-zaketes-viriesiem","12":"product_cat-recepcija","13":"product_cat-zaketes-recepcija","14":"product_cat-viriesiem-viesmiliba","15":"product_cat-zaketes-viriesiem-viesmiliba","16":"product_cat-zaketes-2","18":"first","19":"instock","20":"taxable","21":"shipping-taxable","22":"purchasable","23":"product-type-variable","24":"has-default-attributes"},"yoast_head":"<!-- This site is optimized with the Yoast SEO plugin v27.2 - https:\/\/yoast.com\/product\/yoast-seo-wordpress\/ -->\n<title>V\u012brie\u0161u d\u017eersijas stretch \u017eaketes - Simon Jersey Latvija<\/title>\n<meta name=\"robots\" content=\"index, follow, max-snippet:-1, max-image-preview:large, max-video-preview:-1\" \/>\n<link rel=\"canonical\" href=\"https:\/\/simonjersey.eu\/lv\/produkts\/viriesu-dzersijas-stretch-zaketes\/\" \/>\n<meta property=\"og:locale\" content=\"lv_LV\" \/>\n<meta property=\"og:type\" content=\"article\" \/>\n<meta property=\"og:title\" content=\"V\u012brie\u0161u d\u017eersijas stretch \u017eaketes - Simon Jersey Latvija\" \/>\n<meta property=\"og:description\" content=\"Jaun\u0101 freestyle Jersey Blazer \u017eaketes ir laba alternat\u012bva lieti\u0161\u0137ajam uzvalkam ikdienas darba vid\u0113.  Gudr\u0101 ikdienas \u017eakete ir ide\u0101li piem\u0113rota gan klientu apkalpo\u0161anas dienesta darbiniekiem, gan biroja darbiniekiem, kuri ikdienas stilu nov\u0113rt\u0113 k\u0101 darba ap\u0123\u0113rbu.  \u013boti \u0113rt\u0101, nesaburz\u012bt\u0101 d\u017eersija streiga jaka ir bez oderes, ar uz\u0161\u016bt\u0101m kabat\u0101m, div\u0101m pog\u0101m un diviem \u0161\u0137\u0113lumiem aizmugur\u0113.  Materi\u0101ls: 67% Viscose, 29% Polyamide, 4% Elastane \/360gsm  Kop\u0161ana: Mazg\u0101t 30\u00b0 ve\u013cas ma\u0161\u012bn\u0101, minim\u0101la gludin\u0101\u0161ana. Izm\u0113ri (UK): 36-50.  36-50 regular 38-44 long  Centra muguras garums 40R izm\u0113r\u0101 = 73 cm  Centra muguras garums 40L izm\u0113r\u0101 = 75,5 cm\" \/>\n<meta property=\"og:url\" content=\"https:\/\/simonjersey.eu\/lv\/produkts\/viriesu-dzersijas-stretch-zaketes\/\" \/>\n<meta property=\"og:site_name\" content=\"Simon Jersey Latvija\" \/>\n<meta property=\"article:modified_time\" content=\"2026-01-14T11:49:55+00:00\" \/>\n<meta property=\"og:image\" content=\"https:\/\/simonjersey.eu\/lv\/wp-content\/uploads\/sites\/2\/2024\/01\/Rory-Jersey-Stretch-Jacket-Grey-700-x-1049-1-1.jpg\" \/>\n\t<meta property=\"og:image:width\" content=\"700\" \/>\n\t<meta property=\"og:image:height\" content=\"1049\" \/>\n\t<meta property=\"og:image:type\" content=\"image\/jpeg\" \/>\n<meta name=\"twitter:card\" content=\"summary_large_image\" \/>\n<meta name=\"twitter:label1\" content=\"Est. reading time\" \/>\n\t<meta name=\"twitter:data1\" content=\"1 min\u016bte\" \/>\n<script type=\"application\/ld+json\" class=\"yoast-schema-graph\">{\"@context\":\"https:\/\/schema.org\",\"@graph\":[{\"@type\":\"WebPage\",\"@id\":\"https:\/\/simonjersey.eu\/lv\/produkts\/viriesu-dzersijas-stretch-zaketes\/\",\"url\":\"https:\/\/simonjersey.eu\/lv\/produkts\/viriesu-dzersijas-stretch-zaketes\/\",\"name\":\"V\u012brie\u0161u d\u017eersijas stretch \u017eaketes - Simon Jersey Latvija\",\"isPartOf\":{\"@id\":\"https:\/\/simonjersey.eu\/lv\/#website\"},\"primaryImageOfPage\":{\"@id\":\"https:\/\/simonjersey.eu\/lv\/produkts\/viriesu-dzersijas-stretch-zaketes\/#primaryimage\"},\"image\":{\"@id\":\"https:\/\/simonjersey.eu\/lv\/produkts\/viriesu-dzersijas-stretch-zaketes\/#primaryimage\"},\"thumbnailUrl\":\"https:\/\/simonjersey.eu\/lv\/wp-content\/uploads\/sites\/2\/2024\/01\/Rory-Jersey-Stretch-Jacket-Grey-700-x-1049-1-1.jpg\",\"datePublished\":\"2024-01-17T12:23:16+00:00\",\"dateModified\":\"2026-01-14T11:49:55+00:00\",\"breadcrumb\":{\"@id\":\"https:\/\/simonjersey.eu\/lv\/produkts\/viriesu-dzersijas-stretch-zaketes\/#breadcrumb\"},\"inLanguage\":\"lv-LV\",\"potentialAction\":[{\"@type\":\"ReadAction\",\"target\":[\"https:\/\/simonjersey.eu\/lv\/produkts\/viriesu-dzersijas-stretch-zaketes\/\"]}]},{\"@type\":\"ImageObject\",\"inLanguage\":\"lv-LV\",\"@id\":\"https:\/\/simonjersey.eu\/lv\/produkts\/viriesu-dzersijas-stretch-zaketes\/#primaryimage\",\"url\":\"https:\/\/simonjersey.eu\/lv\/wp-content\/uploads\/sites\/2\/2024\/01\/Rory-Jersey-Stretch-Jacket-Grey-700-x-1049-1-1.jpg\",\"contentUrl\":\"https:\/\/simonjersey.eu\/lv\/wp-content\/uploads\/sites\/2\/2024\/01\/Rory-Jersey-Stretch-Jacket-Grey-700-x-1049-1-1.jpg\",\"width\":700,\"height\":1049},{\"@type\":\"BreadcrumbList\",\"@id\":\"https:\/\/simonjersey.eu\/lv\/produkts\/viriesu-dzersijas-stretch-zaketes\/#breadcrumb\",\"itemListElement\":[{\"@type\":\"ListItem\",\"position\":1,\"name\":\"Home\",\"item\":\"https:\/\/simonjersey.eu\/lv\/\"},{\"@type\":\"ListItem\",\"position\":2,\"name\":\"E-veikals\",\"item\":\"https:\/\/simonjersey.eu\/lv\/e-veikals\/\"},{\"@type\":\"ListItem\",\"position\":3,\"name\":\"V\u012brie\u0161u d\u017eersijas stretch \u017eaketes\"}]},{\"@type\":\"WebSite\",\"@id\":\"https:\/\/simonjersey.eu\/lv\/#website\",\"url\":\"https:\/\/simonjersey.eu\/lv\/\",\"name\":\"Simon Jersey Latvija\",\"description\":\"Kvalitat\u012bvi un iztur\u012bgi darba ap\u0123\u0113rbi\",\"potentialAction\":[{\"@type\":\"SearchAction\",\"target\":{\"@type\":\"EntryPoint\",\"urlTemplate\":\"https:\/\/simonjersey.eu\/lv\/?s={search_term_string}\"},\"query-input\":{\"@type\":\"PropertyValueSpecification\",\"valueRequired\":true,\"valueName\":\"search_term_string\"}}],\"inLanguage\":\"lv-LV\"}]}<\/script>\n<!-- \/ Yoast SEO plugin. -->","yoast_head_json":{"title":"V\u012brie\u0161u d\u017eersijas stretch \u017eaketes - Simon Jersey Latvija","robots":{"index":"index","follow":"follow","max-snippet":"max-snippet:-1","max-image-preview":"max-image-preview:large","max-video-preview":"max-video-preview:-1"},"canonical":"https:\/\/simonjersey.eu\/lv\/produkts\/viriesu-dzersijas-stretch-zaketes\/","og_locale":"lv_LV","og_type":"article","og_title":"V\u012brie\u0161u d\u017eersijas stretch \u017eaketes - Simon Jersey Latvija","og_description":"Jaun\u0101 freestyle Jersey Blazer \u017eaketes ir laba alternat\u012bva lieti\u0161\u0137ajam uzvalkam ikdienas darba vid\u0113.  Gudr\u0101 ikdienas \u017eakete ir ide\u0101li piem\u0113rota gan klientu apkalpo\u0161anas dienesta darbiniekiem, gan biroja darbiniekiem, kuri ikdienas stilu nov\u0113rt\u0113 k\u0101 darba ap\u0123\u0113rbu.  \u013boti \u0113rt\u0101, nesaburz\u012bt\u0101 d\u017eersija streiga jaka ir bez oderes, ar uz\u0161\u016bt\u0101m kabat\u0101m, div\u0101m pog\u0101m un diviem \u0161\u0137\u0113lumiem aizmugur\u0113.  Materi\u0101ls: 67% Viscose, 29% Polyamide, 4% Elastane \/360gsm  Kop\u0161ana: Mazg\u0101t 30\u00b0 ve\u013cas ma\u0161\u012bn\u0101, minim\u0101la gludin\u0101\u0161ana. Izm\u0113ri (UK): 36-50.  36-50 regular 38-44 long  Centra muguras garums 40R izm\u0113r\u0101 = 73 cm  Centra muguras garums 40L izm\u0113r\u0101 = 75,5 cm","og_url":"https:\/\/simonjersey.eu\/lv\/produkts\/viriesu-dzersijas-stretch-zaketes\/","og_site_name":"Simon Jersey Latvija","article_modified_time":"2026-01-14T11:49:55+00:00","og_image":[{"width":700,"height":1049,"url":"https:\/\/simonjersey.eu\/lv\/wp-content\/uploads\/sites\/2\/2024\/01\/Rory-Jersey-Stretch-Jacket-Grey-700-x-1049-1-1.jpg","type":"image\/jpeg"}],"twitter_card":"summary_large_image","twitter_misc":{"Est. reading time":"1 min\u016bte"},"schema":{"@context":"https:\/\/schema.org","@graph":[{"@type":"WebPage","@id":"https:\/\/simonjersey.eu\/lv\/produkts\/viriesu-dzersijas-stretch-zaketes\/","url":"https:\/\/simonjersey.eu\/lv\/produkts\/viriesu-dzersijas-stretch-zaketes\/","name":"V\u012brie\u0161u d\u017eersijas stretch \u017eaketes - Simon Jersey Latvija","isPartOf":{"@id":"https:\/\/simonjersey.eu\/lv\/#website"},"primaryImageOfPage":{"@id":"https:\/\/simonjersey.eu\/lv\/produkts\/viriesu-dzersijas-stretch-zaketes\/#primaryimage"},"image":{"@id":"https:\/\/simonjersey.eu\/lv\/produkts\/viriesu-dzersijas-stretch-zaketes\/#primaryimage"},"thumbnailUrl":"https:\/\/simonjersey.eu\/lv\/wp-content\/uploads\/sites\/2\/2024\/01\/Rory-Jersey-Stretch-Jacket-Grey-700-x-1049-1-1.jpg","datePublished":"2024-01-17T12:23:16+00:00","dateModified":"2026-01-14T11:49:55+00:00","breadcrumb":{"@id":"https:\/\/simonjersey.eu\/lv\/produkts\/viriesu-dzersijas-stretch-zaketes\/#breadcrumb"},"inLanguage":"lv-LV","potentialAction":[{"@type":"ReadAction","target":["https:\/\/simonjersey.eu\/lv\/produkts\/viriesu-dzersijas-stretch-zaketes\/"]}]},{"@type":"ImageObject","inLanguage":"lv-LV","@id":"https:\/\/simonjersey.eu\/lv\/produkts\/viriesu-dzersijas-stretch-zaketes\/#primaryimage","url":"https:\/\/simonjersey.eu\/lv\/wp-content\/uploads\/sites\/2\/2024\/01\/Rory-Jersey-Stretch-Jacket-Grey-700-x-1049-1-1.jpg","contentUrl":"https:\/\/simonjersey.eu\/lv\/wp-content\/uploads\/sites\/2\/2024\/01\/Rory-Jersey-Stretch-Jacket-Grey-700-x-1049-1-1.jpg","width":700,"height":1049},{"@type":"BreadcrumbList","@id":"https:\/\/simonjersey.eu\/lv\/produkts\/viriesu-dzersijas-stretch-zaketes\/#breadcrumb","itemListElement":[{"@type":"ListItem","position":1,"name":"Home","item":"https:\/\/simonjersey.eu\/lv\/"},{"@type":"ListItem","position":2,"name":"E-veikals","item":"https:\/\/simonjersey.eu\/lv\/e-veikals\/"},{"@type":"ListItem","position":3,"name":"V\u012brie\u0161u d\u017eersijas stretch \u017eaketes"}]},{"@type":"WebSite","@id":"https:\/\/simonjersey.eu\/lv\/#website","url":"https:\/\/simonjersey.eu\/lv\/","name":"Simon Jersey Latvija","description":"Kvalitat\u012bvi un iztur\u012bgi darba ap\u0123\u0113rbi","potentialAction":[{"@type":"SearchAction","target":{"@type":"EntryPoint","urlTemplate":"https:\/\/simonjersey.eu\/lv\/?s={search_term_string}"},"query-input":{"@type":"PropertyValueSpecification","valueRequired":true,"valueName":"search_term_string"}}],"inLanguage":"lv-LV"}]}},"_links":{"self":[{"href":"https:\/\/simonjersey.eu\/lv\/wp-json\/wp\/v2\/product\/7215","targetHints":{"allow":["GET"]}}],"collection":[{"href":"https:\/\/simonjersey.eu\/lv\/wp-json\/wp\/v2\/product"}],"about":[{"href":"https:\/\/simonjersey.eu\/lv\/wp-json\/wp\/v2\/types\/product"}],"wp:featuredmedia":[{"embeddable":true,"href":"https:\/\/simonjersey.eu\/lv\/wp-json\/wp\/v2\/media\/7223"}],"wp:attachment":[{"href":"https:\/\/simonjersey.eu\/lv\/wp-json\/wp\/v2\/media?parent=7215"}],"wp:term":[{"taxonomy":"product_brand","embeddable":true,"href":"https:\/\/simonjersey.eu\/lv\/wp-json\/wp\/v2\/product_brand?post=7215"},{"taxonomy":"product_cat","embeddable":true,"href":"https:\/\/simonjersey.eu\/lv\/wp-json\/wp\/v2\/product_cat?post=7215"},{"taxonomy":"product_tag","embeddable":true,"href":"https:\/\/simonjersey.eu\/lv\/wp-json\/wp\/v2\/product_tag?post=7215"}],"curies":[{"name":"wp","href":"https:\/\/api.w.org\/{rel}","templated":true}]}}