{"id":7230,"date":"2024-01-17T15:49:55","date_gmt":"2024-01-17T12:49:55","guid":{"rendered":"https:\/\/simonjersey.eu\/lv\/?post_type=product&#038;p=7230"},"modified":"2024-01-17T15:55:39","modified_gmt":"2024-01-17T12:55:39","slug":"dzersija-trikotazas-svarki","status":"publish","type":"product","link":"https:\/\/simonjersey.eu\/lv\/produkts\/dzersija-trikotazas-svarki\/","title":{"rendered":"D\u017eersija trikot\u0101\u017eas sv\u0101rki"},"content":{"rendered":"","protected":false},"excerpt":{"rendered":"<p>Jaunie, modernie un lieliski \u0113rtie &#8220;Smart casual&#8221; D\u017e\u0113rsija sv\u0101rki ir ide\u0101li piem\u0113roti gan klientu apkalpo\u0161anas, gan biroja darbiniekiem.<\/p>\n<p>\u013boti \u0113rts, neburz\u0101s piegu\u013co\u0161s trikot\u0101\u017eas trikot\u0101\u017eas materi\u0101ls, taisna piegriezuma sv\u0101rki ir bez \u0161\u0137\u0113lumiem un r\u0101v\u0113jsl\u0113dz\u0113jiem. Divas step\u0113tas v\u012bles priek\u0161pus\u0113 un viena step\u0113ta v\u012ble muguras vid\u016b, lai audums neizstieptos.<\/p>\n<p>Garums klasisk: 56cm<\/p>\n<p>Garums iss : 51cm<\/p>\n<p>Materi\u0101ls: 67% Viscose, 29% Polyamide, 4% Elastane \/360gsm<\/p>\n<p>Kop\u0161ana: Mazg\u0101t 30\u00b0 ve\u013cas ma\u0161\u012bn\u0101, minim\u0101la gludin\u0101\u0161ana.<br \/>\nIzm\u0113ri (UK): 6-24.<\/p>\n","protected":false},"featured_media":7232,"template":"","meta":[],"product_brand":[],"product_cat":[487,97,22,24,37,78,82,50,65,109],"product_tag":[],"class_list":{"0":"post-7230","1":"product","2":"type-product","3":"status-publish","4":"has-post-thumbnail","6":"product_cat-smart-casual-darba-apgerbs","7":"product_cat-svarki-sievietem-lietiskais-apgerbs","8":"product_cat-restorani","9":"product_cat-sievietem","10":"product_cat-svarki","11":"product_cat-recepcija","12":"product_cat-svarki-recepcija","13":"product_cat-sievietem-viesmiliba","14":"product_cat-svarki-sievietem-viesmiliba","15":"product_cat-svarki-un-kleitas","17":"first","18":"instock","19":"taxable","20":"shipping-taxable","21":"purchasable","22":"product-type-variable","23":"has-default-attributes"},"yoast_head":"<!-- This site is optimized with the Yoast SEO plugin v27.2 - https:\/\/yoast.com\/product\/yoast-seo-wordpress\/ -->\n<title>D\u017eersija trikot\u0101\u017eas sv\u0101rki - Simon Jersey Latvija<\/title>\n<meta name=\"robots\" content=\"index, follow, max-snippet:-1, max-image-preview:large, max-video-preview:-1\" \/>\n<link rel=\"canonical\" href=\"https:\/\/simonjersey.eu\/lv\/produkts\/dzersija-trikotazas-svarki\/\" \/>\n<meta property=\"og:locale\" content=\"lv_LV\" \/>\n<meta property=\"og:type\" content=\"article\" \/>\n<meta property=\"og:title\" content=\"D\u017eersija trikot\u0101\u017eas sv\u0101rki - Simon Jersey Latvija\" \/>\n<meta property=\"og:description\" content=\"Jaunie, modernie un lieliski \u0113rtie &quot;Smart casual&quot; D\u017e\u0113rsija sv\u0101rki ir ide\u0101li piem\u0113roti gan klientu apkalpo\u0161anas, gan biroja darbiniekiem.  \u013boti \u0113rts, neburz\u0101s piegu\u013co\u0161s trikot\u0101\u017eas trikot\u0101\u017eas materi\u0101ls, taisna piegriezuma sv\u0101rki ir bez \u0161\u0137\u0113lumiem un r\u0101v\u0113jsl\u0113dz\u0113jiem. Divas step\u0113tas v\u012bles priek\u0161pus\u0113 un viena step\u0113ta v\u012ble muguras vid\u016b, lai audums neizstieptos.  Garums klasisk: 56cm  Garums iss : 51cm  Materi\u0101ls: 67% Viscose, 29% Polyamide, 4% Elastane \/360gsm  Kop\u0161ana: Mazg\u0101t 30\u00b0 ve\u013cas ma\u0161\u012bn\u0101, minim\u0101la gludin\u0101\u0161ana. Izm\u0113ri (UK): 6-24.\" \/>\n<meta property=\"og:url\" content=\"https:\/\/simonjersey.eu\/lv\/produkts\/dzersija-trikotazas-svarki\/\" \/>\n<meta property=\"og:site_name\" content=\"Simon Jersey Latvija\" \/>\n<meta property=\"article:modified_time\" content=\"2024-01-17T12:55:39+00:00\" \/>\n<meta property=\"og:image\" content=\"https:\/\/simonjersey.eu\/lv\/wp-content\/uploads\/sites\/2\/2024\/01\/Leona-Jersey-Stretch-Skirt-Navy-703-x-1053-1.jpg\" \/>\n\t<meta property=\"og:image:width\" content=\"703\" \/>\n\t<meta property=\"og:image:height\" content=\"1053\" \/>\n\t<meta property=\"og:image:type\" content=\"image\/jpeg\" \/>\n<meta name=\"twitter:card\" content=\"summary_large_image\" \/>\n<script type=\"application\/ld+json\" class=\"yoast-schema-graph\">{\"@context\":\"https:\/\/schema.org\",\"@graph\":[{\"@type\":\"WebPage\",\"@id\":\"https:\/\/simonjersey.eu\/lv\/produkts\/dzersija-trikotazas-svarki\/\",\"url\":\"https:\/\/simonjersey.eu\/lv\/produkts\/dzersija-trikotazas-svarki\/\",\"name\":\"D\u017eersija trikot\u0101\u017eas sv\u0101rki - Simon Jersey Latvija\",\"isPartOf\":{\"@id\":\"https:\/\/simonjersey.eu\/lv\/#website\"},\"primaryImageOfPage\":{\"@id\":\"https:\/\/simonjersey.eu\/lv\/produkts\/dzersija-trikotazas-svarki\/#primaryimage\"},\"image\":{\"@id\":\"https:\/\/simonjersey.eu\/lv\/produkts\/dzersija-trikotazas-svarki\/#primaryimage\"},\"thumbnailUrl\":\"https:\/\/simonjersey.eu\/lv\/wp-content\/uploads\/sites\/2\/2024\/01\/Leona-Jersey-Stretch-Skirt-Navy-703-x-1053-1.jpg\",\"datePublished\":\"2024-01-17T12:49:55+00:00\",\"dateModified\":\"2024-01-17T12:55:39+00:00\",\"breadcrumb\":{\"@id\":\"https:\/\/simonjersey.eu\/lv\/produkts\/dzersija-trikotazas-svarki\/#breadcrumb\"},\"inLanguage\":\"lv-LV\",\"potentialAction\":[{\"@type\":\"ReadAction\",\"target\":[\"https:\/\/simonjersey.eu\/lv\/produkts\/dzersija-trikotazas-svarki\/\"]}]},{\"@type\":\"ImageObject\",\"inLanguage\":\"lv-LV\",\"@id\":\"https:\/\/simonjersey.eu\/lv\/produkts\/dzersija-trikotazas-svarki\/#primaryimage\",\"url\":\"https:\/\/simonjersey.eu\/lv\/wp-content\/uploads\/sites\/2\/2024\/01\/Leona-Jersey-Stretch-Skirt-Navy-703-x-1053-1.jpg\",\"contentUrl\":\"https:\/\/simonjersey.eu\/lv\/wp-content\/uploads\/sites\/2\/2024\/01\/Leona-Jersey-Stretch-Skirt-Navy-703-x-1053-1.jpg\",\"width\":703,\"height\":1053},{\"@type\":\"BreadcrumbList\",\"@id\":\"https:\/\/simonjersey.eu\/lv\/produkts\/dzersija-trikotazas-svarki\/#breadcrumb\",\"itemListElement\":[{\"@type\":\"ListItem\",\"position\":1,\"name\":\"Home\",\"item\":\"https:\/\/simonjersey.eu\/lv\/\"},{\"@type\":\"ListItem\",\"position\":2,\"name\":\"E-veikals\",\"item\":\"https:\/\/simonjersey.eu\/lv\/e-veikals\/\"},{\"@type\":\"ListItem\",\"position\":3,\"name\":\"D\u017eersija trikot\u0101\u017eas sv\u0101rki\"}]},{\"@type\":\"WebSite\",\"@id\":\"https:\/\/simonjersey.eu\/lv\/#website\",\"url\":\"https:\/\/simonjersey.eu\/lv\/\",\"name\":\"Simon Jersey Latvija\",\"description\":\"Kvalitat\u012bvi un iztur\u012bgi darba ap\u0123\u0113rbi\",\"potentialAction\":[{\"@type\":\"SearchAction\",\"target\":{\"@type\":\"EntryPoint\",\"urlTemplate\":\"https:\/\/simonjersey.eu\/lv\/?s={search_term_string}\"},\"query-input\":{\"@type\":\"PropertyValueSpecification\",\"valueRequired\":true,\"valueName\":\"search_term_string\"}}],\"inLanguage\":\"lv-LV\"}]}<\/script>\n<!-- \/ Yoast SEO plugin. -->","yoast_head_json":{"title":"D\u017eersija trikot\u0101\u017eas sv\u0101rki - Simon Jersey Latvija","robots":{"index":"index","follow":"follow","max-snippet":"max-snippet:-1","max-image-preview":"max-image-preview:large","max-video-preview":"max-video-preview:-1"},"canonical":"https:\/\/simonjersey.eu\/lv\/produkts\/dzersija-trikotazas-svarki\/","og_locale":"lv_LV","og_type":"article","og_title":"D\u017eersija trikot\u0101\u017eas sv\u0101rki - Simon Jersey Latvija","og_description":"Jaunie, modernie un lieliski \u0113rtie \"Smart casual\" D\u017e\u0113rsija sv\u0101rki ir ide\u0101li piem\u0113roti gan klientu apkalpo\u0161anas, gan biroja darbiniekiem.  \u013boti \u0113rts, neburz\u0101s piegu\u013co\u0161s trikot\u0101\u017eas trikot\u0101\u017eas materi\u0101ls, taisna piegriezuma sv\u0101rki ir bez \u0161\u0137\u0113lumiem un r\u0101v\u0113jsl\u0113dz\u0113jiem. Divas step\u0113tas v\u012bles priek\u0161pus\u0113 un viena step\u0113ta v\u012ble muguras vid\u016b, lai audums neizstieptos.  Garums klasisk: 56cm  Garums iss : 51cm  Materi\u0101ls: 67% Viscose, 29% Polyamide, 4% Elastane \/360gsm  Kop\u0161ana: Mazg\u0101t 30\u00b0 ve\u013cas ma\u0161\u012bn\u0101, minim\u0101la gludin\u0101\u0161ana. Izm\u0113ri (UK): 6-24.","og_url":"https:\/\/simonjersey.eu\/lv\/produkts\/dzersija-trikotazas-svarki\/","og_site_name":"Simon Jersey Latvija","article_modified_time":"2024-01-17T12:55:39+00:00","og_image":[{"width":703,"height":1053,"url":"https:\/\/simonjersey.eu\/lv\/wp-content\/uploads\/sites\/2\/2024\/01\/Leona-Jersey-Stretch-Skirt-Navy-703-x-1053-1.jpg","type":"image\/jpeg"}],"twitter_card":"summary_large_image","schema":{"@context":"https:\/\/schema.org","@graph":[{"@type":"WebPage","@id":"https:\/\/simonjersey.eu\/lv\/produkts\/dzersija-trikotazas-svarki\/","url":"https:\/\/simonjersey.eu\/lv\/produkts\/dzersija-trikotazas-svarki\/","name":"D\u017eersija trikot\u0101\u017eas sv\u0101rki - Simon Jersey Latvija","isPartOf":{"@id":"https:\/\/simonjersey.eu\/lv\/#website"},"primaryImageOfPage":{"@id":"https:\/\/simonjersey.eu\/lv\/produkts\/dzersija-trikotazas-svarki\/#primaryimage"},"image":{"@id":"https:\/\/simonjersey.eu\/lv\/produkts\/dzersija-trikotazas-svarki\/#primaryimage"},"thumbnailUrl":"https:\/\/simonjersey.eu\/lv\/wp-content\/uploads\/sites\/2\/2024\/01\/Leona-Jersey-Stretch-Skirt-Navy-703-x-1053-1.jpg","datePublished":"2024-01-17T12:49:55+00:00","dateModified":"2024-01-17T12:55:39+00:00","breadcrumb":{"@id":"https:\/\/simonjersey.eu\/lv\/produkts\/dzersija-trikotazas-svarki\/#breadcrumb"},"inLanguage":"lv-LV","potentialAction":[{"@type":"ReadAction","target":["https:\/\/simonjersey.eu\/lv\/produkts\/dzersija-trikotazas-svarki\/"]}]},{"@type":"ImageObject","inLanguage":"lv-LV","@id":"https:\/\/simonjersey.eu\/lv\/produkts\/dzersija-trikotazas-svarki\/#primaryimage","url":"https:\/\/simonjersey.eu\/lv\/wp-content\/uploads\/sites\/2\/2024\/01\/Leona-Jersey-Stretch-Skirt-Navy-703-x-1053-1.jpg","contentUrl":"https:\/\/simonjersey.eu\/lv\/wp-content\/uploads\/sites\/2\/2024\/01\/Leona-Jersey-Stretch-Skirt-Navy-703-x-1053-1.jpg","width":703,"height":1053},{"@type":"BreadcrumbList","@id":"https:\/\/simonjersey.eu\/lv\/produkts\/dzersija-trikotazas-svarki\/#breadcrumb","itemListElement":[{"@type":"ListItem","position":1,"name":"Home","item":"https:\/\/simonjersey.eu\/lv\/"},{"@type":"ListItem","position":2,"name":"E-veikals","item":"https:\/\/simonjersey.eu\/lv\/e-veikals\/"},{"@type":"ListItem","position":3,"name":"D\u017eersija trikot\u0101\u017eas sv\u0101rki"}]},{"@type":"WebSite","@id":"https:\/\/simonjersey.eu\/lv\/#website","url":"https:\/\/simonjersey.eu\/lv\/","name":"Simon Jersey Latvija","description":"Kvalitat\u012bvi un iztur\u012bgi darba ap\u0123\u0113rbi","potentialAction":[{"@type":"SearchAction","target":{"@type":"EntryPoint","urlTemplate":"https:\/\/simonjersey.eu\/lv\/?s={search_term_string}"},"query-input":{"@type":"PropertyValueSpecification","valueRequired":true,"valueName":"search_term_string"}}],"inLanguage":"lv-LV"}]}},"_links":{"self":[{"href":"https:\/\/simonjersey.eu\/lv\/wp-json\/wp\/v2\/product\/7230","targetHints":{"allow":["GET"]}}],"collection":[{"href":"https:\/\/simonjersey.eu\/lv\/wp-json\/wp\/v2\/product"}],"about":[{"href":"https:\/\/simonjersey.eu\/lv\/wp-json\/wp\/v2\/types\/product"}],"wp:featuredmedia":[{"embeddable":true,"href":"https:\/\/simonjersey.eu\/lv\/wp-json\/wp\/v2\/media\/7232"}],"wp:attachment":[{"href":"https:\/\/simonjersey.eu\/lv\/wp-json\/wp\/v2\/media?parent=7230"}],"wp:term":[{"taxonomy":"product_brand","embeddable":true,"href":"https:\/\/simonjersey.eu\/lv\/wp-json\/wp\/v2\/product_brand?post=7230"},{"taxonomy":"product_cat","embeddable":true,"href":"https:\/\/simonjersey.eu\/lv\/wp-json\/wp\/v2\/product_cat?post=7230"},{"taxonomy":"product_tag","embeddable":true,"href":"https:\/\/simonjersey.eu\/lv\/wp-json\/wp\/v2\/product_tag?post=7230"}],"curies":[{"name":"wp","href":"https:\/\/api.w.org\/{rel}","templated":true}]}}