{"id":7394,"date":"2024-02-14T13:48:01","date_gmt":"2024-02-14T10:48:01","guid":{"rendered":"https:\/\/simonjersey.eu\/lv\/?post_type=product&#038;p=7394"},"modified":"2026-01-14T14:48:58","modified_gmt":"2026-01-14T11:48:58","slug":"sieviesu-stretch-bluze-ar-isam-piedurknem-soave","status":"publish","type":"product","link":"https:\/\/simonjersey.eu\/lv\/produkts\/sieviesu-stretch-bluze-ar-isam-piedurknem-soave\/","title":{"rendered":"Sievie\u0161u stretch bl\u016bze ar \u012bs\u0101m piedurkn\u0113m Soave"},"content":{"rendered":"","protected":false},"excerpt":{"rendered":"<p>Stretch Fit sievie\u0161u bl\u016bze ar \u012bs\u0101m piedurkn\u0113m lieliski piem\u0113rots da\u017e\u0101d\u0101m industrij\u0101m, k\u0101 biznesa vid\u0113, t\u0101 viesm\u012bl\u012bb\u0101. Materi\u0101ls ir veidots t\u0101, lai bl\u016bze b\u016btu ilgsto\u0161a un turpin\u0101tu lieliski izskat\u012bties p\u0113c katras mazg\u0101\u0161anas. Princeses piegriezums, apa\u013ca apkakle.<\/p>\n<p>Pieejams ar\u012b\u00a0<a href=\"https:\/\/simonjersey.eu\/lv\/produkts\/sieviesu-bluze-trevi-stretch\/\"><strong>ar gar\u0101m piedurkn\u0113m<\/strong><\/a>.<\/p>\n<p>Materi\u0101ls: 57% kokvilna, 39% poliesters, 4% Elastane.<br \/>\nKop\u0161ana: Mazg\u0101t 40\u00b0 ve\u013cas ma\u0161\u012bn\u0101 ar maz\u0101ku \u0101trumu.<\/p>\n<p>Izm\u0113ri\u00a0 \u00a0(UK): 6-24.<\/p>\n","protected":false},"featured_media":7397,"template":"","meta":[],"product_brand":[],"product_cat":[89,94,24,34,78,79,50,62,105],"product_tag":[],"class_list":{"0":"post-7394","1":"product","2":"type-product","3":"status-publish","4":"has-post-thumbnail","6":"product_cat-sievietem-lietiskais-apgerbs","7":"product_cat-bluzes-sievietem-lietiskais-apgerbs","8":"product_cat-sievietem","9":"product_cat-bluzes","10":"product_cat-recepcija","11":"product_cat-bluzes-recepcija","12":"product_cat-sievietem-viesmiliba","13":"product_cat-bluzes-sievietem-viesmiliba","14":"product_cat-sieviesu-bluzes","16":"first","17":"instock","18":"taxable","19":"shipping-taxable","20":"purchasable","21":"product-type-variable","22":"has-default-attributes"},"yoast_head":"<!-- This site is optimized with the Yoast SEO plugin v27.2 - https:\/\/yoast.com\/product\/yoast-seo-wordpress\/ -->\n<title>Sievie\u0161u stretch bl\u016bze ar \u012bs\u0101m piedurkn\u0113m Soave - Simon Jersey Latvija<\/title>\n<meta name=\"robots\" content=\"index, follow, max-snippet:-1, max-image-preview:large, max-video-preview:-1\" \/>\n<link rel=\"canonical\" href=\"https:\/\/simonjersey.eu\/lv\/produkts\/sieviesu-stretch-bluze-ar-isam-piedurknem-soave\/\" \/>\n<meta property=\"og:locale\" content=\"lv_LV\" \/>\n<meta property=\"og:type\" content=\"article\" \/>\n<meta property=\"og:title\" content=\"Sievie\u0161u stretch bl\u016bze ar \u012bs\u0101m piedurkn\u0113m Soave - Simon Jersey Latvija\" \/>\n<meta property=\"og:description\" content=\"Stretch Fit sievie\u0161u bl\u016bze ar \u012bs\u0101m piedurkn\u0113m lieliski piem\u0113rots da\u017e\u0101d\u0101m industrij\u0101m, k\u0101 biznesa vid\u0113, t\u0101 viesm\u012bl\u012bb\u0101. Materi\u0101ls ir veidots t\u0101, lai bl\u016bze b\u016btu ilgsto\u0161a un turpin\u0101tu lieliski izskat\u012bties p\u0113c katras mazg\u0101\u0161anas. Princeses piegriezums, apa\u013ca apkakle.  Pieejams ar\u012b\u00a0ar gar\u0101m piedurkn\u0113m.  Materi\u0101ls: 57% kokvilna, 39% poliesters, 4% Elastane. Kop\u0161ana: Mazg\u0101t 40\u00b0 ve\u013cas ma\u0161\u012bn\u0101 ar maz\u0101ku \u0101trumu.  Izm\u0113ri\u00a0 \u00a0(UK): 6-24.\" \/>\n<meta property=\"og:url\" content=\"https:\/\/simonjersey.eu\/lv\/produkts\/sieviesu-stretch-bluze-ar-isam-piedurknem-soave\/\" \/>\n<meta property=\"og:site_name\" content=\"Simon Jersey Latvija\" \/>\n<meta property=\"article:modified_time\" content=\"2026-01-14T11:48:58+00:00\" \/>\n<meta property=\"og:image\" content=\"https:\/\/simonjersey.eu\/lv\/wp-content\/uploads\/sites\/2\/2024\/02\/2269-ss-blue.jpg\" \/>\n\t<meta property=\"og:image:width\" content=\"1500\" \/>\n\t<meta property=\"og:image:height\" content=\"1627\" \/>\n\t<meta property=\"og:image:type\" content=\"image\/jpeg\" \/>\n<meta name=\"twitter:card\" content=\"summary_large_image\" \/>\n<meta name=\"twitter:label1\" content=\"Est. reading time\" \/>\n\t<meta name=\"twitter:data1\" content=\"1 min\u016bte\" \/>\n<script type=\"application\/ld+json\" class=\"yoast-schema-graph\">{\"@context\":\"https:\/\/schema.org\",\"@graph\":[{\"@type\":\"WebPage\",\"@id\":\"https:\/\/simonjersey.eu\/lv\/produkts\/sieviesu-stretch-bluze-ar-isam-piedurknem-soave\/\",\"url\":\"https:\/\/simonjersey.eu\/lv\/produkts\/sieviesu-stretch-bluze-ar-isam-piedurknem-soave\/\",\"name\":\"Sievie\u0161u stretch bl\u016bze ar \u012bs\u0101m piedurkn\u0113m Soave - Simon Jersey Latvija\",\"isPartOf\":{\"@id\":\"https:\/\/simonjersey.eu\/lv\/#website\"},\"primaryImageOfPage\":{\"@id\":\"https:\/\/simonjersey.eu\/lv\/produkts\/sieviesu-stretch-bluze-ar-isam-piedurknem-soave\/#primaryimage\"},\"image\":{\"@id\":\"https:\/\/simonjersey.eu\/lv\/produkts\/sieviesu-stretch-bluze-ar-isam-piedurknem-soave\/#primaryimage\"},\"thumbnailUrl\":\"https:\/\/simonjersey.eu\/lv\/wp-content\/uploads\/sites\/2\/2024\/02\/2269-ss-blue.jpg\",\"datePublished\":\"2024-02-14T10:48:01+00:00\",\"dateModified\":\"2026-01-14T11:48:58+00:00\",\"breadcrumb\":{\"@id\":\"https:\/\/simonjersey.eu\/lv\/produkts\/sieviesu-stretch-bluze-ar-isam-piedurknem-soave\/#breadcrumb\"},\"inLanguage\":\"lv-LV\",\"potentialAction\":[{\"@type\":\"ReadAction\",\"target\":[\"https:\/\/simonjersey.eu\/lv\/produkts\/sieviesu-stretch-bluze-ar-isam-piedurknem-soave\/\"]}]},{\"@type\":\"ImageObject\",\"inLanguage\":\"lv-LV\",\"@id\":\"https:\/\/simonjersey.eu\/lv\/produkts\/sieviesu-stretch-bluze-ar-isam-piedurknem-soave\/#primaryimage\",\"url\":\"https:\/\/simonjersey.eu\/lv\/wp-content\/uploads\/sites\/2\/2024\/02\/2269-ss-blue.jpg\",\"contentUrl\":\"https:\/\/simonjersey.eu\/lv\/wp-content\/uploads\/sites\/2\/2024\/02\/2269-ss-blue.jpg\",\"width\":1500,\"height\":1627},{\"@type\":\"BreadcrumbList\",\"@id\":\"https:\/\/simonjersey.eu\/lv\/produkts\/sieviesu-stretch-bluze-ar-isam-piedurknem-soave\/#breadcrumb\",\"itemListElement\":[{\"@type\":\"ListItem\",\"position\":1,\"name\":\"Home\",\"item\":\"https:\/\/simonjersey.eu\/lv\/\"},{\"@type\":\"ListItem\",\"position\":2,\"name\":\"E-veikals\",\"item\":\"https:\/\/simonjersey.eu\/lv\/e-veikals\/\"},{\"@type\":\"ListItem\",\"position\":3,\"name\":\"Sievie\u0161u stretch bl\u016bze ar \u012bs\u0101m piedurkn\u0113m Soave\"}]},{\"@type\":\"WebSite\",\"@id\":\"https:\/\/simonjersey.eu\/lv\/#website\",\"url\":\"https:\/\/simonjersey.eu\/lv\/\",\"name\":\"Simon Jersey Latvija\",\"description\":\"Kvalitat\u012bvi un iztur\u012bgi darba ap\u0123\u0113rbi\",\"potentialAction\":[{\"@type\":\"SearchAction\",\"target\":{\"@type\":\"EntryPoint\",\"urlTemplate\":\"https:\/\/simonjersey.eu\/lv\/?s={search_term_string}\"},\"query-input\":{\"@type\":\"PropertyValueSpecification\",\"valueRequired\":true,\"valueName\":\"search_term_string\"}}],\"inLanguage\":\"lv-LV\"}]}<\/script>\n<!-- \/ Yoast SEO plugin. -->","yoast_head_json":{"title":"Sievie\u0161u stretch bl\u016bze ar \u012bs\u0101m piedurkn\u0113m Soave - Simon Jersey Latvija","robots":{"index":"index","follow":"follow","max-snippet":"max-snippet:-1","max-image-preview":"max-image-preview:large","max-video-preview":"max-video-preview:-1"},"canonical":"https:\/\/simonjersey.eu\/lv\/produkts\/sieviesu-stretch-bluze-ar-isam-piedurknem-soave\/","og_locale":"lv_LV","og_type":"article","og_title":"Sievie\u0161u stretch bl\u016bze ar \u012bs\u0101m piedurkn\u0113m Soave - Simon Jersey Latvija","og_description":"Stretch Fit sievie\u0161u bl\u016bze ar \u012bs\u0101m piedurkn\u0113m lieliski piem\u0113rots da\u017e\u0101d\u0101m industrij\u0101m, k\u0101 biznesa vid\u0113, t\u0101 viesm\u012bl\u012bb\u0101. Materi\u0101ls ir veidots t\u0101, lai bl\u016bze b\u016btu ilgsto\u0161a un turpin\u0101tu lieliski izskat\u012bties p\u0113c katras mazg\u0101\u0161anas. Princeses piegriezums, apa\u013ca apkakle.  Pieejams ar\u012b\u00a0ar gar\u0101m piedurkn\u0113m.  Materi\u0101ls: 57% kokvilna, 39% poliesters, 4% Elastane. Kop\u0161ana: Mazg\u0101t 40\u00b0 ve\u013cas ma\u0161\u012bn\u0101 ar maz\u0101ku \u0101trumu.  Izm\u0113ri\u00a0 \u00a0(UK): 6-24.","og_url":"https:\/\/simonjersey.eu\/lv\/produkts\/sieviesu-stretch-bluze-ar-isam-piedurknem-soave\/","og_site_name":"Simon Jersey Latvija","article_modified_time":"2026-01-14T11:48:58+00:00","og_image":[{"width":1500,"height":1627,"url":"https:\/\/simonjersey.eu\/lv\/wp-content\/uploads\/sites\/2\/2024\/02\/2269-ss-blue.jpg","type":"image\/jpeg"}],"twitter_card":"summary_large_image","twitter_misc":{"Est. reading time":"1 min\u016bte"},"schema":{"@context":"https:\/\/schema.org","@graph":[{"@type":"WebPage","@id":"https:\/\/simonjersey.eu\/lv\/produkts\/sieviesu-stretch-bluze-ar-isam-piedurknem-soave\/","url":"https:\/\/simonjersey.eu\/lv\/produkts\/sieviesu-stretch-bluze-ar-isam-piedurknem-soave\/","name":"Sievie\u0161u stretch bl\u016bze ar \u012bs\u0101m piedurkn\u0113m Soave - Simon Jersey Latvija","isPartOf":{"@id":"https:\/\/simonjersey.eu\/lv\/#website"},"primaryImageOfPage":{"@id":"https:\/\/simonjersey.eu\/lv\/produkts\/sieviesu-stretch-bluze-ar-isam-piedurknem-soave\/#primaryimage"},"image":{"@id":"https:\/\/simonjersey.eu\/lv\/produkts\/sieviesu-stretch-bluze-ar-isam-piedurknem-soave\/#primaryimage"},"thumbnailUrl":"https:\/\/simonjersey.eu\/lv\/wp-content\/uploads\/sites\/2\/2024\/02\/2269-ss-blue.jpg","datePublished":"2024-02-14T10:48:01+00:00","dateModified":"2026-01-14T11:48:58+00:00","breadcrumb":{"@id":"https:\/\/simonjersey.eu\/lv\/produkts\/sieviesu-stretch-bluze-ar-isam-piedurknem-soave\/#breadcrumb"},"inLanguage":"lv-LV","potentialAction":[{"@type":"ReadAction","target":["https:\/\/simonjersey.eu\/lv\/produkts\/sieviesu-stretch-bluze-ar-isam-piedurknem-soave\/"]}]},{"@type":"ImageObject","inLanguage":"lv-LV","@id":"https:\/\/simonjersey.eu\/lv\/produkts\/sieviesu-stretch-bluze-ar-isam-piedurknem-soave\/#primaryimage","url":"https:\/\/simonjersey.eu\/lv\/wp-content\/uploads\/sites\/2\/2024\/02\/2269-ss-blue.jpg","contentUrl":"https:\/\/simonjersey.eu\/lv\/wp-content\/uploads\/sites\/2\/2024\/02\/2269-ss-blue.jpg","width":1500,"height":1627},{"@type":"BreadcrumbList","@id":"https:\/\/simonjersey.eu\/lv\/produkts\/sieviesu-stretch-bluze-ar-isam-piedurknem-soave\/#breadcrumb","itemListElement":[{"@type":"ListItem","position":1,"name":"Home","item":"https:\/\/simonjersey.eu\/lv\/"},{"@type":"ListItem","position":2,"name":"E-veikals","item":"https:\/\/simonjersey.eu\/lv\/e-veikals\/"},{"@type":"ListItem","position":3,"name":"Sievie\u0161u stretch bl\u016bze ar \u012bs\u0101m piedurkn\u0113m Soave"}]},{"@type":"WebSite","@id":"https:\/\/simonjersey.eu\/lv\/#website","url":"https:\/\/simonjersey.eu\/lv\/","name":"Simon Jersey Latvija","description":"Kvalitat\u012bvi un iztur\u012bgi darba ap\u0123\u0113rbi","potentialAction":[{"@type":"SearchAction","target":{"@type":"EntryPoint","urlTemplate":"https:\/\/simonjersey.eu\/lv\/?s={search_term_string}"},"query-input":{"@type":"PropertyValueSpecification","valueRequired":true,"valueName":"search_term_string"}}],"inLanguage":"lv-LV"}]}},"_links":{"self":[{"href":"https:\/\/simonjersey.eu\/lv\/wp-json\/wp\/v2\/product\/7394","targetHints":{"allow":["GET"]}}],"collection":[{"href":"https:\/\/simonjersey.eu\/lv\/wp-json\/wp\/v2\/product"}],"about":[{"href":"https:\/\/simonjersey.eu\/lv\/wp-json\/wp\/v2\/types\/product"}],"wp:featuredmedia":[{"embeddable":true,"href":"https:\/\/simonjersey.eu\/lv\/wp-json\/wp\/v2\/media\/7397"}],"wp:attachment":[{"href":"https:\/\/simonjersey.eu\/lv\/wp-json\/wp\/v2\/media?parent=7394"}],"wp:term":[{"taxonomy":"product_brand","embeddable":true,"href":"https:\/\/simonjersey.eu\/lv\/wp-json\/wp\/v2\/product_brand?post=7394"},{"taxonomy":"product_cat","embeddable":true,"href":"https:\/\/simonjersey.eu\/lv\/wp-json\/wp\/v2\/product_cat?post=7394"},{"taxonomy":"product_tag","embeddable":true,"href":"https:\/\/simonjersey.eu\/lv\/wp-json\/wp\/v2\/product_tag?post=7394"}],"curies":[{"name":"wp","href":"https:\/\/api.w.org\/{rel}","templated":true}]}}