{"id":7442,"date":"2024-02-28T13:19:20","date_gmt":"2024-02-28T10:19:20","guid":{"rendered":"https:\/\/simonjersey.eu\/lv\/?post_type=product&#038;p=7442"},"modified":"2024-02-28T13:28:41","modified_gmt":"2024-02-28T10:28:41","slug":"sieviesu-isa-zakete-ariel","status":"publish","type":"product","link":"https:\/\/simonjersey.eu\/lv\/produkts\/sieviesu-isa-zakete-ariel\/","title":{"rendered":"Sievie\u0161u \u012bs\u0101 \u017eakete Ariel"},"content":{"rendered":"","protected":false},"excerpt":{"rendered":"<p>Uz\u0146\u0113mumiem, kuri v\u0113las saviem darbiniekiem pied\u0101v\u0101t stil\u012bgu izskatu. \u0160aj\u0101 produktu rakstaini audumi ar iztur\u012bgu teflona p\u0101rkl\u0101jumu.<\/p>\n<p>M\u016bsu Eclipse kolekcija nodro\u0161ina tendences, laik\u0101 un ar bud\u017eetu.<\/p>\n<p>\u0160\u012bs s\u0113rijas formas t\u0113rpi ir piem\u0113roti darbam bank\u0101s, tirdzniec\u012bbas \u0113k\u0101s, viesn\u012bc\u0101s un daudzos citos dienesta amatos.<\/p>\n<p>Ar vienu pogu, odere, \u0161\u0137\u0113lums aizmugur\u0113, ieliktas kabatas.<\/p>\n<p>&nbsp;<\/p>\n<p>Materi\u0101ls: 64% p\u0101rstr\u0101d\u0101ts poliesters, 34% viskoze, 2% elast\u0101ns.(330mlg)<br \/>\nMazg\u0101t 40\u00b0 mazg\u0101t ve\u013cas ma\u0161\u012bn\u0101, nav nepiecie\u0161ama gludin\u0101\u0161ana.<br \/>\nAudums p\u0101rbaud\u012bts ar Martindale testa sist\u0113mu: &gt; 100 000 nodilumiztur\u012bgs.<\/p>\n<p>Izm\u0113ri (UK) 6\u201324.<\/p>\n<p>UK 6- 24\u00a0 regul\u0101ri<\/p>\n<p>UK 6-16 gar\u0161<\/p>\n<p>Centra muguras garums 12R izm\u0113r\u0101 = 55,5 cm<\/p>\n","protected":false},"featured_media":7447,"template":"","meta":[],"product_brand":[],"product_cat":[489,89,98,22,24,38,78,83,49,66,110],"product_tag":[],"class_list":{"0":"post-7442","1":"product","2":"type-product","3":"status-publish","4":"has-post-thumbnail","6":"product_cat-stiligs-eclipse-kolekcija","7":"product_cat-sievietem-lietiskais-apgerbs","8":"product_cat-zaketes-sievietem-lietiskais-apgerbs","9":"product_cat-restorani","10":"product_cat-sievietem","11":"product_cat-zaketes","12":"product_cat-recepcija","13":"product_cat-zaketes-recepcija","14":"product_cat-kolekcijas","15":"product_cat-zaketes-sievietem-viesmiliba","16":"product_cat-zaketes-2","18":"first","19":"instock","20":"taxable","21":"shipping-taxable","22":"purchasable","23":"product-type-variable","24":"has-default-attributes"},"yoast_head":"<!-- This site is optimized with the Yoast SEO plugin v27.2 - https:\/\/yoast.com\/product\/yoast-seo-wordpress\/ -->\n<title>Sievie\u0161u \u012bs\u0101 \u017eakete Ariel - Simon Jersey Latvija<\/title>\n<meta name=\"robots\" content=\"index, follow, max-snippet:-1, max-image-preview:large, max-video-preview:-1\" \/>\n<link rel=\"canonical\" href=\"https:\/\/simonjersey.eu\/lv\/produkts\/sieviesu-isa-zakete-ariel\/\" \/>\n<meta property=\"og:locale\" content=\"lv_LV\" \/>\n<meta property=\"og:type\" content=\"article\" \/>\n<meta property=\"og:title\" content=\"Sievie\u0161u \u012bs\u0101 \u017eakete Ariel - Simon Jersey Latvija\" \/>\n<meta property=\"og:description\" content=\"Uz\u0146\u0113mumiem, kuri v\u0113las saviem darbiniekiem pied\u0101v\u0101t stil\u012bgu izskatu. \u0160aj\u0101 produktu rakstaini audumi ar iztur\u012bgu teflona p\u0101rkl\u0101jumu.  M\u016bsu Eclipse kolekcija nodro\u0161ina tendences, laik\u0101 un ar bud\u017eetu.  \u0160\u012bs s\u0113rijas formas t\u0113rpi ir piem\u0113roti darbam bank\u0101s, tirdzniec\u012bbas \u0113k\u0101s, viesn\u012bc\u0101s un daudzos citos dienesta amatos.  Ar vienu pogu, odere, \u0161\u0137\u0113lums aizmugur\u0113, ieliktas kabatas.  &nbsp;  Materi\u0101ls: 64% p\u0101rstr\u0101d\u0101ts poliesters, 34% viskoze, 2% elast\u0101ns.(330mlg) Mazg\u0101t 40\u00b0 mazg\u0101t ve\u013cas ma\u0161\u012bn\u0101, nav nepiecie\u0161ama gludin\u0101\u0161ana. Audums p\u0101rbaud\u012bts ar Martindale testa sist\u0113mu: &gt; 100 000 nodilumiztur\u012bgs.  Izm\u0113ri (UK) 6\u201324.  UK 6- 24\u00a0 regul\u0101ri  UK 6-16 gar\u0161  Centra muguras garums 12R izm\u0113r\u0101 = 55,5 cm\" \/>\n<meta property=\"og:url\" content=\"https:\/\/simonjersey.eu\/lv\/produkts\/sieviesu-isa-zakete-ariel\/\" \/>\n<meta property=\"og:site_name\" content=\"Simon Jersey Latvija\" \/>\n<meta property=\"article:modified_time\" content=\"2024-02-28T10:28:41+00:00\" \/>\n<meta property=\"og:image\" content=\"https:\/\/simonjersey.eu\/lv\/wp-content\/uploads\/sites\/2\/2024\/02\/Ariel-Jacket-Navy-Pin-Dot-Eclipse-.jpg\" \/>\n\t<meta property=\"og:image:width\" content=\"700\" \/>\n\t<meta property=\"og:image:height\" content=\"948\" \/>\n\t<meta property=\"og:image:type\" content=\"image\/jpeg\" \/>\n<meta name=\"twitter:card\" content=\"summary_large_image\" \/>\n<meta name=\"twitter:label1\" content=\"Est. reading time\" \/>\n\t<meta name=\"twitter:data1\" content=\"1 min\u016bte\" \/>\n<script type=\"application\/ld+json\" class=\"yoast-schema-graph\">{\"@context\":\"https:\/\/schema.org\",\"@graph\":[{\"@type\":\"WebPage\",\"@id\":\"https:\/\/simonjersey.eu\/lv\/produkts\/sieviesu-isa-zakete-ariel\/\",\"url\":\"https:\/\/simonjersey.eu\/lv\/produkts\/sieviesu-isa-zakete-ariel\/\",\"name\":\"Sievie\u0161u \u012bs\u0101 \u017eakete Ariel - Simon Jersey Latvija\",\"isPartOf\":{\"@id\":\"https:\/\/simonjersey.eu\/lv\/#website\"},\"primaryImageOfPage\":{\"@id\":\"https:\/\/simonjersey.eu\/lv\/produkts\/sieviesu-isa-zakete-ariel\/#primaryimage\"},\"image\":{\"@id\":\"https:\/\/simonjersey.eu\/lv\/produkts\/sieviesu-isa-zakete-ariel\/#primaryimage\"},\"thumbnailUrl\":\"https:\/\/simonjersey.eu\/lv\/wp-content\/uploads\/sites\/2\/2024\/02\/Ariel-Jacket-Navy-Pin-Dot-Eclipse-.jpg\",\"datePublished\":\"2024-02-28T10:19:20+00:00\",\"dateModified\":\"2024-02-28T10:28:41+00:00\",\"breadcrumb\":{\"@id\":\"https:\/\/simonjersey.eu\/lv\/produkts\/sieviesu-isa-zakete-ariel\/#breadcrumb\"},\"inLanguage\":\"lv-LV\",\"potentialAction\":[{\"@type\":\"ReadAction\",\"target\":[\"https:\/\/simonjersey.eu\/lv\/produkts\/sieviesu-isa-zakete-ariel\/\"]}]},{\"@type\":\"ImageObject\",\"inLanguage\":\"lv-LV\",\"@id\":\"https:\/\/simonjersey.eu\/lv\/produkts\/sieviesu-isa-zakete-ariel\/#primaryimage\",\"url\":\"https:\/\/simonjersey.eu\/lv\/wp-content\/uploads\/sites\/2\/2024\/02\/Ariel-Jacket-Navy-Pin-Dot-Eclipse-.jpg\",\"contentUrl\":\"https:\/\/simonjersey.eu\/lv\/wp-content\/uploads\/sites\/2\/2024\/02\/Ariel-Jacket-Navy-Pin-Dot-Eclipse-.jpg\",\"width\":700,\"height\":948},{\"@type\":\"BreadcrumbList\",\"@id\":\"https:\/\/simonjersey.eu\/lv\/produkts\/sieviesu-isa-zakete-ariel\/#breadcrumb\",\"itemListElement\":[{\"@type\":\"ListItem\",\"position\":1,\"name\":\"Home\",\"item\":\"https:\/\/simonjersey.eu\/lv\/\"},{\"@type\":\"ListItem\",\"position\":2,\"name\":\"E-veikals\",\"item\":\"https:\/\/simonjersey.eu\/lv\/e-veikals\/\"},{\"@type\":\"ListItem\",\"position\":3,\"name\":\"Sievie\u0161u \u012bs\u0101 \u017eakete Ariel\"}]},{\"@type\":\"WebSite\",\"@id\":\"https:\/\/simonjersey.eu\/lv\/#website\",\"url\":\"https:\/\/simonjersey.eu\/lv\/\",\"name\":\"Simon Jersey Latvija\",\"description\":\"Kvalitat\u012bvi un iztur\u012bgi darba ap\u0123\u0113rbi\",\"potentialAction\":[{\"@type\":\"SearchAction\",\"target\":{\"@type\":\"EntryPoint\",\"urlTemplate\":\"https:\/\/simonjersey.eu\/lv\/?s={search_term_string}\"},\"query-input\":{\"@type\":\"PropertyValueSpecification\",\"valueRequired\":true,\"valueName\":\"search_term_string\"}}],\"inLanguage\":\"lv-LV\"}]}<\/script>\n<!-- \/ Yoast SEO plugin. -->","yoast_head_json":{"title":"Sievie\u0161u \u012bs\u0101 \u017eakete Ariel - Simon Jersey Latvija","robots":{"index":"index","follow":"follow","max-snippet":"max-snippet:-1","max-image-preview":"max-image-preview:large","max-video-preview":"max-video-preview:-1"},"canonical":"https:\/\/simonjersey.eu\/lv\/produkts\/sieviesu-isa-zakete-ariel\/","og_locale":"lv_LV","og_type":"article","og_title":"Sievie\u0161u \u012bs\u0101 \u017eakete Ariel - Simon Jersey Latvija","og_description":"Uz\u0146\u0113mumiem, kuri v\u0113las saviem darbiniekiem pied\u0101v\u0101t stil\u012bgu izskatu. \u0160aj\u0101 produktu rakstaini audumi ar iztur\u012bgu teflona p\u0101rkl\u0101jumu.  M\u016bsu Eclipse kolekcija nodro\u0161ina tendences, laik\u0101 un ar bud\u017eetu.  \u0160\u012bs s\u0113rijas formas t\u0113rpi ir piem\u0113roti darbam bank\u0101s, tirdzniec\u012bbas \u0113k\u0101s, viesn\u012bc\u0101s un daudzos citos dienesta amatos.  Ar vienu pogu, odere, \u0161\u0137\u0113lums aizmugur\u0113, ieliktas kabatas.  &nbsp;  Materi\u0101ls: 64% p\u0101rstr\u0101d\u0101ts poliesters, 34% viskoze, 2% elast\u0101ns.(330mlg) Mazg\u0101t 40\u00b0 mazg\u0101t ve\u013cas ma\u0161\u012bn\u0101, nav nepiecie\u0161ama gludin\u0101\u0161ana. Audums p\u0101rbaud\u012bts ar Martindale testa sist\u0113mu: &gt; 100 000 nodilumiztur\u012bgs.  Izm\u0113ri (UK) 6\u201324.  UK 6- 24\u00a0 regul\u0101ri  UK 6-16 gar\u0161  Centra muguras garums 12R izm\u0113r\u0101 = 55,5 cm","og_url":"https:\/\/simonjersey.eu\/lv\/produkts\/sieviesu-isa-zakete-ariel\/","og_site_name":"Simon Jersey Latvija","article_modified_time":"2024-02-28T10:28:41+00:00","og_image":[{"width":700,"height":948,"url":"https:\/\/simonjersey.eu\/lv\/wp-content\/uploads\/sites\/2\/2024\/02\/Ariel-Jacket-Navy-Pin-Dot-Eclipse-.jpg","type":"image\/jpeg"}],"twitter_card":"summary_large_image","twitter_misc":{"Est. reading time":"1 min\u016bte"},"schema":{"@context":"https:\/\/schema.org","@graph":[{"@type":"WebPage","@id":"https:\/\/simonjersey.eu\/lv\/produkts\/sieviesu-isa-zakete-ariel\/","url":"https:\/\/simonjersey.eu\/lv\/produkts\/sieviesu-isa-zakete-ariel\/","name":"Sievie\u0161u \u012bs\u0101 \u017eakete Ariel - Simon Jersey Latvija","isPartOf":{"@id":"https:\/\/simonjersey.eu\/lv\/#website"},"primaryImageOfPage":{"@id":"https:\/\/simonjersey.eu\/lv\/produkts\/sieviesu-isa-zakete-ariel\/#primaryimage"},"image":{"@id":"https:\/\/simonjersey.eu\/lv\/produkts\/sieviesu-isa-zakete-ariel\/#primaryimage"},"thumbnailUrl":"https:\/\/simonjersey.eu\/lv\/wp-content\/uploads\/sites\/2\/2024\/02\/Ariel-Jacket-Navy-Pin-Dot-Eclipse-.jpg","datePublished":"2024-02-28T10:19:20+00:00","dateModified":"2024-02-28T10:28:41+00:00","breadcrumb":{"@id":"https:\/\/simonjersey.eu\/lv\/produkts\/sieviesu-isa-zakete-ariel\/#breadcrumb"},"inLanguage":"lv-LV","potentialAction":[{"@type":"ReadAction","target":["https:\/\/simonjersey.eu\/lv\/produkts\/sieviesu-isa-zakete-ariel\/"]}]},{"@type":"ImageObject","inLanguage":"lv-LV","@id":"https:\/\/simonjersey.eu\/lv\/produkts\/sieviesu-isa-zakete-ariel\/#primaryimage","url":"https:\/\/simonjersey.eu\/lv\/wp-content\/uploads\/sites\/2\/2024\/02\/Ariel-Jacket-Navy-Pin-Dot-Eclipse-.jpg","contentUrl":"https:\/\/simonjersey.eu\/lv\/wp-content\/uploads\/sites\/2\/2024\/02\/Ariel-Jacket-Navy-Pin-Dot-Eclipse-.jpg","width":700,"height":948},{"@type":"BreadcrumbList","@id":"https:\/\/simonjersey.eu\/lv\/produkts\/sieviesu-isa-zakete-ariel\/#breadcrumb","itemListElement":[{"@type":"ListItem","position":1,"name":"Home","item":"https:\/\/simonjersey.eu\/lv\/"},{"@type":"ListItem","position":2,"name":"E-veikals","item":"https:\/\/simonjersey.eu\/lv\/e-veikals\/"},{"@type":"ListItem","position":3,"name":"Sievie\u0161u \u012bs\u0101 \u017eakete Ariel"}]},{"@type":"WebSite","@id":"https:\/\/simonjersey.eu\/lv\/#website","url":"https:\/\/simonjersey.eu\/lv\/","name":"Simon Jersey Latvija","description":"Kvalitat\u012bvi un iztur\u012bgi darba ap\u0123\u0113rbi","potentialAction":[{"@type":"SearchAction","target":{"@type":"EntryPoint","urlTemplate":"https:\/\/simonjersey.eu\/lv\/?s={search_term_string}"},"query-input":{"@type":"PropertyValueSpecification","valueRequired":true,"valueName":"search_term_string"}}],"inLanguage":"lv-LV"}]}},"_links":{"self":[{"href":"https:\/\/simonjersey.eu\/lv\/wp-json\/wp\/v2\/product\/7442","targetHints":{"allow":["GET"]}}],"collection":[{"href":"https:\/\/simonjersey.eu\/lv\/wp-json\/wp\/v2\/product"}],"about":[{"href":"https:\/\/simonjersey.eu\/lv\/wp-json\/wp\/v2\/types\/product"}],"wp:featuredmedia":[{"embeddable":true,"href":"https:\/\/simonjersey.eu\/lv\/wp-json\/wp\/v2\/media\/7447"}],"wp:attachment":[{"href":"https:\/\/simonjersey.eu\/lv\/wp-json\/wp\/v2\/media?parent=7442"}],"wp:term":[{"taxonomy":"product_brand","embeddable":true,"href":"https:\/\/simonjersey.eu\/lv\/wp-json\/wp\/v2\/product_brand?post=7442"},{"taxonomy":"product_cat","embeddable":true,"href":"https:\/\/simonjersey.eu\/lv\/wp-json\/wp\/v2\/product_cat?post=7442"},{"taxonomy":"product_tag","embeddable":true,"href":"https:\/\/simonjersey.eu\/lv\/wp-json\/wp\/v2\/product_tag?post=7442"}],"curies":[{"name":"wp","href":"https:\/\/api.w.org\/{rel}","templated":true}]}}