{"id":7474,"date":"2024-02-28T14:03:53","date_gmt":"2024-02-28T11:03:53","guid":{"rendered":"https:\/\/simonjersey.eu\/lv\/?post_type=product&#038;p=7474"},"modified":"2024-02-28T14:15:44","modified_gmt":"2024-02-28T11:15:44","slug":"ophelia-slim-fit-bikses-sievietem","status":"publish","type":"product","link":"https:\/\/simonjersey.eu\/lv\/produkts\/ophelia-slim-fit-bikses-sievietem\/","title":{"rendered":"Ophelia slim fit bikses sieviet\u0113m"},"content":{"rendered":"","protected":false},"excerpt":{"rendered":"<p>Uz\u0146\u0113mumiem, kuri v\u0113las saviem darbiniekiem pied\u0101v\u0101t stil\u012bgu izskatu. \u0160aj\u0101 produktu rakstaini audumi ar iztur\u012bgu teflona p\u0101rkl\u0101jumu.<\/p>\n<p>M\u016bsu Eclipse kolekcija nodro\u0161ina tendences, laik\u0101 un ar bud\u017eetu.<\/p>\n<p>\u0160\u012bs s\u0113rijas formas t\u0113rpi ir piem\u0113roti darbam bank\u0101s, tirdzniec\u012bbas \u0113k\u0101s, viesn\u012bc\u0101s un daudzos citos dienesta amatos.<\/p>\n<p>Slim fit sievie\u0161u\u00a0 bikses, priek\u0161pus\u0113 r\u0101v\u0113jsl\u0113dz\u0113js, s\u0101nu kabatas.<\/p>\n<p>Materi\u0101ls: 64% p\u0101rstr\u0101d\u0101ts poliesters, 34% viskoze, 2% elast\u0101ns.(330mlg)<br \/>\nMazg\u0101t 40\u00b0 mazg\u0101t ve\u013cas ma\u0161\u012bn\u0101, nav nepiecie\u0161ama gludin\u0101\u0161ana.<br \/>\nAudums p\u0101rbaud\u012bts ar Martindale testa sist\u0113mu: &gt; 100 000 nodilumiztur\u012bgs.<\/p>\n<p>Izm\u0113ri (UK) 6\u201324.( long, regular)<\/p>\n<p>Iek\u0161\u0113j\u0101s k\u0101jas garums 12R: 73,5 cm<\/p>\n<p>Iek\u0161\u0113j\u0101s k\u0101jas garums 12L: 79 cm<\/p>\n<p>Pieejams \u012bpa\u0161i gar\u0101 garum\u0101, jaut\u0101jiet m\u016bsu p\u0101rdo\u0161anas komandai par piem\u0113rot\u0101ko!<\/p>\n","protected":false},"featured_media":7476,"template":"","meta":[],"product_brand":[],"product_cat":[489,89,95,22,24,35,17,20,78,80,49,50,63,107],"product_tag":[],"class_list":{"0":"post-7474","1":"product","2":"type-product","3":"status-publish","4":"has-post-thumbnail","6":"product_cat-stiligs-eclipse-kolekcija","7":"product_cat-sievietem-lietiskais-apgerbs","8":"product_cat-bikses-sievietem-lietiskais-apgerbs","9":"product_cat-restorani","10":"product_cat-sievietem","11":"product_cat-bikses-sievietem","12":"product_cat-skaistumkopsana","13":"product_cat-bikses","14":"product_cat-recepcija","15":"product_cat-bikses-recepcija","16":"product_cat-kolekcijas","17":"product_cat-sievietem-viesmiliba","18":"product_cat-bikses-sievietem-viesmiliba","19":"product_cat-sieviesu-bikses","21":"first","22":"instock","23":"taxable","24":"shipping-taxable","25":"purchasable","26":"product-type-variable","27":"has-default-attributes"},"yoast_head":"<!-- This site is optimized with the Yoast SEO plugin v27.2 - https:\/\/yoast.com\/product\/yoast-seo-wordpress\/ -->\n<title>Ophelia slim fit bikses sieviet\u0113m - Simon Jersey Latvija<\/title>\n<meta name=\"robots\" content=\"index, follow, max-snippet:-1, max-image-preview:large, max-video-preview:-1\" \/>\n<link rel=\"canonical\" href=\"https:\/\/simonjersey.eu\/lv\/produkts\/ophelia-slim-fit-bikses-sievietem\/\" \/>\n<meta property=\"og:locale\" content=\"lv_LV\" \/>\n<meta property=\"og:type\" content=\"article\" \/>\n<meta property=\"og:title\" content=\"Ophelia slim fit bikses sieviet\u0113m - Simon Jersey Latvija\" \/>\n<meta property=\"og:description\" content=\"Uz\u0146\u0113mumiem, kuri v\u0113las saviem darbiniekiem pied\u0101v\u0101t stil\u012bgu izskatu. \u0160aj\u0101 produktu rakstaini audumi ar iztur\u012bgu teflona p\u0101rkl\u0101jumu.  M\u016bsu Eclipse kolekcija nodro\u0161ina tendences, laik\u0101 un ar bud\u017eetu.  \u0160\u012bs s\u0113rijas formas t\u0113rpi ir piem\u0113roti darbam bank\u0101s, tirdzniec\u012bbas \u0113k\u0101s, viesn\u012bc\u0101s un daudzos citos dienesta amatos.  Slim fit sievie\u0161u\u00a0 bikses, priek\u0161pus\u0113 r\u0101v\u0113jsl\u0113dz\u0113js, s\u0101nu kabatas.  Materi\u0101ls: 64% p\u0101rstr\u0101d\u0101ts poliesters, 34% viskoze, 2% elast\u0101ns.(330mlg) Mazg\u0101t 40\u00b0 mazg\u0101t ve\u013cas ma\u0161\u012bn\u0101, nav nepiecie\u0161ama gludin\u0101\u0161ana. Audums p\u0101rbaud\u012bts ar Martindale testa sist\u0113mu: &gt; 100 000 nodilumiztur\u012bgs.  Izm\u0113ri (UK) 6\u201324.( long, regular)  Iek\u0161\u0113j\u0101s k\u0101jas garums 12R: 73,5 cm  Iek\u0161\u0113j\u0101s k\u0101jas garums 12L: 79 cm  Pieejams \u012bpa\u0161i gar\u0101 garum\u0101, jaut\u0101jiet m\u016bsu p\u0101rdo\u0161anas komandai par piem\u0113rot\u0101ko!\" \/>\n<meta property=\"og:url\" content=\"https:\/\/simonjersey.eu\/lv\/produkts\/ophelia-slim-fit-bikses-sievietem\/\" \/>\n<meta property=\"og:site_name\" content=\"Simon Jersey Latvija\" \/>\n<meta property=\"article:modified_time\" content=\"2024-02-28T11:15:44+00:00\" \/>\n<meta property=\"og:image\" content=\"https:\/\/simonjersey.eu\/lv\/wp-content\/uploads\/sites\/2\/2024\/02\/Ophelia-Trouser-Navy-Eclipse-700-x-1063-1.jpg\" \/>\n\t<meta property=\"og:image:width\" content=\"700\" \/>\n\t<meta property=\"og:image:height\" content=\"1063\" \/>\n\t<meta property=\"og:image:type\" content=\"image\/jpeg\" \/>\n<meta name=\"twitter:card\" content=\"summary_large_image\" \/>\n<script type=\"application\/ld+json\" class=\"yoast-schema-graph\">{\"@context\":\"https:\/\/schema.org\",\"@graph\":[{\"@type\":\"WebPage\",\"@id\":\"https:\/\/simonjersey.eu\/lv\/produkts\/ophelia-slim-fit-bikses-sievietem\/\",\"url\":\"https:\/\/simonjersey.eu\/lv\/produkts\/ophelia-slim-fit-bikses-sievietem\/\",\"name\":\"Ophelia slim fit bikses sieviet\u0113m - Simon Jersey Latvija\",\"isPartOf\":{\"@id\":\"https:\/\/simonjersey.eu\/lv\/#website\"},\"primaryImageOfPage\":{\"@id\":\"https:\/\/simonjersey.eu\/lv\/produkts\/ophelia-slim-fit-bikses-sievietem\/#primaryimage\"},\"image\":{\"@id\":\"https:\/\/simonjersey.eu\/lv\/produkts\/ophelia-slim-fit-bikses-sievietem\/#primaryimage\"},\"thumbnailUrl\":\"https:\/\/simonjersey.eu\/lv\/wp-content\/uploads\/sites\/2\/2024\/02\/Ophelia-Trouser-Navy-Eclipse-700-x-1063-1.jpg\",\"datePublished\":\"2024-02-28T11:03:53+00:00\",\"dateModified\":\"2024-02-28T11:15:44+00:00\",\"breadcrumb\":{\"@id\":\"https:\/\/simonjersey.eu\/lv\/produkts\/ophelia-slim-fit-bikses-sievietem\/#breadcrumb\"},\"inLanguage\":\"lv-LV\",\"potentialAction\":[{\"@type\":\"ReadAction\",\"target\":[\"https:\/\/simonjersey.eu\/lv\/produkts\/ophelia-slim-fit-bikses-sievietem\/\"]}]},{\"@type\":\"ImageObject\",\"inLanguage\":\"lv-LV\",\"@id\":\"https:\/\/simonjersey.eu\/lv\/produkts\/ophelia-slim-fit-bikses-sievietem\/#primaryimage\",\"url\":\"https:\/\/simonjersey.eu\/lv\/wp-content\/uploads\/sites\/2\/2024\/02\/Ophelia-Trouser-Navy-Eclipse-700-x-1063-1.jpg\",\"contentUrl\":\"https:\/\/simonjersey.eu\/lv\/wp-content\/uploads\/sites\/2\/2024\/02\/Ophelia-Trouser-Navy-Eclipse-700-x-1063-1.jpg\",\"width\":700,\"height\":1063},{\"@type\":\"BreadcrumbList\",\"@id\":\"https:\/\/simonjersey.eu\/lv\/produkts\/ophelia-slim-fit-bikses-sievietem\/#breadcrumb\",\"itemListElement\":[{\"@type\":\"ListItem\",\"position\":1,\"name\":\"Home\",\"item\":\"https:\/\/simonjersey.eu\/lv\/\"},{\"@type\":\"ListItem\",\"position\":2,\"name\":\"E-veikals\",\"item\":\"https:\/\/simonjersey.eu\/lv\/e-veikals\/\"},{\"@type\":\"ListItem\",\"position\":3,\"name\":\"Ophelia slim fit bikses sieviet\u0113m\"}]},{\"@type\":\"WebSite\",\"@id\":\"https:\/\/simonjersey.eu\/lv\/#website\",\"url\":\"https:\/\/simonjersey.eu\/lv\/\",\"name\":\"Simon Jersey Latvija\",\"description\":\"Kvalitat\u012bvi un iztur\u012bgi darba ap\u0123\u0113rbi\",\"potentialAction\":[{\"@type\":\"SearchAction\",\"target\":{\"@type\":\"EntryPoint\",\"urlTemplate\":\"https:\/\/simonjersey.eu\/lv\/?s={search_term_string}\"},\"query-input\":{\"@type\":\"PropertyValueSpecification\",\"valueRequired\":true,\"valueName\":\"search_term_string\"}}],\"inLanguage\":\"lv-LV\"}]}<\/script>\n<!-- \/ Yoast SEO plugin. -->","yoast_head_json":{"title":"Ophelia slim fit bikses sieviet\u0113m - Simon Jersey Latvija","robots":{"index":"index","follow":"follow","max-snippet":"max-snippet:-1","max-image-preview":"max-image-preview:large","max-video-preview":"max-video-preview:-1"},"canonical":"https:\/\/simonjersey.eu\/lv\/produkts\/ophelia-slim-fit-bikses-sievietem\/","og_locale":"lv_LV","og_type":"article","og_title":"Ophelia slim fit bikses sieviet\u0113m - Simon Jersey Latvija","og_description":"Uz\u0146\u0113mumiem, kuri v\u0113las saviem darbiniekiem pied\u0101v\u0101t stil\u012bgu izskatu. \u0160aj\u0101 produktu rakstaini audumi ar iztur\u012bgu teflona p\u0101rkl\u0101jumu.  M\u016bsu Eclipse kolekcija nodro\u0161ina tendences, laik\u0101 un ar bud\u017eetu.  \u0160\u012bs s\u0113rijas formas t\u0113rpi ir piem\u0113roti darbam bank\u0101s, tirdzniec\u012bbas \u0113k\u0101s, viesn\u012bc\u0101s un daudzos citos dienesta amatos.  Slim fit sievie\u0161u\u00a0 bikses, priek\u0161pus\u0113 r\u0101v\u0113jsl\u0113dz\u0113js, s\u0101nu kabatas.  Materi\u0101ls: 64% p\u0101rstr\u0101d\u0101ts poliesters, 34% viskoze, 2% elast\u0101ns.(330mlg) Mazg\u0101t 40\u00b0 mazg\u0101t ve\u013cas ma\u0161\u012bn\u0101, nav nepiecie\u0161ama gludin\u0101\u0161ana. Audums p\u0101rbaud\u012bts ar Martindale testa sist\u0113mu: &gt; 100 000 nodilumiztur\u012bgs.  Izm\u0113ri (UK) 6\u201324.( long, regular)  Iek\u0161\u0113j\u0101s k\u0101jas garums 12R: 73,5 cm  Iek\u0161\u0113j\u0101s k\u0101jas garums 12L: 79 cm  Pieejams \u012bpa\u0161i gar\u0101 garum\u0101, jaut\u0101jiet m\u016bsu p\u0101rdo\u0161anas komandai par piem\u0113rot\u0101ko!","og_url":"https:\/\/simonjersey.eu\/lv\/produkts\/ophelia-slim-fit-bikses-sievietem\/","og_site_name":"Simon Jersey Latvija","article_modified_time":"2024-02-28T11:15:44+00:00","og_image":[{"width":700,"height":1063,"url":"https:\/\/simonjersey.eu\/lv\/wp-content\/uploads\/sites\/2\/2024\/02\/Ophelia-Trouser-Navy-Eclipse-700-x-1063-1.jpg","type":"image\/jpeg"}],"twitter_card":"summary_large_image","schema":{"@context":"https:\/\/schema.org","@graph":[{"@type":"WebPage","@id":"https:\/\/simonjersey.eu\/lv\/produkts\/ophelia-slim-fit-bikses-sievietem\/","url":"https:\/\/simonjersey.eu\/lv\/produkts\/ophelia-slim-fit-bikses-sievietem\/","name":"Ophelia slim fit bikses sieviet\u0113m - Simon Jersey Latvija","isPartOf":{"@id":"https:\/\/simonjersey.eu\/lv\/#website"},"primaryImageOfPage":{"@id":"https:\/\/simonjersey.eu\/lv\/produkts\/ophelia-slim-fit-bikses-sievietem\/#primaryimage"},"image":{"@id":"https:\/\/simonjersey.eu\/lv\/produkts\/ophelia-slim-fit-bikses-sievietem\/#primaryimage"},"thumbnailUrl":"https:\/\/simonjersey.eu\/lv\/wp-content\/uploads\/sites\/2\/2024\/02\/Ophelia-Trouser-Navy-Eclipse-700-x-1063-1.jpg","datePublished":"2024-02-28T11:03:53+00:00","dateModified":"2024-02-28T11:15:44+00:00","breadcrumb":{"@id":"https:\/\/simonjersey.eu\/lv\/produkts\/ophelia-slim-fit-bikses-sievietem\/#breadcrumb"},"inLanguage":"lv-LV","potentialAction":[{"@type":"ReadAction","target":["https:\/\/simonjersey.eu\/lv\/produkts\/ophelia-slim-fit-bikses-sievietem\/"]}]},{"@type":"ImageObject","inLanguage":"lv-LV","@id":"https:\/\/simonjersey.eu\/lv\/produkts\/ophelia-slim-fit-bikses-sievietem\/#primaryimage","url":"https:\/\/simonjersey.eu\/lv\/wp-content\/uploads\/sites\/2\/2024\/02\/Ophelia-Trouser-Navy-Eclipse-700-x-1063-1.jpg","contentUrl":"https:\/\/simonjersey.eu\/lv\/wp-content\/uploads\/sites\/2\/2024\/02\/Ophelia-Trouser-Navy-Eclipse-700-x-1063-1.jpg","width":700,"height":1063},{"@type":"BreadcrumbList","@id":"https:\/\/simonjersey.eu\/lv\/produkts\/ophelia-slim-fit-bikses-sievietem\/#breadcrumb","itemListElement":[{"@type":"ListItem","position":1,"name":"Home","item":"https:\/\/simonjersey.eu\/lv\/"},{"@type":"ListItem","position":2,"name":"E-veikals","item":"https:\/\/simonjersey.eu\/lv\/e-veikals\/"},{"@type":"ListItem","position":3,"name":"Ophelia slim fit bikses sieviet\u0113m"}]},{"@type":"WebSite","@id":"https:\/\/simonjersey.eu\/lv\/#website","url":"https:\/\/simonjersey.eu\/lv\/","name":"Simon Jersey Latvija","description":"Kvalitat\u012bvi un iztur\u012bgi darba ap\u0123\u0113rbi","potentialAction":[{"@type":"SearchAction","target":{"@type":"EntryPoint","urlTemplate":"https:\/\/simonjersey.eu\/lv\/?s={search_term_string}"},"query-input":{"@type":"PropertyValueSpecification","valueRequired":true,"valueName":"search_term_string"}}],"inLanguage":"lv-LV"}]}},"_links":{"self":[{"href":"https:\/\/simonjersey.eu\/lv\/wp-json\/wp\/v2\/product\/7474","targetHints":{"allow":["GET"]}}],"collection":[{"href":"https:\/\/simonjersey.eu\/lv\/wp-json\/wp\/v2\/product"}],"about":[{"href":"https:\/\/simonjersey.eu\/lv\/wp-json\/wp\/v2\/types\/product"}],"wp:featuredmedia":[{"embeddable":true,"href":"https:\/\/simonjersey.eu\/lv\/wp-json\/wp\/v2\/media\/7476"}],"wp:attachment":[{"href":"https:\/\/simonjersey.eu\/lv\/wp-json\/wp\/v2\/media?parent=7474"}],"wp:term":[{"taxonomy":"product_brand","embeddable":true,"href":"https:\/\/simonjersey.eu\/lv\/wp-json\/wp\/v2\/product_brand?post=7474"},{"taxonomy":"product_cat","embeddable":true,"href":"https:\/\/simonjersey.eu\/lv\/wp-json\/wp\/v2\/product_cat?post=7474"},{"taxonomy":"product_tag","embeddable":true,"href":"https:\/\/simonjersey.eu\/lv\/wp-json\/wp\/v2\/product_tag?post=7474"}],"curies":[{"name":"wp","href":"https:\/\/api.w.org\/{rel}","templated":true}]}}