{"id":7516,"date":"2024-02-28T15:50:05","date_gmt":"2024-02-28T12:50:05","guid":{"rendered":"https:\/\/simonjersey.eu\/lv\/?post_type=product&#038;p=7516"},"modified":"2026-02-28T12:09:41","modified_gmt":"2026-02-28T09:09:41","slug":"taisna-piegriezuma-svarki-juliet","status":"publish","type":"product","link":"https:\/\/simonjersey.eu\/lv\/produkts\/taisna-piegriezuma-svarki-juliet\/","title":{"rendered":"Taisna piegriezuma sv\u0101rki Juliet"},"content":{"rendered":"","protected":false},"excerpt":{"rendered":"<p>Uz\u0146\u0113mumiem, kuri v\u0113las saviem darbiniekiem pied\u0101v\u0101t stil\u012bgu izskatu. \u0160aj\u0101 produktu rakstaini audumi ar iztur\u012bgu teflona p\u0101rkl\u0101jumu.<\/p>\n<p>M\u016bsu Eclipse kolekcija nodro\u0161ina tendences, laik\u0101 un ar bud\u017eetu.<\/p>\n<p>\u0160\u012bs s\u0113rijas formas t\u0113rpi ir piem\u0113roti darbam bank\u0101s, tirdzniec\u012bbas \u0113k\u0101s, viesn\u012bc\u0101s un daudzos citos dienesta amatos.<\/p>\n<p>sv\u0101rki ar odere ar \u0161\u0137\u0113lumu aizmugur\u0113.<\/p>\n<p>Material: 64% Recycled Polyester, 34% Viscose, 2% Lycra (330gm)<\/p>\n<p>Stretch: 14% High Level<\/p>\n<p>Protection: High Level of Stain Resistance<\/p>\n<p>Durability: Martindale Test &gt; 100,000 rubs<\/p>\n<p>SIZES (UK) : 6-30 ( reg,long)<\/p>\n<p>Regular length: 56cm<\/p>\n<p>Long length: 63,5 cm<\/p>\n","protected":false},"featured_media":7519,"template":"","meta":[],"product_brand":[],"product_cat":[489,89,97,24,37,78,82,49,50,65,109],"product_tag":[],"class_list":{"0":"post-7516","1":"product","2":"type-product","3":"status-publish","4":"has-post-thumbnail","6":"product_cat-stiligs-eclipse-kolekcija","7":"product_cat-sievietem-lietiskais-apgerbs","8":"product_cat-svarki-sievietem-lietiskais-apgerbs","9":"product_cat-sievietem","10":"product_cat-svarki","11":"product_cat-recepcija","12":"product_cat-svarki-recepcija","13":"product_cat-kolekcijas","14":"product_cat-sievietem-viesmiliba","15":"product_cat-svarki-sievietem-viesmiliba","16":"product_cat-svarki-un-kleitas","18":"first","19":"instock","20":"taxable","21":"shipping-taxable","22":"purchasable","23":"product-type-variable","24":"has-default-attributes"},"yoast_head":"<!-- This site is optimized with the Yoast SEO plugin v27.2 - https:\/\/yoast.com\/product\/yoast-seo-wordpress\/ -->\n<title>Taisna piegriezuma sv\u0101rki Juliet - Simon Jersey Latvija<\/title>\n<meta name=\"robots\" content=\"index, follow, max-snippet:-1, max-image-preview:large, max-video-preview:-1\" \/>\n<link rel=\"canonical\" href=\"https:\/\/simonjersey.eu\/lv\/produkts\/taisna-piegriezuma-svarki-juliet\/\" \/>\n<meta property=\"og:locale\" content=\"lv_LV\" \/>\n<meta property=\"og:type\" content=\"article\" \/>\n<meta property=\"og:title\" content=\"Taisna piegriezuma sv\u0101rki Juliet - Simon Jersey Latvija\" \/>\n<meta property=\"og:description\" content=\"Uz\u0146\u0113mumiem, kuri v\u0113las saviem darbiniekiem pied\u0101v\u0101t stil\u012bgu izskatu. \u0160aj\u0101 produktu rakstaini audumi ar iztur\u012bgu teflona p\u0101rkl\u0101jumu.  M\u016bsu Eclipse kolekcija nodro\u0161ina tendences, laik\u0101 un ar bud\u017eetu.  \u0160\u012bs s\u0113rijas formas t\u0113rpi ir piem\u0113roti darbam bank\u0101s, tirdzniec\u012bbas \u0113k\u0101s, viesn\u012bc\u0101s un daudzos citos dienesta amatos.  sv\u0101rki ar odere ar \u0161\u0137\u0113lumu aizmugur\u0113.  Material: 64% Recycled Polyester, 34% Viscose, 2% Lycra (330gm)  Stretch: 14% High Level  Protection: High Level of Stain Resistance  Durability: Martindale Test &gt; 100,000 rubs  SIZES (UK) : 6-30 ( reg,long)  Regular length: 56cm  Long length: 63,5 cm\" \/>\n<meta property=\"og:url\" content=\"https:\/\/simonjersey.eu\/lv\/produkts\/taisna-piegriezuma-svarki-juliet\/\" \/>\n<meta property=\"og:site_name\" content=\"Simon Jersey Latvija\" \/>\n<meta property=\"article:modified_time\" content=\"2026-02-28T09:09:41+00:00\" \/>\n<meta property=\"og:image\" content=\"https:\/\/simonjersey.eu\/lv\/wp-content\/uploads\/sites\/2\/2024\/02\/Juliet-Skirt-Black-Eclipse-700-x-1006-1.jpg\" \/>\n\t<meta property=\"og:image:width\" content=\"700\" \/>\n\t<meta property=\"og:image:height\" content=\"1006\" \/>\n\t<meta property=\"og:image:type\" content=\"image\/jpeg\" \/>\n<meta name=\"twitter:card\" content=\"summary_large_image\" \/>\n<meta name=\"twitter:label1\" content=\"Est. reading time\" \/>\n\t<meta name=\"twitter:data1\" content=\"1 min\u016bte\" \/>\n<script type=\"application\/ld+json\" class=\"yoast-schema-graph\">{\"@context\":\"https:\/\/schema.org\",\"@graph\":[{\"@type\":\"WebPage\",\"@id\":\"https:\/\/simonjersey.eu\/lv\/produkts\/taisna-piegriezuma-svarki-juliet\/\",\"url\":\"https:\/\/simonjersey.eu\/lv\/produkts\/taisna-piegriezuma-svarki-juliet\/\",\"name\":\"Taisna piegriezuma sv\u0101rki Juliet - Simon Jersey Latvija\",\"isPartOf\":{\"@id\":\"https:\/\/simonjersey.eu\/lv\/#website\"},\"primaryImageOfPage\":{\"@id\":\"https:\/\/simonjersey.eu\/lv\/produkts\/taisna-piegriezuma-svarki-juliet\/#primaryimage\"},\"image\":{\"@id\":\"https:\/\/simonjersey.eu\/lv\/produkts\/taisna-piegriezuma-svarki-juliet\/#primaryimage\"},\"thumbnailUrl\":\"https:\/\/simonjersey.eu\/lv\/wp-content\/uploads\/sites\/2\/2024\/02\/Juliet-Skirt-Black-Eclipse-700-x-1006-1.jpg\",\"datePublished\":\"2024-02-28T12:50:05+00:00\",\"dateModified\":\"2026-02-28T09:09:41+00:00\",\"breadcrumb\":{\"@id\":\"https:\/\/simonjersey.eu\/lv\/produkts\/taisna-piegriezuma-svarki-juliet\/#breadcrumb\"},\"inLanguage\":\"lv-LV\",\"potentialAction\":[{\"@type\":\"ReadAction\",\"target\":[\"https:\/\/simonjersey.eu\/lv\/produkts\/taisna-piegriezuma-svarki-juliet\/\"]}]},{\"@type\":\"ImageObject\",\"inLanguage\":\"lv-LV\",\"@id\":\"https:\/\/simonjersey.eu\/lv\/produkts\/taisna-piegriezuma-svarki-juliet\/#primaryimage\",\"url\":\"https:\/\/simonjersey.eu\/lv\/wp-content\/uploads\/sites\/2\/2024\/02\/Juliet-Skirt-Black-Eclipse-700-x-1006-1.jpg\",\"contentUrl\":\"https:\/\/simonjersey.eu\/lv\/wp-content\/uploads\/sites\/2\/2024\/02\/Juliet-Skirt-Black-Eclipse-700-x-1006-1.jpg\",\"width\":700,\"height\":1006},{\"@type\":\"BreadcrumbList\",\"@id\":\"https:\/\/simonjersey.eu\/lv\/produkts\/taisna-piegriezuma-svarki-juliet\/#breadcrumb\",\"itemListElement\":[{\"@type\":\"ListItem\",\"position\":1,\"name\":\"Home\",\"item\":\"https:\/\/simonjersey.eu\/lv\/\"},{\"@type\":\"ListItem\",\"position\":2,\"name\":\"E-veikals\",\"item\":\"https:\/\/simonjersey.eu\/lv\/e-veikals\/\"},{\"@type\":\"ListItem\",\"position\":3,\"name\":\"Taisna piegriezuma sv\u0101rki Juliet\"}]},{\"@type\":\"WebSite\",\"@id\":\"https:\/\/simonjersey.eu\/lv\/#website\",\"url\":\"https:\/\/simonjersey.eu\/lv\/\",\"name\":\"Simon Jersey Latvija\",\"description\":\"Kvalitat\u012bvi un iztur\u012bgi darba ap\u0123\u0113rbi\",\"potentialAction\":[{\"@type\":\"SearchAction\",\"target\":{\"@type\":\"EntryPoint\",\"urlTemplate\":\"https:\/\/simonjersey.eu\/lv\/?s={search_term_string}\"},\"query-input\":{\"@type\":\"PropertyValueSpecification\",\"valueRequired\":true,\"valueName\":\"search_term_string\"}}],\"inLanguage\":\"lv-LV\"}]}<\/script>\n<!-- \/ Yoast SEO plugin. -->","yoast_head_json":{"title":"Taisna piegriezuma sv\u0101rki Juliet - Simon Jersey Latvija","robots":{"index":"index","follow":"follow","max-snippet":"max-snippet:-1","max-image-preview":"max-image-preview:large","max-video-preview":"max-video-preview:-1"},"canonical":"https:\/\/simonjersey.eu\/lv\/produkts\/taisna-piegriezuma-svarki-juliet\/","og_locale":"lv_LV","og_type":"article","og_title":"Taisna piegriezuma sv\u0101rki Juliet - Simon Jersey Latvija","og_description":"Uz\u0146\u0113mumiem, kuri v\u0113las saviem darbiniekiem pied\u0101v\u0101t stil\u012bgu izskatu. \u0160aj\u0101 produktu rakstaini audumi ar iztur\u012bgu teflona p\u0101rkl\u0101jumu.  M\u016bsu Eclipse kolekcija nodro\u0161ina tendences, laik\u0101 un ar bud\u017eetu.  \u0160\u012bs s\u0113rijas formas t\u0113rpi ir piem\u0113roti darbam bank\u0101s, tirdzniec\u012bbas \u0113k\u0101s, viesn\u012bc\u0101s un daudzos citos dienesta amatos.  sv\u0101rki ar odere ar \u0161\u0137\u0113lumu aizmugur\u0113.  Material: 64% Recycled Polyester, 34% Viscose, 2% Lycra (330gm)  Stretch: 14% High Level  Protection: High Level of Stain Resistance  Durability: Martindale Test &gt; 100,000 rubs  SIZES (UK) : 6-30 ( reg,long)  Regular length: 56cm  Long length: 63,5 cm","og_url":"https:\/\/simonjersey.eu\/lv\/produkts\/taisna-piegriezuma-svarki-juliet\/","og_site_name":"Simon Jersey Latvija","article_modified_time":"2026-02-28T09:09:41+00:00","og_image":[{"width":700,"height":1006,"url":"https:\/\/simonjersey.eu\/lv\/wp-content\/uploads\/sites\/2\/2024\/02\/Juliet-Skirt-Black-Eclipse-700-x-1006-1.jpg","type":"image\/jpeg"}],"twitter_card":"summary_large_image","twitter_misc":{"Est. reading time":"1 min\u016bte"},"schema":{"@context":"https:\/\/schema.org","@graph":[{"@type":"WebPage","@id":"https:\/\/simonjersey.eu\/lv\/produkts\/taisna-piegriezuma-svarki-juliet\/","url":"https:\/\/simonjersey.eu\/lv\/produkts\/taisna-piegriezuma-svarki-juliet\/","name":"Taisna piegriezuma sv\u0101rki Juliet - Simon Jersey Latvija","isPartOf":{"@id":"https:\/\/simonjersey.eu\/lv\/#website"},"primaryImageOfPage":{"@id":"https:\/\/simonjersey.eu\/lv\/produkts\/taisna-piegriezuma-svarki-juliet\/#primaryimage"},"image":{"@id":"https:\/\/simonjersey.eu\/lv\/produkts\/taisna-piegriezuma-svarki-juliet\/#primaryimage"},"thumbnailUrl":"https:\/\/simonjersey.eu\/lv\/wp-content\/uploads\/sites\/2\/2024\/02\/Juliet-Skirt-Black-Eclipse-700-x-1006-1.jpg","datePublished":"2024-02-28T12:50:05+00:00","dateModified":"2026-02-28T09:09:41+00:00","breadcrumb":{"@id":"https:\/\/simonjersey.eu\/lv\/produkts\/taisna-piegriezuma-svarki-juliet\/#breadcrumb"},"inLanguage":"lv-LV","potentialAction":[{"@type":"ReadAction","target":["https:\/\/simonjersey.eu\/lv\/produkts\/taisna-piegriezuma-svarki-juliet\/"]}]},{"@type":"ImageObject","inLanguage":"lv-LV","@id":"https:\/\/simonjersey.eu\/lv\/produkts\/taisna-piegriezuma-svarki-juliet\/#primaryimage","url":"https:\/\/simonjersey.eu\/lv\/wp-content\/uploads\/sites\/2\/2024\/02\/Juliet-Skirt-Black-Eclipse-700-x-1006-1.jpg","contentUrl":"https:\/\/simonjersey.eu\/lv\/wp-content\/uploads\/sites\/2\/2024\/02\/Juliet-Skirt-Black-Eclipse-700-x-1006-1.jpg","width":700,"height":1006},{"@type":"BreadcrumbList","@id":"https:\/\/simonjersey.eu\/lv\/produkts\/taisna-piegriezuma-svarki-juliet\/#breadcrumb","itemListElement":[{"@type":"ListItem","position":1,"name":"Home","item":"https:\/\/simonjersey.eu\/lv\/"},{"@type":"ListItem","position":2,"name":"E-veikals","item":"https:\/\/simonjersey.eu\/lv\/e-veikals\/"},{"@type":"ListItem","position":3,"name":"Taisna piegriezuma sv\u0101rki Juliet"}]},{"@type":"WebSite","@id":"https:\/\/simonjersey.eu\/lv\/#website","url":"https:\/\/simonjersey.eu\/lv\/","name":"Simon Jersey Latvija","description":"Kvalitat\u012bvi un iztur\u012bgi darba ap\u0123\u0113rbi","potentialAction":[{"@type":"SearchAction","target":{"@type":"EntryPoint","urlTemplate":"https:\/\/simonjersey.eu\/lv\/?s={search_term_string}"},"query-input":{"@type":"PropertyValueSpecification","valueRequired":true,"valueName":"search_term_string"}}],"inLanguage":"lv-LV"}]}},"_links":{"self":[{"href":"https:\/\/simonjersey.eu\/lv\/wp-json\/wp\/v2\/product\/7516","targetHints":{"allow":["GET"]}}],"collection":[{"href":"https:\/\/simonjersey.eu\/lv\/wp-json\/wp\/v2\/product"}],"about":[{"href":"https:\/\/simonjersey.eu\/lv\/wp-json\/wp\/v2\/types\/product"}],"wp:featuredmedia":[{"embeddable":true,"href":"https:\/\/simonjersey.eu\/lv\/wp-json\/wp\/v2\/media\/7519"}],"wp:attachment":[{"href":"https:\/\/simonjersey.eu\/lv\/wp-json\/wp\/v2\/media?parent=7516"}],"wp:term":[{"taxonomy":"product_brand","embeddable":true,"href":"https:\/\/simonjersey.eu\/lv\/wp-json\/wp\/v2\/product_brand?post=7516"},{"taxonomy":"product_cat","embeddable":true,"href":"https:\/\/simonjersey.eu\/lv\/wp-json\/wp\/v2\/product_cat?post=7516"},{"taxonomy":"product_tag","embeddable":true,"href":"https:\/\/simonjersey.eu\/lv\/wp-json\/wp\/v2\/product_tag?post=7516"}],"curies":[{"name":"wp","href":"https:\/\/api.w.org\/{rel}","templated":true}]}}