{"id":7563,"date":"2024-03-06T11:51:52","date_gmt":"2024-03-06T08:51:52","guid":{"rendered":"https:\/\/simonjersey.eu\/lv\/?post_type=product&#038;p=7563"},"modified":"2026-02-28T12:18:14","modified_gmt":"2026-02-28T09:18:14","slug":"sieviesu-veste-ar-atloka-apkakli","status":"publish","type":"product","link":"https:\/\/simonjersey.eu\/lv\/produkts\/sieviesu-veste-ar-atloka-apkakli\/","title":{"rendered":"Sievie\u0161u veste ar atloka apkakli"},"content":{"rendered":"","protected":false},"excerpt":{"rendered":"<p>Uz\u0146\u0113mumiem, kuri v\u0113las saviem darbiniekiem pied\u0101v\u0101t stil\u012bgu izskatu. \u0160aj\u0101 produktu rakstaini audumi ar iztur\u012bgu teflona p\u0101rkl\u0101jumu.<\/p>\n<p>M\u016bsu Eclipse kolekcija nodro\u0161ina tendences, laik\u0101 un ar bud\u017eetu.<\/p>\n<p>\u0160\u012bs s\u0113rijas formas t\u0113rpi ir piem\u0113roti darbam bank\u0101s, tirdzniec\u012bbas \u0113k\u0101s, viesn\u012bc\u0101s un daudzos citos dienesta amatos.<\/p>\n<p>Vestei ir oderes materi\u0101ls aizmugur\u0113, regul\u0113jama spr\u0101dze, priek\u0161pus\u0113 kabatas.<\/p>\n<p>Veste ir labs jakas aizst\u0101j\u0113js.<\/p>\n<p>Material: 64% Recycled Polyester, 34% Viscose, 2% Lycra (330gm)<\/p>\n<p>Stretch: 14% High Level<\/p>\n<p>Protection: High Level of Stain Resistance<\/p>\n<p>Durability: Martindale Test &gt; 100,000 rubs<\/p>\n<p>SIZES (UK) : 6-24<\/p>\n<p>Length of size 12 is 51cm<\/p>\n","protected":false},"featured_media":7566,"template":"","meta":[],"product_brand":[],"product_cat":[489,89,99,22,24,39,78,84,49,50,67,111],"product_tag":[],"class_list":{"0":"post-7563","1":"product","2":"type-product","3":"status-publish","4":"has-post-thumbnail","6":"product_cat-stiligs-eclipse-kolekcija","7":"product_cat-sievietem-lietiskais-apgerbs","8":"product_cat-vestes-un-trikotaza-sievietem-lietiskais-apgerbs","9":"product_cat-restorani","10":"product_cat-sievietem","11":"product_cat-vestes-un-trikotaza","12":"product_cat-recepcija","13":"product_cat-vestes-un-trikotaza-recepcija","14":"product_cat-kolekcijas","15":"product_cat-sievietem-viesmiliba","16":"product_cat-vestes-un-trikotaza-sievietem-viesmiliba","17":"product_cat-vestes-un-trikotaza-2","19":"first","20":"instock","21":"taxable","22":"shipping-taxable","23":"purchasable","24":"product-type-variable","25":"has-default-attributes"},"yoast_head":"<!-- This site is optimized with the Yoast SEO plugin v27.2 - https:\/\/yoast.com\/product\/yoast-seo-wordpress\/ -->\n<title>Sievie\u0161u veste ar atloka apkakli - Simon Jersey Latvija<\/title>\n<meta name=\"robots\" content=\"index, follow, max-snippet:-1, max-image-preview:large, max-video-preview:-1\" \/>\n<link rel=\"canonical\" href=\"https:\/\/simonjersey.eu\/lv\/produkts\/sieviesu-veste-ar-atloka-apkakli\/\" \/>\n<meta property=\"og:locale\" content=\"lv_LV\" \/>\n<meta property=\"og:type\" content=\"article\" \/>\n<meta property=\"og:title\" content=\"Sievie\u0161u veste ar atloka apkakli - Simon Jersey Latvija\" \/>\n<meta property=\"og:description\" content=\"Uz\u0146\u0113mumiem, kuri v\u0113las saviem darbiniekiem pied\u0101v\u0101t stil\u012bgu izskatu. \u0160aj\u0101 produktu rakstaini audumi ar iztur\u012bgu teflona p\u0101rkl\u0101jumu.  M\u016bsu Eclipse kolekcija nodro\u0161ina tendences, laik\u0101 un ar bud\u017eetu.  \u0160\u012bs s\u0113rijas formas t\u0113rpi ir piem\u0113roti darbam bank\u0101s, tirdzniec\u012bbas \u0113k\u0101s, viesn\u012bc\u0101s un daudzos citos dienesta amatos.  Vestei ir oderes materi\u0101ls aizmugur\u0113, regul\u0113jama spr\u0101dze, priek\u0161pus\u0113 kabatas.  Veste ir labs jakas aizst\u0101j\u0113js.  Material: 64% Recycled Polyester, 34% Viscose, 2% Lycra (330gm)  Stretch: 14% High Level  Protection: High Level of Stain Resistance  Durability: Martindale Test &gt; 100,000 rubs  SIZES (UK) : 6-24  Length of size 12 is 51cm\" \/>\n<meta property=\"og:url\" content=\"https:\/\/simonjersey.eu\/lv\/produkts\/sieviesu-veste-ar-atloka-apkakli\/\" \/>\n<meta property=\"og:site_name\" content=\"Simon Jersey Latvija\" \/>\n<meta property=\"article:modified_time\" content=\"2026-02-28T09:18:14+00:00\" \/>\n<meta property=\"og:image\" content=\"https:\/\/simonjersey.eu\/lv\/wp-content\/uploads\/sites\/2\/2024\/03\/Larissa-Waistcoat-kraega-vest.jpg\" \/>\n\t<meta property=\"og:image:width\" content=\"700\" \/>\n\t<meta property=\"og:image:height\" content=\"1137\" \/>\n\t<meta property=\"og:image:type\" content=\"image\/jpeg\" \/>\n<meta name=\"twitter:card\" content=\"summary_large_image\" \/>\n<meta name=\"twitter:label1\" content=\"Est. reading time\" \/>\n\t<meta name=\"twitter:data1\" content=\"1 min\u016bte\" \/>\n<script type=\"application\/ld+json\" class=\"yoast-schema-graph\">{\"@context\":\"https:\/\/schema.org\",\"@graph\":[{\"@type\":\"WebPage\",\"@id\":\"https:\/\/simonjersey.eu\/lv\/produkts\/sieviesu-veste-ar-atloka-apkakli\/\",\"url\":\"https:\/\/simonjersey.eu\/lv\/produkts\/sieviesu-veste-ar-atloka-apkakli\/\",\"name\":\"Sievie\u0161u veste ar atloka apkakli - Simon Jersey Latvija\",\"isPartOf\":{\"@id\":\"https:\/\/simonjersey.eu\/lv\/#website\"},\"primaryImageOfPage\":{\"@id\":\"https:\/\/simonjersey.eu\/lv\/produkts\/sieviesu-veste-ar-atloka-apkakli\/#primaryimage\"},\"image\":{\"@id\":\"https:\/\/simonjersey.eu\/lv\/produkts\/sieviesu-veste-ar-atloka-apkakli\/#primaryimage\"},\"thumbnailUrl\":\"https:\/\/simonjersey.eu\/lv\/wp-content\/uploads\/sites\/2\/2024\/03\/Larissa-Waistcoat-kraega-vest.jpg\",\"datePublished\":\"2024-03-06T08:51:52+00:00\",\"dateModified\":\"2026-02-28T09:18:14+00:00\",\"breadcrumb\":{\"@id\":\"https:\/\/simonjersey.eu\/lv\/produkts\/sieviesu-veste-ar-atloka-apkakli\/#breadcrumb\"},\"inLanguage\":\"lv-LV\",\"potentialAction\":[{\"@type\":\"ReadAction\",\"target\":[\"https:\/\/simonjersey.eu\/lv\/produkts\/sieviesu-veste-ar-atloka-apkakli\/\"]}]},{\"@type\":\"ImageObject\",\"inLanguage\":\"lv-LV\",\"@id\":\"https:\/\/simonjersey.eu\/lv\/produkts\/sieviesu-veste-ar-atloka-apkakli\/#primaryimage\",\"url\":\"https:\/\/simonjersey.eu\/lv\/wp-content\/uploads\/sites\/2\/2024\/03\/Larissa-Waistcoat-kraega-vest.jpg\",\"contentUrl\":\"https:\/\/simonjersey.eu\/lv\/wp-content\/uploads\/sites\/2\/2024\/03\/Larissa-Waistcoat-kraega-vest.jpg\",\"width\":700,\"height\":1137},{\"@type\":\"BreadcrumbList\",\"@id\":\"https:\/\/simonjersey.eu\/lv\/produkts\/sieviesu-veste-ar-atloka-apkakli\/#breadcrumb\",\"itemListElement\":[{\"@type\":\"ListItem\",\"position\":1,\"name\":\"Home\",\"item\":\"https:\/\/simonjersey.eu\/lv\/\"},{\"@type\":\"ListItem\",\"position\":2,\"name\":\"E-veikals\",\"item\":\"https:\/\/simonjersey.eu\/lv\/e-veikals\/\"},{\"@type\":\"ListItem\",\"position\":3,\"name\":\"Sievie\u0161u veste ar atloka apkakli\"}]},{\"@type\":\"WebSite\",\"@id\":\"https:\/\/simonjersey.eu\/lv\/#website\",\"url\":\"https:\/\/simonjersey.eu\/lv\/\",\"name\":\"Simon Jersey Latvija\",\"description\":\"Kvalitat\u012bvi un iztur\u012bgi darba ap\u0123\u0113rbi\",\"potentialAction\":[{\"@type\":\"SearchAction\",\"target\":{\"@type\":\"EntryPoint\",\"urlTemplate\":\"https:\/\/simonjersey.eu\/lv\/?s={search_term_string}\"},\"query-input\":{\"@type\":\"PropertyValueSpecification\",\"valueRequired\":true,\"valueName\":\"search_term_string\"}}],\"inLanguage\":\"lv-LV\"}]}<\/script>\n<!-- \/ Yoast SEO plugin. -->","yoast_head_json":{"title":"Sievie\u0161u veste ar atloka apkakli - Simon Jersey Latvija","robots":{"index":"index","follow":"follow","max-snippet":"max-snippet:-1","max-image-preview":"max-image-preview:large","max-video-preview":"max-video-preview:-1"},"canonical":"https:\/\/simonjersey.eu\/lv\/produkts\/sieviesu-veste-ar-atloka-apkakli\/","og_locale":"lv_LV","og_type":"article","og_title":"Sievie\u0161u veste ar atloka apkakli - Simon Jersey Latvija","og_description":"Uz\u0146\u0113mumiem, kuri v\u0113las saviem darbiniekiem pied\u0101v\u0101t stil\u012bgu izskatu. \u0160aj\u0101 produktu rakstaini audumi ar iztur\u012bgu teflona p\u0101rkl\u0101jumu.  M\u016bsu Eclipse kolekcija nodro\u0161ina tendences, laik\u0101 un ar bud\u017eetu.  \u0160\u012bs s\u0113rijas formas t\u0113rpi ir piem\u0113roti darbam bank\u0101s, tirdzniec\u012bbas \u0113k\u0101s, viesn\u012bc\u0101s un daudzos citos dienesta amatos.  Vestei ir oderes materi\u0101ls aizmugur\u0113, regul\u0113jama spr\u0101dze, priek\u0161pus\u0113 kabatas.  Veste ir labs jakas aizst\u0101j\u0113js.  Material: 64% Recycled Polyester, 34% Viscose, 2% Lycra (330gm)  Stretch: 14% High Level  Protection: High Level of Stain Resistance  Durability: Martindale Test &gt; 100,000 rubs  SIZES (UK) : 6-24  Length of size 12 is 51cm","og_url":"https:\/\/simonjersey.eu\/lv\/produkts\/sieviesu-veste-ar-atloka-apkakli\/","og_site_name":"Simon Jersey Latvija","article_modified_time":"2026-02-28T09:18:14+00:00","og_image":[{"width":700,"height":1137,"url":"https:\/\/simonjersey.eu\/lv\/wp-content\/uploads\/sites\/2\/2024\/03\/Larissa-Waistcoat-kraega-vest.jpg","type":"image\/jpeg"}],"twitter_card":"summary_large_image","twitter_misc":{"Est. reading time":"1 min\u016bte"},"schema":{"@context":"https:\/\/schema.org","@graph":[{"@type":"WebPage","@id":"https:\/\/simonjersey.eu\/lv\/produkts\/sieviesu-veste-ar-atloka-apkakli\/","url":"https:\/\/simonjersey.eu\/lv\/produkts\/sieviesu-veste-ar-atloka-apkakli\/","name":"Sievie\u0161u veste ar atloka apkakli - Simon Jersey Latvija","isPartOf":{"@id":"https:\/\/simonjersey.eu\/lv\/#website"},"primaryImageOfPage":{"@id":"https:\/\/simonjersey.eu\/lv\/produkts\/sieviesu-veste-ar-atloka-apkakli\/#primaryimage"},"image":{"@id":"https:\/\/simonjersey.eu\/lv\/produkts\/sieviesu-veste-ar-atloka-apkakli\/#primaryimage"},"thumbnailUrl":"https:\/\/simonjersey.eu\/lv\/wp-content\/uploads\/sites\/2\/2024\/03\/Larissa-Waistcoat-kraega-vest.jpg","datePublished":"2024-03-06T08:51:52+00:00","dateModified":"2026-02-28T09:18:14+00:00","breadcrumb":{"@id":"https:\/\/simonjersey.eu\/lv\/produkts\/sieviesu-veste-ar-atloka-apkakli\/#breadcrumb"},"inLanguage":"lv-LV","potentialAction":[{"@type":"ReadAction","target":["https:\/\/simonjersey.eu\/lv\/produkts\/sieviesu-veste-ar-atloka-apkakli\/"]}]},{"@type":"ImageObject","inLanguage":"lv-LV","@id":"https:\/\/simonjersey.eu\/lv\/produkts\/sieviesu-veste-ar-atloka-apkakli\/#primaryimage","url":"https:\/\/simonjersey.eu\/lv\/wp-content\/uploads\/sites\/2\/2024\/03\/Larissa-Waistcoat-kraega-vest.jpg","contentUrl":"https:\/\/simonjersey.eu\/lv\/wp-content\/uploads\/sites\/2\/2024\/03\/Larissa-Waistcoat-kraega-vest.jpg","width":700,"height":1137},{"@type":"BreadcrumbList","@id":"https:\/\/simonjersey.eu\/lv\/produkts\/sieviesu-veste-ar-atloka-apkakli\/#breadcrumb","itemListElement":[{"@type":"ListItem","position":1,"name":"Home","item":"https:\/\/simonjersey.eu\/lv\/"},{"@type":"ListItem","position":2,"name":"E-veikals","item":"https:\/\/simonjersey.eu\/lv\/e-veikals\/"},{"@type":"ListItem","position":3,"name":"Sievie\u0161u veste ar atloka apkakli"}]},{"@type":"WebSite","@id":"https:\/\/simonjersey.eu\/lv\/#website","url":"https:\/\/simonjersey.eu\/lv\/","name":"Simon Jersey Latvija","description":"Kvalitat\u012bvi un iztur\u012bgi darba ap\u0123\u0113rbi","potentialAction":[{"@type":"SearchAction","target":{"@type":"EntryPoint","urlTemplate":"https:\/\/simonjersey.eu\/lv\/?s={search_term_string}"},"query-input":{"@type":"PropertyValueSpecification","valueRequired":true,"valueName":"search_term_string"}}],"inLanguage":"lv-LV"}]}},"_links":{"self":[{"href":"https:\/\/simonjersey.eu\/lv\/wp-json\/wp\/v2\/product\/7563","targetHints":{"allow":["GET"]}}],"collection":[{"href":"https:\/\/simonjersey.eu\/lv\/wp-json\/wp\/v2\/product"}],"about":[{"href":"https:\/\/simonjersey.eu\/lv\/wp-json\/wp\/v2\/types\/product"}],"wp:featuredmedia":[{"embeddable":true,"href":"https:\/\/simonjersey.eu\/lv\/wp-json\/wp\/v2\/media\/7566"}],"wp:attachment":[{"href":"https:\/\/simonjersey.eu\/lv\/wp-json\/wp\/v2\/media?parent=7563"}],"wp:term":[{"taxonomy":"product_brand","embeddable":true,"href":"https:\/\/simonjersey.eu\/lv\/wp-json\/wp\/v2\/product_brand?post=7563"},{"taxonomy":"product_cat","embeddable":true,"href":"https:\/\/simonjersey.eu\/lv\/wp-json\/wp\/v2\/product_cat?post=7563"},{"taxonomy":"product_tag","embeddable":true,"href":"https:\/\/simonjersey.eu\/lv\/wp-json\/wp\/v2\/product_tag?post=7563"}],"curies":[{"name":"wp","href":"https:\/\/api.w.org\/{rel}","templated":true}]}}