{"id":7590,"date":"2024-03-08T13:41:09","date_gmt":"2024-03-08T10:41:09","guid":{"rendered":"https:\/\/simonjersey.eu\/lv\/?post_type=product&#038;p=7590"},"modified":"2024-12-03T10:50:20","modified_gmt":"2024-12-03T07:50:20","slug":"oxford-prieksauts","status":"publish","type":"product","link":"https:\/\/simonjersey.eu\/lv\/produkts\/oxford-prieksauts\/","title":{"rendered":"Oxford priek\u0161auts"},"content":{"rendered":"","protected":false},"excerpt":{"rendered":"<p>Priek\u0161auts ar aug\u0161pusi no Oksfordas auduma, paste\u013cto\u0146i.<\/p>\n<p>M\u0101ksl\u012bg\u0101s \u0101das regul\u0113jama kakla siksna ar kniedes deta\u013c\u0101m un s\u0101nu spr\u0101dzes ar kniedes deta\u013c\u0101m siksnu stiprin\u0101juma viet\u0101s. Centr\u0101l\u0101 kabata apvienota ar pildspalvas kabatu.<\/p>\n<p>Auduma sast\u0101vs: 100% Cotton Yarn Dye Oxford Weave<\/p>\n<ul>\n<li>Svars: 220gsm<\/li>\n<li>Viens izm\u0113rs: 72 cm platums \/ 86 cm garums<\/li>\n<li>Tehnolo\u0123ija:<\/li>\n<li>Mazg\u0101\u0161anas instrukcija: Var mazg\u0101t ve\u013casma\u0161\u012bn\u0101 60\u00b0<\/li>\n<li>Ap\u0123\u0113rba kop\u0161ana: nav balin\u0101\u0161anas. \u017d\u0101v\u0113jiet ve\u013cas ma\u0161\u012bn\u0101 uz zemas uguns.<\/li>\n<li>Personaliz\u0113\u0161ana: lieliski piem\u0113rota iz\u0161\u016b\u0161anai, sietspiedei un druk\u0101\u0161anai.<\/li>\n<\/ul>\n<p>&nbsp;<\/p>\n<p>&nbsp;<\/p>\n","protected":false},"featured_media":7599,"template":"","meta":[],"product_brand":[],"product_cat":[46,28,55,113],"product_tag":[],"class_list":{"0":"post-7590","1":"product","2":"type-product","3":"status-publish","4":"has-post-thumbnail","6":"product_cat-pavaru-prieksauti","7":"product_cat-prieksauti","8":"product_cat-prieksauti-viesmiliba","9":"product_cat-prieksauti-2","11":"first","12":"instock","13":"taxable","14":"shipping-taxable","15":"purchasable","16":"product-type-variable"},"yoast_head":"<!-- This site is optimized with the Yoast SEO plugin v27.2 - https:\/\/yoast.com\/product\/yoast-seo-wordpress\/ -->\n<title>Oxford priek\u0161auts - Simon Jersey Latvija<\/title>\n<meta name=\"robots\" content=\"index, follow, max-snippet:-1, max-image-preview:large, max-video-preview:-1\" \/>\n<link rel=\"canonical\" href=\"https:\/\/simonjersey.eu\/lv\/produkts\/oxford-prieksauts\/\" \/>\n<meta property=\"og:locale\" content=\"lv_LV\" \/>\n<meta property=\"og:type\" content=\"article\" \/>\n<meta property=\"og:title\" content=\"Oxford priek\u0161auts - Simon Jersey Latvija\" \/>\n<meta property=\"og:description\" content=\"Priek\u0161auts ar aug\u0161pusi no Oksfordas auduma, paste\u013cto\u0146i.  M\u0101ksl\u012bg\u0101s \u0101das regul\u0113jama kakla siksna ar kniedes deta\u013c\u0101m un s\u0101nu spr\u0101dzes ar kniedes deta\u013c\u0101m siksnu stiprin\u0101juma viet\u0101s. Centr\u0101l\u0101 kabata apvienota ar pildspalvas kabatu.  Auduma sast\u0101vs: 100% Cotton Yarn Dye Oxford Weave   Svars: 220gsm  Viens izm\u0113rs: 72 cm platums \/ 86 cm garums  Tehnolo\u0123ija:  Mazg\u0101\u0161anas instrukcija: Var mazg\u0101t ve\u013casma\u0161\u012bn\u0101 60\u00b0  Ap\u0123\u0113rba kop\u0161ana: nav balin\u0101\u0161anas. \u017d\u0101v\u0113jiet ve\u013cas ma\u0161\u012bn\u0101 uz zemas uguns.  Personaliz\u0113\u0161ana: lieliski piem\u0113rota iz\u0161\u016b\u0161anai, sietspiedei un druk\u0101\u0161anai.  &nbsp;  &nbsp;\" \/>\n<meta property=\"og:url\" content=\"https:\/\/simonjersey.eu\/lv\/produkts\/oxford-prieksauts\/\" \/>\n<meta property=\"og:site_name\" content=\"Simon Jersey Latvija\" \/>\n<meta property=\"article:modified_time\" content=\"2024-12-03T07:50:20+00:00\" \/>\n<meta property=\"og:image\" content=\"https:\/\/simonjersey.eu\/lv\/wp-content\/uploads\/sites\/2\/2024\/03\/annex-oxford-bib-apron-with-black5.jpg\" \/>\n\t<meta property=\"og:image:width\" content=\"1000\" \/>\n\t<meta property=\"og:image:height\" content=\"1500\" \/>\n\t<meta property=\"og:image:type\" content=\"image\/jpeg\" \/>\n<meta name=\"twitter:card\" content=\"summary_large_image\" \/>\n<meta name=\"twitter:label1\" content=\"Est. reading time\" \/>\n\t<meta name=\"twitter:data1\" content=\"1 min\u016bte\" \/>\n<script type=\"application\/ld+json\" class=\"yoast-schema-graph\">{\"@context\":\"https:\/\/schema.org\",\"@graph\":[{\"@type\":\"WebPage\",\"@id\":\"https:\/\/simonjersey.eu\/lv\/produkts\/oxford-prieksauts\/\",\"url\":\"https:\/\/simonjersey.eu\/lv\/produkts\/oxford-prieksauts\/\",\"name\":\"Oxford priek\u0161auts - Simon Jersey Latvija\",\"isPartOf\":{\"@id\":\"https:\/\/simonjersey.eu\/lv\/#website\"},\"primaryImageOfPage\":{\"@id\":\"https:\/\/simonjersey.eu\/lv\/produkts\/oxford-prieksauts\/#primaryimage\"},\"image\":{\"@id\":\"https:\/\/simonjersey.eu\/lv\/produkts\/oxford-prieksauts\/#primaryimage\"},\"thumbnailUrl\":\"https:\/\/simonjersey.eu\/lv\/wp-content\/uploads\/sites\/2\/2024\/03\/annex-oxford-bib-apron-with-black5.jpg\",\"datePublished\":\"2024-03-08T10:41:09+00:00\",\"dateModified\":\"2024-12-03T07:50:20+00:00\",\"breadcrumb\":{\"@id\":\"https:\/\/simonjersey.eu\/lv\/produkts\/oxford-prieksauts\/#breadcrumb\"},\"inLanguage\":\"lv-LV\",\"potentialAction\":[{\"@type\":\"ReadAction\",\"target\":[\"https:\/\/simonjersey.eu\/lv\/produkts\/oxford-prieksauts\/\"]}]},{\"@type\":\"ImageObject\",\"inLanguage\":\"lv-LV\",\"@id\":\"https:\/\/simonjersey.eu\/lv\/produkts\/oxford-prieksauts\/#primaryimage\",\"url\":\"https:\/\/simonjersey.eu\/lv\/wp-content\/uploads\/sites\/2\/2024\/03\/annex-oxford-bib-apron-with-black5.jpg\",\"contentUrl\":\"https:\/\/simonjersey.eu\/lv\/wp-content\/uploads\/sites\/2\/2024\/03\/annex-oxford-bib-apron-with-black5.jpg\",\"width\":1000,\"height\":1500},{\"@type\":\"BreadcrumbList\",\"@id\":\"https:\/\/simonjersey.eu\/lv\/produkts\/oxford-prieksauts\/#breadcrumb\",\"itemListElement\":[{\"@type\":\"ListItem\",\"position\":1,\"name\":\"Home\",\"item\":\"https:\/\/simonjersey.eu\/lv\/\"},{\"@type\":\"ListItem\",\"position\":2,\"name\":\"E-veikals\",\"item\":\"https:\/\/simonjersey.eu\/lv\/e-veikals\/\"},{\"@type\":\"ListItem\",\"position\":3,\"name\":\"Oxford priek\u0161auts\"}]},{\"@type\":\"WebSite\",\"@id\":\"https:\/\/simonjersey.eu\/lv\/#website\",\"url\":\"https:\/\/simonjersey.eu\/lv\/\",\"name\":\"Simon Jersey Latvija\",\"description\":\"Kvalitat\u012bvi un iztur\u012bgi darba ap\u0123\u0113rbi\",\"potentialAction\":[{\"@type\":\"SearchAction\",\"target\":{\"@type\":\"EntryPoint\",\"urlTemplate\":\"https:\/\/simonjersey.eu\/lv\/?s={search_term_string}\"},\"query-input\":{\"@type\":\"PropertyValueSpecification\",\"valueRequired\":true,\"valueName\":\"search_term_string\"}}],\"inLanguage\":\"lv-LV\"}]}<\/script>\n<!-- \/ Yoast SEO plugin. -->","yoast_head_json":{"title":"Oxford priek\u0161auts - Simon Jersey Latvija","robots":{"index":"index","follow":"follow","max-snippet":"max-snippet:-1","max-image-preview":"max-image-preview:large","max-video-preview":"max-video-preview:-1"},"canonical":"https:\/\/simonjersey.eu\/lv\/produkts\/oxford-prieksauts\/","og_locale":"lv_LV","og_type":"article","og_title":"Oxford priek\u0161auts - Simon Jersey Latvija","og_description":"Priek\u0161auts ar aug\u0161pusi no Oksfordas auduma, paste\u013cto\u0146i.  M\u0101ksl\u012bg\u0101s \u0101das regul\u0113jama kakla siksna ar kniedes deta\u013c\u0101m un s\u0101nu spr\u0101dzes ar kniedes deta\u013c\u0101m siksnu stiprin\u0101juma viet\u0101s. Centr\u0101l\u0101 kabata apvienota ar pildspalvas kabatu.  Auduma sast\u0101vs: 100% Cotton Yarn Dye Oxford Weave   Svars: 220gsm  Viens izm\u0113rs: 72 cm platums \/ 86 cm garums  Tehnolo\u0123ija:  Mazg\u0101\u0161anas instrukcija: Var mazg\u0101t ve\u013casma\u0161\u012bn\u0101 60\u00b0  Ap\u0123\u0113rba kop\u0161ana: nav balin\u0101\u0161anas. \u017d\u0101v\u0113jiet ve\u013cas ma\u0161\u012bn\u0101 uz zemas uguns.  Personaliz\u0113\u0161ana: lieliski piem\u0113rota iz\u0161\u016b\u0161anai, sietspiedei un druk\u0101\u0161anai.  &nbsp;  &nbsp;","og_url":"https:\/\/simonjersey.eu\/lv\/produkts\/oxford-prieksauts\/","og_site_name":"Simon Jersey Latvija","article_modified_time":"2024-12-03T07:50:20+00:00","og_image":[{"width":1000,"height":1500,"url":"https:\/\/simonjersey.eu\/lv\/wp-content\/uploads\/sites\/2\/2024\/03\/annex-oxford-bib-apron-with-black5.jpg","type":"image\/jpeg"}],"twitter_card":"summary_large_image","twitter_misc":{"Est. reading time":"1 min\u016bte"},"schema":{"@context":"https:\/\/schema.org","@graph":[{"@type":"WebPage","@id":"https:\/\/simonjersey.eu\/lv\/produkts\/oxford-prieksauts\/","url":"https:\/\/simonjersey.eu\/lv\/produkts\/oxford-prieksauts\/","name":"Oxford priek\u0161auts - Simon Jersey Latvija","isPartOf":{"@id":"https:\/\/simonjersey.eu\/lv\/#website"},"primaryImageOfPage":{"@id":"https:\/\/simonjersey.eu\/lv\/produkts\/oxford-prieksauts\/#primaryimage"},"image":{"@id":"https:\/\/simonjersey.eu\/lv\/produkts\/oxford-prieksauts\/#primaryimage"},"thumbnailUrl":"https:\/\/simonjersey.eu\/lv\/wp-content\/uploads\/sites\/2\/2024\/03\/annex-oxford-bib-apron-with-black5.jpg","datePublished":"2024-03-08T10:41:09+00:00","dateModified":"2024-12-03T07:50:20+00:00","breadcrumb":{"@id":"https:\/\/simonjersey.eu\/lv\/produkts\/oxford-prieksauts\/#breadcrumb"},"inLanguage":"lv-LV","potentialAction":[{"@type":"ReadAction","target":["https:\/\/simonjersey.eu\/lv\/produkts\/oxford-prieksauts\/"]}]},{"@type":"ImageObject","inLanguage":"lv-LV","@id":"https:\/\/simonjersey.eu\/lv\/produkts\/oxford-prieksauts\/#primaryimage","url":"https:\/\/simonjersey.eu\/lv\/wp-content\/uploads\/sites\/2\/2024\/03\/annex-oxford-bib-apron-with-black5.jpg","contentUrl":"https:\/\/simonjersey.eu\/lv\/wp-content\/uploads\/sites\/2\/2024\/03\/annex-oxford-bib-apron-with-black5.jpg","width":1000,"height":1500},{"@type":"BreadcrumbList","@id":"https:\/\/simonjersey.eu\/lv\/produkts\/oxford-prieksauts\/#breadcrumb","itemListElement":[{"@type":"ListItem","position":1,"name":"Home","item":"https:\/\/simonjersey.eu\/lv\/"},{"@type":"ListItem","position":2,"name":"E-veikals","item":"https:\/\/simonjersey.eu\/lv\/e-veikals\/"},{"@type":"ListItem","position":3,"name":"Oxford priek\u0161auts"}]},{"@type":"WebSite","@id":"https:\/\/simonjersey.eu\/lv\/#website","url":"https:\/\/simonjersey.eu\/lv\/","name":"Simon Jersey Latvija","description":"Kvalitat\u012bvi un iztur\u012bgi darba ap\u0123\u0113rbi","potentialAction":[{"@type":"SearchAction","target":{"@type":"EntryPoint","urlTemplate":"https:\/\/simonjersey.eu\/lv\/?s={search_term_string}"},"query-input":{"@type":"PropertyValueSpecification","valueRequired":true,"valueName":"search_term_string"}}],"inLanguage":"lv-LV"}]}},"_links":{"self":[{"href":"https:\/\/simonjersey.eu\/lv\/wp-json\/wp\/v2\/product\/7590","targetHints":{"allow":["GET"]}}],"collection":[{"href":"https:\/\/simonjersey.eu\/lv\/wp-json\/wp\/v2\/product"}],"about":[{"href":"https:\/\/simonjersey.eu\/lv\/wp-json\/wp\/v2\/types\/product"}],"wp:featuredmedia":[{"embeddable":true,"href":"https:\/\/simonjersey.eu\/lv\/wp-json\/wp\/v2\/media\/7599"}],"wp:attachment":[{"href":"https:\/\/simonjersey.eu\/lv\/wp-json\/wp\/v2\/media?parent=7590"}],"wp:term":[{"taxonomy":"product_brand","embeddable":true,"href":"https:\/\/simonjersey.eu\/lv\/wp-json\/wp\/v2\/product_brand?post=7590"},{"taxonomy":"product_cat","embeddable":true,"href":"https:\/\/simonjersey.eu\/lv\/wp-json\/wp\/v2\/product_cat?post=7590"},{"taxonomy":"product_tag","embeddable":true,"href":"https:\/\/simonjersey.eu\/lv\/wp-json\/wp\/v2\/product_tag?post=7590"}],"curies":[{"name":"wp","href":"https:\/\/api.w.org\/{rel}","templated":true}]}}