{"id":7856,"date":"2024-06-13T13:55:42","date_gmt":"2024-06-13T10:55:42","guid":{"rendered":"https:\/\/simonjersey.eu\/lv\/?post_type=product&#038;p=7856"},"modified":"2024-06-13T14:06:03","modified_gmt":"2024-06-13T11:06:03","slug":"viriesu-pilotu-kreklsar-epaletem","status":"publish","type":"product","link":"https:\/\/simonjersey.eu\/lv\/produkts\/viriesu-pilotu-kreklsar-epaletem\/","title":{"rendered":"V\u012brie\u0161u pilotu krekls(ar epalet\u0113m)"},"content":{"rendered":"","protected":false},"excerpt":{"rendered":"<p>Praktisks un stil\u012bgs pilotu krekls v\u012brie\u0161iem! Piem\u0113rots valk\u0101\u0161anai da\u017e\u0101dos ofici\u0101los pien\u0101kumos avi\u0101cij\u0101, policij\u0101, ost\u0101 u.c.<\/p>\n<p>2 pogu aproce, dubult\u0101 atloka kr\u016b\u0161u kabata, pildspalvu tur\u0113t\u0101js, epauleti.<\/p>\n<p>Materi\u0101ls: 65% poliesters, 35% kokvilna..<br \/>\nKop\u0161ana: Kop\u0161ana: Mazg\u0101t 40\u00b0 ve\u013cas ma\u0161\u012bn\u0101 ve\u013cas ma\u0161\u012bn\u0101, viegla kop\u0161ana, minim\u0101la gludin\u0101\u0161ana.<br \/>\nIzm\u0113ri (UK): 14,5- 18,5<\/p>\n<p>&nbsp;<\/p>\n","protected":false},"featured_media":7860,"template":"","meta":[],"product_brand":[],"product_cat":[100,40,68,106],"product_tag":[],"class_list":{"0":"post-7856","1":"product","2":"type-product","3":"status-publish","4":"has-post-thumbnail","6":"product_cat-krekli-viriesiem-lietiskais-apgerbs","7":"product_cat-krekli","8":"product_cat-krekli-viriesiem-viesmiliba","9":"product_cat-viriesu-krekli","11":"first","12":"instock","13":"taxable","14":"shipping-taxable","15":"purchasable","16":"product-type-variable","17":"has-default-attributes"},"yoast_head":"<!-- This site is optimized with the Yoast SEO plugin v27.2 - https:\/\/yoast.com\/product\/yoast-seo-wordpress\/ -->\n<title>V\u012brie\u0161u pilotu krekls(ar epalet\u0113m) - Simon Jersey Latvija<\/title>\n<meta name=\"robots\" content=\"index, follow, max-snippet:-1, max-image-preview:large, max-video-preview:-1\" \/>\n<link rel=\"canonical\" href=\"https:\/\/simonjersey.eu\/lv\/produkts\/viriesu-pilotu-kreklsar-epaletem\/\" \/>\n<meta property=\"og:locale\" content=\"lv_LV\" \/>\n<meta property=\"og:type\" content=\"article\" \/>\n<meta property=\"og:title\" content=\"V\u012brie\u0161u pilotu krekls(ar epalet\u0113m) - Simon Jersey Latvija\" \/>\n<meta property=\"og:description\" content=\"Praktisks un stil\u012bgs pilotu krekls v\u012brie\u0161iem! Piem\u0113rots valk\u0101\u0161anai da\u017e\u0101dos ofici\u0101los pien\u0101kumos avi\u0101cij\u0101, policij\u0101, ost\u0101 u.c.  2 pogu aproce, dubult\u0101 atloka kr\u016b\u0161u kabata, pildspalvu tur\u0113t\u0101js, epauleti.  Materi\u0101ls: 65% poliesters, 35% kokvilna.. Kop\u0161ana: Kop\u0161ana: Mazg\u0101t 40\u00b0 ve\u013cas ma\u0161\u012bn\u0101 ve\u013cas ma\u0161\u012bn\u0101, viegla kop\u0161ana, minim\u0101la gludin\u0101\u0161ana. Izm\u0113ri (UK): 14,5- 18,5  &nbsp;\" \/>\n<meta property=\"og:url\" content=\"https:\/\/simonjersey.eu\/lv\/produkts\/viriesu-pilotu-kreklsar-epaletem\/\" \/>\n<meta property=\"og:site_name\" content=\"Simon Jersey Latvija\" \/>\n<meta property=\"article:modified_time\" content=\"2024-06-13T11:06:03+00:00\" \/>\n<meta property=\"og:image\" content=\"https:\/\/simonjersey.eu\/lv\/wp-content\/uploads\/sites\/2\/2024\/06\/Hermes-Pilot-Shirt-White-700-x-1062-2.jpg\" \/>\n\t<meta property=\"og:image:width\" content=\"700\" \/>\n\t<meta property=\"og:image:height\" content=\"1062\" \/>\n\t<meta property=\"og:image:type\" content=\"image\/jpeg\" \/>\n<meta name=\"twitter:card\" content=\"summary_large_image\" \/>\n<meta name=\"twitter:label1\" content=\"Est. reading time\" \/>\n\t<meta name=\"twitter:data1\" content=\"1 min\u016bte\" \/>\n<script type=\"application\/ld+json\" class=\"yoast-schema-graph\">{\"@context\":\"https:\/\/schema.org\",\"@graph\":[{\"@type\":\"WebPage\",\"@id\":\"https:\/\/simonjersey.eu\/lv\/produkts\/viriesu-pilotu-kreklsar-epaletem\/\",\"url\":\"https:\/\/simonjersey.eu\/lv\/produkts\/viriesu-pilotu-kreklsar-epaletem\/\",\"name\":\"V\u012brie\u0161u pilotu krekls(ar epalet\u0113m) - Simon Jersey Latvija\",\"isPartOf\":{\"@id\":\"https:\/\/simonjersey.eu\/lv\/#website\"},\"primaryImageOfPage\":{\"@id\":\"https:\/\/simonjersey.eu\/lv\/produkts\/viriesu-pilotu-kreklsar-epaletem\/#primaryimage\"},\"image\":{\"@id\":\"https:\/\/simonjersey.eu\/lv\/produkts\/viriesu-pilotu-kreklsar-epaletem\/#primaryimage\"},\"thumbnailUrl\":\"https:\/\/simonjersey.eu\/lv\/wp-content\/uploads\/sites\/2\/2024\/06\/Hermes-Pilot-Shirt-White-700-x-1062-2.jpg\",\"datePublished\":\"2024-06-13T10:55:42+00:00\",\"dateModified\":\"2024-06-13T11:06:03+00:00\",\"breadcrumb\":{\"@id\":\"https:\/\/simonjersey.eu\/lv\/produkts\/viriesu-pilotu-kreklsar-epaletem\/#breadcrumb\"},\"inLanguage\":\"lv-LV\",\"potentialAction\":[{\"@type\":\"ReadAction\",\"target\":[\"https:\/\/simonjersey.eu\/lv\/produkts\/viriesu-pilotu-kreklsar-epaletem\/\"]}]},{\"@type\":\"ImageObject\",\"inLanguage\":\"lv-LV\",\"@id\":\"https:\/\/simonjersey.eu\/lv\/produkts\/viriesu-pilotu-kreklsar-epaletem\/#primaryimage\",\"url\":\"https:\/\/simonjersey.eu\/lv\/wp-content\/uploads\/sites\/2\/2024\/06\/Hermes-Pilot-Shirt-White-700-x-1062-2.jpg\",\"contentUrl\":\"https:\/\/simonjersey.eu\/lv\/wp-content\/uploads\/sites\/2\/2024\/06\/Hermes-Pilot-Shirt-White-700-x-1062-2.jpg\",\"width\":700,\"height\":1062},{\"@type\":\"BreadcrumbList\",\"@id\":\"https:\/\/simonjersey.eu\/lv\/produkts\/viriesu-pilotu-kreklsar-epaletem\/#breadcrumb\",\"itemListElement\":[{\"@type\":\"ListItem\",\"position\":1,\"name\":\"Home\",\"item\":\"https:\/\/simonjersey.eu\/lv\/\"},{\"@type\":\"ListItem\",\"position\":2,\"name\":\"E-veikals\",\"item\":\"https:\/\/simonjersey.eu\/lv\/e-veikals\/\"},{\"@type\":\"ListItem\",\"position\":3,\"name\":\"V\u012brie\u0161u pilotu krekls(ar epalet\u0113m)\"}]},{\"@type\":\"WebSite\",\"@id\":\"https:\/\/simonjersey.eu\/lv\/#website\",\"url\":\"https:\/\/simonjersey.eu\/lv\/\",\"name\":\"Simon Jersey Latvija\",\"description\":\"Kvalitat\u012bvi un iztur\u012bgi darba ap\u0123\u0113rbi\",\"potentialAction\":[{\"@type\":\"SearchAction\",\"target\":{\"@type\":\"EntryPoint\",\"urlTemplate\":\"https:\/\/simonjersey.eu\/lv\/?s={search_term_string}\"},\"query-input\":{\"@type\":\"PropertyValueSpecification\",\"valueRequired\":true,\"valueName\":\"search_term_string\"}}],\"inLanguage\":\"lv-LV\"}]}<\/script>\n<!-- \/ Yoast SEO plugin. -->","yoast_head_json":{"title":"V\u012brie\u0161u pilotu krekls(ar epalet\u0113m) - Simon Jersey Latvija","robots":{"index":"index","follow":"follow","max-snippet":"max-snippet:-1","max-image-preview":"max-image-preview:large","max-video-preview":"max-video-preview:-1"},"canonical":"https:\/\/simonjersey.eu\/lv\/produkts\/viriesu-pilotu-kreklsar-epaletem\/","og_locale":"lv_LV","og_type":"article","og_title":"V\u012brie\u0161u pilotu krekls(ar epalet\u0113m) - Simon Jersey Latvija","og_description":"Praktisks un stil\u012bgs pilotu krekls v\u012brie\u0161iem! Piem\u0113rots valk\u0101\u0161anai da\u017e\u0101dos ofici\u0101los pien\u0101kumos avi\u0101cij\u0101, policij\u0101, ost\u0101 u.c.  2 pogu aproce, dubult\u0101 atloka kr\u016b\u0161u kabata, pildspalvu tur\u0113t\u0101js, epauleti.  Materi\u0101ls: 65% poliesters, 35% kokvilna.. Kop\u0161ana: Kop\u0161ana: Mazg\u0101t 40\u00b0 ve\u013cas ma\u0161\u012bn\u0101 ve\u013cas ma\u0161\u012bn\u0101, viegla kop\u0161ana, minim\u0101la gludin\u0101\u0161ana. Izm\u0113ri (UK): 14,5- 18,5  &nbsp;","og_url":"https:\/\/simonjersey.eu\/lv\/produkts\/viriesu-pilotu-kreklsar-epaletem\/","og_site_name":"Simon Jersey Latvija","article_modified_time":"2024-06-13T11:06:03+00:00","og_image":[{"width":700,"height":1062,"url":"https:\/\/simonjersey.eu\/lv\/wp-content\/uploads\/sites\/2\/2024\/06\/Hermes-Pilot-Shirt-White-700-x-1062-2.jpg","type":"image\/jpeg"}],"twitter_card":"summary_large_image","twitter_misc":{"Est. reading time":"1 min\u016bte"},"schema":{"@context":"https:\/\/schema.org","@graph":[{"@type":"WebPage","@id":"https:\/\/simonjersey.eu\/lv\/produkts\/viriesu-pilotu-kreklsar-epaletem\/","url":"https:\/\/simonjersey.eu\/lv\/produkts\/viriesu-pilotu-kreklsar-epaletem\/","name":"V\u012brie\u0161u pilotu krekls(ar epalet\u0113m) - Simon Jersey Latvija","isPartOf":{"@id":"https:\/\/simonjersey.eu\/lv\/#website"},"primaryImageOfPage":{"@id":"https:\/\/simonjersey.eu\/lv\/produkts\/viriesu-pilotu-kreklsar-epaletem\/#primaryimage"},"image":{"@id":"https:\/\/simonjersey.eu\/lv\/produkts\/viriesu-pilotu-kreklsar-epaletem\/#primaryimage"},"thumbnailUrl":"https:\/\/simonjersey.eu\/lv\/wp-content\/uploads\/sites\/2\/2024\/06\/Hermes-Pilot-Shirt-White-700-x-1062-2.jpg","datePublished":"2024-06-13T10:55:42+00:00","dateModified":"2024-06-13T11:06:03+00:00","breadcrumb":{"@id":"https:\/\/simonjersey.eu\/lv\/produkts\/viriesu-pilotu-kreklsar-epaletem\/#breadcrumb"},"inLanguage":"lv-LV","potentialAction":[{"@type":"ReadAction","target":["https:\/\/simonjersey.eu\/lv\/produkts\/viriesu-pilotu-kreklsar-epaletem\/"]}]},{"@type":"ImageObject","inLanguage":"lv-LV","@id":"https:\/\/simonjersey.eu\/lv\/produkts\/viriesu-pilotu-kreklsar-epaletem\/#primaryimage","url":"https:\/\/simonjersey.eu\/lv\/wp-content\/uploads\/sites\/2\/2024\/06\/Hermes-Pilot-Shirt-White-700-x-1062-2.jpg","contentUrl":"https:\/\/simonjersey.eu\/lv\/wp-content\/uploads\/sites\/2\/2024\/06\/Hermes-Pilot-Shirt-White-700-x-1062-2.jpg","width":700,"height":1062},{"@type":"BreadcrumbList","@id":"https:\/\/simonjersey.eu\/lv\/produkts\/viriesu-pilotu-kreklsar-epaletem\/#breadcrumb","itemListElement":[{"@type":"ListItem","position":1,"name":"Home","item":"https:\/\/simonjersey.eu\/lv\/"},{"@type":"ListItem","position":2,"name":"E-veikals","item":"https:\/\/simonjersey.eu\/lv\/e-veikals\/"},{"@type":"ListItem","position":3,"name":"V\u012brie\u0161u pilotu krekls(ar epalet\u0113m)"}]},{"@type":"WebSite","@id":"https:\/\/simonjersey.eu\/lv\/#website","url":"https:\/\/simonjersey.eu\/lv\/","name":"Simon Jersey Latvija","description":"Kvalitat\u012bvi un iztur\u012bgi darba ap\u0123\u0113rbi","potentialAction":[{"@type":"SearchAction","target":{"@type":"EntryPoint","urlTemplate":"https:\/\/simonjersey.eu\/lv\/?s={search_term_string}"},"query-input":{"@type":"PropertyValueSpecification","valueRequired":true,"valueName":"search_term_string"}}],"inLanguage":"lv-LV"}]}},"_links":{"self":[{"href":"https:\/\/simonjersey.eu\/lv\/wp-json\/wp\/v2\/product\/7856","targetHints":{"allow":["GET"]}}],"collection":[{"href":"https:\/\/simonjersey.eu\/lv\/wp-json\/wp\/v2\/product"}],"about":[{"href":"https:\/\/simonjersey.eu\/lv\/wp-json\/wp\/v2\/types\/product"}],"wp:featuredmedia":[{"embeddable":true,"href":"https:\/\/simonjersey.eu\/lv\/wp-json\/wp\/v2\/media\/7860"}],"wp:attachment":[{"href":"https:\/\/simonjersey.eu\/lv\/wp-json\/wp\/v2\/media?parent=7856"}],"wp:term":[{"taxonomy":"product_brand","embeddable":true,"href":"https:\/\/simonjersey.eu\/lv\/wp-json\/wp\/v2\/product_brand?post=7856"},{"taxonomy":"product_cat","embeddable":true,"href":"https:\/\/simonjersey.eu\/lv\/wp-json\/wp\/v2\/product_cat?post=7856"},{"taxonomy":"product_tag","embeddable":true,"href":"https:\/\/simonjersey.eu\/lv\/wp-json\/wp\/v2\/product_tag?post=7856"}],"curies":[{"name":"wp","href":"https:\/\/api.w.org\/{rel}","templated":true}]}}