{"id":7871,"date":"2024-06-19T11:35:48","date_gmt":"2024-06-19T08:35:48","guid":{"rendered":"https:\/\/simonjersey.eu\/lv\/?post_type=product&#038;p=7871"},"modified":"2024-11-22T15:25:51","modified_gmt":"2024-11-22T12:25:51","slug":"stiliga-un-eleganta-stepeta-veste-sievietem","status":"publish","type":"product","link":"https:\/\/simonjersey.eu\/lv\/produkts\/stiliga-un-eleganta-stepeta-veste-sievietem\/","title":{"rendered":"Stil\u012bga un eleganta step\u0113ta veste sieviet\u0113m."},"content":{"rendered":"","protected":false},"excerpt":{"rendered":"<p>\u0160\u012b stil\u012bg\u0101 veste ir lieliska izv\u0113le gan ikdienas ofici\u0101lam darba ap\u0123\u0113rbam, gan apkalpojo\u0161ajiem darbiniekiem, kuriem j\u0101str\u0101d\u0101 \u0101r\u0101 vai main\u012bgos laikapst\u0101k\u013cos.<\/p>\n<p>Iesp\u0113jas:<\/p>\n<ul>\n<li>Step\u0113ta un softshell auduma kombin\u0101cija: nodro\u0161ina komfortu un iztur\u012bbu, vienlaikus nodro\u0161inot siltumu un aizsardz\u012bbu.<\/li>\n<li>Pilna garuma spir\u0101lveida r\u0101v\u0113jsl\u0113dz\u0113js ar zoda aizsargu: viegli uzvilkt un novilkt, vienlaikus pasarg\u0101jot kaklu no berzes.<\/li>\n<li>Puskabatas ar r\u0101v\u0113jsl\u0113dz\u0113ju: \u0113rta un dro\u0161a vieta nelielu priek\u0161metu glab\u0101\u0161anai.<\/li>\n<li>Iek\u0161\u0113j\u0101 kabata ar r\u0101v\u0113jsl\u0113dz\u0113ju: papildu vieta svar\u012bgiem priek\u0161metiem, noturot tos dro\u0161i viet\u0101.<\/li>\n<li>Izliekta un nedaudz iegarena mugura: nodro\u0161ina papildu aizsardz\u012bbu un komfortu, saglab\u0101jot muguru siltu pat kustoties.<\/li>\n<\/ul>\n<p>&nbsp;<\/p>\n<ul>\n<li>Materi\u0101ls: <em>P<\/em><em>lain weave: 100 % polyamide, water repellent finish<\/em><\/li>\n<li><em>mid layer: 100 % polyester<\/em><\/li>\n<li><em>Softshell: 90 % polyester, 10 % elastane, water repellent finish, 250 g\/m\u00b2<\/em><\/li>\n<li><em>Fleece: 100 % polyester, antipilling finish<\/em><\/li>\n<\/ul>\n<p>Kop\u0161ana: 30\u00b0 ve\u013cas ma\u0161\u012bn\u0101, wool cycle.<\/p>\n<p>Izm\u0113ri: S-2XL<\/p>\n","protected":false},"featured_media":7872,"template":"","meta":[],"product_brand":[],"product_cat":[99,39,84,67,111],"product_tag":[],"class_list":{"0":"post-7871","1":"product","2":"type-product","3":"status-publish","4":"has-post-thumbnail","6":"product_cat-vestes-un-trikotaza-sievietem-lietiskais-apgerbs","7":"product_cat-vestes-un-trikotaza","8":"product_cat-vestes-un-trikotaza-recepcija","9":"product_cat-vestes-un-trikotaza-sievietem-viesmiliba","10":"product_cat-vestes-un-trikotaza-2","12":"first","13":"instock","14":"taxable","15":"shipping-taxable","16":"purchasable","17":"product-type-variable","18":"has-default-attributes"},"yoast_head":"<!-- This site is optimized with the Yoast SEO plugin v27.2 - https:\/\/yoast.com\/product\/yoast-seo-wordpress\/ -->\n<title>Stil\u012bga un eleganta step\u0113ta veste sieviet\u0113m. - Simon Jersey Latvija<\/title>\n<meta name=\"robots\" content=\"index, follow, max-snippet:-1, max-image-preview:large, max-video-preview:-1\" \/>\n<link rel=\"canonical\" href=\"https:\/\/simonjersey.eu\/lv\/produkts\/stiliga-un-eleganta-stepeta-veste-sievietem\/\" \/>\n<meta property=\"og:locale\" content=\"lv_LV\" \/>\n<meta property=\"og:type\" content=\"article\" \/>\n<meta property=\"og:title\" content=\"Stil\u012bga un eleganta step\u0113ta veste sieviet\u0113m. - Simon Jersey Latvija\" \/>\n<meta property=\"og:description\" content=\"\u0160\u012b stil\u012bg\u0101 veste ir lieliska izv\u0113le gan ikdienas ofici\u0101lam darba ap\u0123\u0113rbam, gan apkalpojo\u0161ajiem darbiniekiem, kuriem j\u0101str\u0101d\u0101 \u0101r\u0101 vai main\u012bgos laikapst\u0101k\u013cos.  Iesp\u0113jas:   Step\u0113ta un softshell auduma kombin\u0101cija: nodro\u0161ina komfortu un iztur\u012bbu, vienlaikus nodro\u0161inot siltumu un aizsardz\u012bbu.  Pilna garuma spir\u0101lveida r\u0101v\u0113jsl\u0113dz\u0113js ar zoda aizsargu: viegli uzvilkt un novilkt, vienlaikus pasarg\u0101jot kaklu no berzes.  Puskabatas ar r\u0101v\u0113jsl\u0113dz\u0113ju: \u0113rta un dro\u0161a vieta nelielu priek\u0161metu glab\u0101\u0161anai.  Iek\u0161\u0113j\u0101 kabata ar r\u0101v\u0113jsl\u0113dz\u0113ju: papildu vieta svar\u012bgiem priek\u0161metiem, noturot tos dro\u0161i viet\u0101.  Izliekta un nedaudz iegarena mugura: nodro\u0161ina papildu aizsardz\u012bbu un komfortu, saglab\u0101jot muguru siltu pat kustoties.  &nbsp;   Materi\u0101ls: Plain weave: 100 % polyamide, water repellent finish  mid layer: 100 % polyester  Softshell: 90 % polyester, 10 % elastane, water repellent finish, 250 g\/m\u00b2  Fleece: 100 % polyester, antipilling finish  Kop\u0161ana: 30\u00b0 ve\u013cas ma\u0161\u012bn\u0101, wool cycle.  Izm\u0113ri: S-2XL\" \/>\n<meta property=\"og:url\" content=\"https:\/\/simonjersey.eu\/lv\/produkts\/stiliga-un-eleganta-stepeta-veste-sievietem\/\" \/>\n<meta property=\"og:site_name\" content=\"Simon Jersey Latvija\" \/>\n<meta property=\"article:modified_time\" content=\"2024-11-22T12:25:51+00:00\" \/>\n<meta property=\"og:image\" content=\"https:\/\/simonjersey.eu\/lv\/wp-content\/uploads\/sites\/2\/2024\/06\/557_stiilne-naiste-ja-meeste-vest.jpg\" \/>\n\t<meta property=\"og:image:width\" content=\"700\" \/>\n\t<meta property=\"og:image:height\" content=\"933\" \/>\n\t<meta property=\"og:image:type\" content=\"image\/jpeg\" \/>\n<meta name=\"twitter:card\" content=\"summary_large_image\" \/>\n<meta name=\"twitter:label1\" content=\"Est. reading time\" \/>\n\t<meta name=\"twitter:data1\" content=\"1 min\u016bte\" \/>\n<script type=\"application\/ld+json\" class=\"yoast-schema-graph\">{\"@context\":\"https:\/\/schema.org\",\"@graph\":[{\"@type\":\"WebPage\",\"@id\":\"https:\/\/simonjersey.eu\/lv\/produkts\/stiliga-un-eleganta-stepeta-veste-sievietem\/\",\"url\":\"https:\/\/simonjersey.eu\/lv\/produkts\/stiliga-un-eleganta-stepeta-veste-sievietem\/\",\"name\":\"Stil\u012bga un eleganta step\u0113ta veste sieviet\u0113m. - Simon Jersey Latvija\",\"isPartOf\":{\"@id\":\"https:\/\/simonjersey.eu\/lv\/#website\"},\"primaryImageOfPage\":{\"@id\":\"https:\/\/simonjersey.eu\/lv\/produkts\/stiliga-un-eleganta-stepeta-veste-sievietem\/#primaryimage\"},\"image\":{\"@id\":\"https:\/\/simonjersey.eu\/lv\/produkts\/stiliga-un-eleganta-stepeta-veste-sievietem\/#primaryimage\"},\"thumbnailUrl\":\"https:\/\/simonjersey.eu\/lv\/wp-content\/uploads\/sites\/2\/2024\/06\/557_stiilne-naiste-ja-meeste-vest.jpg\",\"datePublished\":\"2024-06-19T08:35:48+00:00\",\"dateModified\":\"2024-11-22T12:25:51+00:00\",\"breadcrumb\":{\"@id\":\"https:\/\/simonjersey.eu\/lv\/produkts\/stiliga-un-eleganta-stepeta-veste-sievietem\/#breadcrumb\"},\"inLanguage\":\"lv-LV\",\"potentialAction\":[{\"@type\":\"ReadAction\",\"target\":[\"https:\/\/simonjersey.eu\/lv\/produkts\/stiliga-un-eleganta-stepeta-veste-sievietem\/\"]}]},{\"@type\":\"ImageObject\",\"inLanguage\":\"lv-LV\",\"@id\":\"https:\/\/simonjersey.eu\/lv\/produkts\/stiliga-un-eleganta-stepeta-veste-sievietem\/#primaryimage\",\"url\":\"https:\/\/simonjersey.eu\/lv\/wp-content\/uploads\/sites\/2\/2024\/06\/557_stiilne-naiste-ja-meeste-vest.jpg\",\"contentUrl\":\"https:\/\/simonjersey.eu\/lv\/wp-content\/uploads\/sites\/2\/2024\/06\/557_stiilne-naiste-ja-meeste-vest.jpg\",\"width\":700,\"height\":933},{\"@type\":\"BreadcrumbList\",\"@id\":\"https:\/\/simonjersey.eu\/lv\/produkts\/stiliga-un-eleganta-stepeta-veste-sievietem\/#breadcrumb\",\"itemListElement\":[{\"@type\":\"ListItem\",\"position\":1,\"name\":\"Home\",\"item\":\"https:\/\/simonjersey.eu\/lv\/\"},{\"@type\":\"ListItem\",\"position\":2,\"name\":\"E-veikals\",\"item\":\"https:\/\/simonjersey.eu\/lv\/e-veikals\/\"},{\"@type\":\"ListItem\",\"position\":3,\"name\":\"Stil\u012bga un eleganta step\u0113ta veste sieviet\u0113m.\"}]},{\"@type\":\"WebSite\",\"@id\":\"https:\/\/simonjersey.eu\/lv\/#website\",\"url\":\"https:\/\/simonjersey.eu\/lv\/\",\"name\":\"Simon Jersey Latvija\",\"description\":\"Kvalitat\u012bvi un iztur\u012bgi darba ap\u0123\u0113rbi\",\"potentialAction\":[{\"@type\":\"SearchAction\",\"target\":{\"@type\":\"EntryPoint\",\"urlTemplate\":\"https:\/\/simonjersey.eu\/lv\/?s={search_term_string}\"},\"query-input\":{\"@type\":\"PropertyValueSpecification\",\"valueRequired\":true,\"valueName\":\"search_term_string\"}}],\"inLanguage\":\"lv-LV\"}]}<\/script>\n<!-- \/ Yoast SEO plugin. -->","yoast_head_json":{"title":"Stil\u012bga un eleganta step\u0113ta veste sieviet\u0113m. - Simon Jersey Latvija","robots":{"index":"index","follow":"follow","max-snippet":"max-snippet:-1","max-image-preview":"max-image-preview:large","max-video-preview":"max-video-preview:-1"},"canonical":"https:\/\/simonjersey.eu\/lv\/produkts\/stiliga-un-eleganta-stepeta-veste-sievietem\/","og_locale":"lv_LV","og_type":"article","og_title":"Stil\u012bga un eleganta step\u0113ta veste sieviet\u0113m. - Simon Jersey Latvija","og_description":"\u0160\u012b stil\u012bg\u0101 veste ir lieliska izv\u0113le gan ikdienas ofici\u0101lam darba ap\u0123\u0113rbam, gan apkalpojo\u0161ajiem darbiniekiem, kuriem j\u0101str\u0101d\u0101 \u0101r\u0101 vai main\u012bgos laikapst\u0101k\u013cos.  Iesp\u0113jas:   Step\u0113ta un softshell auduma kombin\u0101cija: nodro\u0161ina komfortu un iztur\u012bbu, vienlaikus nodro\u0161inot siltumu un aizsardz\u012bbu.  Pilna garuma spir\u0101lveida r\u0101v\u0113jsl\u0113dz\u0113js ar zoda aizsargu: viegli uzvilkt un novilkt, vienlaikus pasarg\u0101jot kaklu no berzes.  Puskabatas ar r\u0101v\u0113jsl\u0113dz\u0113ju: \u0113rta un dro\u0161a vieta nelielu priek\u0161metu glab\u0101\u0161anai.  Iek\u0161\u0113j\u0101 kabata ar r\u0101v\u0113jsl\u0113dz\u0113ju: papildu vieta svar\u012bgiem priek\u0161metiem, noturot tos dro\u0161i viet\u0101.  Izliekta un nedaudz iegarena mugura: nodro\u0161ina papildu aizsardz\u012bbu un komfortu, saglab\u0101jot muguru siltu pat kustoties.  &nbsp;   Materi\u0101ls: Plain weave: 100 % polyamide, water repellent finish  mid layer: 100 % polyester  Softshell: 90 % polyester, 10 % elastane, water repellent finish, 250 g\/m\u00b2  Fleece: 100 % polyester, antipilling finish  Kop\u0161ana: 30\u00b0 ve\u013cas ma\u0161\u012bn\u0101, wool cycle.  Izm\u0113ri: S-2XL","og_url":"https:\/\/simonjersey.eu\/lv\/produkts\/stiliga-un-eleganta-stepeta-veste-sievietem\/","og_site_name":"Simon Jersey Latvija","article_modified_time":"2024-11-22T12:25:51+00:00","og_image":[{"width":700,"height":933,"url":"https:\/\/simonjersey.eu\/lv\/wp-content\/uploads\/sites\/2\/2024\/06\/557_stiilne-naiste-ja-meeste-vest.jpg","type":"image\/jpeg"}],"twitter_card":"summary_large_image","twitter_misc":{"Est. reading time":"1 min\u016bte"},"schema":{"@context":"https:\/\/schema.org","@graph":[{"@type":"WebPage","@id":"https:\/\/simonjersey.eu\/lv\/produkts\/stiliga-un-eleganta-stepeta-veste-sievietem\/","url":"https:\/\/simonjersey.eu\/lv\/produkts\/stiliga-un-eleganta-stepeta-veste-sievietem\/","name":"Stil\u012bga un eleganta step\u0113ta veste sieviet\u0113m. - Simon Jersey Latvija","isPartOf":{"@id":"https:\/\/simonjersey.eu\/lv\/#website"},"primaryImageOfPage":{"@id":"https:\/\/simonjersey.eu\/lv\/produkts\/stiliga-un-eleganta-stepeta-veste-sievietem\/#primaryimage"},"image":{"@id":"https:\/\/simonjersey.eu\/lv\/produkts\/stiliga-un-eleganta-stepeta-veste-sievietem\/#primaryimage"},"thumbnailUrl":"https:\/\/simonjersey.eu\/lv\/wp-content\/uploads\/sites\/2\/2024\/06\/557_stiilne-naiste-ja-meeste-vest.jpg","datePublished":"2024-06-19T08:35:48+00:00","dateModified":"2024-11-22T12:25:51+00:00","breadcrumb":{"@id":"https:\/\/simonjersey.eu\/lv\/produkts\/stiliga-un-eleganta-stepeta-veste-sievietem\/#breadcrumb"},"inLanguage":"lv-LV","potentialAction":[{"@type":"ReadAction","target":["https:\/\/simonjersey.eu\/lv\/produkts\/stiliga-un-eleganta-stepeta-veste-sievietem\/"]}]},{"@type":"ImageObject","inLanguage":"lv-LV","@id":"https:\/\/simonjersey.eu\/lv\/produkts\/stiliga-un-eleganta-stepeta-veste-sievietem\/#primaryimage","url":"https:\/\/simonjersey.eu\/lv\/wp-content\/uploads\/sites\/2\/2024\/06\/557_stiilne-naiste-ja-meeste-vest.jpg","contentUrl":"https:\/\/simonjersey.eu\/lv\/wp-content\/uploads\/sites\/2\/2024\/06\/557_stiilne-naiste-ja-meeste-vest.jpg","width":700,"height":933},{"@type":"BreadcrumbList","@id":"https:\/\/simonjersey.eu\/lv\/produkts\/stiliga-un-eleganta-stepeta-veste-sievietem\/#breadcrumb","itemListElement":[{"@type":"ListItem","position":1,"name":"Home","item":"https:\/\/simonjersey.eu\/lv\/"},{"@type":"ListItem","position":2,"name":"E-veikals","item":"https:\/\/simonjersey.eu\/lv\/e-veikals\/"},{"@type":"ListItem","position":3,"name":"Stil\u012bga un eleganta step\u0113ta veste sieviet\u0113m."}]},{"@type":"WebSite","@id":"https:\/\/simonjersey.eu\/lv\/#website","url":"https:\/\/simonjersey.eu\/lv\/","name":"Simon Jersey Latvija","description":"Kvalitat\u012bvi un iztur\u012bgi darba ap\u0123\u0113rbi","potentialAction":[{"@type":"SearchAction","target":{"@type":"EntryPoint","urlTemplate":"https:\/\/simonjersey.eu\/lv\/?s={search_term_string}"},"query-input":{"@type":"PropertyValueSpecification","valueRequired":true,"valueName":"search_term_string"}}],"inLanguage":"lv-LV"}]}},"_links":{"self":[{"href":"https:\/\/simonjersey.eu\/lv\/wp-json\/wp\/v2\/product\/7871","targetHints":{"allow":["GET"]}}],"collection":[{"href":"https:\/\/simonjersey.eu\/lv\/wp-json\/wp\/v2\/product"}],"about":[{"href":"https:\/\/simonjersey.eu\/lv\/wp-json\/wp\/v2\/types\/product"}],"wp:featuredmedia":[{"embeddable":true,"href":"https:\/\/simonjersey.eu\/lv\/wp-json\/wp\/v2\/media\/7872"}],"wp:attachment":[{"href":"https:\/\/simonjersey.eu\/lv\/wp-json\/wp\/v2\/media?parent=7871"}],"wp:term":[{"taxonomy":"product_brand","embeddable":true,"href":"https:\/\/simonjersey.eu\/lv\/wp-json\/wp\/v2\/product_brand?post=7871"},{"taxonomy":"product_cat","embeddable":true,"href":"https:\/\/simonjersey.eu\/lv\/wp-json\/wp\/v2\/product_cat?post=7871"},{"taxonomy":"product_tag","embeddable":true,"href":"https:\/\/simonjersey.eu\/lv\/wp-json\/wp\/v2\/product_tag?post=7871"}],"curies":[{"name":"wp","href":"https:\/\/api.w.org\/{rel}","templated":true}]}}