{"id":8074,"date":"2024-11-22T15:57:08","date_gmt":"2024-11-22T12:57:08","guid":{"rendered":"https:\/\/simonjersey.eu\/lv\/?post_type=product&#038;p=8074"},"modified":"2024-11-25T12:31:37","modified_gmt":"2024-11-25T09:31:37","slug":"sieviesu-jaka-margot","status":"publish","type":"product","link":"https:\/\/simonjersey.eu\/lv\/produkts\/sieviesu-jaka-margot\/","title":{"rendered":"Sievie\u0161u jaka Margot"},"content":{"rendered":"","protected":false},"excerpt":{"rendered":"<p>Uz\u0146\u0113mumiem, kas v\u0113las izcelties un pied\u0101v\u0101t saviem darbiniekiem stil\u012bgu un modernu izskatu, mums ir jauna iesp\u0113ja. \u0160\u012bs s\u0113rijas formas t\u0113rpi ir ide\u0101li piem\u0113roti darbam bank\u0101, tirdzniec\u012bbas \u0113k\u0101, viesn\u012bc\u0101 un daudzos citos amatos pakalpojumu nozar\u0113.<\/p>\n<p>\u0160\u012bs sezonas izcil\u0101k\u0101 da\u013ca ir sievie\u0161u jaka ar div\u0101m pog\u0101m ar oderi, ar nedaudz piegu\u013co\u0161u piegriezumu, p\u0101rloku kabat\u0101m, jakas aizmugure ar \u0161\u0137\u0113lumu atveri un nedaudz elast\u012bgu audumu papildu komfortam. Jaka ir pieejama div\u0101s modern\u0101s kr\u0101s\u0101s un divos garumos (regul\u0101ri un gar\u0161).<\/p>\n<p>Materi\u0101ls: 67% p\u0101rstr\u0101d\u0101ts poliesters, 28% viskoze, 5% elast\u0101ns.(315mlg) elast\u012bgs audums 14%<br \/>\nMazg\u0101t 40\u00b0 mazg\u0101t ve\u013cas ma\u0161\u012bn\u0101, nav nepiecie\u0161ama gludin\u0101\u0161ana.<br \/>\nAudums p\u0101rbaud\u012bts ar Martindale testa sist\u0113mu: &gt; 90 000 nodilumiztur\u012bgs.<\/p>\n<p>Izm\u0113ri (UK) 6\u201330.<\/p>\n<p>UK 6- 30\u00a0 regul\u0101ri<\/p>\n<p>UK 6-18 gar\u0161<\/p>\n<p>Centra muguras garums 12R izm\u0113r\u0101 = 60 cm<\/p>\n<p><a href=\"https:\/\/simonjersey.eu\/lv\/produkts\/viriesu-fit-zaketes-william\/\"><strong>V\u012brie\u0161u dizaini \u0161eit!<\/strong><\/a><\/p>\n","protected":false},"featured_media":8076,"template":"","meta":[],"product_brand":[],"product_cat":[89,98,24,38,78,83,49,61,66,110],"product_tag":[],"class_list":{"0":"post-8074","1":"product","2":"type-product","3":"status-publish","4":"has-post-thumbnail","6":"product_cat-sievietem-lietiskais-apgerbs","7":"product_cat-zaketes-sievietem-lietiskais-apgerbs","8":"product_cat-sievietem","9":"product_cat-zaketes","10":"product_cat-recepcija","11":"product_cat-zaketes-recepcija","12":"product_cat-kolekcijas","13":"product_cat-smart-casual-kolekcija","14":"product_cat-zaketes-sievietem-viesmiliba","15":"product_cat-zaketes-2","17":"first","18":"instock","19":"taxable","20":"shipping-taxable","21":"purchasable","22":"product-type-variable","23":"has-default-attributes"},"yoast_head":"<!-- This site is optimized with the Yoast SEO plugin v27.2 - https:\/\/yoast.com\/product\/yoast-seo-wordpress\/ -->\n<title>Sievie\u0161u jaka Margot - Simon Jersey Latvija<\/title>\n<meta name=\"robots\" content=\"index, follow, max-snippet:-1, max-image-preview:large, max-video-preview:-1\" \/>\n<link rel=\"canonical\" href=\"https:\/\/simonjersey.eu\/lv\/produkts\/sieviesu-jaka-margot\/\" \/>\n<meta property=\"og:locale\" content=\"lv_LV\" \/>\n<meta property=\"og:type\" content=\"article\" \/>\n<meta property=\"og:title\" content=\"Sievie\u0161u jaka Margot - Simon Jersey Latvija\" \/>\n<meta property=\"og:description\" content=\"Uz\u0146\u0113mumiem, kas v\u0113las izcelties un pied\u0101v\u0101t saviem darbiniekiem stil\u012bgu un modernu izskatu, mums ir jauna iesp\u0113ja. \u0160\u012bs s\u0113rijas formas t\u0113rpi ir ide\u0101li piem\u0113roti darbam bank\u0101, tirdzniec\u012bbas \u0113k\u0101, viesn\u012bc\u0101 un daudzos citos amatos pakalpojumu nozar\u0113.  \u0160\u012bs sezonas izcil\u0101k\u0101 da\u013ca ir sievie\u0161u jaka ar div\u0101m pog\u0101m ar oderi, ar nedaudz piegu\u013co\u0161u piegriezumu, p\u0101rloku kabat\u0101m, jakas aizmugure ar \u0161\u0137\u0113lumu atveri un nedaudz elast\u012bgu audumu papildu komfortam. Jaka ir pieejama div\u0101s modern\u0101s kr\u0101s\u0101s un divos garumos (regul\u0101ri un gar\u0161).  Materi\u0101ls: 67% p\u0101rstr\u0101d\u0101ts poliesters, 28% viskoze, 5% elast\u0101ns.(315mlg) elast\u012bgs audums 14% Mazg\u0101t 40\u00b0 mazg\u0101t ve\u013cas ma\u0161\u012bn\u0101, nav nepiecie\u0161ama gludin\u0101\u0161ana. Audums p\u0101rbaud\u012bts ar Martindale testa sist\u0113mu: &gt; 90 000 nodilumiztur\u012bgs.  Izm\u0113ri (UK) 6\u201330.  UK 6- 30\u00a0 regul\u0101ri  UK 6-18 gar\u0161  Centra muguras garums 12R izm\u0113r\u0101 = 60 cm  V\u012brie\u0161u dizaini \u0161eit!\" \/>\n<meta property=\"og:url\" content=\"https:\/\/simonjersey.eu\/lv\/produkts\/sieviesu-jaka-margot\/\" \/>\n<meta property=\"og:site_name\" content=\"Simon Jersey Latvija\" \/>\n<meta property=\"article:modified_time\" content=\"2024-11-25T09:31:37+00:00\" \/>\n<meta property=\"og:image\" content=\"https:\/\/simonjersey.eu\/lv\/wp-content\/uploads\/sites\/2\/2024\/11\/Margo-Jacket-Sand-Austin-Skirt-Navy-700-x-1050.jpg\" \/>\n\t<meta property=\"og:image:width\" content=\"700\" \/>\n\t<meta property=\"og:image:height\" content=\"1050\" \/>\n\t<meta property=\"og:image:type\" content=\"image\/jpeg\" \/>\n<meta name=\"twitter:card\" content=\"summary_large_image\" \/>\n<meta name=\"twitter:label1\" content=\"Est. reading time\" \/>\n\t<meta name=\"twitter:data1\" content=\"1 min\u016bte\" \/>\n<script type=\"application\/ld+json\" class=\"yoast-schema-graph\">{\"@context\":\"https:\/\/schema.org\",\"@graph\":[{\"@type\":\"WebPage\",\"@id\":\"https:\/\/simonjersey.eu\/lv\/produkts\/sieviesu-jaka-margot\/\",\"url\":\"https:\/\/simonjersey.eu\/lv\/produkts\/sieviesu-jaka-margot\/\",\"name\":\"Sievie\u0161u jaka Margot - Simon Jersey Latvija\",\"isPartOf\":{\"@id\":\"https:\/\/simonjersey.eu\/lv\/#website\"},\"primaryImageOfPage\":{\"@id\":\"https:\/\/simonjersey.eu\/lv\/produkts\/sieviesu-jaka-margot\/#primaryimage\"},\"image\":{\"@id\":\"https:\/\/simonjersey.eu\/lv\/produkts\/sieviesu-jaka-margot\/#primaryimage\"},\"thumbnailUrl\":\"https:\/\/simonjersey.eu\/lv\/wp-content\/uploads\/sites\/2\/2024\/11\/Margo-Jacket-Sand-Austin-Skirt-Navy-700-x-1050.jpg\",\"datePublished\":\"2024-11-22T12:57:08+00:00\",\"dateModified\":\"2024-11-25T09:31:37+00:00\",\"breadcrumb\":{\"@id\":\"https:\/\/simonjersey.eu\/lv\/produkts\/sieviesu-jaka-margot\/#breadcrumb\"},\"inLanguage\":\"lv-LV\",\"potentialAction\":[{\"@type\":\"ReadAction\",\"target\":[\"https:\/\/simonjersey.eu\/lv\/produkts\/sieviesu-jaka-margot\/\"]}]},{\"@type\":\"ImageObject\",\"inLanguage\":\"lv-LV\",\"@id\":\"https:\/\/simonjersey.eu\/lv\/produkts\/sieviesu-jaka-margot\/#primaryimage\",\"url\":\"https:\/\/simonjersey.eu\/lv\/wp-content\/uploads\/sites\/2\/2024\/11\/Margo-Jacket-Sand-Austin-Skirt-Navy-700-x-1050.jpg\",\"contentUrl\":\"https:\/\/simonjersey.eu\/lv\/wp-content\/uploads\/sites\/2\/2024\/11\/Margo-Jacket-Sand-Austin-Skirt-Navy-700-x-1050.jpg\",\"width\":700,\"height\":1050},{\"@type\":\"BreadcrumbList\",\"@id\":\"https:\/\/simonjersey.eu\/lv\/produkts\/sieviesu-jaka-margot\/#breadcrumb\",\"itemListElement\":[{\"@type\":\"ListItem\",\"position\":1,\"name\":\"Home\",\"item\":\"https:\/\/simonjersey.eu\/lv\/\"},{\"@type\":\"ListItem\",\"position\":2,\"name\":\"E-veikals\",\"item\":\"https:\/\/simonjersey.eu\/lv\/e-veikals\/\"},{\"@type\":\"ListItem\",\"position\":3,\"name\":\"Sievie\u0161u jaka Margot\"}]},{\"@type\":\"WebSite\",\"@id\":\"https:\/\/simonjersey.eu\/lv\/#website\",\"url\":\"https:\/\/simonjersey.eu\/lv\/\",\"name\":\"Simon Jersey Latvija\",\"description\":\"Kvalitat\u012bvi un iztur\u012bgi darba ap\u0123\u0113rbi\",\"potentialAction\":[{\"@type\":\"SearchAction\",\"target\":{\"@type\":\"EntryPoint\",\"urlTemplate\":\"https:\/\/simonjersey.eu\/lv\/?s={search_term_string}\"},\"query-input\":{\"@type\":\"PropertyValueSpecification\",\"valueRequired\":true,\"valueName\":\"search_term_string\"}}],\"inLanguage\":\"lv-LV\"}]}<\/script>\n<!-- \/ Yoast SEO plugin. -->","yoast_head_json":{"title":"Sievie\u0161u jaka Margot - Simon Jersey Latvija","robots":{"index":"index","follow":"follow","max-snippet":"max-snippet:-1","max-image-preview":"max-image-preview:large","max-video-preview":"max-video-preview:-1"},"canonical":"https:\/\/simonjersey.eu\/lv\/produkts\/sieviesu-jaka-margot\/","og_locale":"lv_LV","og_type":"article","og_title":"Sievie\u0161u jaka Margot - Simon Jersey Latvija","og_description":"Uz\u0146\u0113mumiem, kas v\u0113las izcelties un pied\u0101v\u0101t saviem darbiniekiem stil\u012bgu un modernu izskatu, mums ir jauna iesp\u0113ja. \u0160\u012bs s\u0113rijas formas t\u0113rpi ir ide\u0101li piem\u0113roti darbam bank\u0101, tirdzniec\u012bbas \u0113k\u0101, viesn\u012bc\u0101 un daudzos citos amatos pakalpojumu nozar\u0113.  \u0160\u012bs sezonas izcil\u0101k\u0101 da\u013ca ir sievie\u0161u jaka ar div\u0101m pog\u0101m ar oderi, ar nedaudz piegu\u013co\u0161u piegriezumu, p\u0101rloku kabat\u0101m, jakas aizmugure ar \u0161\u0137\u0113lumu atveri un nedaudz elast\u012bgu audumu papildu komfortam. Jaka ir pieejama div\u0101s modern\u0101s kr\u0101s\u0101s un divos garumos (regul\u0101ri un gar\u0161).  Materi\u0101ls: 67% p\u0101rstr\u0101d\u0101ts poliesters, 28% viskoze, 5% elast\u0101ns.(315mlg) elast\u012bgs audums 14% Mazg\u0101t 40\u00b0 mazg\u0101t ve\u013cas ma\u0161\u012bn\u0101, nav nepiecie\u0161ama gludin\u0101\u0161ana. Audums p\u0101rbaud\u012bts ar Martindale testa sist\u0113mu: &gt; 90 000 nodilumiztur\u012bgs.  Izm\u0113ri (UK) 6\u201330.  UK 6- 30\u00a0 regul\u0101ri  UK 6-18 gar\u0161  Centra muguras garums 12R izm\u0113r\u0101 = 60 cm  V\u012brie\u0161u dizaini \u0161eit!","og_url":"https:\/\/simonjersey.eu\/lv\/produkts\/sieviesu-jaka-margot\/","og_site_name":"Simon Jersey Latvija","article_modified_time":"2024-11-25T09:31:37+00:00","og_image":[{"width":700,"height":1050,"url":"https:\/\/simonjersey.eu\/lv\/wp-content\/uploads\/sites\/2\/2024\/11\/Margo-Jacket-Sand-Austin-Skirt-Navy-700-x-1050.jpg","type":"image\/jpeg"}],"twitter_card":"summary_large_image","twitter_misc":{"Est. reading time":"1 min\u016bte"},"schema":{"@context":"https:\/\/schema.org","@graph":[{"@type":"WebPage","@id":"https:\/\/simonjersey.eu\/lv\/produkts\/sieviesu-jaka-margot\/","url":"https:\/\/simonjersey.eu\/lv\/produkts\/sieviesu-jaka-margot\/","name":"Sievie\u0161u jaka Margot - Simon Jersey Latvija","isPartOf":{"@id":"https:\/\/simonjersey.eu\/lv\/#website"},"primaryImageOfPage":{"@id":"https:\/\/simonjersey.eu\/lv\/produkts\/sieviesu-jaka-margot\/#primaryimage"},"image":{"@id":"https:\/\/simonjersey.eu\/lv\/produkts\/sieviesu-jaka-margot\/#primaryimage"},"thumbnailUrl":"https:\/\/simonjersey.eu\/lv\/wp-content\/uploads\/sites\/2\/2024\/11\/Margo-Jacket-Sand-Austin-Skirt-Navy-700-x-1050.jpg","datePublished":"2024-11-22T12:57:08+00:00","dateModified":"2024-11-25T09:31:37+00:00","breadcrumb":{"@id":"https:\/\/simonjersey.eu\/lv\/produkts\/sieviesu-jaka-margot\/#breadcrumb"},"inLanguage":"lv-LV","potentialAction":[{"@type":"ReadAction","target":["https:\/\/simonjersey.eu\/lv\/produkts\/sieviesu-jaka-margot\/"]}]},{"@type":"ImageObject","inLanguage":"lv-LV","@id":"https:\/\/simonjersey.eu\/lv\/produkts\/sieviesu-jaka-margot\/#primaryimage","url":"https:\/\/simonjersey.eu\/lv\/wp-content\/uploads\/sites\/2\/2024\/11\/Margo-Jacket-Sand-Austin-Skirt-Navy-700-x-1050.jpg","contentUrl":"https:\/\/simonjersey.eu\/lv\/wp-content\/uploads\/sites\/2\/2024\/11\/Margo-Jacket-Sand-Austin-Skirt-Navy-700-x-1050.jpg","width":700,"height":1050},{"@type":"BreadcrumbList","@id":"https:\/\/simonjersey.eu\/lv\/produkts\/sieviesu-jaka-margot\/#breadcrumb","itemListElement":[{"@type":"ListItem","position":1,"name":"Home","item":"https:\/\/simonjersey.eu\/lv\/"},{"@type":"ListItem","position":2,"name":"E-veikals","item":"https:\/\/simonjersey.eu\/lv\/e-veikals\/"},{"@type":"ListItem","position":3,"name":"Sievie\u0161u jaka Margot"}]},{"@type":"WebSite","@id":"https:\/\/simonjersey.eu\/lv\/#website","url":"https:\/\/simonjersey.eu\/lv\/","name":"Simon Jersey Latvija","description":"Kvalitat\u012bvi un iztur\u012bgi darba ap\u0123\u0113rbi","potentialAction":[{"@type":"SearchAction","target":{"@type":"EntryPoint","urlTemplate":"https:\/\/simonjersey.eu\/lv\/?s={search_term_string}"},"query-input":{"@type":"PropertyValueSpecification","valueRequired":true,"valueName":"search_term_string"}}],"inLanguage":"lv-LV"}]}},"_links":{"self":[{"href":"https:\/\/simonjersey.eu\/lv\/wp-json\/wp\/v2\/product\/8074","targetHints":{"allow":["GET"]}}],"collection":[{"href":"https:\/\/simonjersey.eu\/lv\/wp-json\/wp\/v2\/product"}],"about":[{"href":"https:\/\/simonjersey.eu\/lv\/wp-json\/wp\/v2\/types\/product"}],"wp:featuredmedia":[{"embeddable":true,"href":"https:\/\/simonjersey.eu\/lv\/wp-json\/wp\/v2\/media\/8076"}],"wp:attachment":[{"href":"https:\/\/simonjersey.eu\/lv\/wp-json\/wp\/v2\/media?parent=8074"}],"wp:term":[{"taxonomy":"product_brand","embeddable":true,"href":"https:\/\/simonjersey.eu\/lv\/wp-json\/wp\/v2\/product_brand?post=8074"},{"taxonomy":"product_cat","embeddable":true,"href":"https:\/\/simonjersey.eu\/lv\/wp-json\/wp\/v2\/product_cat?post=8074"},{"taxonomy":"product_tag","embeddable":true,"href":"https:\/\/simonjersey.eu\/lv\/wp-json\/wp\/v2\/product_tag?post=8074"}],"curies":[{"name":"wp","href":"https:\/\/api.w.org\/{rel}","templated":true}]}}