{"id":8103,"date":"2024-11-25T12:47:20","date_gmt":"2024-11-25T09:47:20","guid":{"rendered":"https:\/\/simonjersey.eu\/lv\/?post_type=product&#038;p=8103"},"modified":"2024-11-25T13:23:37","modified_gmt":"2024-11-25T10:23:37","slug":"sieviesu-bikses-ar-videju-jostasvietu","status":"publish","type":"product","link":"https:\/\/simonjersey.eu\/lv\/produkts\/sieviesu-bikses-ar-videju-jostasvietu\/","title":{"rendered":"Sievie\u0161u bikses ar vid\u0113ju jostasvietu"},"content":{"rendered":"","protected":false},"excerpt":{"rendered":"<p>Uz\u0146\u0113mumiem, kas v\u0113las izcelties un pied\u0101v\u0101t saviem darbiniekiem stil\u012bgu un modernu izskatu, mums ir jauna iesp\u0113ja. \u0160\u012bs s\u0113rijas formas t\u0113rpi ir ide\u0101li piem\u0113roti darbam bank\u0101, tirdzniec\u012bbas \u0113k\u0101, viesn\u012bc\u0101 un daudzos citos amatos pakalpojumu nozar\u0113.<\/p>\n<p>Stil\u012bg\u0101s bikses ar vid\u0113ju jostasvietu ir gan \u0113rtas, gan elegantas, pateicoties labi izstieptam audumam.<\/p>\n<p>K\u0101 pievienot\u0101 v\u0113rt\u012bba bik\u0161u viduk\u013ca aizmugure ir veidota no elast\u012bgas gumijas, kas nodro\u0161ina labu kust\u012bgumu. Piem\u0113rots servisa un biroja ap\u0123\u0113rbam, iztur ikdienas darba slodzi.<\/p>\n<p>Materi\u0101ls: 67% p\u0101rstr\u0101d\u0101ts poliesters, 28% viskoze, 5% elast\u0101ns.(315mlg)<br \/>\nMazg\u0101t 40\u00b0 mazg\u0101t ve\u013cas ma\u0161\u012bn\u0101, nav nepiecie\u0161ama gludin\u0101\u0161ana.<br \/>\nAudums p\u0101rbaud\u012bts ar Martindale testa sist\u0113mu: &gt; 90 000 nodilumiztur\u012bgs.<\/p>\n<p>elast\u012bgs audums 14%<\/p>\n<p>Izm\u0113ri (UK) 6\u201326.<\/p>\n<p>Pieejamie garumi: Parastais-73 cm, Garais- 79 cm.<\/p>\n<p>Bik\u0161u aug\u0161da\u013cas puse platums 12R izm\u0113ram- 17,5cm<\/p>\n","protected":false},"featured_media":8079,"template":"","meta":[],"product_brand":[],"product_cat":[95,35,20,80,49,61,63,107],"product_tag":[],"class_list":{"0":"post-8103","1":"product","2":"type-product","3":"status-publish","4":"has-post-thumbnail","6":"product_cat-bikses-sievietem-lietiskais-apgerbs","7":"product_cat-bikses-sievietem","8":"product_cat-bikses","9":"product_cat-bikses-recepcija","10":"product_cat-kolekcijas","11":"product_cat-smart-casual-kolekcija","12":"product_cat-bikses-sievietem-viesmiliba","13":"product_cat-sieviesu-bikses","15":"first","16":"instock","17":"taxable","18":"shipping-taxable","19":"purchasable","20":"product-type-variable","21":"has-default-attributes"},"yoast_head":"<!-- This site is optimized with the Yoast SEO plugin v27.2 - https:\/\/yoast.com\/product\/yoast-seo-wordpress\/ -->\n<title>Sievie\u0161u bikses ar vid\u0113ju jostasvietu - Simon Jersey Latvija<\/title>\n<meta name=\"robots\" content=\"index, follow, max-snippet:-1, max-image-preview:large, max-video-preview:-1\" \/>\n<link rel=\"canonical\" href=\"https:\/\/simonjersey.eu\/lv\/produkts\/sieviesu-bikses-ar-videju-jostasvietu\/\" \/>\n<meta property=\"og:locale\" content=\"lv_LV\" \/>\n<meta property=\"og:type\" content=\"article\" \/>\n<meta property=\"og:title\" content=\"Sievie\u0161u bikses ar vid\u0113ju jostasvietu - Simon Jersey Latvija\" \/>\n<meta property=\"og:description\" content=\"Uz\u0146\u0113mumiem, kas v\u0113las izcelties un pied\u0101v\u0101t saviem darbiniekiem stil\u012bgu un modernu izskatu, mums ir jauna iesp\u0113ja. \u0160\u012bs s\u0113rijas formas t\u0113rpi ir ide\u0101li piem\u0113roti darbam bank\u0101, tirdzniec\u012bbas \u0113k\u0101, viesn\u012bc\u0101 un daudzos citos amatos pakalpojumu nozar\u0113.  Stil\u012bg\u0101s bikses ar vid\u0113ju jostasvietu ir gan \u0113rtas, gan elegantas, pateicoties labi izstieptam audumam.  K\u0101 pievienot\u0101 v\u0113rt\u012bba bik\u0161u viduk\u013ca aizmugure ir veidota no elast\u012bgas gumijas, kas nodro\u0161ina labu kust\u012bgumu. Piem\u0113rots servisa un biroja ap\u0123\u0113rbam, iztur ikdienas darba slodzi.  Materi\u0101ls: 67% p\u0101rstr\u0101d\u0101ts poliesters, 28% viskoze, 5% elast\u0101ns.(315mlg) Mazg\u0101t 40\u00b0 mazg\u0101t ve\u013cas ma\u0161\u012bn\u0101, nav nepiecie\u0161ama gludin\u0101\u0161ana. Audums p\u0101rbaud\u012bts ar Martindale testa sist\u0113mu: &gt; 90 000 nodilumiztur\u012bgs.  elast\u012bgs audums 14%  Izm\u0113ri (UK) 6\u201326.  Pieejamie garumi: Parastais-73 cm, Garais- 79 cm.  Bik\u0161u aug\u0161da\u013cas puse platums 12R izm\u0113ram- 17,5cm\" \/>\n<meta property=\"og:url\" content=\"https:\/\/simonjersey.eu\/lv\/produkts\/sieviesu-bikses-ar-videju-jostasvietu\/\" \/>\n<meta property=\"og:site_name\" content=\"Simon Jersey Latvija\" \/>\n<meta property=\"article:modified_time\" content=\"2024-11-25T10:23:37+00:00\" \/>\n<meta property=\"og:image\" content=\"https:\/\/simonjersey.eu\/lv\/wp-content\/uploads\/sites\/2\/2024\/11\/Naiste-jakk-denim-Denim-700-x-1050.jpg\" \/>\n\t<meta property=\"og:image:width\" content=\"700\" \/>\n\t<meta property=\"og:image:height\" content=\"1050\" \/>\n\t<meta property=\"og:image:type\" content=\"image\/jpeg\" \/>\n<meta name=\"twitter:card\" content=\"summary_large_image\" \/>\n<meta name=\"twitter:label1\" content=\"Est. reading time\" \/>\n\t<meta name=\"twitter:data1\" content=\"1 min\u016bte\" \/>\n<script type=\"application\/ld+json\" class=\"yoast-schema-graph\">{\"@context\":\"https:\/\/schema.org\",\"@graph\":[{\"@type\":\"WebPage\",\"@id\":\"https:\/\/simonjersey.eu\/lv\/produkts\/sieviesu-bikses-ar-videju-jostasvietu\/\",\"url\":\"https:\/\/simonjersey.eu\/lv\/produkts\/sieviesu-bikses-ar-videju-jostasvietu\/\",\"name\":\"Sievie\u0161u bikses ar vid\u0113ju jostasvietu - Simon Jersey Latvija\",\"isPartOf\":{\"@id\":\"https:\/\/simonjersey.eu\/lv\/#website\"},\"primaryImageOfPage\":{\"@id\":\"https:\/\/simonjersey.eu\/lv\/produkts\/sieviesu-bikses-ar-videju-jostasvietu\/#primaryimage\"},\"image\":{\"@id\":\"https:\/\/simonjersey.eu\/lv\/produkts\/sieviesu-bikses-ar-videju-jostasvietu\/#primaryimage\"},\"thumbnailUrl\":\"https:\/\/simonjersey.eu\/lv\/wp-content\/uploads\/sites\/2\/2024\/11\/Naiste-jakk-denim-Denim-700-x-1050.jpg\",\"datePublished\":\"2024-11-25T09:47:20+00:00\",\"dateModified\":\"2024-11-25T10:23:37+00:00\",\"breadcrumb\":{\"@id\":\"https:\/\/simonjersey.eu\/lv\/produkts\/sieviesu-bikses-ar-videju-jostasvietu\/#breadcrumb\"},\"inLanguage\":\"lv-LV\",\"potentialAction\":[{\"@type\":\"ReadAction\",\"target\":[\"https:\/\/simonjersey.eu\/lv\/produkts\/sieviesu-bikses-ar-videju-jostasvietu\/\"]}]},{\"@type\":\"ImageObject\",\"inLanguage\":\"lv-LV\",\"@id\":\"https:\/\/simonjersey.eu\/lv\/produkts\/sieviesu-bikses-ar-videju-jostasvietu\/#primaryimage\",\"url\":\"https:\/\/simonjersey.eu\/lv\/wp-content\/uploads\/sites\/2\/2024\/11\/Naiste-jakk-denim-Denim-700-x-1050.jpg\",\"contentUrl\":\"https:\/\/simonjersey.eu\/lv\/wp-content\/uploads\/sites\/2\/2024\/11\/Naiste-jakk-denim-Denim-700-x-1050.jpg\",\"width\":700,\"height\":1050},{\"@type\":\"BreadcrumbList\",\"@id\":\"https:\/\/simonjersey.eu\/lv\/produkts\/sieviesu-bikses-ar-videju-jostasvietu\/#breadcrumb\",\"itemListElement\":[{\"@type\":\"ListItem\",\"position\":1,\"name\":\"Home\",\"item\":\"https:\/\/simonjersey.eu\/lv\/\"},{\"@type\":\"ListItem\",\"position\":2,\"name\":\"E-veikals\",\"item\":\"https:\/\/simonjersey.eu\/lv\/e-veikals\/\"},{\"@type\":\"ListItem\",\"position\":3,\"name\":\"Sievie\u0161u bikses ar vid\u0113ju jostasvietu\"}]},{\"@type\":\"WebSite\",\"@id\":\"https:\/\/simonjersey.eu\/lv\/#website\",\"url\":\"https:\/\/simonjersey.eu\/lv\/\",\"name\":\"Simon Jersey Latvija\",\"description\":\"Kvalitat\u012bvi un iztur\u012bgi darba ap\u0123\u0113rbi\",\"potentialAction\":[{\"@type\":\"SearchAction\",\"target\":{\"@type\":\"EntryPoint\",\"urlTemplate\":\"https:\/\/simonjersey.eu\/lv\/?s={search_term_string}\"},\"query-input\":{\"@type\":\"PropertyValueSpecification\",\"valueRequired\":true,\"valueName\":\"search_term_string\"}}],\"inLanguage\":\"lv-LV\"}]}<\/script>\n<!-- \/ Yoast SEO plugin. -->","yoast_head_json":{"title":"Sievie\u0161u bikses ar vid\u0113ju jostasvietu - Simon Jersey Latvija","robots":{"index":"index","follow":"follow","max-snippet":"max-snippet:-1","max-image-preview":"max-image-preview:large","max-video-preview":"max-video-preview:-1"},"canonical":"https:\/\/simonjersey.eu\/lv\/produkts\/sieviesu-bikses-ar-videju-jostasvietu\/","og_locale":"lv_LV","og_type":"article","og_title":"Sievie\u0161u bikses ar vid\u0113ju jostasvietu - Simon Jersey Latvija","og_description":"Uz\u0146\u0113mumiem, kas v\u0113las izcelties un pied\u0101v\u0101t saviem darbiniekiem stil\u012bgu un modernu izskatu, mums ir jauna iesp\u0113ja. \u0160\u012bs s\u0113rijas formas t\u0113rpi ir ide\u0101li piem\u0113roti darbam bank\u0101, tirdzniec\u012bbas \u0113k\u0101, viesn\u012bc\u0101 un daudzos citos amatos pakalpojumu nozar\u0113.  Stil\u012bg\u0101s bikses ar vid\u0113ju jostasvietu ir gan \u0113rtas, gan elegantas, pateicoties labi izstieptam audumam.  K\u0101 pievienot\u0101 v\u0113rt\u012bba bik\u0161u viduk\u013ca aizmugure ir veidota no elast\u012bgas gumijas, kas nodro\u0161ina labu kust\u012bgumu. Piem\u0113rots servisa un biroja ap\u0123\u0113rbam, iztur ikdienas darba slodzi.  Materi\u0101ls: 67% p\u0101rstr\u0101d\u0101ts poliesters, 28% viskoze, 5% elast\u0101ns.(315mlg) Mazg\u0101t 40\u00b0 mazg\u0101t ve\u013cas ma\u0161\u012bn\u0101, nav nepiecie\u0161ama gludin\u0101\u0161ana. Audums p\u0101rbaud\u012bts ar Martindale testa sist\u0113mu: &gt; 90 000 nodilumiztur\u012bgs.  elast\u012bgs audums 14%  Izm\u0113ri (UK) 6\u201326.  Pieejamie garumi: Parastais-73 cm, Garais- 79 cm.  Bik\u0161u aug\u0161da\u013cas puse platums 12R izm\u0113ram- 17,5cm","og_url":"https:\/\/simonjersey.eu\/lv\/produkts\/sieviesu-bikses-ar-videju-jostasvietu\/","og_site_name":"Simon Jersey Latvija","article_modified_time":"2024-11-25T10:23:37+00:00","og_image":[{"width":700,"height":1050,"url":"https:\/\/simonjersey.eu\/lv\/wp-content\/uploads\/sites\/2\/2024\/11\/Naiste-jakk-denim-Denim-700-x-1050.jpg","type":"image\/jpeg"}],"twitter_card":"summary_large_image","twitter_misc":{"Est. reading time":"1 min\u016bte"},"schema":{"@context":"https:\/\/schema.org","@graph":[{"@type":"WebPage","@id":"https:\/\/simonjersey.eu\/lv\/produkts\/sieviesu-bikses-ar-videju-jostasvietu\/","url":"https:\/\/simonjersey.eu\/lv\/produkts\/sieviesu-bikses-ar-videju-jostasvietu\/","name":"Sievie\u0161u bikses ar vid\u0113ju jostasvietu - Simon Jersey Latvija","isPartOf":{"@id":"https:\/\/simonjersey.eu\/lv\/#website"},"primaryImageOfPage":{"@id":"https:\/\/simonjersey.eu\/lv\/produkts\/sieviesu-bikses-ar-videju-jostasvietu\/#primaryimage"},"image":{"@id":"https:\/\/simonjersey.eu\/lv\/produkts\/sieviesu-bikses-ar-videju-jostasvietu\/#primaryimage"},"thumbnailUrl":"https:\/\/simonjersey.eu\/lv\/wp-content\/uploads\/sites\/2\/2024\/11\/Naiste-jakk-denim-Denim-700-x-1050.jpg","datePublished":"2024-11-25T09:47:20+00:00","dateModified":"2024-11-25T10:23:37+00:00","breadcrumb":{"@id":"https:\/\/simonjersey.eu\/lv\/produkts\/sieviesu-bikses-ar-videju-jostasvietu\/#breadcrumb"},"inLanguage":"lv-LV","potentialAction":[{"@type":"ReadAction","target":["https:\/\/simonjersey.eu\/lv\/produkts\/sieviesu-bikses-ar-videju-jostasvietu\/"]}]},{"@type":"ImageObject","inLanguage":"lv-LV","@id":"https:\/\/simonjersey.eu\/lv\/produkts\/sieviesu-bikses-ar-videju-jostasvietu\/#primaryimage","url":"https:\/\/simonjersey.eu\/lv\/wp-content\/uploads\/sites\/2\/2024\/11\/Naiste-jakk-denim-Denim-700-x-1050.jpg","contentUrl":"https:\/\/simonjersey.eu\/lv\/wp-content\/uploads\/sites\/2\/2024\/11\/Naiste-jakk-denim-Denim-700-x-1050.jpg","width":700,"height":1050},{"@type":"BreadcrumbList","@id":"https:\/\/simonjersey.eu\/lv\/produkts\/sieviesu-bikses-ar-videju-jostasvietu\/#breadcrumb","itemListElement":[{"@type":"ListItem","position":1,"name":"Home","item":"https:\/\/simonjersey.eu\/lv\/"},{"@type":"ListItem","position":2,"name":"E-veikals","item":"https:\/\/simonjersey.eu\/lv\/e-veikals\/"},{"@type":"ListItem","position":3,"name":"Sievie\u0161u bikses ar vid\u0113ju jostasvietu"}]},{"@type":"WebSite","@id":"https:\/\/simonjersey.eu\/lv\/#website","url":"https:\/\/simonjersey.eu\/lv\/","name":"Simon Jersey Latvija","description":"Kvalitat\u012bvi un iztur\u012bgi darba ap\u0123\u0113rbi","potentialAction":[{"@type":"SearchAction","target":{"@type":"EntryPoint","urlTemplate":"https:\/\/simonjersey.eu\/lv\/?s={search_term_string}"},"query-input":{"@type":"PropertyValueSpecification","valueRequired":true,"valueName":"search_term_string"}}],"inLanguage":"lv-LV"}]}},"_links":{"self":[{"href":"https:\/\/simonjersey.eu\/lv\/wp-json\/wp\/v2\/product\/8103","targetHints":{"allow":["GET"]}}],"collection":[{"href":"https:\/\/simonjersey.eu\/lv\/wp-json\/wp\/v2\/product"}],"about":[{"href":"https:\/\/simonjersey.eu\/lv\/wp-json\/wp\/v2\/types\/product"}],"wp:featuredmedia":[{"embeddable":true,"href":"https:\/\/simonjersey.eu\/lv\/wp-json\/wp\/v2\/media\/8079"}],"wp:attachment":[{"href":"https:\/\/simonjersey.eu\/lv\/wp-json\/wp\/v2\/media?parent=8103"}],"wp:term":[{"taxonomy":"product_brand","embeddable":true,"href":"https:\/\/simonjersey.eu\/lv\/wp-json\/wp\/v2\/product_brand?post=8103"},{"taxonomy":"product_cat","embeddable":true,"href":"https:\/\/simonjersey.eu\/lv\/wp-json\/wp\/v2\/product_cat?post=8103"},{"taxonomy":"product_tag","embeddable":true,"href":"https:\/\/simonjersey.eu\/lv\/wp-json\/wp\/v2\/product_tag?post=8103"}],"curies":[{"name":"wp","href":"https:\/\/api.w.org\/{rel}","templated":true}]}}