{"id":8137,"date":"2024-11-25T13:28:50","date_gmt":"2024-11-25T10:28:50","guid":{"rendered":"https:\/\/simonjersey.eu\/lv\/?post_type=product&#038;p=8137"},"modified":"2024-11-25T13:32:46","modified_gmt":"2024-11-25T10:32:46","slug":"viriesu-veste-george","status":"publish","type":"product","link":"https:\/\/simonjersey.eu\/lv\/produkts\/viriesu-veste-george\/","title":{"rendered":"V\u012brie\u0161u veste George"},"content":{"rendered":"","protected":false},"excerpt":{"rendered":"<p>Sezonas jaunums, 5 pogu veste v\u012brie\u0161iem, nedaudz piegu\u013co\u0161s piegriezums, s\u0101nu kabatas, muguras odere un spr\u0101dze, nedaudz staip\u012bgs audums komfortam. Veste ir pieejama div\u0101s modern\u0101s kr\u0101s\u0101s.<\/p>\n<p>Materi\u0101ls: 67% p\u0101rstr\u0101d\u0101ts poliesters, 28% viskoze, 5% elast\u0101ns.(315mlg)<br \/>\nMazg\u0101t 40\u00b0 mazg\u0101t ve\u013cas ma\u0161\u012bn\u0101, nav nepiecie\u0161ama gludin\u0101\u0161ana.<br \/>\nAudums p\u0101rbaud\u012bts ar Martindale testa sist\u0113mu: &gt; 90 000 nodilumiztur\u012bgs.<\/p>\n<p>elast\u012bgs audums 14%<\/p>\n<p>Izm\u0113ri (UK) XS-XL<\/p>\n<p>XS (34&#8243; &#8211; 36&#8243;)<\/p>\n<p>S (38&#8243; &#8211; 40&#8243;)<\/p>\n<p>M (42&#8243; &#8211; 44&#8243;)<\/p>\n<p>L (46&#8243; &#8211; 48&#8243;)<\/p>\n<p>XL (50&#8243; &#8211; 52&#8243;)<\/p>\n<p>Garums: 63 cm M izm\u0113ram.<\/p>\n","protected":false},"featured_media":8140,"template":"","meta":[],"product_brand":[],"product_cat":[103,43,84,49,61,71,111],"product_tag":[],"class_list":{"0":"post-8137","1":"product","2":"type-product","3":"status-publish","4":"has-post-thumbnail","6":"product_cat-vestes-un-trikotaza-viriesiem-lietiskais-apgerbs","7":"product_cat-vestes-un-trikotaza-viriesiem","8":"product_cat-vestes-un-trikotaza-recepcija","9":"product_cat-kolekcijas","10":"product_cat-smart-casual-kolekcija","11":"product_cat-vestes-un-trikotaza-viriesiem-viesmiliba","12":"product_cat-vestes-un-trikotaza-2","14":"first","15":"instock","16":"taxable","17":"shipping-taxable","18":"purchasable","19":"product-type-variable","20":"has-default-attributes"},"yoast_head":"<!-- This site is optimized with the Yoast SEO plugin v27.2 - https:\/\/yoast.com\/product\/yoast-seo-wordpress\/ -->\n<title>V\u012brie\u0161u veste George - Simon Jersey Latvija<\/title>\n<meta name=\"robots\" content=\"index, follow, max-snippet:-1, max-image-preview:large, max-video-preview:-1\" \/>\n<link rel=\"canonical\" href=\"https:\/\/simonjersey.eu\/lv\/produkts\/viriesu-veste-george\/\" \/>\n<meta property=\"og:locale\" content=\"lv_LV\" \/>\n<meta property=\"og:type\" content=\"article\" \/>\n<meta property=\"og:title\" content=\"V\u012brie\u0161u veste George - Simon Jersey Latvija\" \/>\n<meta property=\"og:description\" content=\"Sezonas jaunums, 5 pogu veste v\u012brie\u0161iem, nedaudz piegu\u013co\u0161s piegriezums, s\u0101nu kabatas, muguras odere un spr\u0101dze, nedaudz staip\u012bgs audums komfortam. Veste ir pieejama div\u0101s modern\u0101s kr\u0101s\u0101s.  Materi\u0101ls: 67% p\u0101rstr\u0101d\u0101ts poliesters, 28% viskoze, 5% elast\u0101ns.(315mlg) Mazg\u0101t 40\u00b0 mazg\u0101t ve\u013cas ma\u0161\u012bn\u0101, nav nepiecie\u0161ama gludin\u0101\u0161ana. Audums p\u0101rbaud\u012bts ar Martindale testa sist\u0113mu: &gt; 90 000 nodilumiztur\u012bgs.  elast\u012bgs audums 14%  Izm\u0113ri (UK) XS-XL  XS (34&quot; - 36&quot;)  S (38&quot; - 40&quot;)  M (42&quot; - 44&quot;)  L (46&quot; - 48&quot;)  XL (50&quot; - 52&quot;)  Garums: 63 cm M izm\u0113ram.\" \/>\n<meta property=\"og:url\" content=\"https:\/\/simonjersey.eu\/lv\/produkts\/viriesu-veste-george\/\" \/>\n<meta property=\"og:site_name\" content=\"Simon Jersey Latvija\" \/>\n<meta property=\"article:modified_time\" content=\"2024-11-25T10:32:46+00:00\" \/>\n<meta property=\"og:image\" content=\"https:\/\/simonjersey.eu\/lv\/wp-content\/uploads\/sites\/2\/2024\/11\/George-Sand-Back-700-x-1050.jpg\" \/>\n\t<meta property=\"og:image:width\" content=\"700\" \/>\n\t<meta property=\"og:image:height\" content=\"1050\" \/>\n\t<meta property=\"og:image:type\" content=\"image\/jpeg\" \/>\n<meta name=\"twitter:card\" content=\"summary_large_image\" \/>\n<meta name=\"twitter:label1\" content=\"Est. reading time\" \/>\n\t<meta name=\"twitter:data1\" content=\"1 min\u016bte\" \/>\n<script type=\"application\/ld+json\" class=\"yoast-schema-graph\">{\"@context\":\"https:\/\/schema.org\",\"@graph\":[{\"@type\":\"WebPage\",\"@id\":\"https:\/\/simonjersey.eu\/lv\/produkts\/viriesu-veste-george\/\",\"url\":\"https:\/\/simonjersey.eu\/lv\/produkts\/viriesu-veste-george\/\",\"name\":\"V\u012brie\u0161u veste George - Simon Jersey Latvija\",\"isPartOf\":{\"@id\":\"https:\/\/simonjersey.eu\/lv\/#website\"},\"primaryImageOfPage\":{\"@id\":\"https:\/\/simonjersey.eu\/lv\/produkts\/viriesu-veste-george\/#primaryimage\"},\"image\":{\"@id\":\"https:\/\/simonjersey.eu\/lv\/produkts\/viriesu-veste-george\/#primaryimage\"},\"thumbnailUrl\":\"https:\/\/simonjersey.eu\/lv\/wp-content\/uploads\/sites\/2\/2024\/11\/George-Sand-Back-700-x-1050.jpg\",\"datePublished\":\"2024-11-25T10:28:50+00:00\",\"dateModified\":\"2024-11-25T10:32:46+00:00\",\"breadcrumb\":{\"@id\":\"https:\/\/simonjersey.eu\/lv\/produkts\/viriesu-veste-george\/#breadcrumb\"},\"inLanguage\":\"lv-LV\",\"potentialAction\":[{\"@type\":\"ReadAction\",\"target\":[\"https:\/\/simonjersey.eu\/lv\/produkts\/viriesu-veste-george\/\"]}]},{\"@type\":\"ImageObject\",\"inLanguage\":\"lv-LV\",\"@id\":\"https:\/\/simonjersey.eu\/lv\/produkts\/viriesu-veste-george\/#primaryimage\",\"url\":\"https:\/\/simonjersey.eu\/lv\/wp-content\/uploads\/sites\/2\/2024\/11\/George-Sand-Back-700-x-1050.jpg\",\"contentUrl\":\"https:\/\/simonjersey.eu\/lv\/wp-content\/uploads\/sites\/2\/2024\/11\/George-Sand-Back-700-x-1050.jpg\",\"width\":700,\"height\":1050},{\"@type\":\"BreadcrumbList\",\"@id\":\"https:\/\/simonjersey.eu\/lv\/produkts\/viriesu-veste-george\/#breadcrumb\",\"itemListElement\":[{\"@type\":\"ListItem\",\"position\":1,\"name\":\"Home\",\"item\":\"https:\/\/simonjersey.eu\/lv\/\"},{\"@type\":\"ListItem\",\"position\":2,\"name\":\"E-veikals\",\"item\":\"https:\/\/simonjersey.eu\/lv\/e-veikals\/\"},{\"@type\":\"ListItem\",\"position\":3,\"name\":\"V\u012brie\u0161u veste George\"}]},{\"@type\":\"WebSite\",\"@id\":\"https:\/\/simonjersey.eu\/lv\/#website\",\"url\":\"https:\/\/simonjersey.eu\/lv\/\",\"name\":\"Simon Jersey Latvija\",\"description\":\"Kvalitat\u012bvi un iztur\u012bgi darba ap\u0123\u0113rbi\",\"potentialAction\":[{\"@type\":\"SearchAction\",\"target\":{\"@type\":\"EntryPoint\",\"urlTemplate\":\"https:\/\/simonjersey.eu\/lv\/?s={search_term_string}\"},\"query-input\":{\"@type\":\"PropertyValueSpecification\",\"valueRequired\":true,\"valueName\":\"search_term_string\"}}],\"inLanguage\":\"lv-LV\"}]}<\/script>\n<!-- \/ Yoast SEO plugin. -->","yoast_head_json":{"title":"V\u012brie\u0161u veste George - Simon Jersey Latvija","robots":{"index":"index","follow":"follow","max-snippet":"max-snippet:-1","max-image-preview":"max-image-preview:large","max-video-preview":"max-video-preview:-1"},"canonical":"https:\/\/simonjersey.eu\/lv\/produkts\/viriesu-veste-george\/","og_locale":"lv_LV","og_type":"article","og_title":"V\u012brie\u0161u veste George - Simon Jersey Latvija","og_description":"Sezonas jaunums, 5 pogu veste v\u012brie\u0161iem, nedaudz piegu\u013co\u0161s piegriezums, s\u0101nu kabatas, muguras odere un spr\u0101dze, nedaudz staip\u012bgs audums komfortam. Veste ir pieejama div\u0101s modern\u0101s kr\u0101s\u0101s.  Materi\u0101ls: 67% p\u0101rstr\u0101d\u0101ts poliesters, 28% viskoze, 5% elast\u0101ns.(315mlg) Mazg\u0101t 40\u00b0 mazg\u0101t ve\u013cas ma\u0161\u012bn\u0101, nav nepiecie\u0161ama gludin\u0101\u0161ana. Audums p\u0101rbaud\u012bts ar Martindale testa sist\u0113mu: &gt; 90 000 nodilumiztur\u012bgs.  elast\u012bgs audums 14%  Izm\u0113ri (UK) XS-XL  XS (34\" - 36\")  S (38\" - 40\")  M (42\" - 44\")  L (46\" - 48\")  XL (50\" - 52\")  Garums: 63 cm M izm\u0113ram.","og_url":"https:\/\/simonjersey.eu\/lv\/produkts\/viriesu-veste-george\/","og_site_name":"Simon Jersey Latvija","article_modified_time":"2024-11-25T10:32:46+00:00","og_image":[{"width":700,"height":1050,"url":"https:\/\/simonjersey.eu\/lv\/wp-content\/uploads\/sites\/2\/2024\/11\/George-Sand-Back-700-x-1050.jpg","type":"image\/jpeg"}],"twitter_card":"summary_large_image","twitter_misc":{"Est. reading time":"1 min\u016bte"},"schema":{"@context":"https:\/\/schema.org","@graph":[{"@type":"WebPage","@id":"https:\/\/simonjersey.eu\/lv\/produkts\/viriesu-veste-george\/","url":"https:\/\/simonjersey.eu\/lv\/produkts\/viriesu-veste-george\/","name":"V\u012brie\u0161u veste George - Simon Jersey Latvija","isPartOf":{"@id":"https:\/\/simonjersey.eu\/lv\/#website"},"primaryImageOfPage":{"@id":"https:\/\/simonjersey.eu\/lv\/produkts\/viriesu-veste-george\/#primaryimage"},"image":{"@id":"https:\/\/simonjersey.eu\/lv\/produkts\/viriesu-veste-george\/#primaryimage"},"thumbnailUrl":"https:\/\/simonjersey.eu\/lv\/wp-content\/uploads\/sites\/2\/2024\/11\/George-Sand-Back-700-x-1050.jpg","datePublished":"2024-11-25T10:28:50+00:00","dateModified":"2024-11-25T10:32:46+00:00","breadcrumb":{"@id":"https:\/\/simonjersey.eu\/lv\/produkts\/viriesu-veste-george\/#breadcrumb"},"inLanguage":"lv-LV","potentialAction":[{"@type":"ReadAction","target":["https:\/\/simonjersey.eu\/lv\/produkts\/viriesu-veste-george\/"]}]},{"@type":"ImageObject","inLanguage":"lv-LV","@id":"https:\/\/simonjersey.eu\/lv\/produkts\/viriesu-veste-george\/#primaryimage","url":"https:\/\/simonjersey.eu\/lv\/wp-content\/uploads\/sites\/2\/2024\/11\/George-Sand-Back-700-x-1050.jpg","contentUrl":"https:\/\/simonjersey.eu\/lv\/wp-content\/uploads\/sites\/2\/2024\/11\/George-Sand-Back-700-x-1050.jpg","width":700,"height":1050},{"@type":"BreadcrumbList","@id":"https:\/\/simonjersey.eu\/lv\/produkts\/viriesu-veste-george\/#breadcrumb","itemListElement":[{"@type":"ListItem","position":1,"name":"Home","item":"https:\/\/simonjersey.eu\/lv\/"},{"@type":"ListItem","position":2,"name":"E-veikals","item":"https:\/\/simonjersey.eu\/lv\/e-veikals\/"},{"@type":"ListItem","position":3,"name":"V\u012brie\u0161u veste George"}]},{"@type":"WebSite","@id":"https:\/\/simonjersey.eu\/lv\/#website","url":"https:\/\/simonjersey.eu\/lv\/","name":"Simon Jersey Latvija","description":"Kvalitat\u012bvi un iztur\u012bgi darba ap\u0123\u0113rbi","potentialAction":[{"@type":"SearchAction","target":{"@type":"EntryPoint","urlTemplate":"https:\/\/simonjersey.eu\/lv\/?s={search_term_string}"},"query-input":{"@type":"PropertyValueSpecification","valueRequired":true,"valueName":"search_term_string"}}],"inLanguage":"lv-LV"}]}},"_links":{"self":[{"href":"https:\/\/simonjersey.eu\/lv\/wp-json\/wp\/v2\/product\/8137","targetHints":{"allow":["GET"]}}],"collection":[{"href":"https:\/\/simonjersey.eu\/lv\/wp-json\/wp\/v2\/product"}],"about":[{"href":"https:\/\/simonjersey.eu\/lv\/wp-json\/wp\/v2\/types\/product"}],"wp:featuredmedia":[{"embeddable":true,"href":"https:\/\/simonjersey.eu\/lv\/wp-json\/wp\/v2\/media\/8140"}],"wp:attachment":[{"href":"https:\/\/simonjersey.eu\/lv\/wp-json\/wp\/v2\/media?parent=8137"}],"wp:term":[{"taxonomy":"product_brand","embeddable":true,"href":"https:\/\/simonjersey.eu\/lv\/wp-json\/wp\/v2\/product_brand?post=8137"},{"taxonomy":"product_cat","embeddable":true,"href":"https:\/\/simonjersey.eu\/lv\/wp-json\/wp\/v2\/product_cat?post=8137"},{"taxonomy":"product_tag","embeddable":true,"href":"https:\/\/simonjersey.eu\/lv\/wp-json\/wp\/v2\/product_tag?post=8137"}],"curies":[{"name":"wp","href":"https:\/\/api.w.org\/{rel}","templated":true}]}}