{"id":8226,"date":"2025-01-29T15:24:46","date_gmt":"2025-01-29T12:24:46","guid":{"rendered":"https:\/\/simonjersey.eu\/lv\/?post_type=product&#038;p=8226"},"modified":"2025-02-06T16:15:41","modified_gmt":"2025-02-06T13:15:41","slug":"unisex-dickies-mediciniskie-vacini","status":"publish","type":"product","link":"https:\/\/simonjersey.eu\/lv\/produkts\/unisex-dickies-mediciniskie-vacini\/","title":{"rendered":"Unisex Dickies Medic\u012bniskie v\u0101ci\u0146i"},"content":{"rendered":"","protected":false},"excerpt":{"rendered":"<p>UNISEX medic\u012bnisk\u0101s \u0137irur\u0123ijas v\u0101ci\u0146\u0161, pateicoties materi\u0101lam, v\u0101ci\u0146\u0161 est\u0113tiski piel\u0101gojas galvas izm\u0113ram, aizmugur\u0113 sasienams ar lent\u012bti, regul\u0113jams. Medic\u012bnisk\u0101 cepure \u012bpa\u0161i ieteicama \u0101rstiem un medm\u0101s\u0101m oper\u0101ciju z\u0101l\u0113.<\/p>\n<p>Materi\u0101ls: 95% Poliesters, 5% Spandex Twill<\/p>\n<p>Kop\u0161ana: 60\u00b0 ve\u013cas ma\u0161\u012bn\u0101, viegli kopjama.<br \/>\nIzm\u0113ri : one size, Apk\u0101rtm\u0113rs 60-61cm. Elast\u012bgs materi\u0101ls.<\/p>\n","protected":false},"featured_media":8235,"template":"","meta":[],"product_brand":[],"product_cat":[486,93,72,73,77,75,57],"product_tag":[],"class_list":{"0":"post-8226","1":"product","2":"type-product","3":"status-publish","4":"has-post-thumbnail","6":"product_cat-dickies-cherokee-darba-apgerbs","7":"product_cat-aksesuari-lietiskais-apgerbs","8":"product_cat-veselibas-aprupe","9":"product_cat-arsti-un-medmasas","10":"product_cat-kleitas-arsti-un-medmasas","11":"product_cat-viriesu-tunikas","12":"product_cat-aksesuari-viesmiliba","14":"first","15":"instock","16":"taxable","17":"shipping-taxable","18":"purchasable","19":"product-type-variable"},"yoast_head":"<!-- This site is optimized with the Yoast SEO plugin v27.2 - https:\/\/yoast.com\/product\/yoast-seo-wordpress\/ -->\n<title>Unisex Dickies Medic\u012bniskie v\u0101ci\u0146i - Simon Jersey Latvija<\/title>\n<meta name=\"robots\" content=\"index, follow, max-snippet:-1, max-image-preview:large, max-video-preview:-1\" \/>\n<link rel=\"canonical\" href=\"https:\/\/simonjersey.eu\/lv\/produkts\/unisex-dickies-mediciniskie-vacini\/\" \/>\n<meta property=\"og:locale\" content=\"lv_LV\" \/>\n<meta property=\"og:type\" content=\"article\" \/>\n<meta property=\"og:title\" content=\"Unisex Dickies Medic\u012bniskie v\u0101ci\u0146i - Simon Jersey Latvija\" \/>\n<meta property=\"og:description\" content=\"UNISEX medic\u012bnisk\u0101s \u0137irur\u0123ijas v\u0101ci\u0146\u0161, pateicoties materi\u0101lam, v\u0101ci\u0146\u0161 est\u0113tiski piel\u0101gojas galvas izm\u0113ram, aizmugur\u0113 sasienams ar lent\u012bti, regul\u0113jams. Medic\u012bnisk\u0101 cepure \u012bpa\u0161i ieteicama \u0101rstiem un medm\u0101s\u0101m oper\u0101ciju z\u0101l\u0113.  Materi\u0101ls: 95% Poliesters, 5% Spandex Twill  Kop\u0161ana: 60\u00b0 ve\u013cas ma\u0161\u012bn\u0101, viegli kopjama. Izm\u0113ri : one size, Apk\u0101rtm\u0113rs 60-61cm. Elast\u012bgs materi\u0101ls.\" \/>\n<meta property=\"og:url\" content=\"https:\/\/simonjersey.eu\/lv\/produkts\/unisex-dickies-mediciniskie-vacini\/\" \/>\n<meta property=\"og:site_name\" content=\"Simon Jersey Latvija\" \/>\n<meta property=\"article:modified_time\" content=\"2025-02-06T13:15:41+00:00\" \/>\n<meta property=\"og:image\" content=\"https:\/\/simonjersey.eu\/lv\/wp-content\/uploads\/sites\/2\/2025\/01\/DKE502_operatsioonimuts-sinine-kuljelt.jpg\" \/>\n\t<meta property=\"og:image:width\" content=\"1100\" \/>\n\t<meta property=\"og:image:height\" content=\"1600\" \/>\n\t<meta property=\"og:image:type\" content=\"image\/jpeg\" \/>\n<meta name=\"twitter:card\" content=\"summary_large_image\" \/>\n<meta name=\"twitter:label1\" content=\"Est. reading time\" \/>\n\t<meta name=\"twitter:data1\" content=\"1 min\u016bte\" \/>\n<script type=\"application\/ld+json\" class=\"yoast-schema-graph\">{\"@context\":\"https:\/\/schema.org\",\"@graph\":[{\"@type\":\"WebPage\",\"@id\":\"https:\/\/simonjersey.eu\/lv\/produkts\/unisex-dickies-mediciniskie-vacini\/\",\"url\":\"https:\/\/simonjersey.eu\/lv\/produkts\/unisex-dickies-mediciniskie-vacini\/\",\"name\":\"Unisex Dickies Medic\u012bniskie v\u0101ci\u0146i - Simon Jersey Latvija\",\"isPartOf\":{\"@id\":\"https:\/\/simonjersey.eu\/lv\/#website\"},\"primaryImageOfPage\":{\"@id\":\"https:\/\/simonjersey.eu\/lv\/produkts\/unisex-dickies-mediciniskie-vacini\/#primaryimage\"},\"image\":{\"@id\":\"https:\/\/simonjersey.eu\/lv\/produkts\/unisex-dickies-mediciniskie-vacini\/#primaryimage\"},\"thumbnailUrl\":\"https:\/\/simonjersey.eu\/lv\/wp-content\/uploads\/sites\/2\/2025\/01\/DKE502_operatsioonimuts-sinine-kuljelt.jpg\",\"datePublished\":\"2025-01-29T12:24:46+00:00\",\"dateModified\":\"2025-02-06T13:15:41+00:00\",\"breadcrumb\":{\"@id\":\"https:\/\/simonjersey.eu\/lv\/produkts\/unisex-dickies-mediciniskie-vacini\/#breadcrumb\"},\"inLanguage\":\"lv-LV\",\"potentialAction\":[{\"@type\":\"ReadAction\",\"target\":[\"https:\/\/simonjersey.eu\/lv\/produkts\/unisex-dickies-mediciniskie-vacini\/\"]}]},{\"@type\":\"ImageObject\",\"inLanguage\":\"lv-LV\",\"@id\":\"https:\/\/simonjersey.eu\/lv\/produkts\/unisex-dickies-mediciniskie-vacini\/#primaryimage\",\"url\":\"https:\/\/simonjersey.eu\/lv\/wp-content\/uploads\/sites\/2\/2025\/01\/DKE502_operatsioonimuts-sinine-kuljelt.jpg\",\"contentUrl\":\"https:\/\/simonjersey.eu\/lv\/wp-content\/uploads\/sites\/2\/2025\/01\/DKE502_operatsioonimuts-sinine-kuljelt.jpg\",\"width\":1100,\"height\":1600},{\"@type\":\"BreadcrumbList\",\"@id\":\"https:\/\/simonjersey.eu\/lv\/produkts\/unisex-dickies-mediciniskie-vacini\/#breadcrumb\",\"itemListElement\":[{\"@type\":\"ListItem\",\"position\":1,\"name\":\"Home\",\"item\":\"https:\/\/simonjersey.eu\/lv\/\"},{\"@type\":\"ListItem\",\"position\":2,\"name\":\"E-veikals\",\"item\":\"https:\/\/simonjersey.eu\/lv\/e-veikals\/\"},{\"@type\":\"ListItem\",\"position\":3,\"name\":\"Unisex Dickies Medic\u012bniskie v\u0101ci\u0146i\"}]},{\"@type\":\"WebSite\",\"@id\":\"https:\/\/simonjersey.eu\/lv\/#website\",\"url\":\"https:\/\/simonjersey.eu\/lv\/\",\"name\":\"Simon Jersey Latvija\",\"description\":\"Kvalitat\u012bvi un iztur\u012bgi darba ap\u0123\u0113rbi\",\"potentialAction\":[{\"@type\":\"SearchAction\",\"target\":{\"@type\":\"EntryPoint\",\"urlTemplate\":\"https:\/\/simonjersey.eu\/lv\/?s={search_term_string}\"},\"query-input\":{\"@type\":\"PropertyValueSpecification\",\"valueRequired\":true,\"valueName\":\"search_term_string\"}}],\"inLanguage\":\"lv-LV\"}]}<\/script>\n<!-- \/ Yoast SEO plugin. -->","yoast_head_json":{"title":"Unisex Dickies Medic\u012bniskie v\u0101ci\u0146i - Simon Jersey Latvija","robots":{"index":"index","follow":"follow","max-snippet":"max-snippet:-1","max-image-preview":"max-image-preview:large","max-video-preview":"max-video-preview:-1"},"canonical":"https:\/\/simonjersey.eu\/lv\/produkts\/unisex-dickies-mediciniskie-vacini\/","og_locale":"lv_LV","og_type":"article","og_title":"Unisex Dickies Medic\u012bniskie v\u0101ci\u0146i - Simon Jersey Latvija","og_description":"UNISEX medic\u012bnisk\u0101s \u0137irur\u0123ijas v\u0101ci\u0146\u0161, pateicoties materi\u0101lam, v\u0101ci\u0146\u0161 est\u0113tiski piel\u0101gojas galvas izm\u0113ram, aizmugur\u0113 sasienams ar lent\u012bti, regul\u0113jams. Medic\u012bnisk\u0101 cepure \u012bpa\u0161i ieteicama \u0101rstiem un medm\u0101s\u0101m oper\u0101ciju z\u0101l\u0113.  Materi\u0101ls: 95% Poliesters, 5% Spandex Twill  Kop\u0161ana: 60\u00b0 ve\u013cas ma\u0161\u012bn\u0101, viegli kopjama. Izm\u0113ri : one size, Apk\u0101rtm\u0113rs 60-61cm. Elast\u012bgs materi\u0101ls.","og_url":"https:\/\/simonjersey.eu\/lv\/produkts\/unisex-dickies-mediciniskie-vacini\/","og_site_name":"Simon Jersey Latvija","article_modified_time":"2025-02-06T13:15:41+00:00","og_image":[{"width":1100,"height":1600,"url":"https:\/\/simonjersey.eu\/lv\/wp-content\/uploads\/sites\/2\/2025\/01\/DKE502_operatsioonimuts-sinine-kuljelt.jpg","type":"image\/jpeg"}],"twitter_card":"summary_large_image","twitter_misc":{"Est. reading time":"1 min\u016bte"},"schema":{"@context":"https:\/\/schema.org","@graph":[{"@type":"WebPage","@id":"https:\/\/simonjersey.eu\/lv\/produkts\/unisex-dickies-mediciniskie-vacini\/","url":"https:\/\/simonjersey.eu\/lv\/produkts\/unisex-dickies-mediciniskie-vacini\/","name":"Unisex Dickies Medic\u012bniskie v\u0101ci\u0146i - Simon Jersey Latvija","isPartOf":{"@id":"https:\/\/simonjersey.eu\/lv\/#website"},"primaryImageOfPage":{"@id":"https:\/\/simonjersey.eu\/lv\/produkts\/unisex-dickies-mediciniskie-vacini\/#primaryimage"},"image":{"@id":"https:\/\/simonjersey.eu\/lv\/produkts\/unisex-dickies-mediciniskie-vacini\/#primaryimage"},"thumbnailUrl":"https:\/\/simonjersey.eu\/lv\/wp-content\/uploads\/sites\/2\/2025\/01\/DKE502_operatsioonimuts-sinine-kuljelt.jpg","datePublished":"2025-01-29T12:24:46+00:00","dateModified":"2025-02-06T13:15:41+00:00","breadcrumb":{"@id":"https:\/\/simonjersey.eu\/lv\/produkts\/unisex-dickies-mediciniskie-vacini\/#breadcrumb"},"inLanguage":"lv-LV","potentialAction":[{"@type":"ReadAction","target":["https:\/\/simonjersey.eu\/lv\/produkts\/unisex-dickies-mediciniskie-vacini\/"]}]},{"@type":"ImageObject","inLanguage":"lv-LV","@id":"https:\/\/simonjersey.eu\/lv\/produkts\/unisex-dickies-mediciniskie-vacini\/#primaryimage","url":"https:\/\/simonjersey.eu\/lv\/wp-content\/uploads\/sites\/2\/2025\/01\/DKE502_operatsioonimuts-sinine-kuljelt.jpg","contentUrl":"https:\/\/simonjersey.eu\/lv\/wp-content\/uploads\/sites\/2\/2025\/01\/DKE502_operatsioonimuts-sinine-kuljelt.jpg","width":1100,"height":1600},{"@type":"BreadcrumbList","@id":"https:\/\/simonjersey.eu\/lv\/produkts\/unisex-dickies-mediciniskie-vacini\/#breadcrumb","itemListElement":[{"@type":"ListItem","position":1,"name":"Home","item":"https:\/\/simonjersey.eu\/lv\/"},{"@type":"ListItem","position":2,"name":"E-veikals","item":"https:\/\/simonjersey.eu\/lv\/e-veikals\/"},{"@type":"ListItem","position":3,"name":"Unisex Dickies Medic\u012bniskie v\u0101ci\u0146i"}]},{"@type":"WebSite","@id":"https:\/\/simonjersey.eu\/lv\/#website","url":"https:\/\/simonjersey.eu\/lv\/","name":"Simon Jersey Latvija","description":"Kvalitat\u012bvi un iztur\u012bgi darba ap\u0123\u0113rbi","potentialAction":[{"@type":"SearchAction","target":{"@type":"EntryPoint","urlTemplate":"https:\/\/simonjersey.eu\/lv\/?s={search_term_string}"},"query-input":{"@type":"PropertyValueSpecification","valueRequired":true,"valueName":"search_term_string"}}],"inLanguage":"lv-LV"}]}},"_links":{"self":[{"href":"https:\/\/simonjersey.eu\/lv\/wp-json\/wp\/v2\/product\/8226","targetHints":{"allow":["GET"]}}],"collection":[{"href":"https:\/\/simonjersey.eu\/lv\/wp-json\/wp\/v2\/product"}],"about":[{"href":"https:\/\/simonjersey.eu\/lv\/wp-json\/wp\/v2\/types\/product"}],"wp:featuredmedia":[{"embeddable":true,"href":"https:\/\/simonjersey.eu\/lv\/wp-json\/wp\/v2\/media\/8235"}],"wp:attachment":[{"href":"https:\/\/simonjersey.eu\/lv\/wp-json\/wp\/v2\/media?parent=8226"}],"wp:term":[{"taxonomy":"product_brand","embeddable":true,"href":"https:\/\/simonjersey.eu\/lv\/wp-json\/wp\/v2\/product_brand?post=8226"},{"taxonomy":"product_cat","embeddable":true,"href":"https:\/\/simonjersey.eu\/lv\/wp-json\/wp\/v2\/product_cat?post=8226"},{"taxonomy":"product_tag","embeddable":true,"href":"https:\/\/simonjersey.eu\/lv\/wp-json\/wp\/v2\/product_tag?post=8226"}],"curies":[{"name":"wp","href":"https:\/\/api.w.org\/{rel}","templated":true}]}}