{"id":825,"date":"2019-06-29T15:48:02","date_gmt":"2019-06-29T12:48:02","guid":{"rendered":"https:\/\/simonjersey.eu\/lv\/?post_type=product&#038;p=825"},"modified":"2023-11-23T15:43:36","modified_gmt":"2023-11-23T12:43:36","slug":"simon-jersey-bluze-ar-garam-piedurknem","status":"publish","type":"product","link":"https:\/\/simonjersey.eu\/lv\/produkts\/simon-jersey-bluze-ar-garam-piedurknem\/","title":{"rendered":"Simon Jersey bl\u016bze ar gar\u0101m piedurkn\u0113m"},"content":{"rendered":"","protected":false},"excerpt":{"rendered":"<p>\u0160\u012b popul\u0101r\u0101 bl\u016bze ar gar\u0101m piedurkn\u0113m ir pieejama da\u017e\u0101d\u0101s kr\u0101s\u0101s, lai j\u016bs to var\u0113tu piel\u0101got uz\u0146\u0113muma t\u0113lam.<br \/>\nT\u0101 nodro\u0161in\u0101s \u0113rtas saj\u016btas visas dienas garum\u0101, k\u0101 ar\u012b izskat\u012bsies lieliski ilgtermi\u0146\u0101.<br \/>\nSimon Jersey <a href=\"https:\/\/simonjersey.eu\/lv\/produkts\/simon-jersey-bluze-ar-isam-piedurknem\/\">bl\u016bze ar \u012bs\u0101m piedurkn\u0113m \u0161eit<\/a>.<\/p>\n<p>Materi\u0101ls: 65% poliesters 35% kokvilna<br \/>\nKop\u0161ana: Mazg\u0101t 30\u00b0 ve\u013cas ma\u0161\u012bn\u0101 ve\u013cas ma\u0161\u012bn\u0101, viegla kop\u0161ana, nav nepiecie\u0161ama gludin\u0101\u0161ana.<br \/>\nIzm\u0113ri (UK): 6-26.<\/p>\n<p><a href=\"https:\/\/simonjersey.eu\/lv\/produkts\/simon-jersey-viriesu-krekls-ar-garam-piedurknem\/\">V\u012brie\u0161u dizaini \u0161eit!<\/a><\/p>\n","protected":false},"featured_media":6139,"template":"","meta":[],"product_brand":[],"product_cat":[15,89,94,24,34,50,62,105],"product_tag":[280,300,293],"class_list":{"0":"post-825","1":"product","2":"type-product","3":"status-publish","4":"has-post-thumbnail","6":"product_cat-lietiskais-apgerbs","7":"product_cat-sievietem-lietiskais-apgerbs","8":"product_cat-bluzes-sievietem-lietiskais-apgerbs","9":"product_cat-sievietem","10":"product_cat-bluzes","11":"product_cat-sievietem-viesmiliba","12":"product_cat-bluzes-sievietem-viesmiliba","13":"product_cat-sieviesu-bluzes","14":"product_tag-sieviesu-bluze","15":"product_tag-stiligs-apgerbs-kafejnicam","16":"product_tag-uniformas-restoraniem","18":"first","19":"instock","20":"featured","21":"taxable","22":"shipping-taxable","23":"purchasable","24":"product-type-variable","25":"has-default-attributes"},"yoast_head":"<!-- This site is optimized with the Yoast SEO plugin v27.2 - https:\/\/yoast.com\/product\/yoast-seo-wordpress\/ -->\n<title>Uniformas restor\u0101niem - Simon Jersey Latvija<\/title>\n<meta name=\"description\" content=\"\u0160\u012b popul\u0101r\u0101 bl\u016bze ar gar\u0101m piedurkn\u0113m ir pieejama da\u017e\u0101d\u0101s kr\u0101s\u0101s, lai j\u016bs to var\u0113tu piel\u0101got uz\u0146\u0113muma t\u0113lam. T\u0101 nodro\u0161in\u0101s \u0113rtas saj\u016btas visas dienas garum\u0101\" \/>\n<meta name=\"robots\" content=\"index, follow, max-snippet:-1, max-image-preview:large, max-video-preview:-1\" \/>\n<link rel=\"canonical\" href=\"https:\/\/simonjersey.eu\/lv\/produkts\/simon-jersey-bluze-ar-garam-piedurknem\/\" \/>\n<meta property=\"og:locale\" content=\"lv_LV\" \/>\n<meta property=\"og:type\" content=\"article\" \/>\n<meta property=\"og:title\" content=\"Uniformas restor\u0101niem - Simon Jersey Latvija\" \/>\n<meta property=\"og:description\" content=\"\u0160\u012b popul\u0101r\u0101 bl\u016bze ar gar\u0101m piedurkn\u0113m ir pieejama da\u017e\u0101d\u0101s kr\u0101s\u0101s, lai j\u016bs to var\u0113tu piel\u0101got uz\u0146\u0113muma t\u0113lam. T\u0101 nodro\u0161in\u0101s \u0113rtas saj\u016btas visas dienas garum\u0101\" \/>\n<meta property=\"og:url\" content=\"https:\/\/simonjersey.eu\/lv\/produkts\/simon-jersey-bluze-ar-garam-piedurknem\/\" \/>\n<meta property=\"og:site_name\" content=\"Simon Jersey Latvija\" \/>\n<meta property=\"article:modified_time\" content=\"2023-11-23T12:43:36+00:00\" \/>\n<meta property=\"og:image\" content=\"https:\/\/simonjersey.eu\/lv\/wp-content\/uploads\/sites\/2\/2019\/06\/FB0074.jpg\" \/>\n\t<meta property=\"og:image:width\" content=\"1000\" \/>\n\t<meta property=\"og:image:height\" content=\"1500\" \/>\n\t<meta property=\"og:image:type\" content=\"image\/jpeg\" \/>\n<meta name=\"twitter:card\" content=\"summary_large_image\" \/>\n<script type=\"application\/ld+json\" class=\"yoast-schema-graph\">{\"@context\":\"https:\/\/schema.org\",\"@graph\":[{\"@type\":\"WebPage\",\"@id\":\"https:\/\/simonjersey.eu\/lv\/produkts\/simon-jersey-bluze-ar-garam-piedurknem\/\",\"url\":\"https:\/\/simonjersey.eu\/lv\/produkts\/simon-jersey-bluze-ar-garam-piedurknem\/\",\"name\":\"Uniformas restor\u0101niem - Simon Jersey Latvija\",\"isPartOf\":{\"@id\":\"https:\/\/simonjersey.eu\/lv\/#website\"},\"primaryImageOfPage\":{\"@id\":\"https:\/\/simonjersey.eu\/lv\/produkts\/simon-jersey-bluze-ar-garam-piedurknem\/#primaryimage\"},\"image\":{\"@id\":\"https:\/\/simonjersey.eu\/lv\/produkts\/simon-jersey-bluze-ar-garam-piedurknem\/#primaryimage\"},\"thumbnailUrl\":\"https:\/\/simonjersey.eu\/lv\/wp-content\/uploads\/sites\/2\/2019\/06\/FB0074.jpg\",\"datePublished\":\"2019-06-29T12:48:02+00:00\",\"dateModified\":\"2023-11-23T12:43:36+00:00\",\"description\":\"\u0160\u012b popul\u0101r\u0101 bl\u016bze ar gar\u0101m piedurkn\u0113m ir pieejama da\u017e\u0101d\u0101s kr\u0101s\u0101s, lai j\u016bs to var\u0113tu piel\u0101got uz\u0146\u0113muma t\u0113lam. T\u0101 nodro\u0161in\u0101s \u0113rtas saj\u016btas visas dienas garum\u0101\",\"breadcrumb\":{\"@id\":\"https:\/\/simonjersey.eu\/lv\/produkts\/simon-jersey-bluze-ar-garam-piedurknem\/#breadcrumb\"},\"inLanguage\":\"lv-LV\",\"potentialAction\":[{\"@type\":\"ReadAction\",\"target\":[\"https:\/\/simonjersey.eu\/lv\/produkts\/simon-jersey-bluze-ar-garam-piedurknem\/\"]}]},{\"@type\":\"ImageObject\",\"inLanguage\":\"lv-LV\",\"@id\":\"https:\/\/simonjersey.eu\/lv\/produkts\/simon-jersey-bluze-ar-garam-piedurknem\/#primaryimage\",\"url\":\"https:\/\/simonjersey.eu\/lv\/wp-content\/uploads\/sites\/2\/2019\/06\/FB0074.jpg\",\"contentUrl\":\"https:\/\/simonjersey.eu\/lv\/wp-content\/uploads\/sites\/2\/2019\/06\/FB0074.jpg\",\"width\":1000,\"height\":1500},{\"@type\":\"BreadcrumbList\",\"@id\":\"https:\/\/simonjersey.eu\/lv\/produkts\/simon-jersey-bluze-ar-garam-piedurknem\/#breadcrumb\",\"itemListElement\":[{\"@type\":\"ListItem\",\"position\":1,\"name\":\"Home\",\"item\":\"https:\/\/simonjersey.eu\/lv\/\"},{\"@type\":\"ListItem\",\"position\":2,\"name\":\"E-veikals\",\"item\":\"https:\/\/simonjersey.eu\/lv\/e-veikals\/\"},{\"@type\":\"ListItem\",\"position\":3,\"name\":\"Simon Jersey bl\u016bze ar gar\u0101m piedurkn\u0113m\"}]},{\"@type\":\"WebSite\",\"@id\":\"https:\/\/simonjersey.eu\/lv\/#website\",\"url\":\"https:\/\/simonjersey.eu\/lv\/\",\"name\":\"Simon Jersey Latvija\",\"description\":\"Kvalitat\u012bvi un iztur\u012bgi darba ap\u0123\u0113rbi\",\"potentialAction\":[{\"@type\":\"SearchAction\",\"target\":{\"@type\":\"EntryPoint\",\"urlTemplate\":\"https:\/\/simonjersey.eu\/lv\/?s={search_term_string}\"},\"query-input\":{\"@type\":\"PropertyValueSpecification\",\"valueRequired\":true,\"valueName\":\"search_term_string\"}}],\"inLanguage\":\"lv-LV\"}]}<\/script>\n<!-- \/ Yoast SEO plugin. -->","yoast_head_json":{"title":"Uniformas restor\u0101niem - Simon Jersey Latvija","description":"\u0160\u012b popul\u0101r\u0101 bl\u016bze ar gar\u0101m piedurkn\u0113m ir pieejama da\u017e\u0101d\u0101s kr\u0101s\u0101s, lai j\u016bs to var\u0113tu piel\u0101got uz\u0146\u0113muma t\u0113lam. T\u0101 nodro\u0161in\u0101s \u0113rtas saj\u016btas visas dienas garum\u0101","robots":{"index":"index","follow":"follow","max-snippet":"max-snippet:-1","max-image-preview":"max-image-preview:large","max-video-preview":"max-video-preview:-1"},"canonical":"https:\/\/simonjersey.eu\/lv\/produkts\/simon-jersey-bluze-ar-garam-piedurknem\/","og_locale":"lv_LV","og_type":"article","og_title":"Uniformas restor\u0101niem - Simon Jersey Latvija","og_description":"\u0160\u012b popul\u0101r\u0101 bl\u016bze ar gar\u0101m piedurkn\u0113m ir pieejama da\u017e\u0101d\u0101s kr\u0101s\u0101s, lai j\u016bs to var\u0113tu piel\u0101got uz\u0146\u0113muma t\u0113lam. T\u0101 nodro\u0161in\u0101s \u0113rtas saj\u016btas visas dienas garum\u0101","og_url":"https:\/\/simonjersey.eu\/lv\/produkts\/simon-jersey-bluze-ar-garam-piedurknem\/","og_site_name":"Simon Jersey Latvija","article_modified_time":"2023-11-23T12:43:36+00:00","og_image":[{"width":1000,"height":1500,"url":"https:\/\/simonjersey.eu\/lv\/wp-content\/uploads\/sites\/2\/2019\/06\/FB0074.jpg","type":"image\/jpeg"}],"twitter_card":"summary_large_image","schema":{"@context":"https:\/\/schema.org","@graph":[{"@type":"WebPage","@id":"https:\/\/simonjersey.eu\/lv\/produkts\/simon-jersey-bluze-ar-garam-piedurknem\/","url":"https:\/\/simonjersey.eu\/lv\/produkts\/simon-jersey-bluze-ar-garam-piedurknem\/","name":"Uniformas restor\u0101niem - Simon Jersey Latvija","isPartOf":{"@id":"https:\/\/simonjersey.eu\/lv\/#website"},"primaryImageOfPage":{"@id":"https:\/\/simonjersey.eu\/lv\/produkts\/simon-jersey-bluze-ar-garam-piedurknem\/#primaryimage"},"image":{"@id":"https:\/\/simonjersey.eu\/lv\/produkts\/simon-jersey-bluze-ar-garam-piedurknem\/#primaryimage"},"thumbnailUrl":"https:\/\/simonjersey.eu\/lv\/wp-content\/uploads\/sites\/2\/2019\/06\/FB0074.jpg","datePublished":"2019-06-29T12:48:02+00:00","dateModified":"2023-11-23T12:43:36+00:00","description":"\u0160\u012b popul\u0101r\u0101 bl\u016bze ar gar\u0101m piedurkn\u0113m ir pieejama da\u017e\u0101d\u0101s kr\u0101s\u0101s, lai j\u016bs to var\u0113tu piel\u0101got uz\u0146\u0113muma t\u0113lam. T\u0101 nodro\u0161in\u0101s \u0113rtas saj\u016btas visas dienas garum\u0101","breadcrumb":{"@id":"https:\/\/simonjersey.eu\/lv\/produkts\/simon-jersey-bluze-ar-garam-piedurknem\/#breadcrumb"},"inLanguage":"lv-LV","potentialAction":[{"@type":"ReadAction","target":["https:\/\/simonjersey.eu\/lv\/produkts\/simon-jersey-bluze-ar-garam-piedurknem\/"]}]},{"@type":"ImageObject","inLanguage":"lv-LV","@id":"https:\/\/simonjersey.eu\/lv\/produkts\/simon-jersey-bluze-ar-garam-piedurknem\/#primaryimage","url":"https:\/\/simonjersey.eu\/lv\/wp-content\/uploads\/sites\/2\/2019\/06\/FB0074.jpg","contentUrl":"https:\/\/simonjersey.eu\/lv\/wp-content\/uploads\/sites\/2\/2019\/06\/FB0074.jpg","width":1000,"height":1500},{"@type":"BreadcrumbList","@id":"https:\/\/simonjersey.eu\/lv\/produkts\/simon-jersey-bluze-ar-garam-piedurknem\/#breadcrumb","itemListElement":[{"@type":"ListItem","position":1,"name":"Home","item":"https:\/\/simonjersey.eu\/lv\/"},{"@type":"ListItem","position":2,"name":"E-veikals","item":"https:\/\/simonjersey.eu\/lv\/e-veikals\/"},{"@type":"ListItem","position":3,"name":"Simon Jersey bl\u016bze ar gar\u0101m piedurkn\u0113m"}]},{"@type":"WebSite","@id":"https:\/\/simonjersey.eu\/lv\/#website","url":"https:\/\/simonjersey.eu\/lv\/","name":"Simon Jersey Latvija","description":"Kvalitat\u012bvi un iztur\u012bgi darba ap\u0123\u0113rbi","potentialAction":[{"@type":"SearchAction","target":{"@type":"EntryPoint","urlTemplate":"https:\/\/simonjersey.eu\/lv\/?s={search_term_string}"},"query-input":{"@type":"PropertyValueSpecification","valueRequired":true,"valueName":"search_term_string"}}],"inLanguage":"lv-LV"}]}},"_links":{"self":[{"href":"https:\/\/simonjersey.eu\/lv\/wp-json\/wp\/v2\/product\/825","targetHints":{"allow":["GET"]}}],"collection":[{"href":"https:\/\/simonjersey.eu\/lv\/wp-json\/wp\/v2\/product"}],"about":[{"href":"https:\/\/simonjersey.eu\/lv\/wp-json\/wp\/v2\/types\/product"}],"wp:featuredmedia":[{"embeddable":true,"href":"https:\/\/simonjersey.eu\/lv\/wp-json\/wp\/v2\/media\/6139"}],"wp:attachment":[{"href":"https:\/\/simonjersey.eu\/lv\/wp-json\/wp\/v2\/media?parent=825"}],"wp:term":[{"taxonomy":"product_brand","embeddable":true,"href":"https:\/\/simonjersey.eu\/lv\/wp-json\/wp\/v2\/product_brand?post=825"},{"taxonomy":"product_cat","embeddable":true,"href":"https:\/\/simonjersey.eu\/lv\/wp-json\/wp\/v2\/product_cat?post=825"},{"taxonomy":"product_tag","embeddable":true,"href":"https:\/\/simonjersey.eu\/lv\/wp-json\/wp\/v2\/product_tag?post=825"}],"curies":[{"name":"wp","href":"https:\/\/api.w.org\/{rel}","templated":true}]}}