{"id":8250,"date":"2025-01-29T16:38:38","date_gmt":"2025-01-29T13:38:38","guid":{"rendered":"https:\/\/simonjersey.eu\/lv\/?post_type=product&#038;p=8250"},"modified":"2025-02-06T16:14:56","modified_gmt":"2025-02-06T13:14:56","slug":"cherokee-sieviesu-medicinas-halats-gara-auguma","status":"publish","type":"product","link":"https:\/\/simonjersey.eu\/lv\/produkts\/cherokee-sieviesu-medicinas-halats-gara-auguma\/","title":{"rendered":"CHEROKEE SIEVIE\u0160U MEDIC\u012aNAS HAL\u0100TS gara auguma"},"content":{"rendered":"","protected":false},"excerpt":{"rendered":"<p>Cherokee laboratorijas m\u0113telis ir \u0113rts, labi piegu\u013co\u0161s un funkcion\u0101ls dizains. Piem\u0113rots medic\u012bnas iest\u0101\u017eu m\u0101s\u0101m un \u0101rstiem, bet ar\u012b laboratorij\u0101s str\u0101d\u0101jo\u0161ajiem. M\u016bsdien\u012bgs klasisks piegriezums, maza atloka apkakle, vair\u0101kas kabatas: kr\u016b\u0161u kabatas un s\u0101nu kabatas, pl\u0101kstera kabatas.<\/p>\n<p>Materi\u0101ls:. 35% kokvilna 65% polyester<\/p>\n<p>Kop\u0161ana: Mazg\u0101t 60\u00b0 ve\u013cas ma\u0161\u012bn\u0101.<\/p>\n<p>Izm\u0113ri: XXS-3XL<\/p>\n<p>Garums: 94cm<\/p>\n","protected":false},"featured_media":8251,"template":"","meta":[],"product_brand":[],"product_cat":[486,72,73,77],"product_tag":[],"class_list":{"0":"post-8250","1":"product","2":"type-product","3":"status-publish","4":"has-post-thumbnail","6":"product_cat-dickies-cherokee-darba-apgerbs","7":"product_cat-veselibas-aprupe","8":"product_cat-arsti-un-medmasas","9":"product_cat-kleitas-arsti-un-medmasas","11":"first","12":"instock","13":"taxable","14":"shipping-taxable","15":"purchasable","16":"product-type-variable","17":"has-default-attributes"},"yoast_head":"<!-- This site is optimized with the Yoast SEO plugin v27.2 - https:\/\/yoast.com\/product\/yoast-seo-wordpress\/ -->\n<title>CHEROKEE SIEVIE\u0160U MEDIC\u012aNAS HAL\u0100TS gara auguma - Simon Jersey Latvija<\/title>\n<meta name=\"robots\" content=\"index, follow, max-snippet:-1, max-image-preview:large, max-video-preview:-1\" \/>\n<link rel=\"canonical\" href=\"https:\/\/simonjersey.eu\/lv\/produkts\/cherokee-sieviesu-medicinas-halats-gara-auguma\/\" \/>\n<meta property=\"og:locale\" content=\"lv_LV\" \/>\n<meta property=\"og:type\" content=\"article\" \/>\n<meta property=\"og:title\" content=\"CHEROKEE SIEVIE\u0160U MEDIC\u012aNAS HAL\u0100TS gara auguma - Simon Jersey Latvija\" \/>\n<meta property=\"og:description\" content=\"Cherokee laboratorijas m\u0113telis ir \u0113rts, labi piegu\u013co\u0161s un funkcion\u0101ls dizains. Piem\u0113rots medic\u012bnas iest\u0101\u017eu m\u0101s\u0101m un \u0101rstiem, bet ar\u012b laboratorij\u0101s str\u0101d\u0101jo\u0161ajiem. M\u016bsdien\u012bgs klasisks piegriezums, maza atloka apkakle, vair\u0101kas kabatas: kr\u016b\u0161u kabatas un s\u0101nu kabatas, pl\u0101kstera kabatas.  Materi\u0101ls:. 35% kokvilna 65% polyester  Kop\u0161ana: Mazg\u0101t 60\u00b0 ve\u013cas ma\u0161\u012bn\u0101.  Izm\u0113ri: XXS-3XL  Garums: 94cm\" \/>\n<meta property=\"og:url\" content=\"https:\/\/simonjersey.eu\/lv\/produkts\/cherokee-sieviesu-medicinas-halats-gara-auguma\/\" \/>\n<meta property=\"og:site_name\" content=\"Simon Jersey Latvija\" \/>\n<meta property=\"article:modified_time\" content=\"2025-02-06T13:14:56+00:00\" \/>\n<meta property=\"og:image\" content=\"https:\/\/simonjersey.eu\/lv\/wp-content\/uploads\/sites\/2\/2025\/01\/CKE421_arsti-kittel-pikk.jpg\" \/>\n\t<meta property=\"og:image:width\" content=\"1100\" \/>\n\t<meta property=\"og:image:height\" content=\"1600\" \/>\n\t<meta property=\"og:image:type\" content=\"image\/jpeg\" \/>\n<meta name=\"twitter:card\" content=\"summary_large_image\" \/>\n<meta name=\"twitter:label1\" content=\"Est. reading time\" \/>\n\t<meta name=\"twitter:data1\" content=\"1 min\u016bte\" \/>\n<script type=\"application\/ld+json\" class=\"yoast-schema-graph\">{\"@context\":\"https:\/\/schema.org\",\"@graph\":[{\"@type\":\"WebPage\",\"@id\":\"https:\/\/simonjersey.eu\/lv\/produkts\/cherokee-sieviesu-medicinas-halats-gara-auguma\/\",\"url\":\"https:\/\/simonjersey.eu\/lv\/produkts\/cherokee-sieviesu-medicinas-halats-gara-auguma\/\",\"name\":\"CHEROKEE SIEVIE\u0160U MEDIC\u012aNAS HAL\u0100TS gara auguma - Simon Jersey Latvija\",\"isPartOf\":{\"@id\":\"https:\/\/simonjersey.eu\/lv\/#website\"},\"primaryImageOfPage\":{\"@id\":\"https:\/\/simonjersey.eu\/lv\/produkts\/cherokee-sieviesu-medicinas-halats-gara-auguma\/#primaryimage\"},\"image\":{\"@id\":\"https:\/\/simonjersey.eu\/lv\/produkts\/cherokee-sieviesu-medicinas-halats-gara-auguma\/#primaryimage\"},\"thumbnailUrl\":\"https:\/\/simonjersey.eu\/lv\/wp-content\/uploads\/sites\/2\/2025\/01\/CKE421_arsti-kittel-pikk.jpg\",\"datePublished\":\"2025-01-29T13:38:38+00:00\",\"dateModified\":\"2025-02-06T13:14:56+00:00\",\"breadcrumb\":{\"@id\":\"https:\/\/simonjersey.eu\/lv\/produkts\/cherokee-sieviesu-medicinas-halats-gara-auguma\/#breadcrumb\"},\"inLanguage\":\"lv-LV\",\"potentialAction\":[{\"@type\":\"ReadAction\",\"target\":[\"https:\/\/simonjersey.eu\/lv\/produkts\/cherokee-sieviesu-medicinas-halats-gara-auguma\/\"]}]},{\"@type\":\"ImageObject\",\"inLanguage\":\"lv-LV\",\"@id\":\"https:\/\/simonjersey.eu\/lv\/produkts\/cherokee-sieviesu-medicinas-halats-gara-auguma\/#primaryimage\",\"url\":\"https:\/\/simonjersey.eu\/lv\/wp-content\/uploads\/sites\/2\/2025\/01\/CKE421_arsti-kittel-pikk.jpg\",\"contentUrl\":\"https:\/\/simonjersey.eu\/lv\/wp-content\/uploads\/sites\/2\/2025\/01\/CKE421_arsti-kittel-pikk.jpg\",\"width\":1100,\"height\":1600},{\"@type\":\"BreadcrumbList\",\"@id\":\"https:\/\/simonjersey.eu\/lv\/produkts\/cherokee-sieviesu-medicinas-halats-gara-auguma\/#breadcrumb\",\"itemListElement\":[{\"@type\":\"ListItem\",\"position\":1,\"name\":\"Home\",\"item\":\"https:\/\/simonjersey.eu\/lv\/\"},{\"@type\":\"ListItem\",\"position\":2,\"name\":\"E-veikals\",\"item\":\"https:\/\/simonjersey.eu\/lv\/e-veikals\/\"},{\"@type\":\"ListItem\",\"position\":3,\"name\":\"CHEROKEE SIEVIE\u0160U MEDIC\u012aNAS HAL\u0100TS gara auguma\"}]},{\"@type\":\"WebSite\",\"@id\":\"https:\/\/simonjersey.eu\/lv\/#website\",\"url\":\"https:\/\/simonjersey.eu\/lv\/\",\"name\":\"Simon Jersey Latvija\",\"description\":\"Kvalitat\u012bvi un iztur\u012bgi darba ap\u0123\u0113rbi\",\"potentialAction\":[{\"@type\":\"SearchAction\",\"target\":{\"@type\":\"EntryPoint\",\"urlTemplate\":\"https:\/\/simonjersey.eu\/lv\/?s={search_term_string}\"},\"query-input\":{\"@type\":\"PropertyValueSpecification\",\"valueRequired\":true,\"valueName\":\"search_term_string\"}}],\"inLanguage\":\"lv-LV\"}]}<\/script>\n<!-- \/ Yoast SEO plugin. -->","yoast_head_json":{"title":"CHEROKEE SIEVIE\u0160U MEDIC\u012aNAS HAL\u0100TS gara auguma - Simon Jersey Latvija","robots":{"index":"index","follow":"follow","max-snippet":"max-snippet:-1","max-image-preview":"max-image-preview:large","max-video-preview":"max-video-preview:-1"},"canonical":"https:\/\/simonjersey.eu\/lv\/produkts\/cherokee-sieviesu-medicinas-halats-gara-auguma\/","og_locale":"lv_LV","og_type":"article","og_title":"CHEROKEE SIEVIE\u0160U MEDIC\u012aNAS HAL\u0100TS gara auguma - Simon Jersey Latvija","og_description":"Cherokee laboratorijas m\u0113telis ir \u0113rts, labi piegu\u013co\u0161s un funkcion\u0101ls dizains. Piem\u0113rots medic\u012bnas iest\u0101\u017eu m\u0101s\u0101m un \u0101rstiem, bet ar\u012b laboratorij\u0101s str\u0101d\u0101jo\u0161ajiem. M\u016bsdien\u012bgs klasisks piegriezums, maza atloka apkakle, vair\u0101kas kabatas: kr\u016b\u0161u kabatas un s\u0101nu kabatas, pl\u0101kstera kabatas.  Materi\u0101ls:. 35% kokvilna 65% polyester  Kop\u0161ana: Mazg\u0101t 60\u00b0 ve\u013cas ma\u0161\u012bn\u0101.  Izm\u0113ri: XXS-3XL  Garums: 94cm","og_url":"https:\/\/simonjersey.eu\/lv\/produkts\/cherokee-sieviesu-medicinas-halats-gara-auguma\/","og_site_name":"Simon Jersey Latvija","article_modified_time":"2025-02-06T13:14:56+00:00","og_image":[{"width":1100,"height":1600,"url":"https:\/\/simonjersey.eu\/lv\/wp-content\/uploads\/sites\/2\/2025\/01\/CKE421_arsti-kittel-pikk.jpg","type":"image\/jpeg"}],"twitter_card":"summary_large_image","twitter_misc":{"Est. reading time":"1 min\u016bte"},"schema":{"@context":"https:\/\/schema.org","@graph":[{"@type":"WebPage","@id":"https:\/\/simonjersey.eu\/lv\/produkts\/cherokee-sieviesu-medicinas-halats-gara-auguma\/","url":"https:\/\/simonjersey.eu\/lv\/produkts\/cherokee-sieviesu-medicinas-halats-gara-auguma\/","name":"CHEROKEE SIEVIE\u0160U MEDIC\u012aNAS HAL\u0100TS gara auguma - Simon Jersey Latvija","isPartOf":{"@id":"https:\/\/simonjersey.eu\/lv\/#website"},"primaryImageOfPage":{"@id":"https:\/\/simonjersey.eu\/lv\/produkts\/cherokee-sieviesu-medicinas-halats-gara-auguma\/#primaryimage"},"image":{"@id":"https:\/\/simonjersey.eu\/lv\/produkts\/cherokee-sieviesu-medicinas-halats-gara-auguma\/#primaryimage"},"thumbnailUrl":"https:\/\/simonjersey.eu\/lv\/wp-content\/uploads\/sites\/2\/2025\/01\/CKE421_arsti-kittel-pikk.jpg","datePublished":"2025-01-29T13:38:38+00:00","dateModified":"2025-02-06T13:14:56+00:00","breadcrumb":{"@id":"https:\/\/simonjersey.eu\/lv\/produkts\/cherokee-sieviesu-medicinas-halats-gara-auguma\/#breadcrumb"},"inLanguage":"lv-LV","potentialAction":[{"@type":"ReadAction","target":["https:\/\/simonjersey.eu\/lv\/produkts\/cherokee-sieviesu-medicinas-halats-gara-auguma\/"]}]},{"@type":"ImageObject","inLanguage":"lv-LV","@id":"https:\/\/simonjersey.eu\/lv\/produkts\/cherokee-sieviesu-medicinas-halats-gara-auguma\/#primaryimage","url":"https:\/\/simonjersey.eu\/lv\/wp-content\/uploads\/sites\/2\/2025\/01\/CKE421_arsti-kittel-pikk.jpg","contentUrl":"https:\/\/simonjersey.eu\/lv\/wp-content\/uploads\/sites\/2\/2025\/01\/CKE421_arsti-kittel-pikk.jpg","width":1100,"height":1600},{"@type":"BreadcrumbList","@id":"https:\/\/simonjersey.eu\/lv\/produkts\/cherokee-sieviesu-medicinas-halats-gara-auguma\/#breadcrumb","itemListElement":[{"@type":"ListItem","position":1,"name":"Home","item":"https:\/\/simonjersey.eu\/lv\/"},{"@type":"ListItem","position":2,"name":"E-veikals","item":"https:\/\/simonjersey.eu\/lv\/e-veikals\/"},{"@type":"ListItem","position":3,"name":"CHEROKEE SIEVIE\u0160U MEDIC\u012aNAS HAL\u0100TS gara auguma"}]},{"@type":"WebSite","@id":"https:\/\/simonjersey.eu\/lv\/#website","url":"https:\/\/simonjersey.eu\/lv\/","name":"Simon Jersey Latvija","description":"Kvalitat\u012bvi un iztur\u012bgi darba ap\u0123\u0113rbi","potentialAction":[{"@type":"SearchAction","target":{"@type":"EntryPoint","urlTemplate":"https:\/\/simonjersey.eu\/lv\/?s={search_term_string}"},"query-input":{"@type":"PropertyValueSpecification","valueRequired":true,"valueName":"search_term_string"}}],"inLanguage":"lv-LV"}]}},"_links":{"self":[{"href":"https:\/\/simonjersey.eu\/lv\/wp-json\/wp\/v2\/product\/8250","targetHints":{"allow":["GET"]}}],"collection":[{"href":"https:\/\/simonjersey.eu\/lv\/wp-json\/wp\/v2\/product"}],"about":[{"href":"https:\/\/simonjersey.eu\/lv\/wp-json\/wp\/v2\/types\/product"}],"wp:featuredmedia":[{"embeddable":true,"href":"https:\/\/simonjersey.eu\/lv\/wp-json\/wp\/v2\/media\/8251"}],"wp:attachment":[{"href":"https:\/\/simonjersey.eu\/lv\/wp-json\/wp\/v2\/media?parent=8250"}],"wp:term":[{"taxonomy":"product_brand","embeddable":true,"href":"https:\/\/simonjersey.eu\/lv\/wp-json\/wp\/v2\/product_brand?post=8250"},{"taxonomy":"product_cat","embeddable":true,"href":"https:\/\/simonjersey.eu\/lv\/wp-json\/wp\/v2\/product_cat?post=8250"},{"taxonomy":"product_tag","embeddable":true,"href":"https:\/\/simonjersey.eu\/lv\/wp-json\/wp\/v2\/product_tag?post=8250"}],"curies":[{"name":"wp","href":"https:\/\/api.w.org\/{rel}","templated":true}]}}