{"id":8265,"date":"2025-02-07T15:19:33","date_gmt":"2025-02-07T12:19:33","guid":{"rendered":"https:\/\/simonjersey.eu\/lv\/?post_type=product&#038;p=8265"},"modified":"2025-02-07T15:24:42","modified_gmt":"2025-02-07T12:24:42","slug":"unisex-cepures","status":"publish","type":"product","link":"https:\/\/simonjersey.eu\/lv\/produkts\/unisex-cepures\/","title":{"rendered":"Unisex cepures"},"content":{"rendered":"","protected":false},"excerpt":{"rendered":"<p>Izveidojiet personaliz\u0113tu sava uz\u0146\u0113muma izskatu, izv\u0113loties trikot\u0101\u017eas cepuri. Cepure ir praktisks un pieejamu aksesu\u0101rs, kas izce\u013c j\u016bsu biznesu, lai palielin\u0101tu gan inform\u0113t\u012bbu, gan klientu lojalit\u0101ti. Ar kr\u0101su izv\u0113li.<\/p>\n<p>Cepures ir izgatavota no rievota 100% poliakrila \/ 66gr.<\/p>\n<p>Viens izm\u0113rs<\/p>\n","protected":false},"featured_media":8274,"template":"","meta":[],"product_brand":[],"product_cat":[93,30,47,85,57],"product_tag":[],"class_list":{"0":"post-8265","1":"product","2":"type-product","3":"status-publish","4":"has-post-thumbnail","6":"product_cat-aksesuari-lietiskais-apgerbs","7":"product_cat-aksesuari","8":"product_cat-apavi-un-cepures","9":"product_cat-aksesuari-recepcija","10":"product_cat-aksesuari-viesmiliba","12":"first","13":"instock","14":"taxable","15":"shipping-taxable","16":"purchasable","17":"product-type-variable"},"yoast_head":"<!-- This site is optimized with the Yoast SEO plugin v27.2 - https:\/\/yoast.com\/product\/yoast-seo-wordpress\/ -->\n<title>Unisex cepures - Simon Jersey Latvija<\/title>\n<meta name=\"robots\" content=\"index, follow, max-snippet:-1, max-image-preview:large, max-video-preview:-1\" \/>\n<link rel=\"canonical\" href=\"https:\/\/simonjersey.eu\/lv\/produkts\/unisex-cepures\/\" \/>\n<meta property=\"og:locale\" content=\"lv_LV\" \/>\n<meta property=\"og:type\" content=\"article\" \/>\n<meta property=\"og:title\" content=\"Unisex cepures - Simon Jersey Latvija\" \/>\n<meta property=\"og:description\" content=\"Izveidojiet personaliz\u0113tu sava uz\u0146\u0113muma izskatu, izv\u0113loties trikot\u0101\u017eas cepuri. Cepure ir praktisks un pieejamu aksesu\u0101rs, kas izce\u013c j\u016bsu biznesu, lai palielin\u0101tu gan inform\u0113t\u012bbu, gan klientu lojalit\u0101ti. Ar kr\u0101su izv\u0113li.  Cepures ir izgatavota no rievota 100% poliakrila \/ 66gr.  Viens izm\u0113rs\" \/>\n<meta property=\"og:url\" content=\"https:\/\/simonjersey.eu\/lv\/produkts\/unisex-cepures\/\" \/>\n<meta property=\"og:site_name\" content=\"Simon Jersey Latvija\" \/>\n<meta property=\"article:modified_time\" content=\"2025-02-07T12:24:42+00:00\" \/>\n<meta property=\"og:image\" content=\"https:\/\/simonjersey.eu\/lv\/wp-content\/uploads\/sites\/2\/2025\/02\/kootud-muts-teenindajale-hall.jpg\" \/>\n\t<meta property=\"og:image:width\" content=\"700\" \/>\n\t<meta property=\"og:image:height\" content=\"933\" \/>\n\t<meta property=\"og:image:type\" content=\"image\/jpeg\" \/>\n<meta name=\"twitter:card\" content=\"summary_large_image\" \/>\n<meta name=\"twitter:label1\" content=\"Est. reading time\" \/>\n\t<meta name=\"twitter:data1\" content=\"1 min\u016bte\" \/>\n<script type=\"application\/ld+json\" class=\"yoast-schema-graph\">{\"@context\":\"https:\/\/schema.org\",\"@graph\":[{\"@type\":\"WebPage\",\"@id\":\"https:\/\/simonjersey.eu\/lv\/produkts\/unisex-cepures\/\",\"url\":\"https:\/\/simonjersey.eu\/lv\/produkts\/unisex-cepures\/\",\"name\":\"Unisex cepures - Simon Jersey Latvija\",\"isPartOf\":{\"@id\":\"https:\/\/simonjersey.eu\/lv\/#website\"},\"primaryImageOfPage\":{\"@id\":\"https:\/\/simonjersey.eu\/lv\/produkts\/unisex-cepures\/#primaryimage\"},\"image\":{\"@id\":\"https:\/\/simonjersey.eu\/lv\/produkts\/unisex-cepures\/#primaryimage\"},\"thumbnailUrl\":\"https:\/\/simonjersey.eu\/lv\/wp-content\/uploads\/sites\/2\/2025\/02\/kootud-muts-teenindajale-hall.jpg\",\"datePublished\":\"2025-02-07T12:19:33+00:00\",\"dateModified\":\"2025-02-07T12:24:42+00:00\",\"breadcrumb\":{\"@id\":\"https:\/\/simonjersey.eu\/lv\/produkts\/unisex-cepures\/#breadcrumb\"},\"inLanguage\":\"lv-LV\",\"potentialAction\":[{\"@type\":\"ReadAction\",\"target\":[\"https:\/\/simonjersey.eu\/lv\/produkts\/unisex-cepures\/\"]}]},{\"@type\":\"ImageObject\",\"inLanguage\":\"lv-LV\",\"@id\":\"https:\/\/simonjersey.eu\/lv\/produkts\/unisex-cepures\/#primaryimage\",\"url\":\"https:\/\/simonjersey.eu\/lv\/wp-content\/uploads\/sites\/2\/2025\/02\/kootud-muts-teenindajale-hall.jpg\",\"contentUrl\":\"https:\/\/simonjersey.eu\/lv\/wp-content\/uploads\/sites\/2\/2025\/02\/kootud-muts-teenindajale-hall.jpg\",\"width\":700,\"height\":933},{\"@type\":\"BreadcrumbList\",\"@id\":\"https:\/\/simonjersey.eu\/lv\/produkts\/unisex-cepures\/#breadcrumb\",\"itemListElement\":[{\"@type\":\"ListItem\",\"position\":1,\"name\":\"Home\",\"item\":\"https:\/\/simonjersey.eu\/lv\/\"},{\"@type\":\"ListItem\",\"position\":2,\"name\":\"E-veikals\",\"item\":\"https:\/\/simonjersey.eu\/lv\/e-veikals\/\"},{\"@type\":\"ListItem\",\"position\":3,\"name\":\"Unisex cepures\"}]},{\"@type\":\"WebSite\",\"@id\":\"https:\/\/simonjersey.eu\/lv\/#website\",\"url\":\"https:\/\/simonjersey.eu\/lv\/\",\"name\":\"Simon Jersey Latvija\",\"description\":\"Kvalitat\u012bvi un iztur\u012bgi darba ap\u0123\u0113rbi\",\"potentialAction\":[{\"@type\":\"SearchAction\",\"target\":{\"@type\":\"EntryPoint\",\"urlTemplate\":\"https:\/\/simonjersey.eu\/lv\/?s={search_term_string}\"},\"query-input\":{\"@type\":\"PropertyValueSpecification\",\"valueRequired\":true,\"valueName\":\"search_term_string\"}}],\"inLanguage\":\"lv-LV\"}]}<\/script>\n<!-- \/ Yoast SEO plugin. -->","yoast_head_json":{"title":"Unisex cepures - Simon Jersey Latvija","robots":{"index":"index","follow":"follow","max-snippet":"max-snippet:-1","max-image-preview":"max-image-preview:large","max-video-preview":"max-video-preview:-1"},"canonical":"https:\/\/simonjersey.eu\/lv\/produkts\/unisex-cepures\/","og_locale":"lv_LV","og_type":"article","og_title":"Unisex cepures - Simon Jersey Latvija","og_description":"Izveidojiet personaliz\u0113tu sava uz\u0146\u0113muma izskatu, izv\u0113loties trikot\u0101\u017eas cepuri. Cepure ir praktisks un pieejamu aksesu\u0101rs, kas izce\u013c j\u016bsu biznesu, lai palielin\u0101tu gan inform\u0113t\u012bbu, gan klientu lojalit\u0101ti. Ar kr\u0101su izv\u0113li.  Cepures ir izgatavota no rievota 100% poliakrila \/ 66gr.  Viens izm\u0113rs","og_url":"https:\/\/simonjersey.eu\/lv\/produkts\/unisex-cepures\/","og_site_name":"Simon Jersey Latvija","article_modified_time":"2025-02-07T12:24:42+00:00","og_image":[{"width":700,"height":933,"url":"https:\/\/simonjersey.eu\/lv\/wp-content\/uploads\/sites\/2\/2025\/02\/kootud-muts-teenindajale-hall.jpg","type":"image\/jpeg"}],"twitter_card":"summary_large_image","twitter_misc":{"Est. reading time":"1 min\u016bte"},"schema":{"@context":"https:\/\/schema.org","@graph":[{"@type":"WebPage","@id":"https:\/\/simonjersey.eu\/lv\/produkts\/unisex-cepures\/","url":"https:\/\/simonjersey.eu\/lv\/produkts\/unisex-cepures\/","name":"Unisex cepures - Simon Jersey Latvija","isPartOf":{"@id":"https:\/\/simonjersey.eu\/lv\/#website"},"primaryImageOfPage":{"@id":"https:\/\/simonjersey.eu\/lv\/produkts\/unisex-cepures\/#primaryimage"},"image":{"@id":"https:\/\/simonjersey.eu\/lv\/produkts\/unisex-cepures\/#primaryimage"},"thumbnailUrl":"https:\/\/simonjersey.eu\/lv\/wp-content\/uploads\/sites\/2\/2025\/02\/kootud-muts-teenindajale-hall.jpg","datePublished":"2025-02-07T12:19:33+00:00","dateModified":"2025-02-07T12:24:42+00:00","breadcrumb":{"@id":"https:\/\/simonjersey.eu\/lv\/produkts\/unisex-cepures\/#breadcrumb"},"inLanguage":"lv-LV","potentialAction":[{"@type":"ReadAction","target":["https:\/\/simonjersey.eu\/lv\/produkts\/unisex-cepures\/"]}]},{"@type":"ImageObject","inLanguage":"lv-LV","@id":"https:\/\/simonjersey.eu\/lv\/produkts\/unisex-cepures\/#primaryimage","url":"https:\/\/simonjersey.eu\/lv\/wp-content\/uploads\/sites\/2\/2025\/02\/kootud-muts-teenindajale-hall.jpg","contentUrl":"https:\/\/simonjersey.eu\/lv\/wp-content\/uploads\/sites\/2\/2025\/02\/kootud-muts-teenindajale-hall.jpg","width":700,"height":933},{"@type":"BreadcrumbList","@id":"https:\/\/simonjersey.eu\/lv\/produkts\/unisex-cepures\/#breadcrumb","itemListElement":[{"@type":"ListItem","position":1,"name":"Home","item":"https:\/\/simonjersey.eu\/lv\/"},{"@type":"ListItem","position":2,"name":"E-veikals","item":"https:\/\/simonjersey.eu\/lv\/e-veikals\/"},{"@type":"ListItem","position":3,"name":"Unisex cepures"}]},{"@type":"WebSite","@id":"https:\/\/simonjersey.eu\/lv\/#website","url":"https:\/\/simonjersey.eu\/lv\/","name":"Simon Jersey Latvija","description":"Kvalitat\u012bvi un iztur\u012bgi darba ap\u0123\u0113rbi","potentialAction":[{"@type":"SearchAction","target":{"@type":"EntryPoint","urlTemplate":"https:\/\/simonjersey.eu\/lv\/?s={search_term_string}"},"query-input":{"@type":"PropertyValueSpecification","valueRequired":true,"valueName":"search_term_string"}}],"inLanguage":"lv-LV"}]}},"_links":{"self":[{"href":"https:\/\/simonjersey.eu\/lv\/wp-json\/wp\/v2\/product\/8265","targetHints":{"allow":["GET"]}}],"collection":[{"href":"https:\/\/simonjersey.eu\/lv\/wp-json\/wp\/v2\/product"}],"about":[{"href":"https:\/\/simonjersey.eu\/lv\/wp-json\/wp\/v2\/types\/product"}],"wp:featuredmedia":[{"embeddable":true,"href":"https:\/\/simonjersey.eu\/lv\/wp-json\/wp\/v2\/media\/8274"}],"wp:attachment":[{"href":"https:\/\/simonjersey.eu\/lv\/wp-json\/wp\/v2\/media?parent=8265"}],"wp:term":[{"taxonomy":"product_brand","embeddable":true,"href":"https:\/\/simonjersey.eu\/lv\/wp-json\/wp\/v2\/product_brand?post=8265"},{"taxonomy":"product_cat","embeddable":true,"href":"https:\/\/simonjersey.eu\/lv\/wp-json\/wp\/v2\/product_cat?post=8265"},{"taxonomy":"product_tag","embeddable":true,"href":"https:\/\/simonjersey.eu\/lv\/wp-json\/wp\/v2\/product_tag?post=8265"}],"curies":[{"name":"wp","href":"https:\/\/api.w.org\/{rel}","templated":true}]}}