{"id":8319,"date":"2025-02-17T16:11:45","date_gmt":"2025-02-17T13:11:45","guid":{"rendered":"https:\/\/simonjersey.eu\/lv\/?post_type=product&#038;p=8319"},"modified":"2025-02-17T16:15:40","modified_gmt":"2025-02-17T13:15:40","slug":"oversized-unisex-t-krekls","status":"publish","type":"product","link":"https:\/\/simonjersey.eu\/lv\/produkts\/oversized-unisex-t-krekls\/","title":{"rendered":"OVERSIZED Unisex T krekls"},"content":{"rendered":"","protected":false},"excerpt":{"rendered":"<p>Valk\u0101jiet \u0161o \u012bpa\u0161i \u0113rto OversizedT-kreklu, un j\u016bs izcelsities. Garas piedurknes.<\/p>\n<p>Enz\u012bmu mazg\u0101\u0161ana, kas pie\u0161\u0137ir audumam maigumu.<\/p>\n<p>100% kokvilna, apkakle 5% elast\u0101ns.<\/p>\n<p>Kop\u0161ana: mazg\u0101t 40\u00b0 ve\u013cas ma\u0161\u012bn\u0101, viegla kop\u0161ana.<br \/>\nIzm\u0113ri: XS \u2013 3XL.<\/p>\n<p>Garums L izm\u0113ram: 77 cm<\/p>\n","protected":false},"featured_media":8328,"template":"","meta":[],"product_brand":[],"product_cat":[91,87,29,56],"product_tag":[],"class_list":{"0":"post-8319","1":"product","2":"type-product","3":"status-publish","4":"has-post-thumbnail","6":"product_cat-polo-krekli-un-t-krekli-lietiskais-apgerbs","7":"product_cat-polo-krekli-un-t-krekli-darba-apgerbs","8":"product_cat-polo-krekli-un-t-krekli","9":"product_cat-polo-krekli-un-t-krekli-viesmiliba","11":"first","12":"instock","13":"taxable","14":"shipping-taxable","15":"purchasable","16":"product-type-variable","17":"has-default-attributes"},"yoast_head":"<!-- This site is optimized with the Yoast SEO plugin v27.2 - https:\/\/yoast.com\/product\/yoast-seo-wordpress\/ -->\n<title>OVERSIZED Unisex T krekls - Simon Jersey Latvija<\/title>\n<meta name=\"robots\" content=\"index, follow, max-snippet:-1, max-image-preview:large, max-video-preview:-1\" \/>\n<link rel=\"canonical\" href=\"https:\/\/simonjersey.eu\/lv\/produkts\/oversized-unisex-t-krekls\/\" \/>\n<meta property=\"og:locale\" content=\"lv_LV\" \/>\n<meta property=\"og:type\" content=\"article\" \/>\n<meta property=\"og:title\" content=\"OVERSIZED Unisex T krekls - Simon Jersey Latvija\" \/>\n<meta property=\"og:description\" content=\"Valk\u0101jiet \u0161o \u012bpa\u0161i \u0113rto OversizedT-kreklu, un j\u016bs izcelsities. Garas piedurknes.  Enz\u012bmu mazg\u0101\u0161ana, kas pie\u0161\u0137ir audumam maigumu.  100% kokvilna, apkakle 5% elast\u0101ns.  Kop\u0161ana: mazg\u0101t 40\u00b0 ve\u013cas ma\u0161\u012bn\u0101, viegla kop\u0161ana. Izm\u0113ri: XS \u2013 3XL.  Garums L izm\u0113ram: 77 cm\" \/>\n<meta property=\"og:url\" content=\"https:\/\/simonjersey.eu\/lv\/produkts\/oversized-unisex-t-krekls\/\" \/>\n<meta property=\"og:site_name\" content=\"Simon Jersey Latvija\" \/>\n<meta property=\"article:modified_time\" content=\"2025-02-17T13:15:40+00:00\" \/>\n<meta property=\"og:image\" content=\"https:\/\/simonjersey.eu\/lv\/wp-content\/uploads\/sites\/2\/2025\/02\/812_Oversized-T-shirt.jpg\" \/>\n\t<meta property=\"og:image:width\" content=\"700\" \/>\n\t<meta property=\"og:image:height\" content=\"933\" \/>\n\t<meta property=\"og:image:type\" content=\"image\/jpeg\" \/>\n<meta name=\"twitter:card\" content=\"summary_large_image\" \/>\n<meta name=\"twitter:label1\" content=\"Est. reading time\" \/>\n\t<meta name=\"twitter:data1\" content=\"1 min\u016bte\" \/>\n<script type=\"application\/ld+json\" class=\"yoast-schema-graph\">{\"@context\":\"https:\/\/schema.org\",\"@graph\":[{\"@type\":\"WebPage\",\"@id\":\"https:\/\/simonjersey.eu\/lv\/produkts\/oversized-unisex-t-krekls\/\",\"url\":\"https:\/\/simonjersey.eu\/lv\/produkts\/oversized-unisex-t-krekls\/\",\"name\":\"OVERSIZED Unisex T krekls - Simon Jersey Latvija\",\"isPartOf\":{\"@id\":\"https:\/\/simonjersey.eu\/lv\/#website\"},\"primaryImageOfPage\":{\"@id\":\"https:\/\/simonjersey.eu\/lv\/produkts\/oversized-unisex-t-krekls\/#primaryimage\"},\"image\":{\"@id\":\"https:\/\/simonjersey.eu\/lv\/produkts\/oversized-unisex-t-krekls\/#primaryimage\"},\"thumbnailUrl\":\"https:\/\/simonjersey.eu\/lv\/wp-content\/uploads\/sites\/2\/2025\/02\/812_Oversized-T-shirt.jpg\",\"datePublished\":\"2025-02-17T13:11:45+00:00\",\"dateModified\":\"2025-02-17T13:15:40+00:00\",\"breadcrumb\":{\"@id\":\"https:\/\/simonjersey.eu\/lv\/produkts\/oversized-unisex-t-krekls\/#breadcrumb\"},\"inLanguage\":\"lv-LV\",\"potentialAction\":[{\"@type\":\"ReadAction\",\"target\":[\"https:\/\/simonjersey.eu\/lv\/produkts\/oversized-unisex-t-krekls\/\"]}]},{\"@type\":\"ImageObject\",\"inLanguage\":\"lv-LV\",\"@id\":\"https:\/\/simonjersey.eu\/lv\/produkts\/oversized-unisex-t-krekls\/#primaryimage\",\"url\":\"https:\/\/simonjersey.eu\/lv\/wp-content\/uploads\/sites\/2\/2025\/02\/812_Oversized-T-shirt.jpg\",\"contentUrl\":\"https:\/\/simonjersey.eu\/lv\/wp-content\/uploads\/sites\/2\/2025\/02\/812_Oversized-T-shirt.jpg\",\"width\":700,\"height\":933},{\"@type\":\"BreadcrumbList\",\"@id\":\"https:\/\/simonjersey.eu\/lv\/produkts\/oversized-unisex-t-krekls\/#breadcrumb\",\"itemListElement\":[{\"@type\":\"ListItem\",\"position\":1,\"name\":\"Home\",\"item\":\"https:\/\/simonjersey.eu\/lv\/\"},{\"@type\":\"ListItem\",\"position\":2,\"name\":\"E-veikals\",\"item\":\"https:\/\/simonjersey.eu\/lv\/e-veikals\/\"},{\"@type\":\"ListItem\",\"position\":3,\"name\":\"OVERSIZED Unisex T krekls\"}]},{\"@type\":\"WebSite\",\"@id\":\"https:\/\/simonjersey.eu\/lv\/#website\",\"url\":\"https:\/\/simonjersey.eu\/lv\/\",\"name\":\"Simon Jersey Latvija\",\"description\":\"Kvalitat\u012bvi un iztur\u012bgi darba ap\u0123\u0113rbi\",\"potentialAction\":[{\"@type\":\"SearchAction\",\"target\":{\"@type\":\"EntryPoint\",\"urlTemplate\":\"https:\/\/simonjersey.eu\/lv\/?s={search_term_string}\"},\"query-input\":{\"@type\":\"PropertyValueSpecification\",\"valueRequired\":true,\"valueName\":\"search_term_string\"}}],\"inLanguage\":\"lv-LV\"}]}<\/script>\n<!-- \/ Yoast SEO plugin. -->","yoast_head_json":{"title":"OVERSIZED Unisex T krekls - Simon Jersey Latvija","robots":{"index":"index","follow":"follow","max-snippet":"max-snippet:-1","max-image-preview":"max-image-preview:large","max-video-preview":"max-video-preview:-1"},"canonical":"https:\/\/simonjersey.eu\/lv\/produkts\/oversized-unisex-t-krekls\/","og_locale":"lv_LV","og_type":"article","og_title":"OVERSIZED Unisex T krekls - Simon Jersey Latvija","og_description":"Valk\u0101jiet \u0161o \u012bpa\u0161i \u0113rto OversizedT-kreklu, un j\u016bs izcelsities. Garas piedurknes.  Enz\u012bmu mazg\u0101\u0161ana, kas pie\u0161\u0137ir audumam maigumu.  100% kokvilna, apkakle 5% elast\u0101ns.  Kop\u0161ana: mazg\u0101t 40\u00b0 ve\u013cas ma\u0161\u012bn\u0101, viegla kop\u0161ana. Izm\u0113ri: XS \u2013 3XL.  Garums L izm\u0113ram: 77 cm","og_url":"https:\/\/simonjersey.eu\/lv\/produkts\/oversized-unisex-t-krekls\/","og_site_name":"Simon Jersey Latvija","article_modified_time":"2025-02-17T13:15:40+00:00","og_image":[{"width":700,"height":933,"url":"https:\/\/simonjersey.eu\/lv\/wp-content\/uploads\/sites\/2\/2025\/02\/812_Oversized-T-shirt.jpg","type":"image\/jpeg"}],"twitter_card":"summary_large_image","twitter_misc":{"Est. reading time":"1 min\u016bte"},"schema":{"@context":"https:\/\/schema.org","@graph":[{"@type":"WebPage","@id":"https:\/\/simonjersey.eu\/lv\/produkts\/oversized-unisex-t-krekls\/","url":"https:\/\/simonjersey.eu\/lv\/produkts\/oversized-unisex-t-krekls\/","name":"OVERSIZED Unisex T krekls - Simon Jersey Latvija","isPartOf":{"@id":"https:\/\/simonjersey.eu\/lv\/#website"},"primaryImageOfPage":{"@id":"https:\/\/simonjersey.eu\/lv\/produkts\/oversized-unisex-t-krekls\/#primaryimage"},"image":{"@id":"https:\/\/simonjersey.eu\/lv\/produkts\/oversized-unisex-t-krekls\/#primaryimage"},"thumbnailUrl":"https:\/\/simonjersey.eu\/lv\/wp-content\/uploads\/sites\/2\/2025\/02\/812_Oversized-T-shirt.jpg","datePublished":"2025-02-17T13:11:45+00:00","dateModified":"2025-02-17T13:15:40+00:00","breadcrumb":{"@id":"https:\/\/simonjersey.eu\/lv\/produkts\/oversized-unisex-t-krekls\/#breadcrumb"},"inLanguage":"lv-LV","potentialAction":[{"@type":"ReadAction","target":["https:\/\/simonjersey.eu\/lv\/produkts\/oversized-unisex-t-krekls\/"]}]},{"@type":"ImageObject","inLanguage":"lv-LV","@id":"https:\/\/simonjersey.eu\/lv\/produkts\/oversized-unisex-t-krekls\/#primaryimage","url":"https:\/\/simonjersey.eu\/lv\/wp-content\/uploads\/sites\/2\/2025\/02\/812_Oversized-T-shirt.jpg","contentUrl":"https:\/\/simonjersey.eu\/lv\/wp-content\/uploads\/sites\/2\/2025\/02\/812_Oversized-T-shirt.jpg","width":700,"height":933},{"@type":"BreadcrumbList","@id":"https:\/\/simonjersey.eu\/lv\/produkts\/oversized-unisex-t-krekls\/#breadcrumb","itemListElement":[{"@type":"ListItem","position":1,"name":"Home","item":"https:\/\/simonjersey.eu\/lv\/"},{"@type":"ListItem","position":2,"name":"E-veikals","item":"https:\/\/simonjersey.eu\/lv\/e-veikals\/"},{"@type":"ListItem","position":3,"name":"OVERSIZED Unisex T krekls"}]},{"@type":"WebSite","@id":"https:\/\/simonjersey.eu\/lv\/#website","url":"https:\/\/simonjersey.eu\/lv\/","name":"Simon Jersey Latvija","description":"Kvalitat\u012bvi un iztur\u012bgi darba ap\u0123\u0113rbi","potentialAction":[{"@type":"SearchAction","target":{"@type":"EntryPoint","urlTemplate":"https:\/\/simonjersey.eu\/lv\/?s={search_term_string}"},"query-input":{"@type":"PropertyValueSpecification","valueRequired":true,"valueName":"search_term_string"}}],"inLanguage":"lv-LV"}]}},"_links":{"self":[{"href":"https:\/\/simonjersey.eu\/lv\/wp-json\/wp\/v2\/product\/8319","targetHints":{"allow":["GET"]}}],"collection":[{"href":"https:\/\/simonjersey.eu\/lv\/wp-json\/wp\/v2\/product"}],"about":[{"href":"https:\/\/simonjersey.eu\/lv\/wp-json\/wp\/v2\/types\/product"}],"wp:featuredmedia":[{"embeddable":true,"href":"https:\/\/simonjersey.eu\/lv\/wp-json\/wp\/v2\/media\/8328"}],"wp:attachment":[{"href":"https:\/\/simonjersey.eu\/lv\/wp-json\/wp\/v2\/media?parent=8319"}],"wp:term":[{"taxonomy":"product_brand","embeddable":true,"href":"https:\/\/simonjersey.eu\/lv\/wp-json\/wp\/v2\/product_brand?post=8319"},{"taxonomy":"product_cat","embeddable":true,"href":"https:\/\/simonjersey.eu\/lv\/wp-json\/wp\/v2\/product_cat?post=8319"},{"taxonomy":"product_tag","embeddable":true,"href":"https:\/\/simonjersey.eu\/lv\/wp-json\/wp\/v2\/product_tag?post=8319"}],"curies":[{"name":"wp","href":"https:\/\/api.w.org\/{rel}","templated":true}]}}