{"id":8377,"date":"2025-02-26T13:50:13","date_gmt":"2025-02-26T10:50:13","guid":{"rendered":"https:\/\/simonjersey.eu\/lv\/?post_type=product&#038;p=8377"},"modified":"2025-02-26T13:51:25","modified_gmt":"2025-02-26T10:51:25","slug":"viriesu-balts-krekls-titan","status":"publish","type":"product","link":"https:\/\/simonjersey.eu\/lv\/produkts\/viriesu-balts-krekls-titan\/","title":{"rendered":"V\u012brie\u0161u balts krekls Titan"},"content":{"rendered":"","protected":false},"excerpt":{"rendered":"<p>Praktisks un viegli kopjams v\u012brie\u0161u krekls! Nepiecie\u0161ams papildin\u0101jums j\u016bsu darba ap\u0123\u0113rbu kolekcijai. Garas piedurknes, klasisks piegriezums, 2 pogu aproce, bez kr\u016b\u0161u kabatas.<\/p>\n<p>Materi\u0101ls: 65% poliesters, 35% kokvilna.\/115g<\/p>\n<p>Kop\u0161ana: 40\u00b0 ve\u013casma\u0161\u012bn\u0101, viegli kopjama, nepiecie\u0161ama minim\u0101la gludin\u0101\u0161ana.<\/p>\n<p>Izm\u0113ri: (UK) 14,5 \u2013 22<\/p>\n","protected":false},"featured_media":8379,"template":"","meta":[],"product_brand":[],"product_cat":[100,25,40,68,106],"product_tag":[],"class_list":{"0":"post-8377","1":"product","2":"type-product","3":"status-publish","4":"has-post-thumbnail","6":"product_cat-krekli-viriesiem-lietiskais-apgerbs","7":"product_cat-viriesiem","8":"product_cat-krekli","9":"product_cat-krekli-viriesiem-viesmiliba","10":"product_cat-viriesu-krekli","12":"first","13":"instock","14":"taxable","15":"shipping-taxable","16":"purchasable","17":"product-type-variable","18":"has-default-attributes"},"yoast_head":"<!-- This site is optimized with the Yoast SEO plugin v27.2 - https:\/\/yoast.com\/product\/yoast-seo-wordpress\/ -->\n<title>V\u012brie\u0161u balts krekls Titan - Simon Jersey Latvija<\/title>\n<meta name=\"robots\" content=\"index, follow, max-snippet:-1, max-image-preview:large, max-video-preview:-1\" \/>\n<link rel=\"canonical\" href=\"https:\/\/simonjersey.eu\/lv\/produkts\/viriesu-balts-krekls-titan\/\" \/>\n<meta property=\"og:locale\" content=\"lv_LV\" \/>\n<meta property=\"og:type\" content=\"article\" \/>\n<meta property=\"og:title\" content=\"V\u012brie\u0161u balts krekls Titan - Simon Jersey Latvija\" \/>\n<meta property=\"og:description\" content=\"Praktisks un viegli kopjams v\u012brie\u0161u krekls! Nepiecie\u0161ams papildin\u0101jums j\u016bsu darba ap\u0123\u0113rbu kolekcijai. Garas piedurknes, klasisks piegriezums, 2 pogu aproce, bez kr\u016b\u0161u kabatas.  Materi\u0101ls: 65% poliesters, 35% kokvilna.\/115g  Kop\u0161ana: 40\u00b0 ve\u013casma\u0161\u012bn\u0101, viegli kopjama, nepiecie\u0161ama minim\u0101la gludin\u0101\u0161ana.  Izm\u0113ri: (UK) 14,5 \u2013 22\" \/>\n<meta property=\"og:url\" content=\"https:\/\/simonjersey.eu\/lv\/produkts\/viriesu-balts-krekls-titan\/\" \/>\n<meta property=\"og:site_name\" content=\"Simon Jersey Latvija\" \/>\n<meta property=\"article:modified_time\" content=\"2025-02-26T10:51:25+00:00\" \/>\n<meta property=\"og:image\" content=\"https:\/\/simonjersey.eu\/lv\/wp-content\/uploads\/sites\/2\/2025\/02\/Titan-White-700-x-1050.jpg\" \/>\n\t<meta property=\"og:image:width\" content=\"700\" \/>\n\t<meta property=\"og:image:height\" content=\"1050\" \/>\n\t<meta property=\"og:image:type\" content=\"image\/jpeg\" \/>\n<meta name=\"twitter:card\" content=\"summary_large_image\" \/>\n<meta name=\"twitter:label1\" content=\"Est. reading time\" \/>\n\t<meta name=\"twitter:data1\" content=\"1 min\u016bte\" \/>\n<script type=\"application\/ld+json\" class=\"yoast-schema-graph\">{\"@context\":\"https:\/\/schema.org\",\"@graph\":[{\"@type\":\"WebPage\",\"@id\":\"https:\/\/simonjersey.eu\/lv\/produkts\/viriesu-balts-krekls-titan\/\",\"url\":\"https:\/\/simonjersey.eu\/lv\/produkts\/viriesu-balts-krekls-titan\/\",\"name\":\"V\u012brie\u0161u balts krekls Titan - Simon Jersey Latvija\",\"isPartOf\":{\"@id\":\"https:\/\/simonjersey.eu\/lv\/#website\"},\"primaryImageOfPage\":{\"@id\":\"https:\/\/simonjersey.eu\/lv\/produkts\/viriesu-balts-krekls-titan\/#primaryimage\"},\"image\":{\"@id\":\"https:\/\/simonjersey.eu\/lv\/produkts\/viriesu-balts-krekls-titan\/#primaryimage\"},\"thumbnailUrl\":\"https:\/\/simonjersey.eu\/lv\/wp-content\/uploads\/sites\/2\/2025\/02\/Titan-White-700-x-1050.jpg\",\"datePublished\":\"2025-02-26T10:50:13+00:00\",\"dateModified\":\"2025-02-26T10:51:25+00:00\",\"breadcrumb\":{\"@id\":\"https:\/\/simonjersey.eu\/lv\/produkts\/viriesu-balts-krekls-titan\/#breadcrumb\"},\"inLanguage\":\"lv-LV\",\"potentialAction\":[{\"@type\":\"ReadAction\",\"target\":[\"https:\/\/simonjersey.eu\/lv\/produkts\/viriesu-balts-krekls-titan\/\"]}]},{\"@type\":\"ImageObject\",\"inLanguage\":\"lv-LV\",\"@id\":\"https:\/\/simonjersey.eu\/lv\/produkts\/viriesu-balts-krekls-titan\/#primaryimage\",\"url\":\"https:\/\/simonjersey.eu\/lv\/wp-content\/uploads\/sites\/2\/2025\/02\/Titan-White-700-x-1050.jpg\",\"contentUrl\":\"https:\/\/simonjersey.eu\/lv\/wp-content\/uploads\/sites\/2\/2025\/02\/Titan-White-700-x-1050.jpg\",\"width\":700,\"height\":1050},{\"@type\":\"BreadcrumbList\",\"@id\":\"https:\/\/simonjersey.eu\/lv\/produkts\/viriesu-balts-krekls-titan\/#breadcrumb\",\"itemListElement\":[{\"@type\":\"ListItem\",\"position\":1,\"name\":\"Home\",\"item\":\"https:\/\/simonjersey.eu\/lv\/\"},{\"@type\":\"ListItem\",\"position\":2,\"name\":\"E-veikals\",\"item\":\"https:\/\/simonjersey.eu\/lv\/e-veikals\/\"},{\"@type\":\"ListItem\",\"position\":3,\"name\":\"V\u012brie\u0161u balts krekls Titan\"}]},{\"@type\":\"WebSite\",\"@id\":\"https:\/\/simonjersey.eu\/lv\/#website\",\"url\":\"https:\/\/simonjersey.eu\/lv\/\",\"name\":\"Simon Jersey Latvija\",\"description\":\"Kvalitat\u012bvi un iztur\u012bgi darba ap\u0123\u0113rbi\",\"potentialAction\":[{\"@type\":\"SearchAction\",\"target\":{\"@type\":\"EntryPoint\",\"urlTemplate\":\"https:\/\/simonjersey.eu\/lv\/?s={search_term_string}\"},\"query-input\":{\"@type\":\"PropertyValueSpecification\",\"valueRequired\":true,\"valueName\":\"search_term_string\"}}],\"inLanguage\":\"lv-LV\"}]}<\/script>\n<!-- \/ Yoast SEO plugin. -->","yoast_head_json":{"title":"V\u012brie\u0161u balts krekls Titan - Simon Jersey Latvija","robots":{"index":"index","follow":"follow","max-snippet":"max-snippet:-1","max-image-preview":"max-image-preview:large","max-video-preview":"max-video-preview:-1"},"canonical":"https:\/\/simonjersey.eu\/lv\/produkts\/viriesu-balts-krekls-titan\/","og_locale":"lv_LV","og_type":"article","og_title":"V\u012brie\u0161u balts krekls Titan - Simon Jersey Latvija","og_description":"Praktisks un viegli kopjams v\u012brie\u0161u krekls! Nepiecie\u0161ams papildin\u0101jums j\u016bsu darba ap\u0123\u0113rbu kolekcijai. Garas piedurknes, klasisks piegriezums, 2 pogu aproce, bez kr\u016b\u0161u kabatas.  Materi\u0101ls: 65% poliesters, 35% kokvilna.\/115g  Kop\u0161ana: 40\u00b0 ve\u013casma\u0161\u012bn\u0101, viegli kopjama, nepiecie\u0161ama minim\u0101la gludin\u0101\u0161ana.  Izm\u0113ri: (UK) 14,5 \u2013 22","og_url":"https:\/\/simonjersey.eu\/lv\/produkts\/viriesu-balts-krekls-titan\/","og_site_name":"Simon Jersey Latvija","article_modified_time":"2025-02-26T10:51:25+00:00","og_image":[{"width":700,"height":1050,"url":"https:\/\/simonjersey.eu\/lv\/wp-content\/uploads\/sites\/2\/2025\/02\/Titan-White-700-x-1050.jpg","type":"image\/jpeg"}],"twitter_card":"summary_large_image","twitter_misc":{"Est. reading time":"1 min\u016bte"},"schema":{"@context":"https:\/\/schema.org","@graph":[{"@type":"WebPage","@id":"https:\/\/simonjersey.eu\/lv\/produkts\/viriesu-balts-krekls-titan\/","url":"https:\/\/simonjersey.eu\/lv\/produkts\/viriesu-balts-krekls-titan\/","name":"V\u012brie\u0161u balts krekls Titan - Simon Jersey Latvija","isPartOf":{"@id":"https:\/\/simonjersey.eu\/lv\/#website"},"primaryImageOfPage":{"@id":"https:\/\/simonjersey.eu\/lv\/produkts\/viriesu-balts-krekls-titan\/#primaryimage"},"image":{"@id":"https:\/\/simonjersey.eu\/lv\/produkts\/viriesu-balts-krekls-titan\/#primaryimage"},"thumbnailUrl":"https:\/\/simonjersey.eu\/lv\/wp-content\/uploads\/sites\/2\/2025\/02\/Titan-White-700-x-1050.jpg","datePublished":"2025-02-26T10:50:13+00:00","dateModified":"2025-02-26T10:51:25+00:00","breadcrumb":{"@id":"https:\/\/simonjersey.eu\/lv\/produkts\/viriesu-balts-krekls-titan\/#breadcrumb"},"inLanguage":"lv-LV","potentialAction":[{"@type":"ReadAction","target":["https:\/\/simonjersey.eu\/lv\/produkts\/viriesu-balts-krekls-titan\/"]}]},{"@type":"ImageObject","inLanguage":"lv-LV","@id":"https:\/\/simonjersey.eu\/lv\/produkts\/viriesu-balts-krekls-titan\/#primaryimage","url":"https:\/\/simonjersey.eu\/lv\/wp-content\/uploads\/sites\/2\/2025\/02\/Titan-White-700-x-1050.jpg","contentUrl":"https:\/\/simonjersey.eu\/lv\/wp-content\/uploads\/sites\/2\/2025\/02\/Titan-White-700-x-1050.jpg","width":700,"height":1050},{"@type":"BreadcrumbList","@id":"https:\/\/simonjersey.eu\/lv\/produkts\/viriesu-balts-krekls-titan\/#breadcrumb","itemListElement":[{"@type":"ListItem","position":1,"name":"Home","item":"https:\/\/simonjersey.eu\/lv\/"},{"@type":"ListItem","position":2,"name":"E-veikals","item":"https:\/\/simonjersey.eu\/lv\/e-veikals\/"},{"@type":"ListItem","position":3,"name":"V\u012brie\u0161u balts krekls Titan"}]},{"@type":"WebSite","@id":"https:\/\/simonjersey.eu\/lv\/#website","url":"https:\/\/simonjersey.eu\/lv\/","name":"Simon Jersey Latvija","description":"Kvalitat\u012bvi un iztur\u012bgi darba ap\u0123\u0113rbi","potentialAction":[{"@type":"SearchAction","target":{"@type":"EntryPoint","urlTemplate":"https:\/\/simonjersey.eu\/lv\/?s={search_term_string}"},"query-input":{"@type":"PropertyValueSpecification","valueRequired":true,"valueName":"search_term_string"}}],"inLanguage":"lv-LV"}]}},"_links":{"self":[{"href":"https:\/\/simonjersey.eu\/lv\/wp-json\/wp\/v2\/product\/8377","targetHints":{"allow":["GET"]}}],"collection":[{"href":"https:\/\/simonjersey.eu\/lv\/wp-json\/wp\/v2\/product"}],"about":[{"href":"https:\/\/simonjersey.eu\/lv\/wp-json\/wp\/v2\/types\/product"}],"wp:featuredmedia":[{"embeddable":true,"href":"https:\/\/simonjersey.eu\/lv\/wp-json\/wp\/v2\/media\/8379"}],"wp:attachment":[{"href":"https:\/\/simonjersey.eu\/lv\/wp-json\/wp\/v2\/media?parent=8377"}],"wp:term":[{"taxonomy":"product_brand","embeddable":true,"href":"https:\/\/simonjersey.eu\/lv\/wp-json\/wp\/v2\/product_brand?post=8377"},{"taxonomy":"product_cat","embeddable":true,"href":"https:\/\/simonjersey.eu\/lv\/wp-json\/wp\/v2\/product_cat?post=8377"},{"taxonomy":"product_tag","embeddable":true,"href":"https:\/\/simonjersey.eu\/lv\/wp-json\/wp\/v2\/product_tag?post=8377"}],"curies":[{"name":"wp","href":"https:\/\/api.w.org\/{rel}","templated":true}]}}