{"id":8382,"date":"2025-02-26T16:21:47","date_gmt":"2025-02-26T13:21:47","guid":{"rendered":"https:\/\/simonjersey.eu\/lv\/?post_type=product&#038;p=8382"},"modified":"2025-09-09T11:27:40","modified_gmt":"2025-09-09T08:27:40","slug":"sieviesu-cherocee-revolution-jogger-bikses","status":"publish","type":"product","link":"https:\/\/simonjersey.eu\/lv\/produkts\/sieviesu-cherocee-revolution-jogger-bikses\/","title":{"rendered":"Sievie\u0161u Cherokee Revolution Jogger bikses"},"content":{"rendered":"","protected":false},"excerpt":{"rendered":"<p>Vai esi gatavs pie\u0161\u0137irt savam darba ap\u0123\u0113rbam stil\u012bgu atjaunin\u0101jumu?<\/p>\n<p>\u0160ie jogger stila bikses rad\u012bs revol\u016bciju tav\u0101 darba garderob\u0113 ar sav\u0101m neparastaj\u0101m kr\u0101s\u0101m un \u0113rtu dizainu. Sa\u0161aurin\u0101tas staras ar aproc\u0113m, plats un iztur\u012bgs jostasvietas josla, k\u0101 ar\u012b elpojo\u0161s audums nodro\u0161ina komfortu visas dienas garum\u0101. Pieci kabatas, , pied\u0101v\u0101 pietiekami daudz vietas nepiecie\u0161amo lietu glab\u0101\u0161anai.<\/p>\n<p>Materi\u0101ls: 78% polyester, 20% rayon, 2% elastane twill<\/p>\n<p>Kop\u0161ana: Iesak\u0101m mazg\u0101t 70\u00b0<br \/>\nIzm\u0113ri : XXS -3XL<\/p>\n<p>Garums M izm\u0113ram: 70 cm<\/p>\n","protected":false},"featured_media":8387,"template":"","meta":[],"product_brand":[],"product_cat":[486,17,20,73,76,50,63,107],"product_tag":[],"class_list":{"0":"post-8382","1":"product","2":"type-product","3":"status-publish","4":"has-post-thumbnail","6":"product_cat-dickies-cherokee-darba-apgerbs","7":"product_cat-skaistumkopsana","8":"product_cat-bikses","9":"product_cat-arsti-un-medmasas","10":"product_cat-bikses-arsti-un-medmasas","11":"product_cat-sievietem-viesmiliba","12":"product_cat-bikses-sievietem-viesmiliba","13":"product_cat-sieviesu-bikses","15":"first","16":"instock","17":"taxable","18":"shipping-taxable","19":"purchasable","20":"product-type-variable","21":"has-default-attributes"},"yoast_head":"<!-- This site is optimized with the Yoast SEO plugin v27.2 - https:\/\/yoast.com\/product\/yoast-seo-wordpress\/ -->\n<title>Sievie\u0161u Cherokee Revolution Jogger bikses - Simon Jersey Latvija<\/title>\n<meta name=\"robots\" content=\"index, follow, max-snippet:-1, max-image-preview:large, max-video-preview:-1\" \/>\n<link rel=\"canonical\" href=\"https:\/\/simonjersey.eu\/lv\/produkts\/sieviesu-cherocee-revolution-jogger-bikses\/\" \/>\n<meta property=\"og:locale\" content=\"lv_LV\" \/>\n<meta property=\"og:type\" content=\"article\" \/>\n<meta property=\"og:title\" content=\"Sievie\u0161u Cherokee Revolution Jogger bikses - Simon Jersey Latvija\" \/>\n<meta property=\"og:description\" content=\"Vai esi gatavs pie\u0161\u0137irt savam darba ap\u0123\u0113rbam stil\u012bgu atjaunin\u0101jumu?  \u0160ie jogger stila bikses rad\u012bs revol\u016bciju tav\u0101 darba garderob\u0113 ar sav\u0101m neparastaj\u0101m kr\u0101s\u0101m un \u0113rtu dizainu. Sa\u0161aurin\u0101tas staras ar aproc\u0113m, plats un iztur\u012bgs jostasvietas josla, k\u0101 ar\u012b elpojo\u0161s audums nodro\u0161ina komfortu visas dienas garum\u0101. Pieci kabatas, , pied\u0101v\u0101 pietiekami daudz vietas nepiecie\u0161amo lietu glab\u0101\u0161anai.  Materi\u0101ls: 78% polyester, 20% rayon, 2% elastane twill  Kop\u0161ana: Iesak\u0101m mazg\u0101t 70\u00b0 Izm\u0113ri : XXS -3XL  Garums M izm\u0113ram: 70 cm\" \/>\n<meta property=\"og:url\" content=\"https:\/\/simonjersey.eu\/lv\/produkts\/sieviesu-cherocee-revolution-jogger-bikses\/\" \/>\n<meta property=\"og:site_name\" content=\"Simon Jersey Latvija\" \/>\n<meta property=\"article:modified_time\" content=\"2025-09-09T08:27:40+00:00\" \/>\n<meta property=\"og:image\" content=\"https:\/\/simonjersey.eu\/lv\/wp-content\/uploads\/sites\/2\/2025\/02\/WWE115-Cherikee-naiste-jogger-puksid-jogger-housut-mustad.jpg\" \/>\n\t<meta property=\"og:image:width\" content=\"800\" \/>\n\t<meta property=\"og:image:height\" content=\"1200\" \/>\n\t<meta property=\"og:image:type\" content=\"image\/jpeg\" \/>\n<meta name=\"twitter:card\" content=\"summary_large_image\" \/>\n<meta name=\"twitter:label1\" content=\"Est. reading time\" \/>\n\t<meta name=\"twitter:data1\" content=\"1 min\u016bte\" \/>\n<script type=\"application\/ld+json\" class=\"yoast-schema-graph\">{\"@context\":\"https:\/\/schema.org\",\"@graph\":[{\"@type\":\"WebPage\",\"@id\":\"https:\/\/simonjersey.eu\/lv\/produkts\/sieviesu-cherocee-revolution-jogger-bikses\/\",\"url\":\"https:\/\/simonjersey.eu\/lv\/produkts\/sieviesu-cherocee-revolution-jogger-bikses\/\",\"name\":\"Sievie\u0161u Cherokee Revolution Jogger bikses - Simon Jersey Latvija\",\"isPartOf\":{\"@id\":\"https:\/\/simonjersey.eu\/lv\/#website\"},\"primaryImageOfPage\":{\"@id\":\"https:\/\/simonjersey.eu\/lv\/produkts\/sieviesu-cherocee-revolution-jogger-bikses\/#primaryimage\"},\"image\":{\"@id\":\"https:\/\/simonjersey.eu\/lv\/produkts\/sieviesu-cherocee-revolution-jogger-bikses\/#primaryimage\"},\"thumbnailUrl\":\"https:\/\/simonjersey.eu\/lv\/wp-content\/uploads\/sites\/2\/2025\/02\/WWE115-Cherikee-naiste-jogger-puksid-jogger-housut-mustad.jpg\",\"datePublished\":\"2025-02-26T13:21:47+00:00\",\"dateModified\":\"2025-09-09T08:27:40+00:00\",\"breadcrumb\":{\"@id\":\"https:\/\/simonjersey.eu\/lv\/produkts\/sieviesu-cherocee-revolution-jogger-bikses\/#breadcrumb\"},\"inLanguage\":\"lv-LV\",\"potentialAction\":[{\"@type\":\"ReadAction\",\"target\":[\"https:\/\/simonjersey.eu\/lv\/produkts\/sieviesu-cherocee-revolution-jogger-bikses\/\"]}]},{\"@type\":\"ImageObject\",\"inLanguage\":\"lv-LV\",\"@id\":\"https:\/\/simonjersey.eu\/lv\/produkts\/sieviesu-cherocee-revolution-jogger-bikses\/#primaryimage\",\"url\":\"https:\/\/simonjersey.eu\/lv\/wp-content\/uploads\/sites\/2\/2025\/02\/WWE115-Cherikee-naiste-jogger-puksid-jogger-housut-mustad.jpg\",\"contentUrl\":\"https:\/\/simonjersey.eu\/lv\/wp-content\/uploads\/sites\/2\/2025\/02\/WWE115-Cherikee-naiste-jogger-puksid-jogger-housut-mustad.jpg\",\"width\":800,\"height\":1200},{\"@type\":\"BreadcrumbList\",\"@id\":\"https:\/\/simonjersey.eu\/lv\/produkts\/sieviesu-cherocee-revolution-jogger-bikses\/#breadcrumb\",\"itemListElement\":[{\"@type\":\"ListItem\",\"position\":1,\"name\":\"Home\",\"item\":\"https:\/\/simonjersey.eu\/lv\/\"},{\"@type\":\"ListItem\",\"position\":2,\"name\":\"E-veikals\",\"item\":\"https:\/\/simonjersey.eu\/lv\/e-veikals\/\"},{\"@type\":\"ListItem\",\"position\":3,\"name\":\"Sievie\u0161u Cherokee Revolution Jogger bikses\"}]},{\"@type\":\"WebSite\",\"@id\":\"https:\/\/simonjersey.eu\/lv\/#website\",\"url\":\"https:\/\/simonjersey.eu\/lv\/\",\"name\":\"Simon Jersey Latvija\",\"description\":\"Kvalitat\u012bvi un iztur\u012bgi darba ap\u0123\u0113rbi\",\"potentialAction\":[{\"@type\":\"SearchAction\",\"target\":{\"@type\":\"EntryPoint\",\"urlTemplate\":\"https:\/\/simonjersey.eu\/lv\/?s={search_term_string}\"},\"query-input\":{\"@type\":\"PropertyValueSpecification\",\"valueRequired\":true,\"valueName\":\"search_term_string\"}}],\"inLanguage\":\"lv-LV\"}]}<\/script>\n<!-- \/ Yoast SEO plugin. -->","yoast_head_json":{"title":"Sievie\u0161u Cherokee Revolution Jogger bikses - Simon Jersey Latvija","robots":{"index":"index","follow":"follow","max-snippet":"max-snippet:-1","max-image-preview":"max-image-preview:large","max-video-preview":"max-video-preview:-1"},"canonical":"https:\/\/simonjersey.eu\/lv\/produkts\/sieviesu-cherocee-revolution-jogger-bikses\/","og_locale":"lv_LV","og_type":"article","og_title":"Sievie\u0161u Cherokee Revolution Jogger bikses - Simon Jersey Latvija","og_description":"Vai esi gatavs pie\u0161\u0137irt savam darba ap\u0123\u0113rbam stil\u012bgu atjaunin\u0101jumu?  \u0160ie jogger stila bikses rad\u012bs revol\u016bciju tav\u0101 darba garderob\u0113 ar sav\u0101m neparastaj\u0101m kr\u0101s\u0101m un \u0113rtu dizainu. Sa\u0161aurin\u0101tas staras ar aproc\u0113m, plats un iztur\u012bgs jostasvietas josla, k\u0101 ar\u012b elpojo\u0161s audums nodro\u0161ina komfortu visas dienas garum\u0101. Pieci kabatas, , pied\u0101v\u0101 pietiekami daudz vietas nepiecie\u0161amo lietu glab\u0101\u0161anai.  Materi\u0101ls: 78% polyester, 20% rayon, 2% elastane twill  Kop\u0161ana: Iesak\u0101m mazg\u0101t 70\u00b0 Izm\u0113ri : XXS -3XL  Garums M izm\u0113ram: 70 cm","og_url":"https:\/\/simonjersey.eu\/lv\/produkts\/sieviesu-cherocee-revolution-jogger-bikses\/","og_site_name":"Simon Jersey Latvija","article_modified_time":"2025-09-09T08:27:40+00:00","og_image":[{"width":800,"height":1200,"url":"https:\/\/simonjersey.eu\/lv\/wp-content\/uploads\/sites\/2\/2025\/02\/WWE115-Cherikee-naiste-jogger-puksid-jogger-housut-mustad.jpg","type":"image\/jpeg"}],"twitter_card":"summary_large_image","twitter_misc":{"Est. reading time":"1 min\u016bte"},"schema":{"@context":"https:\/\/schema.org","@graph":[{"@type":"WebPage","@id":"https:\/\/simonjersey.eu\/lv\/produkts\/sieviesu-cherocee-revolution-jogger-bikses\/","url":"https:\/\/simonjersey.eu\/lv\/produkts\/sieviesu-cherocee-revolution-jogger-bikses\/","name":"Sievie\u0161u Cherokee Revolution Jogger bikses - Simon Jersey Latvija","isPartOf":{"@id":"https:\/\/simonjersey.eu\/lv\/#website"},"primaryImageOfPage":{"@id":"https:\/\/simonjersey.eu\/lv\/produkts\/sieviesu-cherocee-revolution-jogger-bikses\/#primaryimage"},"image":{"@id":"https:\/\/simonjersey.eu\/lv\/produkts\/sieviesu-cherocee-revolution-jogger-bikses\/#primaryimage"},"thumbnailUrl":"https:\/\/simonjersey.eu\/lv\/wp-content\/uploads\/sites\/2\/2025\/02\/WWE115-Cherikee-naiste-jogger-puksid-jogger-housut-mustad.jpg","datePublished":"2025-02-26T13:21:47+00:00","dateModified":"2025-09-09T08:27:40+00:00","breadcrumb":{"@id":"https:\/\/simonjersey.eu\/lv\/produkts\/sieviesu-cherocee-revolution-jogger-bikses\/#breadcrumb"},"inLanguage":"lv-LV","potentialAction":[{"@type":"ReadAction","target":["https:\/\/simonjersey.eu\/lv\/produkts\/sieviesu-cherocee-revolution-jogger-bikses\/"]}]},{"@type":"ImageObject","inLanguage":"lv-LV","@id":"https:\/\/simonjersey.eu\/lv\/produkts\/sieviesu-cherocee-revolution-jogger-bikses\/#primaryimage","url":"https:\/\/simonjersey.eu\/lv\/wp-content\/uploads\/sites\/2\/2025\/02\/WWE115-Cherikee-naiste-jogger-puksid-jogger-housut-mustad.jpg","contentUrl":"https:\/\/simonjersey.eu\/lv\/wp-content\/uploads\/sites\/2\/2025\/02\/WWE115-Cherikee-naiste-jogger-puksid-jogger-housut-mustad.jpg","width":800,"height":1200},{"@type":"BreadcrumbList","@id":"https:\/\/simonjersey.eu\/lv\/produkts\/sieviesu-cherocee-revolution-jogger-bikses\/#breadcrumb","itemListElement":[{"@type":"ListItem","position":1,"name":"Home","item":"https:\/\/simonjersey.eu\/lv\/"},{"@type":"ListItem","position":2,"name":"E-veikals","item":"https:\/\/simonjersey.eu\/lv\/e-veikals\/"},{"@type":"ListItem","position":3,"name":"Sievie\u0161u Cherokee Revolution Jogger bikses"}]},{"@type":"WebSite","@id":"https:\/\/simonjersey.eu\/lv\/#website","url":"https:\/\/simonjersey.eu\/lv\/","name":"Simon Jersey Latvija","description":"Kvalitat\u012bvi un iztur\u012bgi darba ap\u0123\u0113rbi","potentialAction":[{"@type":"SearchAction","target":{"@type":"EntryPoint","urlTemplate":"https:\/\/simonjersey.eu\/lv\/?s={search_term_string}"},"query-input":{"@type":"PropertyValueSpecification","valueRequired":true,"valueName":"search_term_string"}}],"inLanguage":"lv-LV"}]}},"_links":{"self":[{"href":"https:\/\/simonjersey.eu\/lv\/wp-json\/wp\/v2\/product\/8382","targetHints":{"allow":["GET"]}}],"collection":[{"href":"https:\/\/simonjersey.eu\/lv\/wp-json\/wp\/v2\/product"}],"about":[{"href":"https:\/\/simonjersey.eu\/lv\/wp-json\/wp\/v2\/types\/product"}],"wp:featuredmedia":[{"embeddable":true,"href":"https:\/\/simonjersey.eu\/lv\/wp-json\/wp\/v2\/media\/8387"}],"wp:attachment":[{"href":"https:\/\/simonjersey.eu\/lv\/wp-json\/wp\/v2\/media?parent=8382"}],"wp:term":[{"taxonomy":"product_brand","embeddable":true,"href":"https:\/\/simonjersey.eu\/lv\/wp-json\/wp\/v2\/product_brand?post=8382"},{"taxonomy":"product_cat","embeddable":true,"href":"https:\/\/simonjersey.eu\/lv\/wp-json\/wp\/v2\/product_cat?post=8382"},{"taxonomy":"product_tag","embeddable":true,"href":"https:\/\/simonjersey.eu\/lv\/wp-json\/wp\/v2\/product_tag?post=8382"}],"curies":[{"name":"wp","href":"https:\/\/api.w.org\/{rel}","templated":true}]}}