{"id":8520,"date":"2025-07-29T14:55:32","date_gmt":"2025-07-29T11:55:32","guid":{"rendered":"https:\/\/simonjersey.eu\/lv\/?post_type=product&#038;p=8520"},"modified":"2025-07-29T15:05:33","modified_gmt":"2025-07-29T12:05:33","slug":"healing-hands-2500-monica-v-veida-izgriezuma-darba-krekls","status":"publish","type":"product","link":"https:\/\/simonjersey.eu\/lv\/produkts\/healing-hands-2500-monica-v-veida-izgriezuma-darba-krekls\/","title":{"rendered":"Healing Hands 2500 Monica V-veida izgriezuma darba krekls"},"content":{"rendered":"","protected":false},"excerpt":{"rendered":"<p><strong>Healing Hands 2500 Monica V-veida izgriezuma darba krekls<\/strong> ir izstr\u0101d\u0101ts maksim\u0101lam komfortam un joproj\u0101m ir popul\u0101ra izv\u0113le darba ap\u0123\u0113rbam. Krekls ir ar sievi\u0161\u0137\u012bgu piegriezumu un izgatavots no viegli kopjama, \u010detros virzienos elast\u012bga auduma, kas nodro\u0161ina kust\u012bbu br\u012bv\u012bbu visas dienas garum\u0101.<\/p>\n<ul>\n<li>M\u016bsdien\u012bgs piegriezums<\/li>\n<li>Kop\u0101 \u010detras kabatas<\/li>\n<li>Priek\u0161\u0113j\u0101s un aizmugur\u0113j\u0101s princeses v\u012bles silueta izcel\u0161anai<\/li>\n<li>S\u0101nu \u0161\u0137\u0113lumi<\/li>\n<li>Aizmugur\u0113 ielaiduma v\u012bles<\/li>\n<\/ul>\n<p>Aptuvenais garums M izm\u0113ram \u2013 68,5 cm.<\/p>\n<p><strong>Materi\u0101ls:<\/strong> 91% poliesters \/ 9% spandekss<br \/>\n<strong>Kop\u0161anas instrukcija:<\/strong> Mazg\u0101t ve\u013casma\u0161\u012bn\u0101 aukst\u0101 \u016bden\u012b ar l\u012bdz\u012bgas kr\u0101sas ap\u0123\u0113rbiem. Vajadz\u012bbas gad\u012bjum\u0101 izmantot tikai hloru nesaturo\u0161u balin\u0101t\u0101ju. \u017d\u0101v\u0113t zem\u0101 temperat\u016br\u0101 un iz\u0146emt uzreiz p\u0113c \u017e\u0101v\u0113\u0161anas. Gludin\u0101t ar siltu gludekli, ja nepiecie\u0161ams.<\/p>\n<p>Izmers:XXS-3XL<\/p>\n","protected":false},"featured_media":8529,"template":"","meta":[],"product_brand":[],"product_cat":[17,18,72,73,74,112],"product_tag":[],"class_list":{"0":"post-8520","1":"product","2":"type-product","3":"status-publish","4":"has-post-thumbnail","6":"product_cat-skaistumkopsana","7":"product_cat-tunikas","8":"product_cat-veselibas-aprupe","9":"product_cat-arsti-un-medmasas","10":"product_cat-sieviesu-tunikas","11":"product_cat-tunikas-2","13":"first","14":"instock","15":"taxable","16":"shipping-taxable","17":"purchasable","18":"product-type-variable","19":"has-default-attributes"},"yoast_head":"<!-- This site is optimized with the Yoast SEO plugin v27.2 - https:\/\/yoast.com\/product\/yoast-seo-wordpress\/ -->\n<title>Healing Hands 2500 Monica V-veida izgriezuma darba krekls - Simon Jersey Latvija<\/title>\n<meta name=\"robots\" content=\"index, follow, max-snippet:-1, max-image-preview:large, max-video-preview:-1\" \/>\n<link rel=\"canonical\" href=\"https:\/\/simonjersey.eu\/lv\/produkts\/healing-hands-2500-monica-v-veida-izgriezuma-darba-krekls\/\" \/>\n<meta property=\"og:locale\" content=\"lv_LV\" \/>\n<meta property=\"og:type\" content=\"article\" \/>\n<meta property=\"og:title\" content=\"Healing Hands 2500 Monica V-veida izgriezuma darba krekls - Simon Jersey Latvija\" \/>\n<meta property=\"og:description\" content=\"Healing Hands 2500 Monica V-veida izgriezuma darba krekls ir izstr\u0101d\u0101ts maksim\u0101lam komfortam un joproj\u0101m ir popul\u0101ra izv\u0113le darba ap\u0123\u0113rbam. Krekls ir ar sievi\u0161\u0137\u012bgu piegriezumu un izgatavots no viegli kopjama, \u010detros virzienos elast\u012bga auduma, kas nodro\u0161ina kust\u012bbu br\u012bv\u012bbu visas dienas garum\u0101.   M\u016bsdien\u012bgs piegriezums  Kop\u0101 \u010detras kabatas  Priek\u0161\u0113j\u0101s un aizmugur\u0113j\u0101s princeses v\u012bles silueta izcel\u0161anai  S\u0101nu \u0161\u0137\u0113lumi  Aizmugur\u0113 ielaiduma v\u012bles  Aptuvenais garums M izm\u0113ram \u2013 68,5 cm.  Materi\u0101ls: 91% poliesters \/ 9% spandekss Kop\u0161anas instrukcija: Mazg\u0101t ve\u013casma\u0161\u012bn\u0101 aukst\u0101 \u016bden\u012b ar l\u012bdz\u012bgas kr\u0101sas ap\u0123\u0113rbiem. Vajadz\u012bbas gad\u012bjum\u0101 izmantot tikai hloru nesaturo\u0161u balin\u0101t\u0101ju. \u017d\u0101v\u0113t zem\u0101 temperat\u016br\u0101 un iz\u0146emt uzreiz p\u0113c \u017e\u0101v\u0113\u0161anas. Gludin\u0101t ar siltu gludekli, ja nepiecie\u0161ams.  Izmers:XXS-3XL\" \/>\n<meta property=\"og:url\" content=\"https:\/\/simonjersey.eu\/lv\/produkts\/healing-hands-2500-monica-v-veida-izgriezuma-darba-krekls\/\" \/>\n<meta property=\"og:site_name\" content=\"Simon Jersey Latvija\" \/>\n<meta property=\"article:modified_time\" content=\"2025-07-29T12:05:33+00:00\" \/>\n<meta property=\"og:image\" content=\"https:\/\/simonjersey.eu\/lv\/wp-content\/uploads\/sites\/2\/2025\/07\/2500_KHAKI_RIGHT.jpg\" \/>\n\t<meta property=\"og:image:width\" content=\"700\" \/>\n\t<meta property=\"og:image:height\" content=\"1050\" \/>\n\t<meta property=\"og:image:type\" content=\"image\/jpeg\" \/>\n<meta name=\"twitter:card\" content=\"summary_large_image\" \/>\n<meta name=\"twitter:label1\" content=\"Est. reading time\" \/>\n\t<meta name=\"twitter:data1\" content=\"1 min\u016bte\" \/>\n<script type=\"application\/ld+json\" class=\"yoast-schema-graph\">{\"@context\":\"https:\/\/schema.org\",\"@graph\":[{\"@type\":\"WebPage\",\"@id\":\"https:\/\/simonjersey.eu\/lv\/produkts\/healing-hands-2500-monica-v-veida-izgriezuma-darba-krekls\/\",\"url\":\"https:\/\/simonjersey.eu\/lv\/produkts\/healing-hands-2500-monica-v-veida-izgriezuma-darba-krekls\/\",\"name\":\"Healing Hands 2500 Monica V-veida izgriezuma darba krekls - Simon Jersey Latvija\",\"isPartOf\":{\"@id\":\"https:\/\/simonjersey.eu\/lv\/#website\"},\"primaryImageOfPage\":{\"@id\":\"https:\/\/simonjersey.eu\/lv\/produkts\/healing-hands-2500-monica-v-veida-izgriezuma-darba-krekls\/#primaryimage\"},\"image\":{\"@id\":\"https:\/\/simonjersey.eu\/lv\/produkts\/healing-hands-2500-monica-v-veida-izgriezuma-darba-krekls\/#primaryimage\"},\"thumbnailUrl\":\"https:\/\/simonjersey.eu\/lv\/wp-content\/uploads\/sites\/2\/2025\/07\/2500_KHAKI_RIGHT.jpg\",\"datePublished\":\"2025-07-29T11:55:32+00:00\",\"dateModified\":\"2025-07-29T12:05:33+00:00\",\"breadcrumb\":{\"@id\":\"https:\/\/simonjersey.eu\/lv\/produkts\/healing-hands-2500-monica-v-veida-izgriezuma-darba-krekls\/#breadcrumb\"},\"inLanguage\":\"lv-LV\",\"potentialAction\":[{\"@type\":\"ReadAction\",\"target\":[\"https:\/\/simonjersey.eu\/lv\/produkts\/healing-hands-2500-monica-v-veida-izgriezuma-darba-krekls\/\"]}]},{\"@type\":\"ImageObject\",\"inLanguage\":\"lv-LV\",\"@id\":\"https:\/\/simonjersey.eu\/lv\/produkts\/healing-hands-2500-monica-v-veida-izgriezuma-darba-krekls\/#primaryimage\",\"url\":\"https:\/\/simonjersey.eu\/lv\/wp-content\/uploads\/sites\/2\/2025\/07\/2500_KHAKI_RIGHT.jpg\",\"contentUrl\":\"https:\/\/simonjersey.eu\/lv\/wp-content\/uploads\/sites\/2\/2025\/07\/2500_KHAKI_RIGHT.jpg\",\"width\":700,\"height\":1050},{\"@type\":\"BreadcrumbList\",\"@id\":\"https:\/\/simonjersey.eu\/lv\/produkts\/healing-hands-2500-monica-v-veida-izgriezuma-darba-krekls\/#breadcrumb\",\"itemListElement\":[{\"@type\":\"ListItem\",\"position\":1,\"name\":\"Home\",\"item\":\"https:\/\/simonjersey.eu\/lv\/\"},{\"@type\":\"ListItem\",\"position\":2,\"name\":\"E-veikals\",\"item\":\"https:\/\/simonjersey.eu\/lv\/e-veikals\/\"},{\"@type\":\"ListItem\",\"position\":3,\"name\":\"Healing Hands 2500 Monica V-veida izgriezuma darba krekls\"}]},{\"@type\":\"WebSite\",\"@id\":\"https:\/\/simonjersey.eu\/lv\/#website\",\"url\":\"https:\/\/simonjersey.eu\/lv\/\",\"name\":\"Simon Jersey Latvija\",\"description\":\"Kvalitat\u012bvi un iztur\u012bgi darba ap\u0123\u0113rbi\",\"potentialAction\":[{\"@type\":\"SearchAction\",\"target\":{\"@type\":\"EntryPoint\",\"urlTemplate\":\"https:\/\/simonjersey.eu\/lv\/?s={search_term_string}\"},\"query-input\":{\"@type\":\"PropertyValueSpecification\",\"valueRequired\":true,\"valueName\":\"search_term_string\"}}],\"inLanguage\":\"lv-LV\"}]}<\/script>\n<!-- \/ Yoast SEO plugin. -->","yoast_head_json":{"title":"Healing Hands 2500 Monica V-veida izgriezuma darba krekls - Simon Jersey Latvija","robots":{"index":"index","follow":"follow","max-snippet":"max-snippet:-1","max-image-preview":"max-image-preview:large","max-video-preview":"max-video-preview:-1"},"canonical":"https:\/\/simonjersey.eu\/lv\/produkts\/healing-hands-2500-monica-v-veida-izgriezuma-darba-krekls\/","og_locale":"lv_LV","og_type":"article","og_title":"Healing Hands 2500 Monica V-veida izgriezuma darba krekls - Simon Jersey Latvija","og_description":"Healing Hands 2500 Monica V-veida izgriezuma darba krekls ir izstr\u0101d\u0101ts maksim\u0101lam komfortam un joproj\u0101m ir popul\u0101ra izv\u0113le darba ap\u0123\u0113rbam. Krekls ir ar sievi\u0161\u0137\u012bgu piegriezumu un izgatavots no viegli kopjama, \u010detros virzienos elast\u012bga auduma, kas nodro\u0161ina kust\u012bbu br\u012bv\u012bbu visas dienas garum\u0101.   M\u016bsdien\u012bgs piegriezums  Kop\u0101 \u010detras kabatas  Priek\u0161\u0113j\u0101s un aizmugur\u0113j\u0101s princeses v\u012bles silueta izcel\u0161anai  S\u0101nu \u0161\u0137\u0113lumi  Aizmugur\u0113 ielaiduma v\u012bles  Aptuvenais garums M izm\u0113ram \u2013 68,5 cm.  Materi\u0101ls: 91% poliesters \/ 9% spandekss Kop\u0161anas instrukcija: Mazg\u0101t ve\u013casma\u0161\u012bn\u0101 aukst\u0101 \u016bden\u012b ar l\u012bdz\u012bgas kr\u0101sas ap\u0123\u0113rbiem. Vajadz\u012bbas gad\u012bjum\u0101 izmantot tikai hloru nesaturo\u0161u balin\u0101t\u0101ju. \u017d\u0101v\u0113t zem\u0101 temperat\u016br\u0101 un iz\u0146emt uzreiz p\u0113c \u017e\u0101v\u0113\u0161anas. Gludin\u0101t ar siltu gludekli, ja nepiecie\u0161ams.  Izmers:XXS-3XL","og_url":"https:\/\/simonjersey.eu\/lv\/produkts\/healing-hands-2500-monica-v-veida-izgriezuma-darba-krekls\/","og_site_name":"Simon Jersey Latvija","article_modified_time":"2025-07-29T12:05:33+00:00","og_image":[{"width":700,"height":1050,"url":"https:\/\/simonjersey.eu\/lv\/wp-content\/uploads\/sites\/2\/2025\/07\/2500_KHAKI_RIGHT.jpg","type":"image\/jpeg"}],"twitter_card":"summary_large_image","twitter_misc":{"Est. reading time":"1 min\u016bte"},"schema":{"@context":"https:\/\/schema.org","@graph":[{"@type":"WebPage","@id":"https:\/\/simonjersey.eu\/lv\/produkts\/healing-hands-2500-monica-v-veida-izgriezuma-darba-krekls\/","url":"https:\/\/simonjersey.eu\/lv\/produkts\/healing-hands-2500-monica-v-veida-izgriezuma-darba-krekls\/","name":"Healing Hands 2500 Monica V-veida izgriezuma darba krekls - Simon Jersey Latvija","isPartOf":{"@id":"https:\/\/simonjersey.eu\/lv\/#website"},"primaryImageOfPage":{"@id":"https:\/\/simonjersey.eu\/lv\/produkts\/healing-hands-2500-monica-v-veida-izgriezuma-darba-krekls\/#primaryimage"},"image":{"@id":"https:\/\/simonjersey.eu\/lv\/produkts\/healing-hands-2500-monica-v-veida-izgriezuma-darba-krekls\/#primaryimage"},"thumbnailUrl":"https:\/\/simonjersey.eu\/lv\/wp-content\/uploads\/sites\/2\/2025\/07\/2500_KHAKI_RIGHT.jpg","datePublished":"2025-07-29T11:55:32+00:00","dateModified":"2025-07-29T12:05:33+00:00","breadcrumb":{"@id":"https:\/\/simonjersey.eu\/lv\/produkts\/healing-hands-2500-monica-v-veida-izgriezuma-darba-krekls\/#breadcrumb"},"inLanguage":"lv-LV","potentialAction":[{"@type":"ReadAction","target":["https:\/\/simonjersey.eu\/lv\/produkts\/healing-hands-2500-monica-v-veida-izgriezuma-darba-krekls\/"]}]},{"@type":"ImageObject","inLanguage":"lv-LV","@id":"https:\/\/simonjersey.eu\/lv\/produkts\/healing-hands-2500-monica-v-veida-izgriezuma-darba-krekls\/#primaryimage","url":"https:\/\/simonjersey.eu\/lv\/wp-content\/uploads\/sites\/2\/2025\/07\/2500_KHAKI_RIGHT.jpg","contentUrl":"https:\/\/simonjersey.eu\/lv\/wp-content\/uploads\/sites\/2\/2025\/07\/2500_KHAKI_RIGHT.jpg","width":700,"height":1050},{"@type":"BreadcrumbList","@id":"https:\/\/simonjersey.eu\/lv\/produkts\/healing-hands-2500-monica-v-veida-izgriezuma-darba-krekls\/#breadcrumb","itemListElement":[{"@type":"ListItem","position":1,"name":"Home","item":"https:\/\/simonjersey.eu\/lv\/"},{"@type":"ListItem","position":2,"name":"E-veikals","item":"https:\/\/simonjersey.eu\/lv\/e-veikals\/"},{"@type":"ListItem","position":3,"name":"Healing Hands 2500 Monica V-veida izgriezuma darba krekls"}]},{"@type":"WebSite","@id":"https:\/\/simonjersey.eu\/lv\/#website","url":"https:\/\/simonjersey.eu\/lv\/","name":"Simon Jersey Latvija","description":"Kvalitat\u012bvi un iztur\u012bgi darba ap\u0123\u0113rbi","potentialAction":[{"@type":"SearchAction","target":{"@type":"EntryPoint","urlTemplate":"https:\/\/simonjersey.eu\/lv\/?s={search_term_string}"},"query-input":{"@type":"PropertyValueSpecification","valueRequired":true,"valueName":"search_term_string"}}],"inLanguage":"lv-LV"}]}},"_links":{"self":[{"href":"https:\/\/simonjersey.eu\/lv\/wp-json\/wp\/v2\/product\/8520","targetHints":{"allow":["GET"]}}],"collection":[{"href":"https:\/\/simonjersey.eu\/lv\/wp-json\/wp\/v2\/product"}],"about":[{"href":"https:\/\/simonjersey.eu\/lv\/wp-json\/wp\/v2\/types\/product"}],"wp:featuredmedia":[{"embeddable":true,"href":"https:\/\/simonjersey.eu\/lv\/wp-json\/wp\/v2\/media\/8529"}],"wp:attachment":[{"href":"https:\/\/simonjersey.eu\/lv\/wp-json\/wp\/v2\/media?parent=8520"}],"wp:term":[{"taxonomy":"product_brand","embeddable":true,"href":"https:\/\/simonjersey.eu\/lv\/wp-json\/wp\/v2\/product_brand?post=8520"},{"taxonomy":"product_cat","embeddable":true,"href":"https:\/\/simonjersey.eu\/lv\/wp-json\/wp\/v2\/product_cat?post=8520"},{"taxonomy":"product_tag","embeddable":true,"href":"https:\/\/simonjersey.eu\/lv\/wp-json\/wp\/v2\/product_tag?post=8520"}],"curies":[{"name":"wp","href":"https:\/\/api.w.org\/{rel}","templated":true}]}}