{"id":8539,"date":"2025-07-29T15:08:56","date_gmt":"2025-07-29T12:08:56","guid":{"rendered":"https:\/\/simonjersey.eu\/lv\/?post_type=product&#038;p=8539"},"modified":"2025-07-29T15:14:03","modified_gmt":"2025-07-29T12:14:03","slug":"healing-hands-rebecca-darba-bikses","status":"publish","type":"product","link":"https:\/\/simonjersey.eu\/lv\/produkts\/healing-hands-rebecca-darba-bikses\/","title":{"rendered":"Healing Hands Rebecca darba bikses"},"content":{"rendered":"","protected":false},"excerpt":{"rendered":"<p>\u0112rtas un elast\u012bgas bikses ar vienk\u0101r\u0161u dizainu. \u0100tri \u017e\u016bsto\u0161s audums un praktiski risin\u0101jumi ikdienas darbam.<\/p>\n<ul>\n<li>Elast\u012bga josta ar auklu<\/li>\n<li>Taisnas k\u0101jas<\/li>\n<li>6 kabatas, t.sk. dubult\u0101 cargo un pildspalvas vieta<\/li>\n<li>S\u0101nu \u0161\u0137\u0113lumi, dekorat\u012bva priek\u0161a<\/li>\n<li>Iek\u0161\u0161uvums (M): 80 cm<\/li>\n<\/ul>\n<p><strong>Sast\u0101vs:<\/strong> 91% poliesters \/ 9% spandekss<br \/>\n<strong>Ko<\/strong> <strong>p\u0161ana:<\/strong> Mazg\u0101t aukst\u0101 \u016bden\u012b, \u017e\u0101v\u0113t zem\u0101 temperat\u016br\u0101.<\/p>\n<p><strong>Izmers<\/strong>:XXS-3XL<\/p>\n","protected":false},"featured_media":8551,"template":"","meta":[],"product_brand":[],"product_cat":[486,17,20,72,73,76,107],"product_tag":[],"class_list":{"0":"post-8539","1":"product","2":"type-product","3":"status-publish","4":"has-post-thumbnail","6":"product_cat-dickies-cherokee-darba-apgerbs","7":"product_cat-skaistumkopsana","8":"product_cat-bikses","9":"product_cat-veselibas-aprupe","10":"product_cat-arsti-un-medmasas","11":"product_cat-bikses-arsti-un-medmasas","12":"product_cat-sieviesu-bikses","14":"first","15":"instock","16":"taxable","17":"shipping-taxable","18":"purchasable","19":"product-type-variable","20":"has-default-attributes"},"yoast_head":"<!-- This site is optimized with the Yoast SEO plugin v27.2 - https:\/\/yoast.com\/product\/yoast-seo-wordpress\/ -->\n<title>Healing Hands Rebecca darba bikses - Simon Jersey Latvija<\/title>\n<meta name=\"robots\" content=\"index, follow, max-snippet:-1, max-image-preview:large, max-video-preview:-1\" \/>\n<link rel=\"canonical\" href=\"https:\/\/simonjersey.eu\/lv\/produkts\/healing-hands-rebecca-darba-bikses\/\" \/>\n<meta property=\"og:locale\" content=\"lv_LV\" \/>\n<meta property=\"og:type\" content=\"article\" \/>\n<meta property=\"og:title\" content=\"Healing Hands Rebecca darba bikses - Simon Jersey Latvija\" \/>\n<meta property=\"og:description\" content=\"\u0112rtas un elast\u012bgas bikses ar vienk\u0101r\u0161u dizainu. \u0100tri \u017e\u016bsto\u0161s audums un praktiski risin\u0101jumi ikdienas darbam.   Elast\u012bga josta ar auklu  Taisnas k\u0101jas  6 kabatas, t.sk. dubult\u0101 cargo un pildspalvas vieta  S\u0101nu \u0161\u0137\u0113lumi, dekorat\u012bva priek\u0161a  Iek\u0161\u0161uvums (M): 80 cm  Sast\u0101vs: 91% poliesters \/ 9% spandekss Ko p\u0161ana: Mazg\u0101t aukst\u0101 \u016bden\u012b, \u017e\u0101v\u0113t zem\u0101 temperat\u016br\u0101.  Izmers:XXS-3XL\" \/>\n<meta property=\"og:url\" content=\"https:\/\/simonjersey.eu\/lv\/produkts\/healing-hands-rebecca-darba-bikses\/\" \/>\n<meta property=\"og:site_name\" content=\"Simon Jersey Latvija\" \/>\n<meta property=\"article:modified_time\" content=\"2025-07-29T12:14:03+00:00\" \/>\n<meta property=\"og:image\" content=\"https:\/\/simonjersey.eu\/lv\/wp-content\/uploads\/sites\/2\/2025\/07\/HHE9560_KHAKI.jpg\" \/>\n\t<meta property=\"og:image:width\" content=\"1100\" \/>\n\t<meta property=\"og:image:height\" content=\"1600\" \/>\n\t<meta property=\"og:image:type\" content=\"image\/jpeg\" \/>\n<meta name=\"twitter:card\" content=\"summary_large_image\" \/>\n<meta name=\"twitter:label1\" content=\"Est. reading time\" \/>\n\t<meta name=\"twitter:data1\" content=\"1 min\u016bte\" \/>\n<script type=\"application\/ld+json\" class=\"yoast-schema-graph\">{\"@context\":\"https:\/\/schema.org\",\"@graph\":[{\"@type\":\"WebPage\",\"@id\":\"https:\/\/simonjersey.eu\/lv\/produkts\/healing-hands-rebecca-darba-bikses\/\",\"url\":\"https:\/\/simonjersey.eu\/lv\/produkts\/healing-hands-rebecca-darba-bikses\/\",\"name\":\"Healing Hands Rebecca darba bikses - Simon Jersey Latvija\",\"isPartOf\":{\"@id\":\"https:\/\/simonjersey.eu\/lv\/#website\"},\"primaryImageOfPage\":{\"@id\":\"https:\/\/simonjersey.eu\/lv\/produkts\/healing-hands-rebecca-darba-bikses\/#primaryimage\"},\"image\":{\"@id\":\"https:\/\/simonjersey.eu\/lv\/produkts\/healing-hands-rebecca-darba-bikses\/#primaryimage\"},\"thumbnailUrl\":\"https:\/\/simonjersey.eu\/lv\/wp-content\/uploads\/sites\/2\/2025\/07\/HHE9560_KHAKI.jpg\",\"datePublished\":\"2025-07-29T12:08:56+00:00\",\"dateModified\":\"2025-07-29T12:14:03+00:00\",\"breadcrumb\":{\"@id\":\"https:\/\/simonjersey.eu\/lv\/produkts\/healing-hands-rebecca-darba-bikses\/#breadcrumb\"},\"inLanguage\":\"lv-LV\",\"potentialAction\":[{\"@type\":\"ReadAction\",\"target\":[\"https:\/\/simonjersey.eu\/lv\/produkts\/healing-hands-rebecca-darba-bikses\/\"]}]},{\"@type\":\"ImageObject\",\"inLanguage\":\"lv-LV\",\"@id\":\"https:\/\/simonjersey.eu\/lv\/produkts\/healing-hands-rebecca-darba-bikses\/#primaryimage\",\"url\":\"https:\/\/simonjersey.eu\/lv\/wp-content\/uploads\/sites\/2\/2025\/07\/HHE9560_KHAKI.jpg\",\"contentUrl\":\"https:\/\/simonjersey.eu\/lv\/wp-content\/uploads\/sites\/2\/2025\/07\/HHE9560_KHAKI.jpg\",\"width\":1100,\"height\":1600},{\"@type\":\"BreadcrumbList\",\"@id\":\"https:\/\/simonjersey.eu\/lv\/produkts\/healing-hands-rebecca-darba-bikses\/#breadcrumb\",\"itemListElement\":[{\"@type\":\"ListItem\",\"position\":1,\"name\":\"Home\",\"item\":\"https:\/\/simonjersey.eu\/lv\/\"},{\"@type\":\"ListItem\",\"position\":2,\"name\":\"E-veikals\",\"item\":\"https:\/\/simonjersey.eu\/lv\/e-veikals\/\"},{\"@type\":\"ListItem\",\"position\":3,\"name\":\"Healing Hands Rebecca darba bikses\"}]},{\"@type\":\"WebSite\",\"@id\":\"https:\/\/simonjersey.eu\/lv\/#website\",\"url\":\"https:\/\/simonjersey.eu\/lv\/\",\"name\":\"Simon Jersey Latvija\",\"description\":\"Kvalitat\u012bvi un iztur\u012bgi darba ap\u0123\u0113rbi\",\"potentialAction\":[{\"@type\":\"SearchAction\",\"target\":{\"@type\":\"EntryPoint\",\"urlTemplate\":\"https:\/\/simonjersey.eu\/lv\/?s={search_term_string}\"},\"query-input\":{\"@type\":\"PropertyValueSpecification\",\"valueRequired\":true,\"valueName\":\"search_term_string\"}}],\"inLanguage\":\"lv-LV\"}]}<\/script>\n<!-- \/ Yoast SEO plugin. -->","yoast_head_json":{"title":"Healing Hands Rebecca darba bikses - Simon Jersey Latvija","robots":{"index":"index","follow":"follow","max-snippet":"max-snippet:-1","max-image-preview":"max-image-preview:large","max-video-preview":"max-video-preview:-1"},"canonical":"https:\/\/simonjersey.eu\/lv\/produkts\/healing-hands-rebecca-darba-bikses\/","og_locale":"lv_LV","og_type":"article","og_title":"Healing Hands Rebecca darba bikses - Simon Jersey Latvija","og_description":"\u0112rtas un elast\u012bgas bikses ar vienk\u0101r\u0161u dizainu. \u0100tri \u017e\u016bsto\u0161s audums un praktiski risin\u0101jumi ikdienas darbam.   Elast\u012bga josta ar auklu  Taisnas k\u0101jas  6 kabatas, t.sk. dubult\u0101 cargo un pildspalvas vieta  S\u0101nu \u0161\u0137\u0113lumi, dekorat\u012bva priek\u0161a  Iek\u0161\u0161uvums (M): 80 cm  Sast\u0101vs: 91% poliesters \/ 9% spandekss Ko p\u0161ana: Mazg\u0101t aukst\u0101 \u016bden\u012b, \u017e\u0101v\u0113t zem\u0101 temperat\u016br\u0101.  Izmers:XXS-3XL","og_url":"https:\/\/simonjersey.eu\/lv\/produkts\/healing-hands-rebecca-darba-bikses\/","og_site_name":"Simon Jersey Latvija","article_modified_time":"2025-07-29T12:14:03+00:00","og_image":[{"width":1100,"height":1600,"url":"https:\/\/simonjersey.eu\/lv\/wp-content\/uploads\/sites\/2\/2025\/07\/HHE9560_KHAKI.jpg","type":"image\/jpeg"}],"twitter_card":"summary_large_image","twitter_misc":{"Est. reading time":"1 min\u016bte"},"schema":{"@context":"https:\/\/schema.org","@graph":[{"@type":"WebPage","@id":"https:\/\/simonjersey.eu\/lv\/produkts\/healing-hands-rebecca-darba-bikses\/","url":"https:\/\/simonjersey.eu\/lv\/produkts\/healing-hands-rebecca-darba-bikses\/","name":"Healing Hands Rebecca darba bikses - Simon Jersey Latvija","isPartOf":{"@id":"https:\/\/simonjersey.eu\/lv\/#website"},"primaryImageOfPage":{"@id":"https:\/\/simonjersey.eu\/lv\/produkts\/healing-hands-rebecca-darba-bikses\/#primaryimage"},"image":{"@id":"https:\/\/simonjersey.eu\/lv\/produkts\/healing-hands-rebecca-darba-bikses\/#primaryimage"},"thumbnailUrl":"https:\/\/simonjersey.eu\/lv\/wp-content\/uploads\/sites\/2\/2025\/07\/HHE9560_KHAKI.jpg","datePublished":"2025-07-29T12:08:56+00:00","dateModified":"2025-07-29T12:14:03+00:00","breadcrumb":{"@id":"https:\/\/simonjersey.eu\/lv\/produkts\/healing-hands-rebecca-darba-bikses\/#breadcrumb"},"inLanguage":"lv-LV","potentialAction":[{"@type":"ReadAction","target":["https:\/\/simonjersey.eu\/lv\/produkts\/healing-hands-rebecca-darba-bikses\/"]}]},{"@type":"ImageObject","inLanguage":"lv-LV","@id":"https:\/\/simonjersey.eu\/lv\/produkts\/healing-hands-rebecca-darba-bikses\/#primaryimage","url":"https:\/\/simonjersey.eu\/lv\/wp-content\/uploads\/sites\/2\/2025\/07\/HHE9560_KHAKI.jpg","contentUrl":"https:\/\/simonjersey.eu\/lv\/wp-content\/uploads\/sites\/2\/2025\/07\/HHE9560_KHAKI.jpg","width":1100,"height":1600},{"@type":"BreadcrumbList","@id":"https:\/\/simonjersey.eu\/lv\/produkts\/healing-hands-rebecca-darba-bikses\/#breadcrumb","itemListElement":[{"@type":"ListItem","position":1,"name":"Home","item":"https:\/\/simonjersey.eu\/lv\/"},{"@type":"ListItem","position":2,"name":"E-veikals","item":"https:\/\/simonjersey.eu\/lv\/e-veikals\/"},{"@type":"ListItem","position":3,"name":"Healing Hands Rebecca darba bikses"}]},{"@type":"WebSite","@id":"https:\/\/simonjersey.eu\/lv\/#website","url":"https:\/\/simonjersey.eu\/lv\/","name":"Simon Jersey Latvija","description":"Kvalitat\u012bvi un iztur\u012bgi darba ap\u0123\u0113rbi","potentialAction":[{"@type":"SearchAction","target":{"@type":"EntryPoint","urlTemplate":"https:\/\/simonjersey.eu\/lv\/?s={search_term_string}"},"query-input":{"@type":"PropertyValueSpecification","valueRequired":true,"valueName":"search_term_string"}}],"inLanguage":"lv-LV"}]}},"_links":{"self":[{"href":"https:\/\/simonjersey.eu\/lv\/wp-json\/wp\/v2\/product\/8539","targetHints":{"allow":["GET"]}}],"collection":[{"href":"https:\/\/simonjersey.eu\/lv\/wp-json\/wp\/v2\/product"}],"about":[{"href":"https:\/\/simonjersey.eu\/lv\/wp-json\/wp\/v2\/types\/product"}],"wp:featuredmedia":[{"embeddable":true,"href":"https:\/\/simonjersey.eu\/lv\/wp-json\/wp\/v2\/media\/8551"}],"wp:attachment":[{"href":"https:\/\/simonjersey.eu\/lv\/wp-json\/wp\/v2\/media?parent=8539"}],"wp:term":[{"taxonomy":"product_brand","embeddable":true,"href":"https:\/\/simonjersey.eu\/lv\/wp-json\/wp\/v2\/product_brand?post=8539"},{"taxonomy":"product_cat","embeddable":true,"href":"https:\/\/simonjersey.eu\/lv\/wp-json\/wp\/v2\/product_cat?post=8539"},{"taxonomy":"product_tag","embeddable":true,"href":"https:\/\/simonjersey.eu\/lv\/wp-json\/wp\/v2\/product_tag?post=8539"}],"curies":[{"name":"wp","href":"https:\/\/api.w.org\/{rel}","templated":true}]}}