{"id":8568,"date":"2025-07-30T13:50:02","date_gmt":"2025-07-30T10:50:02","guid":{"rendered":"https:\/\/simonjersey.eu\/lv\/?post_type=product&#038;p=8568"},"modified":"2026-03-05T11:36:21","modified_gmt":"2026-03-05T08:36:21","slug":"dickies-sieviesu-v-veida-izgriezuma-medicinas-tunika","status":"publish","type":"product","link":"https:\/\/simonjersey.eu\/lv\/produkts\/dickies-sieviesu-v-veida-izgriezuma-medicinas-tunika\/","title":{"rendered":"Dickies sievie\u0161u V-veida izgriezuma medic\u012bnas tunika"},"content":{"rendered":"","protected":false},"excerpt":{"rendered":"<p>Dickies EDS Signature modelis (86706) ir V-veida izgriezuma <strong>medic\u012bnas<\/strong> tunika, piem\u0113rota darbam medic\u012bnas iest\u0101d\u0113s un uzkop\u0161anas pakalpojumu snieg\u0161an\u0101. Pieejama skaist\u0101s kr\u0101s\u0101s, izgatavota no iztur\u012bga, m\u012bkstin\u0101ta kokvilnas mais\u012bjuma auduma. Tunikai ir s\u0101nu \u0161\u0137\u0113lumi, V-veida izgriezums, \u012bsas piedurknes un kabatas. Br\u012bvs piegriezums. Apkakles da\u013c\u0101 ir sarkana elast\u012bga lente ar Dickies logotipu, kas nov\u0113r\u0161 izstiep\u0161anos. Uz vienas piedurknes \u2013 Dickies logotips.<\/p>\n<p data-start=\"569\" data-end=\"826\"><strong data-start=\"569\" data-end=\"583\">Materi\u0101ls:<\/strong> 55% m\u012bkstin\u0101ta kokvilna, 45% poliestera popl\u012bns<br data-start=\"631\" data-end=\"634\" \/><strong data-start=\"634\" data-end=\"645\">Garums:<\/strong> 68,5 cm<br data-start=\"653\" data-end=\"656\" \/><strong data-start=\"656\" data-end=\"668\">Kop\u0161ana:<\/strong> Mazg\u0101t ve\u013casma\u0161\u012bn\u0101 60\u00ba temperat\u016br\u0101 ar l\u012bdz\u012bg\u0101m kr\u0101s\u0101m, zema gludin\u0101\u0161anas temperat\u016bra, nebalin\u0101t, \u017e\u0101v\u0113t ve\u013cas \u017e\u0101v\u0113t\u0101j\u0101 zem\u0101 temperat\u016br\u0101.<br data-start=\"804\" data-end=\"807\" \/><strong data-start=\"807\" data-end=\"818\">Izm\u0113ri:<\/strong> XXS\u20133XL<\/p>\n<p>M\u0113s iesak\u0101m pas\u016bt\u012bt vienu izm\u0113ru maz\u0101ku nek\u0101 ierasts!<\/p>\n<p><a href=\"https:\/\/simonjersey.eu\/lv\/produkts\/dickies-sieviesu-medicinas-bikses\/\"><strong> Bikses atrad\u012bsi \u0161eit!!<\/strong><\/a><\/p>\n<p data-start=\"828\" data-end=\"853\">\n","protected":false},"featured_media":8579,"template":"","meta":[],"product_brand":[],"product_cat":[486,72,73,74],"product_tag":[],"class_list":{"0":"post-8568","1":"product","2":"type-product","3":"status-publish","4":"has-post-thumbnail","6":"product_cat-dickies-cherokee-darba-apgerbs","7":"product_cat-veselibas-aprupe","8":"product_cat-arsti-un-medmasas","9":"product_cat-sieviesu-tunikas","11":"first","12":"instock","13":"taxable","14":"shipping-taxable","15":"purchasable","16":"product-type-variable","17":"has-default-attributes"},"yoast_head":"<!-- This site is optimized with the Yoast SEO plugin v27.2 - https:\/\/yoast.com\/product\/yoast-seo-wordpress\/ -->\n<title>Dickies sievie\u0161u V-veida izgriezuma medic\u012bnas tunika - Simon Jersey Latvija<\/title>\n<meta name=\"robots\" content=\"index, follow, max-snippet:-1, max-image-preview:large, max-video-preview:-1\" \/>\n<link rel=\"canonical\" href=\"https:\/\/simonjersey.eu\/lv\/produkts\/dickies-sieviesu-v-veida-izgriezuma-medicinas-tunika\/\" \/>\n<meta property=\"og:locale\" content=\"lv_LV\" \/>\n<meta property=\"og:type\" content=\"article\" \/>\n<meta property=\"og:title\" content=\"Dickies sievie\u0161u V-veida izgriezuma medic\u012bnas tunika - Simon Jersey Latvija\" \/>\n<meta property=\"og:description\" content=\"Dickies EDS Signature modelis (86706) ir V-veida izgriezuma medic\u012bnas tunika, piem\u0113rota darbam medic\u012bnas iest\u0101d\u0113s un uzkop\u0161anas pakalpojumu snieg\u0161an\u0101. Pieejama skaist\u0101s kr\u0101s\u0101s, izgatavota no iztur\u012bga, m\u012bkstin\u0101ta kokvilnas mais\u012bjuma auduma. Tunikai ir s\u0101nu \u0161\u0137\u0113lumi, V-veida izgriezums, \u012bsas piedurknes un kabatas. Br\u012bvs piegriezums. Apkakles da\u013c\u0101 ir sarkana elast\u012bga lente ar Dickies logotipu, kas nov\u0113r\u0161 izstiep\u0161anos. Uz vienas piedurknes \u2013 Dickies logotips. Materi\u0101ls: 55% m\u012bkstin\u0101ta kokvilna, 45% poliestera popl\u012bnsGarums: 68,5 cmKop\u0161ana: Mazg\u0101t ve\u013casma\u0161\u012bn\u0101 60\u00ba temperat\u016br\u0101 ar l\u012bdz\u012bg\u0101m kr\u0101s\u0101m, zema gludin\u0101\u0161anas temperat\u016bra, nebalin\u0101t, \u017e\u0101v\u0113t ve\u013cas \u017e\u0101v\u0113t\u0101j\u0101 zem\u0101 temperat\u016br\u0101.Izm\u0113ri: XXS\u20133XL M\u0113s iesak\u0101m pas\u016bt\u012bt vienu izm\u0113ru maz\u0101ku nek\u0101 ierasts!   Bikses atrad\u012bsi \u0161eit!!\" \/>\n<meta property=\"og:url\" content=\"https:\/\/simonjersey.eu\/lv\/produkts\/dickies-sieviesu-v-veida-izgriezuma-medicinas-tunika\/\" \/>\n<meta property=\"og:site_name\" content=\"Simon Jersey Latvija\" \/>\n<meta property=\"article:modified_time\" content=\"2026-03-05T08:36:21+00:00\" \/>\n<meta property=\"og:image\" content=\"https:\/\/simonjersey.eu\/lv\/wp-content\/uploads\/sites\/2\/2025\/07\/DKE86706_CIWZ_RIGHT.jpg\" \/>\n\t<meta property=\"og:image:width\" content=\"1100\" \/>\n\t<meta property=\"og:image:height\" content=\"1600\" \/>\n\t<meta property=\"og:image:type\" content=\"image\/jpeg\" \/>\n<meta name=\"twitter:card\" content=\"summary_large_image\" \/>\n<meta name=\"twitter:label1\" content=\"Est. reading time\" \/>\n\t<meta name=\"twitter:data1\" content=\"1 min\u016bte\" \/>\n<script type=\"application\/ld+json\" class=\"yoast-schema-graph\">{\"@context\":\"https:\/\/schema.org\",\"@graph\":[{\"@type\":\"WebPage\",\"@id\":\"https:\/\/simonjersey.eu\/lv\/produkts\/dickies-sieviesu-v-veida-izgriezuma-medicinas-tunika\/\",\"url\":\"https:\/\/simonjersey.eu\/lv\/produkts\/dickies-sieviesu-v-veida-izgriezuma-medicinas-tunika\/\",\"name\":\"Dickies sievie\u0161u V-veida izgriezuma medic\u012bnas tunika - Simon Jersey Latvija\",\"isPartOf\":{\"@id\":\"https:\/\/simonjersey.eu\/lv\/#website\"},\"primaryImageOfPage\":{\"@id\":\"https:\/\/simonjersey.eu\/lv\/produkts\/dickies-sieviesu-v-veida-izgriezuma-medicinas-tunika\/#primaryimage\"},\"image\":{\"@id\":\"https:\/\/simonjersey.eu\/lv\/produkts\/dickies-sieviesu-v-veida-izgriezuma-medicinas-tunika\/#primaryimage\"},\"thumbnailUrl\":\"https:\/\/simonjersey.eu\/lv\/wp-content\/uploads\/sites\/2\/2025\/07\/DKE86706_CIWZ_RIGHT.jpg\",\"datePublished\":\"2025-07-30T10:50:02+00:00\",\"dateModified\":\"2026-03-05T08:36:21+00:00\",\"breadcrumb\":{\"@id\":\"https:\/\/simonjersey.eu\/lv\/produkts\/dickies-sieviesu-v-veida-izgriezuma-medicinas-tunika\/#breadcrumb\"},\"inLanguage\":\"lv-LV\",\"potentialAction\":[{\"@type\":\"ReadAction\",\"target\":[\"https:\/\/simonjersey.eu\/lv\/produkts\/dickies-sieviesu-v-veida-izgriezuma-medicinas-tunika\/\"]}]},{\"@type\":\"ImageObject\",\"inLanguage\":\"lv-LV\",\"@id\":\"https:\/\/simonjersey.eu\/lv\/produkts\/dickies-sieviesu-v-veida-izgriezuma-medicinas-tunika\/#primaryimage\",\"url\":\"https:\/\/simonjersey.eu\/lv\/wp-content\/uploads\/sites\/2\/2025\/07\/DKE86706_CIWZ_RIGHT.jpg\",\"contentUrl\":\"https:\/\/simonjersey.eu\/lv\/wp-content\/uploads\/sites\/2\/2025\/07\/DKE86706_CIWZ_RIGHT.jpg\",\"width\":1100,\"height\":1600},{\"@type\":\"BreadcrumbList\",\"@id\":\"https:\/\/simonjersey.eu\/lv\/produkts\/dickies-sieviesu-v-veida-izgriezuma-medicinas-tunika\/#breadcrumb\",\"itemListElement\":[{\"@type\":\"ListItem\",\"position\":1,\"name\":\"Home\",\"item\":\"https:\/\/simonjersey.eu\/lv\/\"},{\"@type\":\"ListItem\",\"position\":2,\"name\":\"E-veikals\",\"item\":\"https:\/\/simonjersey.eu\/lv\/e-veikals\/\"},{\"@type\":\"ListItem\",\"position\":3,\"name\":\"Dickies sievie\u0161u V-veida izgriezuma medic\u012bnas tunika\"}]},{\"@type\":\"WebSite\",\"@id\":\"https:\/\/simonjersey.eu\/lv\/#website\",\"url\":\"https:\/\/simonjersey.eu\/lv\/\",\"name\":\"Simon Jersey Latvija\",\"description\":\"Kvalitat\u012bvi un iztur\u012bgi darba ap\u0123\u0113rbi\",\"potentialAction\":[{\"@type\":\"SearchAction\",\"target\":{\"@type\":\"EntryPoint\",\"urlTemplate\":\"https:\/\/simonjersey.eu\/lv\/?s={search_term_string}\"},\"query-input\":{\"@type\":\"PropertyValueSpecification\",\"valueRequired\":true,\"valueName\":\"search_term_string\"}}],\"inLanguage\":\"lv-LV\"}]}<\/script>\n<!-- \/ Yoast SEO plugin. -->","yoast_head_json":{"title":"Dickies sievie\u0161u V-veida izgriezuma medic\u012bnas tunika - Simon Jersey Latvija","robots":{"index":"index","follow":"follow","max-snippet":"max-snippet:-1","max-image-preview":"max-image-preview:large","max-video-preview":"max-video-preview:-1"},"canonical":"https:\/\/simonjersey.eu\/lv\/produkts\/dickies-sieviesu-v-veida-izgriezuma-medicinas-tunika\/","og_locale":"lv_LV","og_type":"article","og_title":"Dickies sievie\u0161u V-veida izgriezuma medic\u012bnas tunika - Simon Jersey Latvija","og_description":"Dickies EDS Signature modelis (86706) ir V-veida izgriezuma medic\u012bnas tunika, piem\u0113rota darbam medic\u012bnas iest\u0101d\u0113s un uzkop\u0161anas pakalpojumu snieg\u0161an\u0101. Pieejama skaist\u0101s kr\u0101s\u0101s, izgatavota no iztur\u012bga, m\u012bkstin\u0101ta kokvilnas mais\u012bjuma auduma. Tunikai ir s\u0101nu \u0161\u0137\u0113lumi, V-veida izgriezums, \u012bsas piedurknes un kabatas. Br\u012bvs piegriezums. Apkakles da\u013c\u0101 ir sarkana elast\u012bga lente ar Dickies logotipu, kas nov\u0113r\u0161 izstiep\u0161anos. Uz vienas piedurknes \u2013 Dickies logotips. Materi\u0101ls: 55% m\u012bkstin\u0101ta kokvilna, 45% poliestera popl\u012bnsGarums: 68,5 cmKop\u0161ana: Mazg\u0101t ve\u013casma\u0161\u012bn\u0101 60\u00ba temperat\u016br\u0101 ar l\u012bdz\u012bg\u0101m kr\u0101s\u0101m, zema gludin\u0101\u0161anas temperat\u016bra, nebalin\u0101t, \u017e\u0101v\u0113t ve\u013cas \u017e\u0101v\u0113t\u0101j\u0101 zem\u0101 temperat\u016br\u0101.Izm\u0113ri: XXS\u20133XL M\u0113s iesak\u0101m pas\u016bt\u012bt vienu izm\u0113ru maz\u0101ku nek\u0101 ierasts!   Bikses atrad\u012bsi \u0161eit!!","og_url":"https:\/\/simonjersey.eu\/lv\/produkts\/dickies-sieviesu-v-veida-izgriezuma-medicinas-tunika\/","og_site_name":"Simon Jersey Latvija","article_modified_time":"2026-03-05T08:36:21+00:00","og_image":[{"width":1100,"height":1600,"url":"https:\/\/simonjersey.eu\/lv\/wp-content\/uploads\/sites\/2\/2025\/07\/DKE86706_CIWZ_RIGHT.jpg","type":"image\/jpeg"}],"twitter_card":"summary_large_image","twitter_misc":{"Est. reading time":"1 min\u016bte"},"schema":{"@context":"https:\/\/schema.org","@graph":[{"@type":"WebPage","@id":"https:\/\/simonjersey.eu\/lv\/produkts\/dickies-sieviesu-v-veida-izgriezuma-medicinas-tunika\/","url":"https:\/\/simonjersey.eu\/lv\/produkts\/dickies-sieviesu-v-veida-izgriezuma-medicinas-tunika\/","name":"Dickies sievie\u0161u V-veida izgriezuma medic\u012bnas tunika - Simon Jersey Latvija","isPartOf":{"@id":"https:\/\/simonjersey.eu\/lv\/#website"},"primaryImageOfPage":{"@id":"https:\/\/simonjersey.eu\/lv\/produkts\/dickies-sieviesu-v-veida-izgriezuma-medicinas-tunika\/#primaryimage"},"image":{"@id":"https:\/\/simonjersey.eu\/lv\/produkts\/dickies-sieviesu-v-veida-izgriezuma-medicinas-tunika\/#primaryimage"},"thumbnailUrl":"https:\/\/simonjersey.eu\/lv\/wp-content\/uploads\/sites\/2\/2025\/07\/DKE86706_CIWZ_RIGHT.jpg","datePublished":"2025-07-30T10:50:02+00:00","dateModified":"2026-03-05T08:36:21+00:00","breadcrumb":{"@id":"https:\/\/simonjersey.eu\/lv\/produkts\/dickies-sieviesu-v-veida-izgriezuma-medicinas-tunika\/#breadcrumb"},"inLanguage":"lv-LV","potentialAction":[{"@type":"ReadAction","target":["https:\/\/simonjersey.eu\/lv\/produkts\/dickies-sieviesu-v-veida-izgriezuma-medicinas-tunika\/"]}]},{"@type":"ImageObject","inLanguage":"lv-LV","@id":"https:\/\/simonjersey.eu\/lv\/produkts\/dickies-sieviesu-v-veida-izgriezuma-medicinas-tunika\/#primaryimage","url":"https:\/\/simonjersey.eu\/lv\/wp-content\/uploads\/sites\/2\/2025\/07\/DKE86706_CIWZ_RIGHT.jpg","contentUrl":"https:\/\/simonjersey.eu\/lv\/wp-content\/uploads\/sites\/2\/2025\/07\/DKE86706_CIWZ_RIGHT.jpg","width":1100,"height":1600},{"@type":"BreadcrumbList","@id":"https:\/\/simonjersey.eu\/lv\/produkts\/dickies-sieviesu-v-veida-izgriezuma-medicinas-tunika\/#breadcrumb","itemListElement":[{"@type":"ListItem","position":1,"name":"Home","item":"https:\/\/simonjersey.eu\/lv\/"},{"@type":"ListItem","position":2,"name":"E-veikals","item":"https:\/\/simonjersey.eu\/lv\/e-veikals\/"},{"@type":"ListItem","position":3,"name":"Dickies sievie\u0161u V-veida izgriezuma medic\u012bnas tunika"}]},{"@type":"WebSite","@id":"https:\/\/simonjersey.eu\/lv\/#website","url":"https:\/\/simonjersey.eu\/lv\/","name":"Simon Jersey Latvija","description":"Kvalitat\u012bvi un iztur\u012bgi darba ap\u0123\u0113rbi","potentialAction":[{"@type":"SearchAction","target":{"@type":"EntryPoint","urlTemplate":"https:\/\/simonjersey.eu\/lv\/?s={search_term_string}"},"query-input":{"@type":"PropertyValueSpecification","valueRequired":true,"valueName":"search_term_string"}}],"inLanguage":"lv-LV"}]}},"_links":{"self":[{"href":"https:\/\/simonjersey.eu\/lv\/wp-json\/wp\/v2\/product\/8568","targetHints":{"allow":["GET"]}}],"collection":[{"href":"https:\/\/simonjersey.eu\/lv\/wp-json\/wp\/v2\/product"}],"about":[{"href":"https:\/\/simonjersey.eu\/lv\/wp-json\/wp\/v2\/types\/product"}],"wp:featuredmedia":[{"embeddable":true,"href":"https:\/\/simonjersey.eu\/lv\/wp-json\/wp\/v2\/media\/8579"}],"wp:attachment":[{"href":"https:\/\/simonjersey.eu\/lv\/wp-json\/wp\/v2\/media?parent=8568"}],"wp:term":[{"taxonomy":"product_brand","embeddable":true,"href":"https:\/\/simonjersey.eu\/lv\/wp-json\/wp\/v2\/product_brand?post=8568"},{"taxonomy":"product_cat","embeddable":true,"href":"https:\/\/simonjersey.eu\/lv\/wp-json\/wp\/v2\/product_cat?post=8568"},{"taxonomy":"product_tag","embeddable":true,"href":"https:\/\/simonjersey.eu\/lv\/wp-json\/wp\/v2\/product_tag?post=8568"}],"curies":[{"name":"wp","href":"https:\/\/api.w.org\/{rel}","templated":true}]}}