{"id":8641,"date":"2025-08-12T13:35:00","date_gmt":"2025-08-12T10:35:00","guid":{"rendered":"https:\/\/simonjersey.eu\/lv\/?post_type=product&#038;p=8641"},"modified":"2025-08-12T13:41:43","modified_gmt":"2025-08-12T10:41:43","slug":"sieviesu-cherokee-core-stretch-medicinas-bikses","status":"publish","type":"product","link":"https:\/\/simonjersey.eu\/lv\/produkts\/sieviesu-cherokee-core-stretch-medicinas-bikses\/","title":{"rendered":"Sievie\u0161u Cherokee Core Stretch medic\u012bnas bikses"},"content":{"rendered":"","protected":false},"excerpt":{"rendered":"<p>\u0112rtas un stil\u012bgas darba <strong>medic\u012bnas<\/strong> bikses no m\u012bksta, divvirzienu elast\u012bga auduma (3 % spandekss). M\u016bsdien\u012bgs taisns \u0161aurin\u0101ts piegriezums, elast\u012bga josta ar aukli\u0146u, tr\u012bs praktiskas kabatas un kr\u0101sas notur\u012bba pat p\u0113c mazg\u0101\u0161anas 60 \u00b0C temperat\u016br\u0101.<\/p>\n<ul>\n<li>M\u012bksts divvirzienu elast\u012bgs audums (3 % spandekss)<br \/>\n\u2022 Taisns \u0161aurin\u0101ts piegriezums<br \/>\n\u2022 Elast\u012bga josta ar aukli\u0146u<br \/>\n\u2022 3 kabatas<br \/>\n\u2022 Kr\u0101sa notur\u012bga pat pie 60 \u00b0C mazg\u0101\u0161anas<\/li>\n<\/ul>\n<p><strong>Materi\u0101ls:<\/strong> 55% \u00a0kokvilna 42 % poliesters, 3 % spandex twill (155 g\/m\u00b2)<br \/>\n<strong>Ieteicam\u0101 mazg\u0101\u0161anas temperat\u016bra:<\/strong> l\u012bdz 60\u202f\u00b0C<br \/>\n<strong>Izm\u0113ri:<\/strong> XXS\u20133XL<\/p>\n<p><strong>Krekla garums:<\/strong> 78,5 cm<\/p>\n","protected":false},"featured_media":8660,"template":"","meta":[],"product_brand":[],"product_cat":[486,72,73,76],"product_tag":[],"class_list":{"0":"post-8641","1":"product","2":"type-product","3":"status-publish","4":"has-post-thumbnail","6":"product_cat-dickies-cherokee-darba-apgerbs","7":"product_cat-veselibas-aprupe","8":"product_cat-arsti-un-medmasas","9":"product_cat-bikses-arsti-un-medmasas","11":"first","12":"instock","13":"taxable","14":"shipping-taxable","15":"purchasable","16":"product-type-variable","17":"has-default-attributes"},"yoast_head":"<!-- This site is optimized with the Yoast SEO plugin v27.2 - https:\/\/yoast.com\/product\/yoast-seo-wordpress\/ -->\n<title>Sievie\u0161u Cherokee Core Stretch medic\u012bnas bikses - Simon Jersey Latvija<\/title>\n<meta name=\"robots\" content=\"index, follow, max-snippet:-1, max-image-preview:large, max-video-preview:-1\" \/>\n<link rel=\"canonical\" href=\"https:\/\/simonjersey.eu\/lv\/produkts\/sieviesu-cherokee-core-stretch-medicinas-bikses\/\" \/>\n<meta property=\"og:locale\" content=\"lv_LV\" \/>\n<meta property=\"og:type\" content=\"article\" \/>\n<meta property=\"og:title\" content=\"Sievie\u0161u Cherokee Core Stretch medic\u012bnas bikses - Simon Jersey Latvija\" \/>\n<meta property=\"og:description\" content=\"\u0112rtas un stil\u012bgas darba medic\u012bnas bikses no m\u012bksta, divvirzienu elast\u012bga auduma (3 % spandekss). M\u016bsdien\u012bgs taisns \u0161aurin\u0101ts piegriezums, elast\u012bga josta ar aukli\u0146u, tr\u012bs praktiskas kabatas un kr\u0101sas notur\u012bba pat p\u0113c mazg\u0101\u0161anas 60 \u00b0C temperat\u016br\u0101.   M\u012bksts divvirzienu elast\u012bgs audums (3 % spandekss) \u2022 Taisns \u0161aurin\u0101ts piegriezums \u2022 Elast\u012bga josta ar aukli\u0146u \u2022 3 kabatas \u2022 Kr\u0101sa notur\u012bga pat pie 60 \u00b0C mazg\u0101\u0161anas  Materi\u0101ls: 55% \u00a0kokvilna 42 % poliesters, 3 % spandex twill (155 g\/m\u00b2) Ieteicam\u0101 mazg\u0101\u0161anas temperat\u016bra: l\u012bdz 60\u202f\u00b0C Izm\u0113ri: XXS\u20133XL  Krekla garums: 78,5 cm\" \/>\n<meta property=\"og:url\" content=\"https:\/\/simonjersey.eu\/lv\/produkts\/sieviesu-cherokee-core-stretch-medicinas-bikses\/\" \/>\n<meta property=\"og:site_name\" content=\"Simon Jersey Latvija\" \/>\n<meta property=\"article:modified_time\" content=\"2025-08-12T10:41:43+00:00\" \/>\n<meta property=\"og:image\" content=\"https:\/\/simonjersey.eu\/lv\/wp-content\/uploads\/sites\/2\/2025\/08\/WWE4203-TUMESINISED-MEDITSIINIPUKSID.jpg\" \/>\n\t<meta property=\"og:image:width\" content=\"800\" \/>\n\t<meta property=\"og:image:height\" content=\"1200\" \/>\n\t<meta property=\"og:image:type\" content=\"image\/jpeg\" \/>\n<meta name=\"twitter:card\" content=\"summary_large_image\" \/>\n<meta name=\"twitter:label1\" content=\"Est. reading time\" \/>\n\t<meta name=\"twitter:data1\" content=\"1 min\u016bte\" \/>\n<script type=\"application\/ld+json\" class=\"yoast-schema-graph\">{\"@context\":\"https:\/\/schema.org\",\"@graph\":[{\"@type\":\"WebPage\",\"@id\":\"https:\/\/simonjersey.eu\/lv\/produkts\/sieviesu-cherokee-core-stretch-medicinas-bikses\/\",\"url\":\"https:\/\/simonjersey.eu\/lv\/produkts\/sieviesu-cherokee-core-stretch-medicinas-bikses\/\",\"name\":\"Sievie\u0161u Cherokee Core Stretch medic\u012bnas bikses - Simon Jersey Latvija\",\"isPartOf\":{\"@id\":\"https:\/\/simonjersey.eu\/lv\/#website\"},\"primaryImageOfPage\":{\"@id\":\"https:\/\/simonjersey.eu\/lv\/produkts\/sieviesu-cherokee-core-stretch-medicinas-bikses\/#primaryimage\"},\"image\":{\"@id\":\"https:\/\/simonjersey.eu\/lv\/produkts\/sieviesu-cherokee-core-stretch-medicinas-bikses\/#primaryimage\"},\"thumbnailUrl\":\"https:\/\/simonjersey.eu\/lv\/wp-content\/uploads\/sites\/2\/2025\/08\/WWE4203-TUMESINISED-MEDITSIINIPUKSID.jpg\",\"datePublished\":\"2025-08-12T10:35:00+00:00\",\"dateModified\":\"2025-08-12T10:41:43+00:00\",\"breadcrumb\":{\"@id\":\"https:\/\/simonjersey.eu\/lv\/produkts\/sieviesu-cherokee-core-stretch-medicinas-bikses\/#breadcrumb\"},\"inLanguage\":\"lv-LV\",\"potentialAction\":[{\"@type\":\"ReadAction\",\"target\":[\"https:\/\/simonjersey.eu\/lv\/produkts\/sieviesu-cherokee-core-stretch-medicinas-bikses\/\"]}]},{\"@type\":\"ImageObject\",\"inLanguage\":\"lv-LV\",\"@id\":\"https:\/\/simonjersey.eu\/lv\/produkts\/sieviesu-cherokee-core-stretch-medicinas-bikses\/#primaryimage\",\"url\":\"https:\/\/simonjersey.eu\/lv\/wp-content\/uploads\/sites\/2\/2025\/08\/WWE4203-TUMESINISED-MEDITSIINIPUKSID.jpg\",\"contentUrl\":\"https:\/\/simonjersey.eu\/lv\/wp-content\/uploads\/sites\/2\/2025\/08\/WWE4203-TUMESINISED-MEDITSIINIPUKSID.jpg\",\"width\":800,\"height\":1200},{\"@type\":\"BreadcrumbList\",\"@id\":\"https:\/\/simonjersey.eu\/lv\/produkts\/sieviesu-cherokee-core-stretch-medicinas-bikses\/#breadcrumb\",\"itemListElement\":[{\"@type\":\"ListItem\",\"position\":1,\"name\":\"Home\",\"item\":\"https:\/\/simonjersey.eu\/lv\/\"},{\"@type\":\"ListItem\",\"position\":2,\"name\":\"E-veikals\",\"item\":\"https:\/\/simonjersey.eu\/lv\/e-veikals\/\"},{\"@type\":\"ListItem\",\"position\":3,\"name\":\"Sievie\u0161u Cherokee Core Stretch medic\u012bnas bikses\"}]},{\"@type\":\"WebSite\",\"@id\":\"https:\/\/simonjersey.eu\/lv\/#website\",\"url\":\"https:\/\/simonjersey.eu\/lv\/\",\"name\":\"Simon Jersey Latvija\",\"description\":\"Kvalitat\u012bvi un iztur\u012bgi darba ap\u0123\u0113rbi\",\"potentialAction\":[{\"@type\":\"SearchAction\",\"target\":{\"@type\":\"EntryPoint\",\"urlTemplate\":\"https:\/\/simonjersey.eu\/lv\/?s={search_term_string}\"},\"query-input\":{\"@type\":\"PropertyValueSpecification\",\"valueRequired\":true,\"valueName\":\"search_term_string\"}}],\"inLanguage\":\"lv-LV\"}]}<\/script>\n<!-- \/ Yoast SEO plugin. -->","yoast_head_json":{"title":"Sievie\u0161u Cherokee Core Stretch medic\u012bnas bikses - Simon Jersey Latvija","robots":{"index":"index","follow":"follow","max-snippet":"max-snippet:-1","max-image-preview":"max-image-preview:large","max-video-preview":"max-video-preview:-1"},"canonical":"https:\/\/simonjersey.eu\/lv\/produkts\/sieviesu-cherokee-core-stretch-medicinas-bikses\/","og_locale":"lv_LV","og_type":"article","og_title":"Sievie\u0161u Cherokee Core Stretch medic\u012bnas bikses - Simon Jersey Latvija","og_description":"\u0112rtas un stil\u012bgas darba medic\u012bnas bikses no m\u012bksta, divvirzienu elast\u012bga auduma (3 % spandekss). M\u016bsdien\u012bgs taisns \u0161aurin\u0101ts piegriezums, elast\u012bga josta ar aukli\u0146u, tr\u012bs praktiskas kabatas un kr\u0101sas notur\u012bba pat p\u0113c mazg\u0101\u0161anas 60 \u00b0C temperat\u016br\u0101.   M\u012bksts divvirzienu elast\u012bgs audums (3 % spandekss) \u2022 Taisns \u0161aurin\u0101ts piegriezums \u2022 Elast\u012bga josta ar aukli\u0146u \u2022 3 kabatas \u2022 Kr\u0101sa notur\u012bga pat pie 60 \u00b0C mazg\u0101\u0161anas  Materi\u0101ls: 55% \u00a0kokvilna 42 % poliesters, 3 % spandex twill (155 g\/m\u00b2) Ieteicam\u0101 mazg\u0101\u0161anas temperat\u016bra: l\u012bdz 60\u202f\u00b0C Izm\u0113ri: XXS\u20133XL  Krekla garums: 78,5 cm","og_url":"https:\/\/simonjersey.eu\/lv\/produkts\/sieviesu-cherokee-core-stretch-medicinas-bikses\/","og_site_name":"Simon Jersey Latvija","article_modified_time":"2025-08-12T10:41:43+00:00","og_image":[{"width":800,"height":1200,"url":"https:\/\/simonjersey.eu\/lv\/wp-content\/uploads\/sites\/2\/2025\/08\/WWE4203-TUMESINISED-MEDITSIINIPUKSID.jpg","type":"image\/jpeg"}],"twitter_card":"summary_large_image","twitter_misc":{"Est. reading time":"1 min\u016bte"},"schema":{"@context":"https:\/\/schema.org","@graph":[{"@type":"WebPage","@id":"https:\/\/simonjersey.eu\/lv\/produkts\/sieviesu-cherokee-core-stretch-medicinas-bikses\/","url":"https:\/\/simonjersey.eu\/lv\/produkts\/sieviesu-cherokee-core-stretch-medicinas-bikses\/","name":"Sievie\u0161u Cherokee Core Stretch medic\u012bnas bikses - Simon Jersey Latvija","isPartOf":{"@id":"https:\/\/simonjersey.eu\/lv\/#website"},"primaryImageOfPage":{"@id":"https:\/\/simonjersey.eu\/lv\/produkts\/sieviesu-cherokee-core-stretch-medicinas-bikses\/#primaryimage"},"image":{"@id":"https:\/\/simonjersey.eu\/lv\/produkts\/sieviesu-cherokee-core-stretch-medicinas-bikses\/#primaryimage"},"thumbnailUrl":"https:\/\/simonjersey.eu\/lv\/wp-content\/uploads\/sites\/2\/2025\/08\/WWE4203-TUMESINISED-MEDITSIINIPUKSID.jpg","datePublished":"2025-08-12T10:35:00+00:00","dateModified":"2025-08-12T10:41:43+00:00","breadcrumb":{"@id":"https:\/\/simonjersey.eu\/lv\/produkts\/sieviesu-cherokee-core-stretch-medicinas-bikses\/#breadcrumb"},"inLanguage":"lv-LV","potentialAction":[{"@type":"ReadAction","target":["https:\/\/simonjersey.eu\/lv\/produkts\/sieviesu-cherokee-core-stretch-medicinas-bikses\/"]}]},{"@type":"ImageObject","inLanguage":"lv-LV","@id":"https:\/\/simonjersey.eu\/lv\/produkts\/sieviesu-cherokee-core-stretch-medicinas-bikses\/#primaryimage","url":"https:\/\/simonjersey.eu\/lv\/wp-content\/uploads\/sites\/2\/2025\/08\/WWE4203-TUMESINISED-MEDITSIINIPUKSID.jpg","contentUrl":"https:\/\/simonjersey.eu\/lv\/wp-content\/uploads\/sites\/2\/2025\/08\/WWE4203-TUMESINISED-MEDITSIINIPUKSID.jpg","width":800,"height":1200},{"@type":"BreadcrumbList","@id":"https:\/\/simonjersey.eu\/lv\/produkts\/sieviesu-cherokee-core-stretch-medicinas-bikses\/#breadcrumb","itemListElement":[{"@type":"ListItem","position":1,"name":"Home","item":"https:\/\/simonjersey.eu\/lv\/"},{"@type":"ListItem","position":2,"name":"E-veikals","item":"https:\/\/simonjersey.eu\/lv\/e-veikals\/"},{"@type":"ListItem","position":3,"name":"Sievie\u0161u Cherokee Core Stretch medic\u012bnas bikses"}]},{"@type":"WebSite","@id":"https:\/\/simonjersey.eu\/lv\/#website","url":"https:\/\/simonjersey.eu\/lv\/","name":"Simon Jersey Latvija","description":"Kvalitat\u012bvi un iztur\u012bgi darba ap\u0123\u0113rbi","potentialAction":[{"@type":"SearchAction","target":{"@type":"EntryPoint","urlTemplate":"https:\/\/simonjersey.eu\/lv\/?s={search_term_string}"},"query-input":{"@type":"PropertyValueSpecification","valueRequired":true,"valueName":"search_term_string"}}],"inLanguage":"lv-LV"}]}},"_links":{"self":[{"href":"https:\/\/simonjersey.eu\/lv\/wp-json\/wp\/v2\/product\/8641","targetHints":{"allow":["GET"]}}],"collection":[{"href":"https:\/\/simonjersey.eu\/lv\/wp-json\/wp\/v2\/product"}],"about":[{"href":"https:\/\/simonjersey.eu\/lv\/wp-json\/wp\/v2\/types\/product"}],"wp:featuredmedia":[{"embeddable":true,"href":"https:\/\/simonjersey.eu\/lv\/wp-json\/wp\/v2\/media\/8660"}],"wp:attachment":[{"href":"https:\/\/simonjersey.eu\/lv\/wp-json\/wp\/v2\/media?parent=8641"}],"wp:term":[{"taxonomy":"product_brand","embeddable":true,"href":"https:\/\/simonjersey.eu\/lv\/wp-json\/wp\/v2\/product_brand?post=8641"},{"taxonomy":"product_cat","embeddable":true,"href":"https:\/\/simonjersey.eu\/lv\/wp-json\/wp\/v2\/product_cat?post=8641"},{"taxonomy":"product_tag","embeddable":true,"href":"https:\/\/simonjersey.eu\/lv\/wp-json\/wp\/v2\/product_tag?post=8641"}],"curies":[{"name":"wp","href":"https:\/\/api.w.org\/{rel}","templated":true}]}}