{"id":8672,"date":"2025-08-13T12:44:36","date_gmt":"2025-08-13T09:44:36","guid":{"rendered":"https:\/\/simonjersey.eu\/lv\/?post_type=product&#038;p=8672"},"modified":"2025-08-13T12:51:31","modified_gmt":"2025-08-13T09:51:31","slug":"sieviesu-cherokee-core-stretch-medicinas-apgerbu-medicinas-komplekts-topsbikses","status":"publish","type":"product","link":"https:\/\/simonjersey.eu\/lv\/produkts\/sieviesu-cherokee-core-stretch-medicinas-apgerbu-medicinas-komplekts-topsbikses\/","title":{"rendered":"Sievie\u0161u Cherokee Core Stretch medic\u012bnas ap\u0123\u0113rbu medic\u012bnas komplekts (tops+bikses)"},"content":{"rendered":"","protected":false},"excerpt":{"rendered":"<p><strong>Kvalit\u0101te par pieejamu cenu<\/strong> \u2014 darba ap\u0123\u0113rbs, kas str\u0101d\u0101 tikpat smagi k\u0101 j\u016bs.<\/p>\n<p>Vesel\u012bbas apr\u016bpes speci\u0101list\u0113m, kuras nov\u0113rt\u0113 komfortu, iztur\u012bbu un praktiskumu, <strong>Cherokee Core Stretch<\/strong> <strong>medic\u012bnas<\/strong> komplekts ir ide\u0101la izv\u0113le.<\/p>\n<p>Audums ar augstu kokvilnas saturu ir m\u012bksts un elpojo\u0161s, vienlaikus nodro\u0161inot elast\u012bbu gar\u0101m darba stund\u0101m. M\u016bsdien\u012bgs, labi piegu\u013co\u0161s piegriezums pie\u0161\u0137ir profesion\u0101lu izskatu, neierobe\u017eojot kust\u012bbu br\u012bv\u012bbu. Iztur\u012bgais, augstas kvalit\u0101tes materi\u0101ls iztur bie\u017eu mazg\u0101\u0161anu \u2014 pat <strong>60\u00b0C<\/strong> temperat\u016br\u0101 \u2014 saglab\u0101jot formu un kr\u0101su.<\/p>\n<p><strong>Materi\u0101ls:<\/strong> 55% \u00a0kokvilna 42 % poliesters, 3 % spandex twill (155 g\/m\u00b2)<br \/>\n<strong>Ieteicam\u0101 mazg\u0101\u0161anas temperat\u016bra:<\/strong> l\u012bdz 60\u202f\u00b0C<br \/>\n<strong>Izm\u0113ri:<\/strong> XXS\u20133XL<\/p>\n<p><strong>Krekla garums:<\/strong> 78,5 cm<\/p>\n<p><strong>Bl\u016bze<\/strong><strong> garums<\/strong>: 68,5cm<\/p>\n<p><em><strong>NB! IR IESP\u0112JAMS PAS\u016aT\u012aT AR\u012a BIKSES UN TUNIKU DA\u017d\u0100D\u0100S KR\u0100S\u0100S! JAUT\u0100JIET MUMS!<\/strong><\/em><\/p>\n","protected":false},"featured_media":8673,"template":"","meta":[],"product_brand":[],"product_cat":[486,72,73,74],"product_tag":[],"class_list":{"0":"post-8672","1":"product","2":"type-product","3":"status-publish","4":"has-post-thumbnail","6":"product_cat-dickies-cherokee-darba-apgerbs","7":"product_cat-veselibas-aprupe","8":"product_cat-arsti-un-medmasas","9":"product_cat-sieviesu-tunikas","11":"first","12":"instock","13":"taxable","14":"shipping-taxable","15":"purchasable","16":"product-type-variable","17":"has-default-attributes"},"yoast_head":"<!-- This site is optimized with the Yoast SEO plugin v27.2 - https:\/\/yoast.com\/product\/yoast-seo-wordpress\/ -->\n<title>Sievie\u0161u Cherokee Core Stretch medic\u012bnas ap\u0123\u0113rbu medic\u012bnas komplekts (tops+bikses) - Simon Jersey Latvija<\/title>\n<meta name=\"robots\" content=\"index, follow, max-snippet:-1, max-image-preview:large, max-video-preview:-1\" \/>\n<link rel=\"canonical\" href=\"https:\/\/simonjersey.eu\/lv\/produkts\/sieviesu-cherokee-core-stretch-medicinas-apgerbu-medicinas-komplekts-topsbikses\/\" \/>\n<meta property=\"og:locale\" content=\"lv_LV\" \/>\n<meta property=\"og:type\" content=\"article\" \/>\n<meta property=\"og:title\" content=\"Sievie\u0161u Cherokee Core Stretch medic\u012bnas ap\u0123\u0113rbu medic\u012bnas komplekts (tops+bikses) - Simon Jersey Latvija\" \/>\n<meta property=\"og:description\" content=\"Kvalit\u0101te par pieejamu cenu \u2014 darba ap\u0123\u0113rbs, kas str\u0101d\u0101 tikpat smagi k\u0101 j\u016bs.  Vesel\u012bbas apr\u016bpes speci\u0101list\u0113m, kuras nov\u0113rt\u0113 komfortu, iztur\u012bbu un praktiskumu, Cherokee Core Stretch medic\u012bnas komplekts ir ide\u0101la izv\u0113le.  Audums ar augstu kokvilnas saturu ir m\u012bksts un elpojo\u0161s, vienlaikus nodro\u0161inot elast\u012bbu gar\u0101m darba stund\u0101m. M\u016bsdien\u012bgs, labi piegu\u013co\u0161s piegriezums pie\u0161\u0137ir profesion\u0101lu izskatu, neierobe\u017eojot kust\u012bbu br\u012bv\u012bbu. Iztur\u012bgais, augstas kvalit\u0101tes materi\u0101ls iztur bie\u017eu mazg\u0101\u0161anu \u2014 pat 60\u00b0C temperat\u016br\u0101 \u2014 saglab\u0101jot formu un kr\u0101su.  Materi\u0101ls: 55% \u00a0kokvilna 42 % poliesters, 3 % spandex twill (155 g\/m\u00b2) Ieteicam\u0101 mazg\u0101\u0161anas temperat\u016bra: l\u012bdz 60\u202f\u00b0C Izm\u0113ri: XXS\u20133XL  Krekla garums: 78,5 cm  Bl\u016bze garums: 68,5cm  NB! IR IESP\u0112JAMS PAS\u016aT\u012aT AR\u012a BIKSES UN TUNIKU DA\u017d\u0100D\u0100S KR\u0100S\u0100S! JAUT\u0100JIET MUMS!\" \/>\n<meta property=\"og:url\" content=\"https:\/\/simonjersey.eu\/lv\/produkts\/sieviesu-cherokee-core-stretch-medicinas-apgerbu-medicinas-komplekts-topsbikses\/\" \/>\n<meta property=\"og:site_name\" content=\"Simon Jersey Latvija\" \/>\n<meta property=\"article:modified_time\" content=\"2025-08-13T09:51:31+00:00\" \/>\n<meta property=\"og:image\" content=\"https:\/\/simonjersey.eu\/lv\/wp-content\/uploads\/sites\/2\/2025\/08\/wwe4727-med-komlekt-valge.jpg\" \/>\n\t<meta property=\"og:image:width\" content=\"800\" \/>\n\t<meta property=\"og:image:height\" content=\"1200\" \/>\n\t<meta property=\"og:image:type\" content=\"image\/jpeg\" \/>\n<meta name=\"twitter:card\" content=\"summary_large_image\" \/>\n<script type=\"application\/ld+json\" class=\"yoast-schema-graph\">{\"@context\":\"https:\/\/schema.org\",\"@graph\":[{\"@type\":\"WebPage\",\"@id\":\"https:\/\/simonjersey.eu\/lv\/produkts\/sieviesu-cherokee-core-stretch-medicinas-apgerbu-medicinas-komplekts-topsbikses\/\",\"url\":\"https:\/\/simonjersey.eu\/lv\/produkts\/sieviesu-cherokee-core-stretch-medicinas-apgerbu-medicinas-komplekts-topsbikses\/\",\"name\":\"Sievie\u0161u Cherokee Core Stretch medic\u012bnas ap\u0123\u0113rbu medic\u012bnas komplekts (tops+bikses) - Simon Jersey Latvija\",\"isPartOf\":{\"@id\":\"https:\/\/simonjersey.eu\/lv\/#website\"},\"primaryImageOfPage\":{\"@id\":\"https:\/\/simonjersey.eu\/lv\/produkts\/sieviesu-cherokee-core-stretch-medicinas-apgerbu-medicinas-komplekts-topsbikses\/#primaryimage\"},\"image\":{\"@id\":\"https:\/\/simonjersey.eu\/lv\/produkts\/sieviesu-cherokee-core-stretch-medicinas-apgerbu-medicinas-komplekts-topsbikses\/#primaryimage\"},\"thumbnailUrl\":\"https:\/\/simonjersey.eu\/lv\/wp-content\/uploads\/sites\/2\/2025\/08\/wwe4727-med-komlekt-valge.jpg\",\"datePublished\":\"2025-08-13T09:44:36+00:00\",\"dateModified\":\"2025-08-13T09:51:31+00:00\",\"breadcrumb\":{\"@id\":\"https:\/\/simonjersey.eu\/lv\/produkts\/sieviesu-cherokee-core-stretch-medicinas-apgerbu-medicinas-komplekts-topsbikses\/#breadcrumb\"},\"inLanguage\":\"lv-LV\",\"potentialAction\":[{\"@type\":\"ReadAction\",\"target\":[\"https:\/\/simonjersey.eu\/lv\/produkts\/sieviesu-cherokee-core-stretch-medicinas-apgerbu-medicinas-komplekts-topsbikses\/\"]}]},{\"@type\":\"ImageObject\",\"inLanguage\":\"lv-LV\",\"@id\":\"https:\/\/simonjersey.eu\/lv\/produkts\/sieviesu-cherokee-core-stretch-medicinas-apgerbu-medicinas-komplekts-topsbikses\/#primaryimage\",\"url\":\"https:\/\/simonjersey.eu\/lv\/wp-content\/uploads\/sites\/2\/2025\/08\/wwe4727-med-komlekt-valge.jpg\",\"contentUrl\":\"https:\/\/simonjersey.eu\/lv\/wp-content\/uploads\/sites\/2\/2025\/08\/wwe4727-med-komlekt-valge.jpg\",\"width\":800,\"height\":1200},{\"@type\":\"BreadcrumbList\",\"@id\":\"https:\/\/simonjersey.eu\/lv\/produkts\/sieviesu-cherokee-core-stretch-medicinas-apgerbu-medicinas-komplekts-topsbikses\/#breadcrumb\",\"itemListElement\":[{\"@type\":\"ListItem\",\"position\":1,\"name\":\"Home\",\"item\":\"https:\/\/simonjersey.eu\/lv\/\"},{\"@type\":\"ListItem\",\"position\":2,\"name\":\"E-veikals\",\"item\":\"https:\/\/simonjersey.eu\/lv\/e-veikals\/\"},{\"@type\":\"ListItem\",\"position\":3,\"name\":\"Sievie\u0161u Cherokee Core Stretch medic\u012bnas ap\u0123\u0113rbu medic\u012bnas komplekts (tops+bikses)\"}]},{\"@type\":\"WebSite\",\"@id\":\"https:\/\/simonjersey.eu\/lv\/#website\",\"url\":\"https:\/\/simonjersey.eu\/lv\/\",\"name\":\"Simon Jersey Latvija\",\"description\":\"Kvalitat\u012bvi un iztur\u012bgi darba ap\u0123\u0113rbi\",\"potentialAction\":[{\"@type\":\"SearchAction\",\"target\":{\"@type\":\"EntryPoint\",\"urlTemplate\":\"https:\/\/simonjersey.eu\/lv\/?s={search_term_string}\"},\"query-input\":{\"@type\":\"PropertyValueSpecification\",\"valueRequired\":true,\"valueName\":\"search_term_string\"}}],\"inLanguage\":\"lv-LV\"}]}<\/script>\n<!-- \/ Yoast SEO plugin. -->","yoast_head_json":{"title":"Sievie\u0161u Cherokee Core Stretch medic\u012bnas ap\u0123\u0113rbu medic\u012bnas komplekts (tops+bikses) - Simon Jersey Latvija","robots":{"index":"index","follow":"follow","max-snippet":"max-snippet:-1","max-image-preview":"max-image-preview:large","max-video-preview":"max-video-preview:-1"},"canonical":"https:\/\/simonjersey.eu\/lv\/produkts\/sieviesu-cherokee-core-stretch-medicinas-apgerbu-medicinas-komplekts-topsbikses\/","og_locale":"lv_LV","og_type":"article","og_title":"Sievie\u0161u Cherokee Core Stretch medic\u012bnas ap\u0123\u0113rbu medic\u012bnas komplekts (tops+bikses) - Simon Jersey Latvija","og_description":"Kvalit\u0101te par pieejamu cenu \u2014 darba ap\u0123\u0113rbs, kas str\u0101d\u0101 tikpat smagi k\u0101 j\u016bs.  Vesel\u012bbas apr\u016bpes speci\u0101list\u0113m, kuras nov\u0113rt\u0113 komfortu, iztur\u012bbu un praktiskumu, Cherokee Core Stretch medic\u012bnas komplekts ir ide\u0101la izv\u0113le.  Audums ar augstu kokvilnas saturu ir m\u012bksts un elpojo\u0161s, vienlaikus nodro\u0161inot elast\u012bbu gar\u0101m darba stund\u0101m. M\u016bsdien\u012bgs, labi piegu\u013co\u0161s piegriezums pie\u0161\u0137ir profesion\u0101lu izskatu, neierobe\u017eojot kust\u012bbu br\u012bv\u012bbu. Iztur\u012bgais, augstas kvalit\u0101tes materi\u0101ls iztur bie\u017eu mazg\u0101\u0161anu \u2014 pat 60\u00b0C temperat\u016br\u0101 \u2014 saglab\u0101jot formu un kr\u0101su.  Materi\u0101ls: 55% \u00a0kokvilna 42 % poliesters, 3 % spandex twill (155 g\/m\u00b2) Ieteicam\u0101 mazg\u0101\u0161anas temperat\u016bra: l\u012bdz 60\u202f\u00b0C Izm\u0113ri: XXS\u20133XL  Krekla garums: 78,5 cm  Bl\u016bze garums: 68,5cm  NB! IR IESP\u0112JAMS PAS\u016aT\u012aT AR\u012a BIKSES UN TUNIKU DA\u017d\u0100D\u0100S KR\u0100S\u0100S! JAUT\u0100JIET MUMS!","og_url":"https:\/\/simonjersey.eu\/lv\/produkts\/sieviesu-cherokee-core-stretch-medicinas-apgerbu-medicinas-komplekts-topsbikses\/","og_site_name":"Simon Jersey Latvija","article_modified_time":"2025-08-13T09:51:31+00:00","og_image":[{"width":800,"height":1200,"url":"https:\/\/simonjersey.eu\/lv\/wp-content\/uploads\/sites\/2\/2025\/08\/wwe4727-med-komlekt-valge.jpg","type":"image\/jpeg"}],"twitter_card":"summary_large_image","schema":{"@context":"https:\/\/schema.org","@graph":[{"@type":"WebPage","@id":"https:\/\/simonjersey.eu\/lv\/produkts\/sieviesu-cherokee-core-stretch-medicinas-apgerbu-medicinas-komplekts-topsbikses\/","url":"https:\/\/simonjersey.eu\/lv\/produkts\/sieviesu-cherokee-core-stretch-medicinas-apgerbu-medicinas-komplekts-topsbikses\/","name":"Sievie\u0161u Cherokee Core Stretch medic\u012bnas ap\u0123\u0113rbu medic\u012bnas komplekts (tops+bikses) - Simon Jersey Latvija","isPartOf":{"@id":"https:\/\/simonjersey.eu\/lv\/#website"},"primaryImageOfPage":{"@id":"https:\/\/simonjersey.eu\/lv\/produkts\/sieviesu-cherokee-core-stretch-medicinas-apgerbu-medicinas-komplekts-topsbikses\/#primaryimage"},"image":{"@id":"https:\/\/simonjersey.eu\/lv\/produkts\/sieviesu-cherokee-core-stretch-medicinas-apgerbu-medicinas-komplekts-topsbikses\/#primaryimage"},"thumbnailUrl":"https:\/\/simonjersey.eu\/lv\/wp-content\/uploads\/sites\/2\/2025\/08\/wwe4727-med-komlekt-valge.jpg","datePublished":"2025-08-13T09:44:36+00:00","dateModified":"2025-08-13T09:51:31+00:00","breadcrumb":{"@id":"https:\/\/simonjersey.eu\/lv\/produkts\/sieviesu-cherokee-core-stretch-medicinas-apgerbu-medicinas-komplekts-topsbikses\/#breadcrumb"},"inLanguage":"lv-LV","potentialAction":[{"@type":"ReadAction","target":["https:\/\/simonjersey.eu\/lv\/produkts\/sieviesu-cherokee-core-stretch-medicinas-apgerbu-medicinas-komplekts-topsbikses\/"]}]},{"@type":"ImageObject","inLanguage":"lv-LV","@id":"https:\/\/simonjersey.eu\/lv\/produkts\/sieviesu-cherokee-core-stretch-medicinas-apgerbu-medicinas-komplekts-topsbikses\/#primaryimage","url":"https:\/\/simonjersey.eu\/lv\/wp-content\/uploads\/sites\/2\/2025\/08\/wwe4727-med-komlekt-valge.jpg","contentUrl":"https:\/\/simonjersey.eu\/lv\/wp-content\/uploads\/sites\/2\/2025\/08\/wwe4727-med-komlekt-valge.jpg","width":800,"height":1200},{"@type":"BreadcrumbList","@id":"https:\/\/simonjersey.eu\/lv\/produkts\/sieviesu-cherokee-core-stretch-medicinas-apgerbu-medicinas-komplekts-topsbikses\/#breadcrumb","itemListElement":[{"@type":"ListItem","position":1,"name":"Home","item":"https:\/\/simonjersey.eu\/lv\/"},{"@type":"ListItem","position":2,"name":"E-veikals","item":"https:\/\/simonjersey.eu\/lv\/e-veikals\/"},{"@type":"ListItem","position":3,"name":"Sievie\u0161u Cherokee Core Stretch medic\u012bnas ap\u0123\u0113rbu medic\u012bnas komplekts (tops+bikses)"}]},{"@type":"WebSite","@id":"https:\/\/simonjersey.eu\/lv\/#website","url":"https:\/\/simonjersey.eu\/lv\/","name":"Simon Jersey Latvija","description":"Kvalitat\u012bvi un iztur\u012bgi darba ap\u0123\u0113rbi","potentialAction":[{"@type":"SearchAction","target":{"@type":"EntryPoint","urlTemplate":"https:\/\/simonjersey.eu\/lv\/?s={search_term_string}"},"query-input":{"@type":"PropertyValueSpecification","valueRequired":true,"valueName":"search_term_string"}}],"inLanguage":"lv-LV"}]}},"_links":{"self":[{"href":"https:\/\/simonjersey.eu\/lv\/wp-json\/wp\/v2\/product\/8672","targetHints":{"allow":["GET"]}}],"collection":[{"href":"https:\/\/simonjersey.eu\/lv\/wp-json\/wp\/v2\/product"}],"about":[{"href":"https:\/\/simonjersey.eu\/lv\/wp-json\/wp\/v2\/types\/product"}],"wp:featuredmedia":[{"embeddable":true,"href":"https:\/\/simonjersey.eu\/lv\/wp-json\/wp\/v2\/media\/8673"}],"wp:attachment":[{"href":"https:\/\/simonjersey.eu\/lv\/wp-json\/wp\/v2\/media?parent=8672"}],"wp:term":[{"taxonomy":"product_brand","embeddable":true,"href":"https:\/\/simonjersey.eu\/lv\/wp-json\/wp\/v2\/product_brand?post=8672"},{"taxonomy":"product_cat","embeddable":true,"href":"https:\/\/simonjersey.eu\/lv\/wp-json\/wp\/v2\/product_cat?post=8672"},{"taxonomy":"product_tag","embeddable":true,"href":"https:\/\/simonjersey.eu\/lv\/wp-json\/wp\/v2\/product_tag?post=8672"}],"curies":[{"name":"wp","href":"https:\/\/api.w.org\/{rel}","templated":true}]}}