{"id":870,"date":"2019-06-29T16:22:11","date_gmt":"2019-06-29T13:22:11","guid":{"rendered":"https:\/\/simonjersey.eu\/lv\/?post_type=product&#038;p=870"},"modified":"2024-12-18T13:59:14","modified_gmt":"2024-12-18T10:59:14","slug":"viriesu-fit-zakete-contemporary","status":"publish","type":"product","link":"https:\/\/simonjersey.eu\/lv\/produkts\/viriesu-fit-zakete-contemporary\/","title":{"rendered":"V\u012brie\u0161u fit \u017eakete \u201cContemporary\u201d"},"content":{"rendered":"","protected":false},"excerpt":{"rendered":"<p>V\u012brie\u0161u Fit \u017eakete no Contemorary kolekcijas. Moderna \u017eakete, kas labi piegu\u013c augumam. Aizmugur\u0113 \u0161\u0137\u0113lums un ie\u0161\u016bta iek\u0161\u0113j\u0101 kabata. Pieejama da\u017e\u0101d\u0101s kr\u0101s\u0101s, lai piel\u0101gotu to j\u016bsu uz\u0146\u0113muma vajadz\u012bb\u0101m. \u017daketei ir \u013coti \u0113rts, elpojo\u0161s audums un pret traipiem notur\u012bgs Teflon\u00ae p\u0101rkl\u0101jums.<\/p>\n<p>Garums: 77cm.<br \/>\n66% poliesters, 33% viskoze, 1% likra.<br \/>\nNo Teflon\u00ae materi\u0101la, kas atgr\u016b\u017e traipus un \u016bdeni, Odere 100% poliesters.<br \/>\nKop\u0161ana: Mazg\u0101t 40\u00b0 ve\u013cas ma\u0161\u012bn\u0101. Viegli kopjams materi\u0101ls.<br \/>\nIzm\u0113ri (UK) 34-52.<\/p>\n","protected":false},"featured_media":7365,"template":"","meta":[],"product_brand":[],"product_cat":[15,90,102,25,42,49,60,51,70,110],"product_tag":[239,272,303,302],"class_list":{"0":"post-870","1":"product","2":"type-product","3":"status-publish","4":"has-post-thumbnail","6":"product_cat-lietiskais-apgerbs","7":"product_cat-viriesiem-lietiskais-apgerbs","8":"product_cat-zaketes-viriesiem-lietiskais-apgerbs","9":"product_cat-viriesiem","10":"product_cat-zaketes-viriesiem","11":"product_cat-kolekcijas","12":"product_cat-stiligais-contemporary","13":"product_cat-viriesiem-viesmiliba","14":"product_cat-zaketes-viriesiem-viesmiliba","15":"product_cat-zaketes-2","16":"product_tag-darba-uniformas","17":"product_tag-erts-darba-apgerbs","18":"product_tag-velas-masina-mazgajami-uzvalki","19":"product_tag-zaketes","21":"first","22":"instock","23":"taxable","24":"shipping-taxable","25":"purchasable","26":"product-type-variable","27":"has-default-attributes"},"yoast_head":"<!-- This site is optimized with the Yoast SEO plugin v27.2 - https:\/\/yoast.com\/product\/yoast-seo-wordpress\/ -->\n<title>Darba dr\u0113bes viesn\u012bc\u0101m - Simon Jersey Latvija<\/title>\n<meta name=\"description\" content=\"V\u012brie\u0161u Fit \u017eakete no Contemorary kolekcijas. Moderna \u017eakete, kas labi piegu\u013c augumam. Aizmugur\u0113 \u0161\u0137\u0113lums un ie\u0161\u016bta iek\u0161\u0113j\u0101 kabata.\" \/>\n<meta name=\"robots\" content=\"index, follow, max-snippet:-1, max-image-preview:large, max-video-preview:-1\" \/>\n<link rel=\"canonical\" href=\"https:\/\/simonjersey.eu\/lv\/produkts\/viriesu-fit-zakete-contemporary\/\" \/>\n<meta property=\"og:locale\" content=\"lv_LV\" \/>\n<meta property=\"og:type\" content=\"article\" \/>\n<meta property=\"og:title\" content=\"Darba dr\u0113bes viesn\u012bc\u0101m - Simon Jersey Latvija\" \/>\n<meta property=\"og:description\" content=\"V\u012brie\u0161u Fit \u017eakete no Contemorary kolekcijas. Moderna \u017eakete, kas labi piegu\u013c augumam. Aizmugur\u0113 \u0161\u0137\u0113lums un ie\u0161\u016bta iek\u0161\u0113j\u0101 kabata.\" \/>\n<meta property=\"og:url\" content=\"https:\/\/simonjersey.eu\/lv\/produkts\/viriesu-fit-zakete-contemporary\/\" \/>\n<meta property=\"og:site_name\" content=\"Simon Jersey Latvija\" \/>\n<meta property=\"article:modified_time\" content=\"2024-12-18T10:59:14+00:00\" \/>\n<meta property=\"og:image\" content=\"https:\/\/simonjersey.eu\/lv\/wp-content\/uploads\/sites\/2\/2019\/06\/contemporary-men-s-jacket-grey-2.jpg\" \/>\n\t<meta property=\"og:image:width\" content=\"1000\" \/>\n\t<meta property=\"og:image:height\" content=\"1500\" \/>\n\t<meta property=\"og:image:type\" content=\"image\/jpeg\" \/>\n<meta name=\"twitter:card\" content=\"summary_large_image\" \/>\n<meta name=\"twitter:label1\" content=\"Est. reading time\" \/>\n\t<meta name=\"twitter:data1\" content=\"1 min\u016bte\" \/>\n<script type=\"application\/ld+json\" class=\"yoast-schema-graph\">{\"@context\":\"https:\/\/schema.org\",\"@graph\":[{\"@type\":\"WebPage\",\"@id\":\"https:\/\/simonjersey.eu\/lv\/produkts\/viriesu-fit-zakete-contemporary\/\",\"url\":\"https:\/\/simonjersey.eu\/lv\/produkts\/viriesu-fit-zakete-contemporary\/\",\"name\":\"Darba dr\u0113bes viesn\u012bc\u0101m - Simon Jersey Latvija\",\"isPartOf\":{\"@id\":\"https:\/\/simonjersey.eu\/lv\/#website\"},\"primaryImageOfPage\":{\"@id\":\"https:\/\/simonjersey.eu\/lv\/produkts\/viriesu-fit-zakete-contemporary\/#primaryimage\"},\"image\":{\"@id\":\"https:\/\/simonjersey.eu\/lv\/produkts\/viriesu-fit-zakete-contemporary\/#primaryimage\"},\"thumbnailUrl\":\"https:\/\/simonjersey.eu\/lv\/wp-content\/uploads\/sites\/2\/2019\/06\/contemporary-men-s-jacket-grey-2.jpg\",\"datePublished\":\"2019-06-29T13:22:11+00:00\",\"dateModified\":\"2024-12-18T10:59:14+00:00\",\"description\":\"V\u012brie\u0161u Fit \u017eakete no Contemorary kolekcijas. Moderna \u017eakete, kas labi piegu\u013c augumam. Aizmugur\u0113 \u0161\u0137\u0113lums un ie\u0161\u016bta iek\u0161\u0113j\u0101 kabata.\",\"breadcrumb\":{\"@id\":\"https:\/\/simonjersey.eu\/lv\/produkts\/viriesu-fit-zakete-contemporary\/#breadcrumb\"},\"inLanguage\":\"lv-LV\",\"potentialAction\":[{\"@type\":\"ReadAction\",\"target\":[\"https:\/\/simonjersey.eu\/lv\/produkts\/viriesu-fit-zakete-contemporary\/\"]}]},{\"@type\":\"ImageObject\",\"inLanguage\":\"lv-LV\",\"@id\":\"https:\/\/simonjersey.eu\/lv\/produkts\/viriesu-fit-zakete-contemporary\/#primaryimage\",\"url\":\"https:\/\/simonjersey.eu\/lv\/wp-content\/uploads\/sites\/2\/2019\/06\/contemporary-men-s-jacket-grey-2.jpg\",\"contentUrl\":\"https:\/\/simonjersey.eu\/lv\/wp-content\/uploads\/sites\/2\/2019\/06\/contemporary-men-s-jacket-grey-2.jpg\",\"width\":1000,\"height\":1500},{\"@type\":\"BreadcrumbList\",\"@id\":\"https:\/\/simonjersey.eu\/lv\/produkts\/viriesu-fit-zakete-contemporary\/#breadcrumb\",\"itemListElement\":[{\"@type\":\"ListItem\",\"position\":1,\"name\":\"Home\",\"item\":\"https:\/\/simonjersey.eu\/lv\/\"},{\"@type\":\"ListItem\",\"position\":2,\"name\":\"E-veikals\",\"item\":\"https:\/\/simonjersey.eu\/lv\/e-veikals\/\"},{\"@type\":\"ListItem\",\"position\":3,\"name\":\"V\u012brie\u0161u fit \u017eakete \u201cContemporary\u201d\"}]},{\"@type\":\"WebSite\",\"@id\":\"https:\/\/simonjersey.eu\/lv\/#website\",\"url\":\"https:\/\/simonjersey.eu\/lv\/\",\"name\":\"Simon Jersey Latvija\",\"description\":\"Kvalitat\u012bvi un iztur\u012bgi darba ap\u0123\u0113rbi\",\"potentialAction\":[{\"@type\":\"SearchAction\",\"target\":{\"@type\":\"EntryPoint\",\"urlTemplate\":\"https:\/\/simonjersey.eu\/lv\/?s={search_term_string}\"},\"query-input\":{\"@type\":\"PropertyValueSpecification\",\"valueRequired\":true,\"valueName\":\"search_term_string\"}}],\"inLanguage\":\"lv-LV\"}]}<\/script>\n<!-- \/ Yoast SEO plugin. -->","yoast_head_json":{"title":"Darba dr\u0113bes viesn\u012bc\u0101m - Simon Jersey Latvija","description":"V\u012brie\u0161u Fit \u017eakete no Contemorary kolekcijas. Moderna \u017eakete, kas labi piegu\u013c augumam. Aizmugur\u0113 \u0161\u0137\u0113lums un ie\u0161\u016bta iek\u0161\u0113j\u0101 kabata.","robots":{"index":"index","follow":"follow","max-snippet":"max-snippet:-1","max-image-preview":"max-image-preview:large","max-video-preview":"max-video-preview:-1"},"canonical":"https:\/\/simonjersey.eu\/lv\/produkts\/viriesu-fit-zakete-contemporary\/","og_locale":"lv_LV","og_type":"article","og_title":"Darba dr\u0113bes viesn\u012bc\u0101m - Simon Jersey Latvija","og_description":"V\u012brie\u0161u Fit \u017eakete no Contemorary kolekcijas. Moderna \u017eakete, kas labi piegu\u013c augumam. Aizmugur\u0113 \u0161\u0137\u0113lums un ie\u0161\u016bta iek\u0161\u0113j\u0101 kabata.","og_url":"https:\/\/simonjersey.eu\/lv\/produkts\/viriesu-fit-zakete-contemporary\/","og_site_name":"Simon Jersey Latvija","article_modified_time":"2024-12-18T10:59:14+00:00","og_image":[{"width":1000,"height":1500,"url":"https:\/\/simonjersey.eu\/lv\/wp-content\/uploads\/sites\/2\/2019\/06\/contemporary-men-s-jacket-grey-2.jpg","type":"image\/jpeg"}],"twitter_card":"summary_large_image","twitter_misc":{"Est. reading time":"1 min\u016bte"},"schema":{"@context":"https:\/\/schema.org","@graph":[{"@type":"WebPage","@id":"https:\/\/simonjersey.eu\/lv\/produkts\/viriesu-fit-zakete-contemporary\/","url":"https:\/\/simonjersey.eu\/lv\/produkts\/viriesu-fit-zakete-contemporary\/","name":"Darba dr\u0113bes viesn\u012bc\u0101m - Simon Jersey Latvija","isPartOf":{"@id":"https:\/\/simonjersey.eu\/lv\/#website"},"primaryImageOfPage":{"@id":"https:\/\/simonjersey.eu\/lv\/produkts\/viriesu-fit-zakete-contemporary\/#primaryimage"},"image":{"@id":"https:\/\/simonjersey.eu\/lv\/produkts\/viriesu-fit-zakete-contemporary\/#primaryimage"},"thumbnailUrl":"https:\/\/simonjersey.eu\/lv\/wp-content\/uploads\/sites\/2\/2019\/06\/contemporary-men-s-jacket-grey-2.jpg","datePublished":"2019-06-29T13:22:11+00:00","dateModified":"2024-12-18T10:59:14+00:00","description":"V\u012brie\u0161u Fit \u017eakete no Contemorary kolekcijas. Moderna \u017eakete, kas labi piegu\u013c augumam. Aizmugur\u0113 \u0161\u0137\u0113lums un ie\u0161\u016bta iek\u0161\u0113j\u0101 kabata.","breadcrumb":{"@id":"https:\/\/simonjersey.eu\/lv\/produkts\/viriesu-fit-zakete-contemporary\/#breadcrumb"},"inLanguage":"lv-LV","potentialAction":[{"@type":"ReadAction","target":["https:\/\/simonjersey.eu\/lv\/produkts\/viriesu-fit-zakete-contemporary\/"]}]},{"@type":"ImageObject","inLanguage":"lv-LV","@id":"https:\/\/simonjersey.eu\/lv\/produkts\/viriesu-fit-zakete-contemporary\/#primaryimage","url":"https:\/\/simonjersey.eu\/lv\/wp-content\/uploads\/sites\/2\/2019\/06\/contemporary-men-s-jacket-grey-2.jpg","contentUrl":"https:\/\/simonjersey.eu\/lv\/wp-content\/uploads\/sites\/2\/2019\/06\/contemporary-men-s-jacket-grey-2.jpg","width":1000,"height":1500},{"@type":"BreadcrumbList","@id":"https:\/\/simonjersey.eu\/lv\/produkts\/viriesu-fit-zakete-contemporary\/#breadcrumb","itemListElement":[{"@type":"ListItem","position":1,"name":"Home","item":"https:\/\/simonjersey.eu\/lv\/"},{"@type":"ListItem","position":2,"name":"E-veikals","item":"https:\/\/simonjersey.eu\/lv\/e-veikals\/"},{"@type":"ListItem","position":3,"name":"V\u012brie\u0161u fit \u017eakete \u201cContemporary\u201d"}]},{"@type":"WebSite","@id":"https:\/\/simonjersey.eu\/lv\/#website","url":"https:\/\/simonjersey.eu\/lv\/","name":"Simon Jersey Latvija","description":"Kvalitat\u012bvi un iztur\u012bgi darba ap\u0123\u0113rbi","potentialAction":[{"@type":"SearchAction","target":{"@type":"EntryPoint","urlTemplate":"https:\/\/simonjersey.eu\/lv\/?s={search_term_string}"},"query-input":{"@type":"PropertyValueSpecification","valueRequired":true,"valueName":"search_term_string"}}],"inLanguage":"lv-LV"}]}},"_links":{"self":[{"href":"https:\/\/simonjersey.eu\/lv\/wp-json\/wp\/v2\/product\/870","targetHints":{"allow":["GET"]}}],"collection":[{"href":"https:\/\/simonjersey.eu\/lv\/wp-json\/wp\/v2\/product"}],"about":[{"href":"https:\/\/simonjersey.eu\/lv\/wp-json\/wp\/v2\/types\/product"}],"wp:featuredmedia":[{"embeddable":true,"href":"https:\/\/simonjersey.eu\/lv\/wp-json\/wp\/v2\/media\/7365"}],"wp:attachment":[{"href":"https:\/\/simonjersey.eu\/lv\/wp-json\/wp\/v2\/media?parent=870"}],"wp:term":[{"taxonomy":"product_brand","embeddable":true,"href":"https:\/\/simonjersey.eu\/lv\/wp-json\/wp\/v2\/product_brand?post=870"},{"taxonomy":"product_cat","embeddable":true,"href":"https:\/\/simonjersey.eu\/lv\/wp-json\/wp\/v2\/product_cat?post=870"},{"taxonomy":"product_tag","embeddable":true,"href":"https:\/\/simonjersey.eu\/lv\/wp-json\/wp\/v2\/product_tag?post=870"}],"curies":[{"name":"wp","href":"https:\/\/api.w.org\/{rel}","templated":true}]}}