{"id":8750,"date":"2025-09-10T15:30:26","date_gmt":"2025-09-10T12:30:26","guid":{"rendered":"https:\/\/simonjersey.eu\/lv\/?post_type=product&#038;p=8750"},"modified":"2025-09-10T15:34:28","modified_gmt":"2025-09-10T12:34:28","slug":"plata-kaju-bikses","status":"publish","type":"product","link":"https:\/\/simonjersey.eu\/lv\/produkts\/plata-kaju-bikses\/","title":{"rendered":"Plat\u0101 k\u0101ju bikses"},"content":{"rendered":"","protected":false},"excerpt":{"rendered":"<p>Jauni plat\u0101 k\u0101ju\u00a0 bikses, ar r\u0101v\u0113jsl\u0113dz\u0113ju priek\u0161\u0101, s\u0101nos ieb\u016bv\u0113ti kabatas.<\/p>\n<p>M\u016bsu Eclipse kolekcija pied\u0101v\u0101 tendences, \u012bstaj\u0101 laik\u0101 un par pieejamu cenu. \u0160\u012bs kolekcijas darba ap\u0123\u0113rbi ir piem\u0113roti darbam gan bank\u0101, biroja \u0113k\u0101, viesn\u012bc\u0101, k\u0101 ar\u012b daudzos citos apkalpojo\u0161os amatos.<\/p>\n<p>K\u0101ju platums 31 cm.<\/p>\n<p>Materi\u0101ls: 64% p\u0101rstr\u0101d\u0101ts poliesters, 34% viskoze, 2% elast\u0101ns.(330mlg)<br \/>\nMazg\u0101t 40\u00b0 mazg\u0101t ve\u013cas ma\u0161\u012bn\u0101, nav nepiecie\u0161ama gludin\u0101\u0161ana.<br \/>\nAudums p\u0101rbaud\u012bts ar Martindale testa sist\u0113mu: &gt; 100 000 nodilumiztur\u012bgs.<\/p>\n<p>Izm\u0113ri (UK) 6\u201320.( long, regular)<\/p>\n<p><strong>Iek\u0161\u0113j\u0101 v\u012ble: standarta izm\u0113rs 12R \u2013 73,5 cm<\/strong><\/p>\n<p><strong>Iek\u0161\u0113j\u0101 v\u012ble: gara izm\u0113rs 12L \u2013 79 cm<\/strong><\/p>\n","protected":false},"featured_media":8752,"template":"","meta":[],"product_brand":[],"product_cat":[489,89,95,24,35,20,78,80,49,50,63,107],"product_tag":[],"class_list":{"0":"post-8750","1":"product","2":"type-product","3":"status-publish","4":"has-post-thumbnail","6":"product_cat-stiligs-eclipse-kolekcija","7":"product_cat-sievietem-lietiskais-apgerbs","8":"product_cat-bikses-sievietem-lietiskais-apgerbs","9":"product_cat-sievietem","10":"product_cat-bikses-sievietem","11":"product_cat-bikses","12":"product_cat-recepcija","13":"product_cat-bikses-recepcija","14":"product_cat-kolekcijas","15":"product_cat-sievietem-viesmiliba","16":"product_cat-bikses-sievietem-viesmiliba","17":"product_cat-sieviesu-bikses","19":"first","20":"instock","21":"taxable","22":"shipping-taxable","23":"purchasable","24":"product-type-variable","25":"has-default-attributes"},"yoast_head":"<!-- This site is optimized with the Yoast SEO plugin v27.2 - https:\/\/yoast.com\/product\/yoast-seo-wordpress\/ -->\n<title>Plat\u0101 k\u0101ju bikses - Simon Jersey Latvija<\/title>\n<meta name=\"robots\" content=\"index, follow, max-snippet:-1, max-image-preview:large, max-video-preview:-1\" \/>\n<link rel=\"canonical\" href=\"https:\/\/simonjersey.eu\/lv\/produkts\/plata-kaju-bikses\/\" \/>\n<meta property=\"og:locale\" content=\"lv_LV\" \/>\n<meta property=\"og:type\" content=\"article\" \/>\n<meta property=\"og:title\" content=\"Plat\u0101 k\u0101ju bikses - Simon Jersey Latvija\" \/>\n<meta property=\"og:description\" content=\"Jauni plat\u0101 k\u0101ju\u00a0 bikses, ar r\u0101v\u0113jsl\u0113dz\u0113ju priek\u0161\u0101, s\u0101nos ieb\u016bv\u0113ti kabatas.  M\u016bsu Eclipse kolekcija pied\u0101v\u0101 tendences, \u012bstaj\u0101 laik\u0101 un par pieejamu cenu. \u0160\u012bs kolekcijas darba ap\u0123\u0113rbi ir piem\u0113roti darbam gan bank\u0101, biroja \u0113k\u0101, viesn\u012bc\u0101, k\u0101 ar\u012b daudzos citos apkalpojo\u0161os amatos.  K\u0101ju platums 31 cm.  Materi\u0101ls: 64% p\u0101rstr\u0101d\u0101ts poliesters, 34% viskoze, 2% elast\u0101ns.(330mlg) Mazg\u0101t 40\u00b0 mazg\u0101t ve\u013cas ma\u0161\u012bn\u0101, nav nepiecie\u0161ama gludin\u0101\u0161ana. Audums p\u0101rbaud\u012bts ar Martindale testa sist\u0113mu: &gt; 100 000 nodilumiztur\u012bgs.  Izm\u0113ri (UK) 6\u201320.( long, regular)  Iek\u0161\u0113j\u0101 v\u012ble: standarta izm\u0113rs 12R \u2013 73,5 cm  Iek\u0161\u0113j\u0101 v\u012ble: gara izm\u0113rs 12L \u2013 79 cm\" \/>\n<meta property=\"og:url\" content=\"https:\/\/simonjersey.eu\/lv\/produkts\/plata-kaju-bikses\/\" \/>\n<meta property=\"og:site_name\" content=\"Simon Jersey Latvija\" \/>\n<meta property=\"article:modified_time\" content=\"2025-09-10T12:34:28+00:00\" \/>\n<meta property=\"og:image\" content=\"https:\/\/simonjersey.eu\/lv\/wp-content\/uploads\/sites\/2\/2025\/09\/Cora-Trouser-Black-scaled.jpg\" \/>\n\t<meta property=\"og:image:width\" content=\"1441\" \/>\n\t<meta property=\"og:image:height\" content=\"2560\" \/>\n\t<meta property=\"og:image:type\" content=\"image\/jpeg\" \/>\n<meta name=\"twitter:card\" content=\"summary_large_image\" \/>\n<meta name=\"twitter:label1\" content=\"Est. reading time\" \/>\n\t<meta name=\"twitter:data1\" content=\"1 min\u016bte\" \/>\n<script type=\"application\/ld+json\" class=\"yoast-schema-graph\">{\"@context\":\"https:\/\/schema.org\",\"@graph\":[{\"@type\":\"WebPage\",\"@id\":\"https:\/\/simonjersey.eu\/lv\/produkts\/plata-kaju-bikses\/\",\"url\":\"https:\/\/simonjersey.eu\/lv\/produkts\/plata-kaju-bikses\/\",\"name\":\"Plat\u0101 k\u0101ju bikses - Simon Jersey Latvija\",\"isPartOf\":{\"@id\":\"https:\/\/simonjersey.eu\/lv\/#website\"},\"primaryImageOfPage\":{\"@id\":\"https:\/\/simonjersey.eu\/lv\/produkts\/plata-kaju-bikses\/#primaryimage\"},\"image\":{\"@id\":\"https:\/\/simonjersey.eu\/lv\/produkts\/plata-kaju-bikses\/#primaryimage\"},\"thumbnailUrl\":\"https:\/\/simonjersey.eu\/lv\/wp-content\/uploads\/sites\/2\/2025\/09\/Cora-Trouser-Black-scaled.jpg\",\"datePublished\":\"2025-09-10T12:30:26+00:00\",\"dateModified\":\"2025-09-10T12:34:28+00:00\",\"breadcrumb\":{\"@id\":\"https:\/\/simonjersey.eu\/lv\/produkts\/plata-kaju-bikses\/#breadcrumb\"},\"inLanguage\":\"lv-LV\",\"potentialAction\":[{\"@type\":\"ReadAction\",\"target\":[\"https:\/\/simonjersey.eu\/lv\/produkts\/plata-kaju-bikses\/\"]}]},{\"@type\":\"ImageObject\",\"inLanguage\":\"lv-LV\",\"@id\":\"https:\/\/simonjersey.eu\/lv\/produkts\/plata-kaju-bikses\/#primaryimage\",\"url\":\"https:\/\/simonjersey.eu\/lv\/wp-content\/uploads\/sites\/2\/2025\/09\/Cora-Trouser-Black-scaled.jpg\",\"contentUrl\":\"https:\/\/simonjersey.eu\/lv\/wp-content\/uploads\/sites\/2\/2025\/09\/Cora-Trouser-Black-scaled.jpg\",\"width\":1441,\"height\":2560},{\"@type\":\"BreadcrumbList\",\"@id\":\"https:\/\/simonjersey.eu\/lv\/produkts\/plata-kaju-bikses\/#breadcrumb\",\"itemListElement\":[{\"@type\":\"ListItem\",\"position\":1,\"name\":\"Home\",\"item\":\"https:\/\/simonjersey.eu\/lv\/\"},{\"@type\":\"ListItem\",\"position\":2,\"name\":\"E-veikals\",\"item\":\"https:\/\/simonjersey.eu\/lv\/e-veikals\/\"},{\"@type\":\"ListItem\",\"position\":3,\"name\":\"Plat\u0101 k\u0101ju bikses\"}]},{\"@type\":\"WebSite\",\"@id\":\"https:\/\/simonjersey.eu\/lv\/#website\",\"url\":\"https:\/\/simonjersey.eu\/lv\/\",\"name\":\"Simon Jersey Latvija\",\"description\":\"Kvalitat\u012bvi un iztur\u012bgi darba ap\u0123\u0113rbi\",\"potentialAction\":[{\"@type\":\"SearchAction\",\"target\":{\"@type\":\"EntryPoint\",\"urlTemplate\":\"https:\/\/simonjersey.eu\/lv\/?s={search_term_string}\"},\"query-input\":{\"@type\":\"PropertyValueSpecification\",\"valueRequired\":true,\"valueName\":\"search_term_string\"}}],\"inLanguage\":\"lv-LV\"}]}<\/script>\n<!-- \/ Yoast SEO plugin. -->","yoast_head_json":{"title":"Plat\u0101 k\u0101ju bikses - Simon Jersey Latvija","robots":{"index":"index","follow":"follow","max-snippet":"max-snippet:-1","max-image-preview":"max-image-preview:large","max-video-preview":"max-video-preview:-1"},"canonical":"https:\/\/simonjersey.eu\/lv\/produkts\/plata-kaju-bikses\/","og_locale":"lv_LV","og_type":"article","og_title":"Plat\u0101 k\u0101ju bikses - Simon Jersey Latvija","og_description":"Jauni plat\u0101 k\u0101ju\u00a0 bikses, ar r\u0101v\u0113jsl\u0113dz\u0113ju priek\u0161\u0101, s\u0101nos ieb\u016bv\u0113ti kabatas.  M\u016bsu Eclipse kolekcija pied\u0101v\u0101 tendences, \u012bstaj\u0101 laik\u0101 un par pieejamu cenu. \u0160\u012bs kolekcijas darba ap\u0123\u0113rbi ir piem\u0113roti darbam gan bank\u0101, biroja \u0113k\u0101, viesn\u012bc\u0101, k\u0101 ar\u012b daudzos citos apkalpojo\u0161os amatos.  K\u0101ju platums 31 cm.  Materi\u0101ls: 64% p\u0101rstr\u0101d\u0101ts poliesters, 34% viskoze, 2% elast\u0101ns.(330mlg) Mazg\u0101t 40\u00b0 mazg\u0101t ve\u013cas ma\u0161\u012bn\u0101, nav nepiecie\u0161ama gludin\u0101\u0161ana. Audums p\u0101rbaud\u012bts ar Martindale testa sist\u0113mu: &gt; 100 000 nodilumiztur\u012bgs.  Izm\u0113ri (UK) 6\u201320.( long, regular)  Iek\u0161\u0113j\u0101 v\u012ble: standarta izm\u0113rs 12R \u2013 73,5 cm  Iek\u0161\u0113j\u0101 v\u012ble: gara izm\u0113rs 12L \u2013 79 cm","og_url":"https:\/\/simonjersey.eu\/lv\/produkts\/plata-kaju-bikses\/","og_site_name":"Simon Jersey Latvija","article_modified_time":"2025-09-10T12:34:28+00:00","og_image":[{"width":1441,"height":2560,"url":"https:\/\/simonjersey.eu\/lv\/wp-content\/uploads\/sites\/2\/2025\/09\/Cora-Trouser-Black-scaled.jpg","type":"image\/jpeg"}],"twitter_card":"summary_large_image","twitter_misc":{"Est. reading time":"1 min\u016bte"},"schema":{"@context":"https:\/\/schema.org","@graph":[{"@type":"WebPage","@id":"https:\/\/simonjersey.eu\/lv\/produkts\/plata-kaju-bikses\/","url":"https:\/\/simonjersey.eu\/lv\/produkts\/plata-kaju-bikses\/","name":"Plat\u0101 k\u0101ju bikses - Simon Jersey Latvija","isPartOf":{"@id":"https:\/\/simonjersey.eu\/lv\/#website"},"primaryImageOfPage":{"@id":"https:\/\/simonjersey.eu\/lv\/produkts\/plata-kaju-bikses\/#primaryimage"},"image":{"@id":"https:\/\/simonjersey.eu\/lv\/produkts\/plata-kaju-bikses\/#primaryimage"},"thumbnailUrl":"https:\/\/simonjersey.eu\/lv\/wp-content\/uploads\/sites\/2\/2025\/09\/Cora-Trouser-Black-scaled.jpg","datePublished":"2025-09-10T12:30:26+00:00","dateModified":"2025-09-10T12:34:28+00:00","breadcrumb":{"@id":"https:\/\/simonjersey.eu\/lv\/produkts\/plata-kaju-bikses\/#breadcrumb"},"inLanguage":"lv-LV","potentialAction":[{"@type":"ReadAction","target":["https:\/\/simonjersey.eu\/lv\/produkts\/plata-kaju-bikses\/"]}]},{"@type":"ImageObject","inLanguage":"lv-LV","@id":"https:\/\/simonjersey.eu\/lv\/produkts\/plata-kaju-bikses\/#primaryimage","url":"https:\/\/simonjersey.eu\/lv\/wp-content\/uploads\/sites\/2\/2025\/09\/Cora-Trouser-Black-scaled.jpg","contentUrl":"https:\/\/simonjersey.eu\/lv\/wp-content\/uploads\/sites\/2\/2025\/09\/Cora-Trouser-Black-scaled.jpg","width":1441,"height":2560},{"@type":"BreadcrumbList","@id":"https:\/\/simonjersey.eu\/lv\/produkts\/plata-kaju-bikses\/#breadcrumb","itemListElement":[{"@type":"ListItem","position":1,"name":"Home","item":"https:\/\/simonjersey.eu\/lv\/"},{"@type":"ListItem","position":2,"name":"E-veikals","item":"https:\/\/simonjersey.eu\/lv\/e-veikals\/"},{"@type":"ListItem","position":3,"name":"Plat\u0101 k\u0101ju bikses"}]},{"@type":"WebSite","@id":"https:\/\/simonjersey.eu\/lv\/#website","url":"https:\/\/simonjersey.eu\/lv\/","name":"Simon Jersey Latvija","description":"Kvalitat\u012bvi un iztur\u012bgi darba ap\u0123\u0113rbi","potentialAction":[{"@type":"SearchAction","target":{"@type":"EntryPoint","urlTemplate":"https:\/\/simonjersey.eu\/lv\/?s={search_term_string}"},"query-input":{"@type":"PropertyValueSpecification","valueRequired":true,"valueName":"search_term_string"}}],"inLanguage":"lv-LV"}]}},"_links":{"self":[{"href":"https:\/\/simonjersey.eu\/lv\/wp-json\/wp\/v2\/product\/8750","targetHints":{"allow":["GET"]}}],"collection":[{"href":"https:\/\/simonjersey.eu\/lv\/wp-json\/wp\/v2\/product"}],"about":[{"href":"https:\/\/simonjersey.eu\/lv\/wp-json\/wp\/v2\/types\/product"}],"wp:featuredmedia":[{"embeddable":true,"href":"https:\/\/simonjersey.eu\/lv\/wp-json\/wp\/v2\/media\/8752"}],"wp:attachment":[{"href":"https:\/\/simonjersey.eu\/lv\/wp-json\/wp\/v2\/media?parent=8750"}],"wp:term":[{"taxonomy":"product_brand","embeddable":true,"href":"https:\/\/simonjersey.eu\/lv\/wp-json\/wp\/v2\/product_brand?post=8750"},{"taxonomy":"product_cat","embeddable":true,"href":"https:\/\/simonjersey.eu\/lv\/wp-json\/wp\/v2\/product_cat?post=8750"},{"taxonomy":"product_tag","embeddable":true,"href":"https:\/\/simonjersey.eu\/lv\/wp-json\/wp\/v2\/product_tag?post=8750"}],"curies":[{"name":"wp","href":"https:\/\/api.w.org\/{rel}","templated":true}]}}