{"id":8817,"date":"2025-10-21T14:26:37","date_gmt":"2025-10-21T11:26:37","guid":{"rendered":"https:\/\/simonjersey.eu\/lv\/?post_type=product&#038;p=8817"},"modified":"2025-10-21T14:31:36","modified_gmt":"2025-10-21T11:31:36","slug":"viriesu-udensizturiga-pusgara-jaka-5000mm","status":"publish","type":"product","link":"https:\/\/simonjersey.eu\/lv\/produkts\/viriesu-udensizturiga-pusgara-jaka-5000mm\/","title":{"rendered":"V\u012brie\u0161u \u016bdensiztur\u012bga pusgar\u0101 jaka ( 5000mm)"},"content":{"rendered":"","protected":false},"excerpt":{"rendered":"<p>Stil\u012bga un funkcion\u0101la jaka, kas nodro\u0161ina dro\u0161u aizsardz\u012bbu pret lietu un v\u0113ju. Ar <strong>5000 mm \u016bdensiztur\u012bbu<\/strong> un <strong>aizz\u012bmogot\u0101m \u0161uv\u0113m<\/strong> t\u0101 ne\u013cauj mitrumam iek\u013c\u016bt, savuk\u0101rt <strong>padus\u0113s ventil\u0101cijas atveres<\/strong> nodro\u0161ina elpojam\u012bbu un \u0113rtumu.<\/p>\n<p>Praktiski elementi, piem\u0113ram, <strong>r\u0101v\u0113jsl\u0113dz\u0113ja kr\u016b\u0161u kabata<\/strong>, <strong>divas priek\u0161\u0113j\u0101s kabatas ar atloku un r\u0101v\u0113jsl\u0113dz\u0113ju<\/strong> un <strong>r\u0101v\u0113jsl\u0113dz\u0113js ar 5 spr\u0101dz\u0113m<\/strong>, padara jaku iztur\u012bgu un \u0113rtu. <strong>Vid\u0113j\u0101s aizmugures \u0161\u0137\u0113lumi<\/strong> nodro\u0161ina kust\u012bbu br\u012bv\u012bbu un sievi\u0161\u0137\u012bgu siluetu.<\/p>\n<p>Ide\u0101li piem\u0113rota ikdienas valk\u0101\u0161anai, p\u0101rg\u0101jieniem un pils\u0113tas piedz\u012bvojumiem jebkuros laikapst\u0101k\u013cos.<\/p>\n<p>Materi\u0101ls: 100% Polyester (Recycled)<\/p>\n<p>Kop\u0161ana: Mazg\u0101t 30\u00b0 ve\u013cas ma\u0161\u012bn\u0101, minim\u0101la gludin\u0101\u0161ana.<br \/>\nIzm\u0113ri (UK): 36-50<\/p>\n<p>Garums muguras centr\u0101 40R izm\u0113r\u0101 = 89 cm<\/p>\n","protected":false},"featured_media":8818,"template":"","meta":[],"product_brand":[],"product_cat":[143,86],"product_tag":[],"class_list":{"0":"post-8817","1":"product","2":"type-product","3":"status-publish","4":"has-post-thumbnail","6":"product_cat-heavy-duty-jakas","7":"product_cat-darba-apgerbs","9":"first","10":"instock","11":"taxable","12":"shipping-taxable","13":"purchasable","14":"product-type-variable","15":"has-default-attributes"},"yoast_head":"<!-- This site is optimized with the Yoast SEO plugin v27.2 - https:\/\/yoast.com\/product\/yoast-seo-wordpress\/ -->\n<title>V\u012brie\u0161u \u016bdensiztur\u012bga pusgar\u0101 jaka ( 5000mm) - Simon Jersey Latvija<\/title>\n<meta name=\"robots\" content=\"index, follow, max-snippet:-1, max-image-preview:large, max-video-preview:-1\" \/>\n<link rel=\"canonical\" href=\"https:\/\/simonjersey.eu\/lv\/produkts\/viriesu-udensizturiga-pusgara-jaka-5000mm\/\" \/>\n<meta property=\"og:locale\" content=\"lv_LV\" \/>\n<meta property=\"og:type\" content=\"article\" \/>\n<meta property=\"og:title\" content=\"V\u012brie\u0161u \u016bdensiztur\u012bga pusgar\u0101 jaka ( 5000mm) - Simon Jersey Latvija\" \/>\n<meta property=\"og:description\" content=\"Stil\u012bga un funkcion\u0101la jaka, kas nodro\u0161ina dro\u0161u aizsardz\u012bbu pret lietu un v\u0113ju. Ar 5000 mm \u016bdensiztur\u012bbu un aizz\u012bmogot\u0101m \u0161uv\u0113m t\u0101 ne\u013cauj mitrumam iek\u013c\u016bt, savuk\u0101rt padus\u0113s ventil\u0101cijas atveres nodro\u0161ina elpojam\u012bbu un \u0113rtumu.  Praktiski elementi, piem\u0113ram, r\u0101v\u0113jsl\u0113dz\u0113ja kr\u016b\u0161u kabata, divas priek\u0161\u0113j\u0101s kabatas ar atloku un r\u0101v\u0113jsl\u0113dz\u0113ju un r\u0101v\u0113jsl\u0113dz\u0113js ar 5 spr\u0101dz\u0113m, padara jaku iztur\u012bgu un \u0113rtu. Vid\u0113j\u0101s aizmugures \u0161\u0137\u0113lumi nodro\u0161ina kust\u012bbu br\u012bv\u012bbu un sievi\u0161\u0137\u012bgu siluetu.  Ide\u0101li piem\u0113rota ikdienas valk\u0101\u0161anai, p\u0101rg\u0101jieniem un pils\u0113tas piedz\u012bvojumiem jebkuros laikapst\u0101k\u013cos.  Materi\u0101ls: 100% Polyester (Recycled)  Kop\u0161ana: Mazg\u0101t 30\u00b0 ve\u013cas ma\u0161\u012bn\u0101, minim\u0101la gludin\u0101\u0161ana. Izm\u0113ri (UK): 36-50  Garums muguras centr\u0101 40R izm\u0113r\u0101 = 89 cm\" \/>\n<meta property=\"og:url\" content=\"https:\/\/simonjersey.eu\/lv\/produkts\/viriesu-udensizturiga-pusgara-jaka-5000mm\/\" \/>\n<meta property=\"og:site_name\" content=\"Simon Jersey Latvija\" \/>\n<meta property=\"article:modified_time\" content=\"2025-10-21T11:31:36+00:00\" \/>\n<meta property=\"og:image\" content=\"https:\/\/simonjersey.eu\/lv\/wp-content\/uploads\/sites\/2\/2025\/10\/Spencer-Navy-700-x-1050.jpg\" \/>\n\t<meta property=\"og:image:width\" content=\"700\" \/>\n\t<meta property=\"og:image:height\" content=\"1050\" \/>\n\t<meta property=\"og:image:type\" content=\"image\/jpeg\" \/>\n<meta name=\"twitter:card\" content=\"summary_large_image\" \/>\n<meta name=\"twitter:label1\" content=\"Est. reading time\" \/>\n\t<meta name=\"twitter:data1\" content=\"1 min\u016bte\" \/>\n<script type=\"application\/ld+json\" class=\"yoast-schema-graph\">{\"@context\":\"https:\/\/schema.org\",\"@graph\":[{\"@type\":\"WebPage\",\"@id\":\"https:\/\/simonjersey.eu\/lv\/produkts\/viriesu-udensizturiga-pusgara-jaka-5000mm\/\",\"url\":\"https:\/\/simonjersey.eu\/lv\/produkts\/viriesu-udensizturiga-pusgara-jaka-5000mm\/\",\"name\":\"V\u012brie\u0161u \u016bdensiztur\u012bga pusgar\u0101 jaka ( 5000mm) - Simon Jersey Latvija\",\"isPartOf\":{\"@id\":\"https:\/\/simonjersey.eu\/lv\/#website\"},\"primaryImageOfPage\":{\"@id\":\"https:\/\/simonjersey.eu\/lv\/produkts\/viriesu-udensizturiga-pusgara-jaka-5000mm\/#primaryimage\"},\"image\":{\"@id\":\"https:\/\/simonjersey.eu\/lv\/produkts\/viriesu-udensizturiga-pusgara-jaka-5000mm\/#primaryimage\"},\"thumbnailUrl\":\"https:\/\/simonjersey.eu\/lv\/wp-content\/uploads\/sites\/2\/2025\/10\/Spencer-Navy-700-x-1050.jpg\",\"datePublished\":\"2025-10-21T11:26:37+00:00\",\"dateModified\":\"2025-10-21T11:31:36+00:00\",\"breadcrumb\":{\"@id\":\"https:\/\/simonjersey.eu\/lv\/produkts\/viriesu-udensizturiga-pusgara-jaka-5000mm\/#breadcrumb\"},\"inLanguage\":\"lv-LV\",\"potentialAction\":[{\"@type\":\"ReadAction\",\"target\":[\"https:\/\/simonjersey.eu\/lv\/produkts\/viriesu-udensizturiga-pusgara-jaka-5000mm\/\"]}]},{\"@type\":\"ImageObject\",\"inLanguage\":\"lv-LV\",\"@id\":\"https:\/\/simonjersey.eu\/lv\/produkts\/viriesu-udensizturiga-pusgara-jaka-5000mm\/#primaryimage\",\"url\":\"https:\/\/simonjersey.eu\/lv\/wp-content\/uploads\/sites\/2\/2025\/10\/Spencer-Navy-700-x-1050.jpg\",\"contentUrl\":\"https:\/\/simonjersey.eu\/lv\/wp-content\/uploads\/sites\/2\/2025\/10\/Spencer-Navy-700-x-1050.jpg\",\"width\":700,\"height\":1050},{\"@type\":\"BreadcrumbList\",\"@id\":\"https:\/\/simonjersey.eu\/lv\/produkts\/viriesu-udensizturiga-pusgara-jaka-5000mm\/#breadcrumb\",\"itemListElement\":[{\"@type\":\"ListItem\",\"position\":1,\"name\":\"Home\",\"item\":\"https:\/\/simonjersey.eu\/lv\/\"},{\"@type\":\"ListItem\",\"position\":2,\"name\":\"E-veikals\",\"item\":\"https:\/\/simonjersey.eu\/lv\/e-veikals\/\"},{\"@type\":\"ListItem\",\"position\":3,\"name\":\"V\u012brie\u0161u \u016bdensiztur\u012bga pusgar\u0101 jaka ( 5000mm)\"}]},{\"@type\":\"WebSite\",\"@id\":\"https:\/\/simonjersey.eu\/lv\/#website\",\"url\":\"https:\/\/simonjersey.eu\/lv\/\",\"name\":\"Simon Jersey Latvija\",\"description\":\"Kvalitat\u012bvi un iztur\u012bgi darba ap\u0123\u0113rbi\",\"potentialAction\":[{\"@type\":\"SearchAction\",\"target\":{\"@type\":\"EntryPoint\",\"urlTemplate\":\"https:\/\/simonjersey.eu\/lv\/?s={search_term_string}\"},\"query-input\":{\"@type\":\"PropertyValueSpecification\",\"valueRequired\":true,\"valueName\":\"search_term_string\"}}],\"inLanguage\":\"lv-LV\"}]}<\/script>\n<!-- \/ Yoast SEO plugin. -->","yoast_head_json":{"title":"V\u012brie\u0161u \u016bdensiztur\u012bga pusgar\u0101 jaka ( 5000mm) - Simon Jersey Latvija","robots":{"index":"index","follow":"follow","max-snippet":"max-snippet:-1","max-image-preview":"max-image-preview:large","max-video-preview":"max-video-preview:-1"},"canonical":"https:\/\/simonjersey.eu\/lv\/produkts\/viriesu-udensizturiga-pusgara-jaka-5000mm\/","og_locale":"lv_LV","og_type":"article","og_title":"V\u012brie\u0161u \u016bdensiztur\u012bga pusgar\u0101 jaka ( 5000mm) - Simon Jersey Latvija","og_description":"Stil\u012bga un funkcion\u0101la jaka, kas nodro\u0161ina dro\u0161u aizsardz\u012bbu pret lietu un v\u0113ju. Ar 5000 mm \u016bdensiztur\u012bbu un aizz\u012bmogot\u0101m \u0161uv\u0113m t\u0101 ne\u013cauj mitrumam iek\u013c\u016bt, savuk\u0101rt padus\u0113s ventil\u0101cijas atveres nodro\u0161ina elpojam\u012bbu un \u0113rtumu.  Praktiski elementi, piem\u0113ram, r\u0101v\u0113jsl\u0113dz\u0113ja kr\u016b\u0161u kabata, divas priek\u0161\u0113j\u0101s kabatas ar atloku un r\u0101v\u0113jsl\u0113dz\u0113ju un r\u0101v\u0113jsl\u0113dz\u0113js ar 5 spr\u0101dz\u0113m, padara jaku iztur\u012bgu un \u0113rtu. Vid\u0113j\u0101s aizmugures \u0161\u0137\u0113lumi nodro\u0161ina kust\u012bbu br\u012bv\u012bbu un sievi\u0161\u0137\u012bgu siluetu.  Ide\u0101li piem\u0113rota ikdienas valk\u0101\u0161anai, p\u0101rg\u0101jieniem un pils\u0113tas piedz\u012bvojumiem jebkuros laikapst\u0101k\u013cos.  Materi\u0101ls: 100% Polyester (Recycled)  Kop\u0161ana: Mazg\u0101t 30\u00b0 ve\u013cas ma\u0161\u012bn\u0101, minim\u0101la gludin\u0101\u0161ana. Izm\u0113ri (UK): 36-50  Garums muguras centr\u0101 40R izm\u0113r\u0101 = 89 cm","og_url":"https:\/\/simonjersey.eu\/lv\/produkts\/viriesu-udensizturiga-pusgara-jaka-5000mm\/","og_site_name":"Simon Jersey Latvija","article_modified_time":"2025-10-21T11:31:36+00:00","og_image":[{"width":700,"height":1050,"url":"https:\/\/simonjersey.eu\/lv\/wp-content\/uploads\/sites\/2\/2025\/10\/Spencer-Navy-700-x-1050.jpg","type":"image\/jpeg"}],"twitter_card":"summary_large_image","twitter_misc":{"Est. reading time":"1 min\u016bte"},"schema":{"@context":"https:\/\/schema.org","@graph":[{"@type":"WebPage","@id":"https:\/\/simonjersey.eu\/lv\/produkts\/viriesu-udensizturiga-pusgara-jaka-5000mm\/","url":"https:\/\/simonjersey.eu\/lv\/produkts\/viriesu-udensizturiga-pusgara-jaka-5000mm\/","name":"V\u012brie\u0161u \u016bdensiztur\u012bga pusgar\u0101 jaka ( 5000mm) - Simon Jersey Latvija","isPartOf":{"@id":"https:\/\/simonjersey.eu\/lv\/#website"},"primaryImageOfPage":{"@id":"https:\/\/simonjersey.eu\/lv\/produkts\/viriesu-udensizturiga-pusgara-jaka-5000mm\/#primaryimage"},"image":{"@id":"https:\/\/simonjersey.eu\/lv\/produkts\/viriesu-udensizturiga-pusgara-jaka-5000mm\/#primaryimage"},"thumbnailUrl":"https:\/\/simonjersey.eu\/lv\/wp-content\/uploads\/sites\/2\/2025\/10\/Spencer-Navy-700-x-1050.jpg","datePublished":"2025-10-21T11:26:37+00:00","dateModified":"2025-10-21T11:31:36+00:00","breadcrumb":{"@id":"https:\/\/simonjersey.eu\/lv\/produkts\/viriesu-udensizturiga-pusgara-jaka-5000mm\/#breadcrumb"},"inLanguage":"lv-LV","potentialAction":[{"@type":"ReadAction","target":["https:\/\/simonjersey.eu\/lv\/produkts\/viriesu-udensizturiga-pusgara-jaka-5000mm\/"]}]},{"@type":"ImageObject","inLanguage":"lv-LV","@id":"https:\/\/simonjersey.eu\/lv\/produkts\/viriesu-udensizturiga-pusgara-jaka-5000mm\/#primaryimage","url":"https:\/\/simonjersey.eu\/lv\/wp-content\/uploads\/sites\/2\/2025\/10\/Spencer-Navy-700-x-1050.jpg","contentUrl":"https:\/\/simonjersey.eu\/lv\/wp-content\/uploads\/sites\/2\/2025\/10\/Spencer-Navy-700-x-1050.jpg","width":700,"height":1050},{"@type":"BreadcrumbList","@id":"https:\/\/simonjersey.eu\/lv\/produkts\/viriesu-udensizturiga-pusgara-jaka-5000mm\/#breadcrumb","itemListElement":[{"@type":"ListItem","position":1,"name":"Home","item":"https:\/\/simonjersey.eu\/lv\/"},{"@type":"ListItem","position":2,"name":"E-veikals","item":"https:\/\/simonjersey.eu\/lv\/e-veikals\/"},{"@type":"ListItem","position":3,"name":"V\u012brie\u0161u \u016bdensiztur\u012bga pusgar\u0101 jaka ( 5000mm)"}]},{"@type":"WebSite","@id":"https:\/\/simonjersey.eu\/lv\/#website","url":"https:\/\/simonjersey.eu\/lv\/","name":"Simon Jersey Latvija","description":"Kvalitat\u012bvi un iztur\u012bgi darba ap\u0123\u0113rbi","potentialAction":[{"@type":"SearchAction","target":{"@type":"EntryPoint","urlTemplate":"https:\/\/simonjersey.eu\/lv\/?s={search_term_string}"},"query-input":{"@type":"PropertyValueSpecification","valueRequired":true,"valueName":"search_term_string"}}],"inLanguage":"lv-LV"}]}},"_links":{"self":[{"href":"https:\/\/simonjersey.eu\/lv\/wp-json\/wp\/v2\/product\/8817","targetHints":{"allow":["GET"]}}],"collection":[{"href":"https:\/\/simonjersey.eu\/lv\/wp-json\/wp\/v2\/product"}],"about":[{"href":"https:\/\/simonjersey.eu\/lv\/wp-json\/wp\/v2\/types\/product"}],"wp:featuredmedia":[{"embeddable":true,"href":"https:\/\/simonjersey.eu\/lv\/wp-json\/wp\/v2\/media\/8818"}],"wp:attachment":[{"href":"https:\/\/simonjersey.eu\/lv\/wp-json\/wp\/v2\/media?parent=8817"}],"wp:term":[{"taxonomy":"product_brand","embeddable":true,"href":"https:\/\/simonjersey.eu\/lv\/wp-json\/wp\/v2\/product_brand?post=8817"},{"taxonomy":"product_cat","embeddable":true,"href":"https:\/\/simonjersey.eu\/lv\/wp-json\/wp\/v2\/product_cat?post=8817"},{"taxonomy":"product_tag","embeddable":true,"href":"https:\/\/simonjersey.eu\/lv\/wp-json\/wp\/v2\/product_tag?post=8817"}],"curies":[{"name":"wp","href":"https:\/\/api.w.org\/{rel}","templated":true}]}}