{"id":8824,"date":"2025-11-13T15:43:59","date_gmt":"2025-11-13T12:43:59","guid":{"rendered":"https:\/\/simonjersey.eu\/lv\/?post_type=product&#038;p=8824"},"modified":"2025-11-13T15:51:52","modified_gmt":"2025-11-13T12:51:52","slug":"dickies-balance-sieviesu-jogger-bikses","status":"publish","type":"product","link":"https:\/\/simonjersey.eu\/lv\/produkts\/dickies-balance-sieviesu-jogger-bikses\/","title":{"rendered":"\u201eDickies Balance\u201csievie\u0161u jogger bikses"},"content":{"rendered":"","protected":false},"excerpt":{"rendered":"<p>Modern\u0101s Dickies Balance sievie\u0161u jogger bikses ir \u0101rk\u0101rt\u012bgi \u0113rtas, m\u012bkstas, iztur\u012bgas un labi piegu\u013c. Piem\u0113rotas medic\u012bnas darbiniekiem un apkop\u0113jiem, k\u0101 ar\u012b masieriem un fizioterapeitiem, k\u0101 ar\u012b piem\u0113rotas br\u012bv\u0101 laika valk\u0101\u0161anai.<\/p>\n<p>Sievie\u0161u jogger biks\u0113m ir elast\u012bga jostasvieta un aukli\u0146a. Bik\u0161u \u0101rpuse ir rievota, kas nodro\u0161ina labu elast\u012bbu un kust\u012bgumu. 5 kabatas pied\u0101v\u0101 daudz vietas mantu glab\u0101\u0161anai: divas priek\u0161\u0113j\u0101s un aizmugur\u0113j\u0101s kabatas, viena kabata ar r\u0101v\u0113jsl\u0113dz\u0113ju k\u0101j\u0101s.<\/p>\n<p>Materi\u0101ls: 77% poliesters\/20% viskoze\/3% spandekssTwill<\/p>\n<p>Iek\u0161\u0113j\u0101s v\u012bles garums: 74 cm<\/p>\n<p>Kop\u0161ana: 60\u00ba temperat\u016br\u0101 zem\u0101 \u0101trum\u0101, \u0101tri \u017e\u016bst, gludin\u0101\u0161ana nav nepiecie\u0161ama.<\/p>\n<p>Izm\u0113ri: XXS-3XL.<\/p>\n","protected":false},"featured_media":8828,"template":"","meta":[],"product_brand":[],"product_cat":[486,17,20,72,73,76],"product_tag":[],"class_list":{"0":"post-8824","1":"product","2":"type-product","3":"status-publish","4":"has-post-thumbnail","6":"product_cat-dickies-cherokee-darba-apgerbs","7":"product_cat-skaistumkopsana","8":"product_cat-bikses","9":"product_cat-veselibas-aprupe","10":"product_cat-arsti-un-medmasas","11":"product_cat-bikses-arsti-un-medmasas","13":"first","14":"instock","15":"taxable","16":"shipping-taxable","17":"purchasable","18":"product-type-variable","19":"has-default-attributes"},"yoast_head":"<!-- This site is optimized with the Yoast SEO plugin v27.2 - https:\/\/yoast.com\/product\/yoast-seo-wordpress\/ -->\n<title>\u201eDickies Balance\u201csievie\u0161u jogger bikses - Simon Jersey Latvija<\/title>\n<meta name=\"robots\" content=\"index, follow, max-snippet:-1, max-image-preview:large, max-video-preview:-1\" \/>\n<link rel=\"canonical\" href=\"https:\/\/simonjersey.eu\/lv\/produkts\/dickies-balance-sieviesu-jogger-bikses\/\" \/>\n<meta property=\"og:locale\" content=\"lv_LV\" \/>\n<meta property=\"og:type\" content=\"article\" \/>\n<meta property=\"og:title\" content=\"\u201eDickies Balance\u201csievie\u0161u jogger bikses - Simon Jersey Latvija\" \/>\n<meta property=\"og:description\" content=\"Modern\u0101s Dickies Balance sievie\u0161u jogger bikses ir \u0101rk\u0101rt\u012bgi \u0113rtas, m\u012bkstas, iztur\u012bgas un labi piegu\u013c. Piem\u0113rotas medic\u012bnas darbiniekiem un apkop\u0113jiem, k\u0101 ar\u012b masieriem un fizioterapeitiem, k\u0101 ar\u012b piem\u0113rotas br\u012bv\u0101 laika valk\u0101\u0161anai.  Sievie\u0161u jogger biks\u0113m ir elast\u012bga jostasvieta un aukli\u0146a. Bik\u0161u \u0101rpuse ir rievota, kas nodro\u0161ina labu elast\u012bbu un kust\u012bgumu. 5 kabatas pied\u0101v\u0101 daudz vietas mantu glab\u0101\u0161anai: divas priek\u0161\u0113j\u0101s un aizmugur\u0113j\u0101s kabatas, viena kabata ar r\u0101v\u0113jsl\u0113dz\u0113ju k\u0101j\u0101s.  Materi\u0101ls: 77% poliesters\/20% viskoze\/3% spandekssTwill  Iek\u0161\u0113j\u0101s v\u012bles garums: 74 cm  Kop\u0161ana: 60\u00ba temperat\u016br\u0101 zem\u0101 \u0101trum\u0101, \u0101tri \u017e\u016bst, gludin\u0101\u0161ana nav nepiecie\u0161ama.  Izm\u0113ri: XXS-3XL.\" \/>\n<meta property=\"og:url\" content=\"https:\/\/simonjersey.eu\/lv\/produkts\/dickies-balance-sieviesu-jogger-bikses\/\" \/>\n<meta property=\"og:site_name\" content=\"Simon Jersey Latvija\" \/>\n<meta property=\"article:modified_time\" content=\"2025-11-13T12:51:52+00:00\" \/>\n<meta property=\"og:image\" content=\"https:\/\/simonjersey.eu\/lv\/wp-content\/uploads\/sites\/2\/2025\/11\/Dickies-jogger-trouser-navy.jpg\" \/>\n\t<meta property=\"og:image:width\" content=\"650\" \/>\n\t<meta property=\"og:image:height\" content=\"1000\" \/>\n\t<meta property=\"og:image:type\" content=\"image\/jpeg\" \/>\n<meta name=\"twitter:card\" content=\"summary_large_image\" \/>\n<script type=\"application\/ld+json\" class=\"yoast-schema-graph\">{\"@context\":\"https:\/\/schema.org\",\"@graph\":[{\"@type\":\"WebPage\",\"@id\":\"https:\/\/simonjersey.eu\/lv\/produkts\/dickies-balance-sieviesu-jogger-bikses\/\",\"url\":\"https:\/\/simonjersey.eu\/lv\/produkts\/dickies-balance-sieviesu-jogger-bikses\/\",\"name\":\"\u201eDickies Balance\u201csievie\u0161u jogger bikses - Simon Jersey Latvija\",\"isPartOf\":{\"@id\":\"https:\/\/simonjersey.eu\/lv\/#website\"},\"primaryImageOfPage\":{\"@id\":\"https:\/\/simonjersey.eu\/lv\/produkts\/dickies-balance-sieviesu-jogger-bikses\/#primaryimage\"},\"image\":{\"@id\":\"https:\/\/simonjersey.eu\/lv\/produkts\/dickies-balance-sieviesu-jogger-bikses\/#primaryimage\"},\"thumbnailUrl\":\"https:\/\/simonjersey.eu\/lv\/wp-content\/uploads\/sites\/2\/2025\/11\/Dickies-jogger-trouser-navy.jpg\",\"datePublished\":\"2025-11-13T12:43:59+00:00\",\"dateModified\":\"2025-11-13T12:51:52+00:00\",\"breadcrumb\":{\"@id\":\"https:\/\/simonjersey.eu\/lv\/produkts\/dickies-balance-sieviesu-jogger-bikses\/#breadcrumb\"},\"inLanguage\":\"lv-LV\",\"potentialAction\":[{\"@type\":\"ReadAction\",\"target\":[\"https:\/\/simonjersey.eu\/lv\/produkts\/dickies-balance-sieviesu-jogger-bikses\/\"]}]},{\"@type\":\"ImageObject\",\"inLanguage\":\"lv-LV\",\"@id\":\"https:\/\/simonjersey.eu\/lv\/produkts\/dickies-balance-sieviesu-jogger-bikses\/#primaryimage\",\"url\":\"https:\/\/simonjersey.eu\/lv\/wp-content\/uploads\/sites\/2\/2025\/11\/Dickies-jogger-trouser-navy.jpg\",\"contentUrl\":\"https:\/\/simonjersey.eu\/lv\/wp-content\/uploads\/sites\/2\/2025\/11\/Dickies-jogger-trouser-navy.jpg\",\"width\":650,\"height\":1000},{\"@type\":\"BreadcrumbList\",\"@id\":\"https:\/\/simonjersey.eu\/lv\/produkts\/dickies-balance-sieviesu-jogger-bikses\/#breadcrumb\",\"itemListElement\":[{\"@type\":\"ListItem\",\"position\":1,\"name\":\"Home\",\"item\":\"https:\/\/simonjersey.eu\/lv\/\"},{\"@type\":\"ListItem\",\"position\":2,\"name\":\"E-veikals\",\"item\":\"https:\/\/simonjersey.eu\/lv\/e-veikals\/\"},{\"@type\":\"ListItem\",\"position\":3,\"name\":\"\u201eDickies Balance\u201csievie\u0161u jogger bikses\"}]},{\"@type\":\"WebSite\",\"@id\":\"https:\/\/simonjersey.eu\/lv\/#website\",\"url\":\"https:\/\/simonjersey.eu\/lv\/\",\"name\":\"Simon Jersey Latvija\",\"description\":\"Kvalitat\u012bvi un iztur\u012bgi darba ap\u0123\u0113rbi\",\"potentialAction\":[{\"@type\":\"SearchAction\",\"target\":{\"@type\":\"EntryPoint\",\"urlTemplate\":\"https:\/\/simonjersey.eu\/lv\/?s={search_term_string}\"},\"query-input\":{\"@type\":\"PropertyValueSpecification\",\"valueRequired\":true,\"valueName\":\"search_term_string\"}}],\"inLanguage\":\"lv-LV\"}]}<\/script>\n<!-- \/ Yoast SEO plugin. -->","yoast_head_json":{"title":"\u201eDickies Balance\u201csievie\u0161u jogger bikses - Simon Jersey Latvija","robots":{"index":"index","follow":"follow","max-snippet":"max-snippet:-1","max-image-preview":"max-image-preview:large","max-video-preview":"max-video-preview:-1"},"canonical":"https:\/\/simonjersey.eu\/lv\/produkts\/dickies-balance-sieviesu-jogger-bikses\/","og_locale":"lv_LV","og_type":"article","og_title":"\u201eDickies Balance\u201csievie\u0161u jogger bikses - Simon Jersey Latvija","og_description":"Modern\u0101s Dickies Balance sievie\u0161u jogger bikses ir \u0101rk\u0101rt\u012bgi \u0113rtas, m\u012bkstas, iztur\u012bgas un labi piegu\u013c. Piem\u0113rotas medic\u012bnas darbiniekiem un apkop\u0113jiem, k\u0101 ar\u012b masieriem un fizioterapeitiem, k\u0101 ar\u012b piem\u0113rotas br\u012bv\u0101 laika valk\u0101\u0161anai.  Sievie\u0161u jogger biks\u0113m ir elast\u012bga jostasvieta un aukli\u0146a. Bik\u0161u \u0101rpuse ir rievota, kas nodro\u0161ina labu elast\u012bbu un kust\u012bgumu. 5 kabatas pied\u0101v\u0101 daudz vietas mantu glab\u0101\u0161anai: divas priek\u0161\u0113j\u0101s un aizmugur\u0113j\u0101s kabatas, viena kabata ar r\u0101v\u0113jsl\u0113dz\u0113ju k\u0101j\u0101s.  Materi\u0101ls: 77% poliesters\/20% viskoze\/3% spandekssTwill  Iek\u0161\u0113j\u0101s v\u012bles garums: 74 cm  Kop\u0161ana: 60\u00ba temperat\u016br\u0101 zem\u0101 \u0101trum\u0101, \u0101tri \u017e\u016bst, gludin\u0101\u0161ana nav nepiecie\u0161ama.  Izm\u0113ri: XXS-3XL.","og_url":"https:\/\/simonjersey.eu\/lv\/produkts\/dickies-balance-sieviesu-jogger-bikses\/","og_site_name":"Simon Jersey Latvija","article_modified_time":"2025-11-13T12:51:52+00:00","og_image":[{"width":650,"height":1000,"url":"https:\/\/simonjersey.eu\/lv\/wp-content\/uploads\/sites\/2\/2025\/11\/Dickies-jogger-trouser-navy.jpg","type":"image\/jpeg"}],"twitter_card":"summary_large_image","schema":{"@context":"https:\/\/schema.org","@graph":[{"@type":"WebPage","@id":"https:\/\/simonjersey.eu\/lv\/produkts\/dickies-balance-sieviesu-jogger-bikses\/","url":"https:\/\/simonjersey.eu\/lv\/produkts\/dickies-balance-sieviesu-jogger-bikses\/","name":"\u201eDickies Balance\u201csievie\u0161u jogger bikses - Simon Jersey Latvija","isPartOf":{"@id":"https:\/\/simonjersey.eu\/lv\/#website"},"primaryImageOfPage":{"@id":"https:\/\/simonjersey.eu\/lv\/produkts\/dickies-balance-sieviesu-jogger-bikses\/#primaryimage"},"image":{"@id":"https:\/\/simonjersey.eu\/lv\/produkts\/dickies-balance-sieviesu-jogger-bikses\/#primaryimage"},"thumbnailUrl":"https:\/\/simonjersey.eu\/lv\/wp-content\/uploads\/sites\/2\/2025\/11\/Dickies-jogger-trouser-navy.jpg","datePublished":"2025-11-13T12:43:59+00:00","dateModified":"2025-11-13T12:51:52+00:00","breadcrumb":{"@id":"https:\/\/simonjersey.eu\/lv\/produkts\/dickies-balance-sieviesu-jogger-bikses\/#breadcrumb"},"inLanguage":"lv-LV","potentialAction":[{"@type":"ReadAction","target":["https:\/\/simonjersey.eu\/lv\/produkts\/dickies-balance-sieviesu-jogger-bikses\/"]}]},{"@type":"ImageObject","inLanguage":"lv-LV","@id":"https:\/\/simonjersey.eu\/lv\/produkts\/dickies-balance-sieviesu-jogger-bikses\/#primaryimage","url":"https:\/\/simonjersey.eu\/lv\/wp-content\/uploads\/sites\/2\/2025\/11\/Dickies-jogger-trouser-navy.jpg","contentUrl":"https:\/\/simonjersey.eu\/lv\/wp-content\/uploads\/sites\/2\/2025\/11\/Dickies-jogger-trouser-navy.jpg","width":650,"height":1000},{"@type":"BreadcrumbList","@id":"https:\/\/simonjersey.eu\/lv\/produkts\/dickies-balance-sieviesu-jogger-bikses\/#breadcrumb","itemListElement":[{"@type":"ListItem","position":1,"name":"Home","item":"https:\/\/simonjersey.eu\/lv\/"},{"@type":"ListItem","position":2,"name":"E-veikals","item":"https:\/\/simonjersey.eu\/lv\/e-veikals\/"},{"@type":"ListItem","position":3,"name":"\u201eDickies Balance\u201csievie\u0161u jogger bikses"}]},{"@type":"WebSite","@id":"https:\/\/simonjersey.eu\/lv\/#website","url":"https:\/\/simonjersey.eu\/lv\/","name":"Simon Jersey Latvija","description":"Kvalitat\u012bvi un iztur\u012bgi darba ap\u0123\u0113rbi","potentialAction":[{"@type":"SearchAction","target":{"@type":"EntryPoint","urlTemplate":"https:\/\/simonjersey.eu\/lv\/?s={search_term_string}"},"query-input":{"@type":"PropertyValueSpecification","valueRequired":true,"valueName":"search_term_string"}}],"inLanguage":"lv-LV"}]}},"_links":{"self":[{"href":"https:\/\/simonjersey.eu\/lv\/wp-json\/wp\/v2\/product\/8824","targetHints":{"allow":["GET"]}}],"collection":[{"href":"https:\/\/simonjersey.eu\/lv\/wp-json\/wp\/v2\/product"}],"about":[{"href":"https:\/\/simonjersey.eu\/lv\/wp-json\/wp\/v2\/types\/product"}],"wp:featuredmedia":[{"embeddable":true,"href":"https:\/\/simonjersey.eu\/lv\/wp-json\/wp\/v2\/media\/8828"}],"wp:attachment":[{"href":"https:\/\/simonjersey.eu\/lv\/wp-json\/wp\/v2\/media?parent=8824"}],"wp:term":[{"taxonomy":"product_brand","embeddable":true,"href":"https:\/\/simonjersey.eu\/lv\/wp-json\/wp\/v2\/product_brand?post=8824"},{"taxonomy":"product_cat","embeddable":true,"href":"https:\/\/simonjersey.eu\/lv\/wp-json\/wp\/v2\/product_cat?post=8824"},{"taxonomy":"product_tag","embeddable":true,"href":"https:\/\/simonjersey.eu\/lv\/wp-json\/wp\/v2\/product_tag?post=8824"}],"curies":[{"name":"wp","href":"https:\/\/api.w.org\/{rel}","templated":true}]}}