{"id":8844,"date":"2025-11-14T11:43:24","date_gmt":"2025-11-14T08:43:24","guid":{"rendered":"https:\/\/simonjersey.eu\/lv\/?post_type=product&#038;p=8844"},"modified":"2026-02-05T14:28:25","modified_gmt":"2026-02-05T11:28:25","slug":"cherokeesieviesu-taisna-piegriezuma-bikses","status":"publish","type":"product","link":"https:\/\/simonjersey.eu\/lv\/produkts\/cherokeesieviesu-taisna-piegriezuma-bikses\/","title":{"rendered":"&#8220;Cherokee&#8221;sievie\u0161u taisna piegriezuma bikses"},"content":{"rendered":"","protected":false},"excerpt":{"rendered":"<p>M\u016bsdien\u012bga un moderna dizaina <strong>\u0113rtas darba bikses<\/strong>, kas lieliski piem\u0113rotas medic\u012bnas un apkalpo\u0161anas nozares darbiniekiem.<\/p>\n<p><strong>\u012apa\u0161\u012bbas:<\/strong><\/p>\n<ul>\n<li><strong>Kabatas:<\/strong> Kop\u0101 5 praktiskas kabatas \u2013 uz\u0161\u016btas priek\u0161pus\u0113 un aizmugur\u0113, k\u0101 ar\u012b cargo kabata uz bik\u0161u staras, kas nodro\u0161ina pietiekami daudz vietas nepiecie\u0161amo lietu glab\u0101\u0161anai.<\/li>\n<li><strong>Jostasvieta:<\/strong> \u0112rta un labi piegu\u013co\u0161a jostasvieta ar iek\u0161\u0113jo elast\u012bgo gumiju nodro\u0161ina dro\u0161u un stabilu valk\u0101\u0161anu visas darba dienas garum\u0101.<\/li>\n<li><strong>Materi\u0101ls:<\/strong> Viegls un elpojo\u0161s <strong>tvil audums<\/strong> (78% poliesters, 20% rajons, 2% elast\u0101ns) nodro\u0161ina kust\u012bbu br\u012bv\u012bbu, vienlaikus saglab\u0101jot iztur\u012bbu un komfortu.<\/li>\n<li><strong>Kop\u0161ana:<\/strong> Viegli kopjamas \u2013 <strong>mazg\u0101\u0161ana ve\u013cas ma\u0161\u012bn\u0101 l\u012bdz 70\u00b0C<\/strong>, nepiecie\u0161ama minim\u0101la gludin\u0101\u0161ana.<\/li>\n<li><strong>Izm\u0113ri:<\/strong> Pieejami pla\u0161\u0101 izm\u0113ru kl\u0101st\u0101 \u2013 no <strong>XXS l\u012bdz 3XL<\/strong>, lai katra sieviete atrastu sev piem\u0113rot\u0101ko.<strong>4XL\u20135XL<\/strong> pieejams \u0161\u0101d\u0101s kr\u0101s\u0101s: meln\u0101, tum\u0161i zil\u0101, petrol zil\u0101, \u00a0Burgundijas sarkans<\/li>\n<li><strong>Garums:<\/strong> Iek\u0161\u0113jais staras garums <strong>78,5 cm<\/strong>.<\/li>\n<\/ul>\n<p><a href=\"https:\/\/simonjersey.eu\/lv\/produkts\/sieviesu-cherokee-medicinas-bluze\/\"><strong>Tuniku atrad\u012bsi \u0161eit!!<\/strong><\/a><\/p>\n","protected":false},"featured_media":8851,"template":"","meta":[],"product_brand":[513],"product_cat":[486,72,73,76],"product_tag":[],"class_list":{"0":"post-8844","1":"product","2":"type-product","3":"status-publish","4":"has-post-thumbnail","6":"product_brand-cherokee","7":"product_cat-dickies-cherokee-darba-apgerbs","8":"product_cat-veselibas-aprupe","9":"product_cat-arsti-un-medmasas","10":"product_cat-bikses-arsti-un-medmasas","12":"first","13":"instock","14":"taxable","15":"shipping-taxable","16":"purchasable","17":"product-type-variable","18":"has-default-attributes"},"yoast_head":"<!-- This site is optimized with the Yoast SEO plugin v27.2 - https:\/\/yoast.com\/product\/yoast-seo-wordpress\/ -->\n<title>&quot;Cherokee&quot;sievie\u0161u taisna piegriezuma bikses - Simon Jersey Latvija<\/title>\n<meta name=\"description\" content=\"sievie\u0161u darba bikses, medic\u012bnas forma, sievie\u0161u medic\u012bnas ap\u0123\u0113rbs, taisna piegriezuma bikses, \u0113rtas darba bikses, elpojo\u0161s audums\" \/>\n<meta name=\"robots\" content=\"index, follow, max-snippet:-1, max-image-preview:large, max-video-preview:-1\" \/>\n<link rel=\"canonical\" href=\"https:\/\/simonjersey.eu\/lv\/produkts\/cherokeesieviesu-taisna-piegriezuma-bikses\/\" \/>\n<meta property=\"og:locale\" content=\"lv_LV\" \/>\n<meta property=\"og:type\" content=\"article\" \/>\n<meta property=\"og:title\" content=\"&quot;Cherokee&quot;sievie\u0161u taisna piegriezuma bikses - Simon Jersey Latvija\" \/>\n<meta property=\"og:description\" content=\"sievie\u0161u darba bikses, medic\u012bnas forma, sievie\u0161u medic\u012bnas ap\u0123\u0113rbs, taisna piegriezuma bikses, \u0113rtas darba bikses, elpojo\u0161s audums\" \/>\n<meta property=\"og:url\" content=\"https:\/\/simonjersey.eu\/lv\/produkts\/cherokeesieviesu-taisna-piegriezuma-bikses\/\" \/>\n<meta property=\"og:site_name\" content=\"Simon Jersey Latvija\" \/>\n<meta property=\"article:modified_time\" content=\"2026-02-05T11:28:25+00:00\" \/>\n<meta property=\"og:image\" content=\"https:\/\/simonjersey.eu\/lv\/wp-content\/uploads\/sites\/2\/2025\/11\/WWE110-CHEROKEE-pants.jpg\" \/>\n\t<meta property=\"og:image:width\" content=\"1100\" \/>\n\t<meta property=\"og:image:height\" content=\"1600\" \/>\n\t<meta property=\"og:image:type\" content=\"image\/jpeg\" \/>\n<meta name=\"twitter:card\" content=\"summary_large_image\" \/>\n<meta name=\"twitter:label1\" content=\"Est. reading time\" \/>\n\t<meta name=\"twitter:data1\" content=\"1 min\u016bte\" \/>\n<script type=\"application\/ld+json\" class=\"yoast-schema-graph\">{\"@context\":\"https:\/\/schema.org\",\"@graph\":[{\"@type\":\"WebPage\",\"@id\":\"https:\/\/simonjersey.eu\/lv\/produkts\/cherokeesieviesu-taisna-piegriezuma-bikses\/\",\"url\":\"https:\/\/simonjersey.eu\/lv\/produkts\/cherokeesieviesu-taisna-piegriezuma-bikses\/\",\"name\":\"\\\"Cherokee\\\"sievie\u0161u taisna piegriezuma bikses - Simon Jersey Latvija\",\"isPartOf\":{\"@id\":\"https:\/\/simonjersey.eu\/lv\/#website\"},\"primaryImageOfPage\":{\"@id\":\"https:\/\/simonjersey.eu\/lv\/produkts\/cherokeesieviesu-taisna-piegriezuma-bikses\/#primaryimage\"},\"image\":{\"@id\":\"https:\/\/simonjersey.eu\/lv\/produkts\/cherokeesieviesu-taisna-piegriezuma-bikses\/#primaryimage\"},\"thumbnailUrl\":\"https:\/\/simonjersey.eu\/lv\/wp-content\/uploads\/sites\/2\/2025\/11\/WWE110-CHEROKEE-pants.jpg\",\"datePublished\":\"2025-11-14T08:43:24+00:00\",\"dateModified\":\"2026-02-05T11:28:25+00:00\",\"description\":\"sievie\u0161u darba bikses, medic\u012bnas forma, sievie\u0161u medic\u012bnas ap\u0123\u0113rbs, taisna piegriezuma bikses, \u0113rtas darba bikses, elpojo\u0161s audums\",\"breadcrumb\":{\"@id\":\"https:\/\/simonjersey.eu\/lv\/produkts\/cherokeesieviesu-taisna-piegriezuma-bikses\/#breadcrumb\"},\"inLanguage\":\"lv-LV\",\"potentialAction\":[{\"@type\":\"ReadAction\",\"target\":[\"https:\/\/simonjersey.eu\/lv\/produkts\/cherokeesieviesu-taisna-piegriezuma-bikses\/\"]}]},{\"@type\":\"ImageObject\",\"inLanguage\":\"lv-LV\",\"@id\":\"https:\/\/simonjersey.eu\/lv\/produkts\/cherokeesieviesu-taisna-piegriezuma-bikses\/#primaryimage\",\"url\":\"https:\/\/simonjersey.eu\/lv\/wp-content\/uploads\/sites\/2\/2025\/11\/WWE110-CHEROKEE-pants.jpg\",\"contentUrl\":\"https:\/\/simonjersey.eu\/lv\/wp-content\/uploads\/sites\/2\/2025\/11\/WWE110-CHEROKEE-pants.jpg\",\"width\":1100,\"height\":1600},{\"@type\":\"BreadcrumbList\",\"@id\":\"https:\/\/simonjersey.eu\/lv\/produkts\/cherokeesieviesu-taisna-piegriezuma-bikses\/#breadcrumb\",\"itemListElement\":[{\"@type\":\"ListItem\",\"position\":1,\"name\":\"Home\",\"item\":\"https:\/\/simonjersey.eu\/lv\/\"},{\"@type\":\"ListItem\",\"position\":2,\"name\":\"E-veikals\",\"item\":\"https:\/\/simonjersey.eu\/lv\/e-veikals\/\"},{\"@type\":\"ListItem\",\"position\":3,\"name\":\"&#8220;Cherokee&#8221;sievie\u0161u taisna piegriezuma bikses\"}]},{\"@type\":\"WebSite\",\"@id\":\"https:\/\/simonjersey.eu\/lv\/#website\",\"url\":\"https:\/\/simonjersey.eu\/lv\/\",\"name\":\"Simon Jersey Latvija\",\"description\":\"Kvalitat\u012bvi un iztur\u012bgi darba ap\u0123\u0113rbi\",\"potentialAction\":[{\"@type\":\"SearchAction\",\"target\":{\"@type\":\"EntryPoint\",\"urlTemplate\":\"https:\/\/simonjersey.eu\/lv\/?s={search_term_string}\"},\"query-input\":{\"@type\":\"PropertyValueSpecification\",\"valueRequired\":true,\"valueName\":\"search_term_string\"}}],\"inLanguage\":\"lv-LV\"}]}<\/script>\n<!-- \/ Yoast SEO plugin. -->","yoast_head_json":{"title":"\"Cherokee\"sievie\u0161u taisna piegriezuma bikses - Simon Jersey Latvija","description":"sievie\u0161u darba bikses, medic\u012bnas forma, sievie\u0161u medic\u012bnas ap\u0123\u0113rbs, taisna piegriezuma bikses, \u0113rtas darba bikses, elpojo\u0161s audums","robots":{"index":"index","follow":"follow","max-snippet":"max-snippet:-1","max-image-preview":"max-image-preview:large","max-video-preview":"max-video-preview:-1"},"canonical":"https:\/\/simonjersey.eu\/lv\/produkts\/cherokeesieviesu-taisna-piegriezuma-bikses\/","og_locale":"lv_LV","og_type":"article","og_title":"\"Cherokee\"sievie\u0161u taisna piegriezuma bikses - Simon Jersey Latvija","og_description":"sievie\u0161u darba bikses, medic\u012bnas forma, sievie\u0161u medic\u012bnas ap\u0123\u0113rbs, taisna piegriezuma bikses, \u0113rtas darba bikses, elpojo\u0161s audums","og_url":"https:\/\/simonjersey.eu\/lv\/produkts\/cherokeesieviesu-taisna-piegriezuma-bikses\/","og_site_name":"Simon Jersey Latvija","article_modified_time":"2026-02-05T11:28:25+00:00","og_image":[{"width":1100,"height":1600,"url":"https:\/\/simonjersey.eu\/lv\/wp-content\/uploads\/sites\/2\/2025\/11\/WWE110-CHEROKEE-pants.jpg","type":"image\/jpeg"}],"twitter_card":"summary_large_image","twitter_misc":{"Est. reading time":"1 min\u016bte"},"schema":{"@context":"https:\/\/schema.org","@graph":[{"@type":"WebPage","@id":"https:\/\/simonjersey.eu\/lv\/produkts\/cherokeesieviesu-taisna-piegriezuma-bikses\/","url":"https:\/\/simonjersey.eu\/lv\/produkts\/cherokeesieviesu-taisna-piegriezuma-bikses\/","name":"\"Cherokee\"sievie\u0161u taisna piegriezuma bikses - Simon Jersey Latvija","isPartOf":{"@id":"https:\/\/simonjersey.eu\/lv\/#website"},"primaryImageOfPage":{"@id":"https:\/\/simonjersey.eu\/lv\/produkts\/cherokeesieviesu-taisna-piegriezuma-bikses\/#primaryimage"},"image":{"@id":"https:\/\/simonjersey.eu\/lv\/produkts\/cherokeesieviesu-taisna-piegriezuma-bikses\/#primaryimage"},"thumbnailUrl":"https:\/\/simonjersey.eu\/lv\/wp-content\/uploads\/sites\/2\/2025\/11\/WWE110-CHEROKEE-pants.jpg","datePublished":"2025-11-14T08:43:24+00:00","dateModified":"2026-02-05T11:28:25+00:00","description":"sievie\u0161u darba bikses, medic\u012bnas forma, sievie\u0161u medic\u012bnas ap\u0123\u0113rbs, taisna piegriezuma bikses, \u0113rtas darba bikses, elpojo\u0161s audums","breadcrumb":{"@id":"https:\/\/simonjersey.eu\/lv\/produkts\/cherokeesieviesu-taisna-piegriezuma-bikses\/#breadcrumb"},"inLanguage":"lv-LV","potentialAction":[{"@type":"ReadAction","target":["https:\/\/simonjersey.eu\/lv\/produkts\/cherokeesieviesu-taisna-piegriezuma-bikses\/"]}]},{"@type":"ImageObject","inLanguage":"lv-LV","@id":"https:\/\/simonjersey.eu\/lv\/produkts\/cherokeesieviesu-taisna-piegriezuma-bikses\/#primaryimage","url":"https:\/\/simonjersey.eu\/lv\/wp-content\/uploads\/sites\/2\/2025\/11\/WWE110-CHEROKEE-pants.jpg","contentUrl":"https:\/\/simonjersey.eu\/lv\/wp-content\/uploads\/sites\/2\/2025\/11\/WWE110-CHEROKEE-pants.jpg","width":1100,"height":1600},{"@type":"BreadcrumbList","@id":"https:\/\/simonjersey.eu\/lv\/produkts\/cherokeesieviesu-taisna-piegriezuma-bikses\/#breadcrumb","itemListElement":[{"@type":"ListItem","position":1,"name":"Home","item":"https:\/\/simonjersey.eu\/lv\/"},{"@type":"ListItem","position":2,"name":"E-veikals","item":"https:\/\/simonjersey.eu\/lv\/e-veikals\/"},{"@type":"ListItem","position":3,"name":"&#8220;Cherokee&#8221;sievie\u0161u taisna piegriezuma bikses"}]},{"@type":"WebSite","@id":"https:\/\/simonjersey.eu\/lv\/#website","url":"https:\/\/simonjersey.eu\/lv\/","name":"Simon Jersey Latvija","description":"Kvalitat\u012bvi un iztur\u012bgi darba ap\u0123\u0113rbi","potentialAction":[{"@type":"SearchAction","target":{"@type":"EntryPoint","urlTemplate":"https:\/\/simonjersey.eu\/lv\/?s={search_term_string}"},"query-input":{"@type":"PropertyValueSpecification","valueRequired":true,"valueName":"search_term_string"}}],"inLanguage":"lv-LV"}]}},"_links":{"self":[{"href":"https:\/\/simonjersey.eu\/lv\/wp-json\/wp\/v2\/product\/8844","targetHints":{"allow":["GET"]}}],"collection":[{"href":"https:\/\/simonjersey.eu\/lv\/wp-json\/wp\/v2\/product"}],"about":[{"href":"https:\/\/simonjersey.eu\/lv\/wp-json\/wp\/v2\/types\/product"}],"wp:featuredmedia":[{"embeddable":true,"href":"https:\/\/simonjersey.eu\/lv\/wp-json\/wp\/v2\/media\/8851"}],"wp:attachment":[{"href":"https:\/\/simonjersey.eu\/lv\/wp-json\/wp\/v2\/media?parent=8844"}],"wp:term":[{"taxonomy":"product_brand","embeddable":true,"href":"https:\/\/simonjersey.eu\/lv\/wp-json\/wp\/v2\/product_brand?post=8844"},{"taxonomy":"product_cat","embeddable":true,"href":"https:\/\/simonjersey.eu\/lv\/wp-json\/wp\/v2\/product_cat?post=8844"},{"taxonomy":"product_tag","embeddable":true,"href":"https:\/\/simonjersey.eu\/lv\/wp-json\/wp\/v2\/product_tag?post=8844"}],"curies":[{"name":"wp","href":"https:\/\/api.w.org\/{rel}","templated":true}]}}