{"id":8884,"date":"2026-01-12T13:53:07","date_gmt":"2026-01-12T10:53:07","guid":{"rendered":"https:\/\/simonjersey.eu\/lv\/?post_type=product&#038;p=8884"},"modified":"2026-01-12T14:00:44","modified_gmt":"2026-01-12T11:00:44","slug":"sieviesu-videjas-jostasvietas-elastigas-bikses","status":"publish","type":"product","link":"https:\/\/simonjersey.eu\/lv\/produkts\/sieviesu-videjas-jostasvietas-elastigas-bikses\/","title":{"rendered":"Sievie\u0161u vid\u0113jas jostasvietas elast\u012bg\u0101s bikses"},"content":{"rendered":"","protected":false},"excerpt":{"rendered":"<p>Stil\u012bgas un \u0113rtas vid\u0113jas jostasvietas bikses, kas apvieno elegantu izskatu ar ikdienas kust\u012bbu br\u012bv\u012bbu. Bik\u0161u aizmugur\u0113j\u0101 jostasviet\u0101 ir iestr\u0101d\u0101ta elast\u012bga gumija, kas nodro\u0161ina lab\u0101ku piegul\u0161anu un liel\u0101ku komfortu pat akt\u012bvas darba dienas laik\u0101.<\/p>\n<p>Lieliski piem\u0113rotas gan apkalpojo\u0161ajam person\u0101lam, gan biroja darbam, saglab\u0101jot profesion\u0101lu un koptu izskatu ar\u012b ikdienas lieto\u0161an\u0101.<\/p>\n<p><strong>\u012apa\u0161\u012bbas:<\/strong><\/p>\n<ul>\n<li>Vid\u0113jas jostasvietas piegriezums \u0113rtai un glaimojo\u0161ai piegul\u0161anai<\/li>\n<li>Elast\u012bga aizmugur\u0113j\u0101 jostasvieta liel\u0101kai kust\u012bbu br\u012bv\u012bbai<\/li>\n<li>Klasisks, korekts dizains profesion\u0101lai videi<\/li>\n<li>Paredz\u0113tas ikdienas valk\u0101\u0161anai<\/li>\n<\/ul>\n<p><strong>Materi\u0101ls:<\/strong> 67% poliesters 28% viskoze 5% likra \/ elast\u0101ns Auduma svars: 315 g\/m\u00b2<\/p>\n<p><strong>Kop\u0161ana:<\/strong> Mazg\u0101t ve\u013casma\u0161\u012bn\u0101 30 \u00b0C temperat\u016br\u0101 Viegli kopjams audums<\/p>\n<p><strong>Izm\u0113ri:<\/strong> UK izm\u0113ri: 6\u201326<\/p>\n<ul>\n<li>Garumi: Regular \u2013 73 cm Long \u2013 79 cm<\/li>\n<\/ul>\n<p><strong>Pieguluma atsauce: <\/strong>Bik\u0161u staras apak\u0161as pusplatums 12. izm\u0113ram Regular: 19,5 cm<\/p>\n<p><a href=\"https:\/\/simonjersey.eu\/lv\/produkts\/tailored-fit-viriesu-bikses-monaco\/\"><strong>V\u012brie\u0161u dizaini \u0161eit!<\/strong><\/a><\/p>\n","protected":false},"featured_media":8889,"template":"","meta":[],"product_brand":[],"product_cat":[89,95,22,24,35,17,20,78,80,49,59,63,107],"product_tag":[],"class_list":{"0":"post-8884","1":"product","2":"type-product","3":"status-publish","4":"has-post-thumbnail","6":"product_cat-sievietem-lietiskais-apgerbs","7":"product_cat-bikses-sievietem-lietiskais-apgerbs","8":"product_cat-restorani","9":"product_cat-sievietem","10":"product_cat-bikses-sievietem","11":"product_cat-skaistumkopsana","12":"product_cat-bikses","13":"product_cat-recepcija","14":"product_cat-bikses-recepcija","15":"product_cat-kolekcijas","16":"product_cat-vienkarsais-kendal","17":"product_cat-bikses-sievietem-viesmiliba","18":"product_cat-sieviesu-bikses","20":"first","21":"instock","22":"taxable","23":"shipping-taxable","24":"purchasable","25":"product-type-variable","26":"has-default-attributes"},"yoast_head":"<!-- This site is optimized with the Yoast SEO plugin v27.2 - https:\/\/yoast.com\/product\/yoast-seo-wordpress\/ -->\n<title>Sievie\u0161u vid\u0113jas jostasvietas elast\u012bg\u0101s bikses - Simon Jersey Latvija<\/title>\n<meta name=\"robots\" content=\"index, follow, max-snippet:-1, max-image-preview:large, max-video-preview:-1\" \/>\n<link rel=\"canonical\" href=\"https:\/\/simonjersey.eu\/lv\/produkts\/sieviesu-videjas-jostasvietas-elastigas-bikses\/\" \/>\n<meta property=\"og:locale\" content=\"lv_LV\" \/>\n<meta property=\"og:type\" content=\"article\" \/>\n<meta property=\"og:title\" content=\"Sievie\u0161u vid\u0113jas jostasvietas elast\u012bg\u0101s bikses - Simon Jersey Latvija\" \/>\n<meta property=\"og:description\" content=\"Stil\u012bgas un \u0113rtas vid\u0113jas jostasvietas bikses, kas apvieno elegantu izskatu ar ikdienas kust\u012bbu br\u012bv\u012bbu. Bik\u0161u aizmugur\u0113j\u0101 jostasviet\u0101 ir iestr\u0101d\u0101ta elast\u012bga gumija, kas nodro\u0161ina lab\u0101ku piegul\u0161anu un liel\u0101ku komfortu pat akt\u012bvas darba dienas laik\u0101.  Lieliski piem\u0113rotas gan apkalpojo\u0161ajam person\u0101lam, gan biroja darbam, saglab\u0101jot profesion\u0101lu un koptu izskatu ar\u012b ikdienas lieto\u0161an\u0101.  \u012apa\u0161\u012bbas:   Vid\u0113jas jostasvietas piegriezums \u0113rtai un glaimojo\u0161ai piegul\u0161anai  Elast\u012bga aizmugur\u0113j\u0101 jostasvieta liel\u0101kai kust\u012bbu br\u012bv\u012bbai  Klasisks, korekts dizains profesion\u0101lai videi  Paredz\u0113tas ikdienas valk\u0101\u0161anai  Materi\u0101ls: 67% poliesters 28% viskoze 5% likra \/ elast\u0101ns Auduma svars: 315 g\/m\u00b2  Kop\u0161ana: Mazg\u0101t ve\u013casma\u0161\u012bn\u0101 30 \u00b0C temperat\u016br\u0101 Viegli kopjams audums  Izm\u0113ri: UK izm\u0113ri: 6\u201326   Garumi: Regular \u2013 73 cm Long \u2013 79 cm  Pieguluma atsauce: Bik\u0161u staras apak\u0161as pusplatums 12. izm\u0113ram Regular: 19,5 cm  V\u012brie\u0161u dizaini \u0161eit!\" \/>\n<meta property=\"og:url\" content=\"https:\/\/simonjersey.eu\/lv\/produkts\/sieviesu-videjas-jostasvietas-elastigas-bikses\/\" \/>\n<meta property=\"og:site_name\" content=\"Simon Jersey Latvija\" \/>\n<meta property=\"article:modified_time\" content=\"2026-01-12T11:00:44+00:00\" \/>\n<meta property=\"og:image\" content=\"https:\/\/simonjersey.eu\/lv\/wp-content\/uploads\/sites\/2\/2026\/01\/Reims-Trouser-Navy-Today-700-x-1050.jpg\" \/>\n\t<meta property=\"og:image:width\" content=\"700\" \/>\n\t<meta property=\"og:image:height\" content=\"1050\" \/>\n\t<meta property=\"og:image:type\" content=\"image\/jpeg\" \/>\n<meta name=\"twitter:card\" content=\"summary_large_image\" \/>\n<meta name=\"twitter:label1\" content=\"Est. reading time\" \/>\n\t<meta name=\"twitter:data1\" content=\"1 min\u016bte\" \/>\n<script type=\"application\/ld+json\" class=\"yoast-schema-graph\">{\"@context\":\"https:\/\/schema.org\",\"@graph\":[{\"@type\":\"WebPage\",\"@id\":\"https:\/\/simonjersey.eu\/lv\/produkts\/sieviesu-videjas-jostasvietas-elastigas-bikses\/\",\"url\":\"https:\/\/simonjersey.eu\/lv\/produkts\/sieviesu-videjas-jostasvietas-elastigas-bikses\/\",\"name\":\"Sievie\u0161u vid\u0113jas jostasvietas elast\u012bg\u0101s bikses - Simon Jersey Latvija\",\"isPartOf\":{\"@id\":\"https:\/\/simonjersey.eu\/lv\/#website\"},\"primaryImageOfPage\":{\"@id\":\"https:\/\/simonjersey.eu\/lv\/produkts\/sieviesu-videjas-jostasvietas-elastigas-bikses\/#primaryimage\"},\"image\":{\"@id\":\"https:\/\/simonjersey.eu\/lv\/produkts\/sieviesu-videjas-jostasvietas-elastigas-bikses\/#primaryimage\"},\"thumbnailUrl\":\"https:\/\/simonjersey.eu\/lv\/wp-content\/uploads\/sites\/2\/2026\/01\/Reims-Trouser-Navy-Today-700-x-1050.jpg\",\"datePublished\":\"2026-01-12T10:53:07+00:00\",\"dateModified\":\"2026-01-12T11:00:44+00:00\",\"breadcrumb\":{\"@id\":\"https:\/\/simonjersey.eu\/lv\/produkts\/sieviesu-videjas-jostasvietas-elastigas-bikses\/#breadcrumb\"},\"inLanguage\":\"lv-LV\",\"potentialAction\":[{\"@type\":\"ReadAction\",\"target\":[\"https:\/\/simonjersey.eu\/lv\/produkts\/sieviesu-videjas-jostasvietas-elastigas-bikses\/\"]}]},{\"@type\":\"ImageObject\",\"inLanguage\":\"lv-LV\",\"@id\":\"https:\/\/simonjersey.eu\/lv\/produkts\/sieviesu-videjas-jostasvietas-elastigas-bikses\/#primaryimage\",\"url\":\"https:\/\/simonjersey.eu\/lv\/wp-content\/uploads\/sites\/2\/2026\/01\/Reims-Trouser-Navy-Today-700-x-1050.jpg\",\"contentUrl\":\"https:\/\/simonjersey.eu\/lv\/wp-content\/uploads\/sites\/2\/2026\/01\/Reims-Trouser-Navy-Today-700-x-1050.jpg\",\"width\":700,\"height\":1050},{\"@type\":\"BreadcrumbList\",\"@id\":\"https:\/\/simonjersey.eu\/lv\/produkts\/sieviesu-videjas-jostasvietas-elastigas-bikses\/#breadcrumb\",\"itemListElement\":[{\"@type\":\"ListItem\",\"position\":1,\"name\":\"Home\",\"item\":\"https:\/\/simonjersey.eu\/lv\/\"},{\"@type\":\"ListItem\",\"position\":2,\"name\":\"E-veikals\",\"item\":\"https:\/\/simonjersey.eu\/lv\/e-veikals\/\"},{\"@type\":\"ListItem\",\"position\":3,\"name\":\"Sievie\u0161u vid\u0113jas jostasvietas elast\u012bg\u0101s bikses\"}]},{\"@type\":\"WebSite\",\"@id\":\"https:\/\/simonjersey.eu\/lv\/#website\",\"url\":\"https:\/\/simonjersey.eu\/lv\/\",\"name\":\"Simon Jersey Latvija\",\"description\":\"Kvalitat\u012bvi un iztur\u012bgi darba ap\u0123\u0113rbi\",\"potentialAction\":[{\"@type\":\"SearchAction\",\"target\":{\"@type\":\"EntryPoint\",\"urlTemplate\":\"https:\/\/simonjersey.eu\/lv\/?s={search_term_string}\"},\"query-input\":{\"@type\":\"PropertyValueSpecification\",\"valueRequired\":true,\"valueName\":\"search_term_string\"}}],\"inLanguage\":\"lv-LV\"}]}<\/script>\n<!-- \/ Yoast SEO plugin. -->","yoast_head_json":{"title":"Sievie\u0161u vid\u0113jas jostasvietas elast\u012bg\u0101s bikses - Simon Jersey Latvija","robots":{"index":"index","follow":"follow","max-snippet":"max-snippet:-1","max-image-preview":"max-image-preview:large","max-video-preview":"max-video-preview:-1"},"canonical":"https:\/\/simonjersey.eu\/lv\/produkts\/sieviesu-videjas-jostasvietas-elastigas-bikses\/","og_locale":"lv_LV","og_type":"article","og_title":"Sievie\u0161u vid\u0113jas jostasvietas elast\u012bg\u0101s bikses - Simon Jersey Latvija","og_description":"Stil\u012bgas un \u0113rtas vid\u0113jas jostasvietas bikses, kas apvieno elegantu izskatu ar ikdienas kust\u012bbu br\u012bv\u012bbu. Bik\u0161u aizmugur\u0113j\u0101 jostasviet\u0101 ir iestr\u0101d\u0101ta elast\u012bga gumija, kas nodro\u0161ina lab\u0101ku piegul\u0161anu un liel\u0101ku komfortu pat akt\u012bvas darba dienas laik\u0101.  Lieliski piem\u0113rotas gan apkalpojo\u0161ajam person\u0101lam, gan biroja darbam, saglab\u0101jot profesion\u0101lu un koptu izskatu ar\u012b ikdienas lieto\u0161an\u0101.  \u012apa\u0161\u012bbas:   Vid\u0113jas jostasvietas piegriezums \u0113rtai un glaimojo\u0161ai piegul\u0161anai  Elast\u012bga aizmugur\u0113j\u0101 jostasvieta liel\u0101kai kust\u012bbu br\u012bv\u012bbai  Klasisks, korekts dizains profesion\u0101lai videi  Paredz\u0113tas ikdienas valk\u0101\u0161anai  Materi\u0101ls: 67% poliesters 28% viskoze 5% likra \/ elast\u0101ns Auduma svars: 315 g\/m\u00b2  Kop\u0161ana: Mazg\u0101t ve\u013casma\u0161\u012bn\u0101 30 \u00b0C temperat\u016br\u0101 Viegli kopjams audums  Izm\u0113ri: UK izm\u0113ri: 6\u201326   Garumi: Regular \u2013 73 cm Long \u2013 79 cm  Pieguluma atsauce: Bik\u0161u staras apak\u0161as pusplatums 12. izm\u0113ram Regular: 19,5 cm  V\u012brie\u0161u dizaini \u0161eit!","og_url":"https:\/\/simonjersey.eu\/lv\/produkts\/sieviesu-videjas-jostasvietas-elastigas-bikses\/","og_site_name":"Simon Jersey Latvija","article_modified_time":"2026-01-12T11:00:44+00:00","og_image":[{"width":700,"height":1050,"url":"https:\/\/simonjersey.eu\/lv\/wp-content\/uploads\/sites\/2\/2026\/01\/Reims-Trouser-Navy-Today-700-x-1050.jpg","type":"image\/jpeg"}],"twitter_card":"summary_large_image","twitter_misc":{"Est. reading time":"1 min\u016bte"},"schema":{"@context":"https:\/\/schema.org","@graph":[{"@type":"WebPage","@id":"https:\/\/simonjersey.eu\/lv\/produkts\/sieviesu-videjas-jostasvietas-elastigas-bikses\/","url":"https:\/\/simonjersey.eu\/lv\/produkts\/sieviesu-videjas-jostasvietas-elastigas-bikses\/","name":"Sievie\u0161u vid\u0113jas jostasvietas elast\u012bg\u0101s bikses - Simon Jersey Latvija","isPartOf":{"@id":"https:\/\/simonjersey.eu\/lv\/#website"},"primaryImageOfPage":{"@id":"https:\/\/simonjersey.eu\/lv\/produkts\/sieviesu-videjas-jostasvietas-elastigas-bikses\/#primaryimage"},"image":{"@id":"https:\/\/simonjersey.eu\/lv\/produkts\/sieviesu-videjas-jostasvietas-elastigas-bikses\/#primaryimage"},"thumbnailUrl":"https:\/\/simonjersey.eu\/lv\/wp-content\/uploads\/sites\/2\/2026\/01\/Reims-Trouser-Navy-Today-700-x-1050.jpg","datePublished":"2026-01-12T10:53:07+00:00","dateModified":"2026-01-12T11:00:44+00:00","breadcrumb":{"@id":"https:\/\/simonjersey.eu\/lv\/produkts\/sieviesu-videjas-jostasvietas-elastigas-bikses\/#breadcrumb"},"inLanguage":"lv-LV","potentialAction":[{"@type":"ReadAction","target":["https:\/\/simonjersey.eu\/lv\/produkts\/sieviesu-videjas-jostasvietas-elastigas-bikses\/"]}]},{"@type":"ImageObject","inLanguage":"lv-LV","@id":"https:\/\/simonjersey.eu\/lv\/produkts\/sieviesu-videjas-jostasvietas-elastigas-bikses\/#primaryimage","url":"https:\/\/simonjersey.eu\/lv\/wp-content\/uploads\/sites\/2\/2026\/01\/Reims-Trouser-Navy-Today-700-x-1050.jpg","contentUrl":"https:\/\/simonjersey.eu\/lv\/wp-content\/uploads\/sites\/2\/2026\/01\/Reims-Trouser-Navy-Today-700-x-1050.jpg","width":700,"height":1050},{"@type":"BreadcrumbList","@id":"https:\/\/simonjersey.eu\/lv\/produkts\/sieviesu-videjas-jostasvietas-elastigas-bikses\/#breadcrumb","itemListElement":[{"@type":"ListItem","position":1,"name":"Home","item":"https:\/\/simonjersey.eu\/lv\/"},{"@type":"ListItem","position":2,"name":"E-veikals","item":"https:\/\/simonjersey.eu\/lv\/e-veikals\/"},{"@type":"ListItem","position":3,"name":"Sievie\u0161u vid\u0113jas jostasvietas elast\u012bg\u0101s bikses"}]},{"@type":"WebSite","@id":"https:\/\/simonjersey.eu\/lv\/#website","url":"https:\/\/simonjersey.eu\/lv\/","name":"Simon Jersey Latvija","description":"Kvalitat\u012bvi un iztur\u012bgi darba ap\u0123\u0113rbi","potentialAction":[{"@type":"SearchAction","target":{"@type":"EntryPoint","urlTemplate":"https:\/\/simonjersey.eu\/lv\/?s={search_term_string}"},"query-input":{"@type":"PropertyValueSpecification","valueRequired":true,"valueName":"search_term_string"}}],"inLanguage":"lv-LV"}]}},"_links":{"self":[{"href":"https:\/\/simonjersey.eu\/lv\/wp-json\/wp\/v2\/product\/8884","targetHints":{"allow":["GET"]}}],"collection":[{"href":"https:\/\/simonjersey.eu\/lv\/wp-json\/wp\/v2\/product"}],"about":[{"href":"https:\/\/simonjersey.eu\/lv\/wp-json\/wp\/v2\/types\/product"}],"wp:featuredmedia":[{"embeddable":true,"href":"https:\/\/simonjersey.eu\/lv\/wp-json\/wp\/v2\/media\/8889"}],"wp:attachment":[{"href":"https:\/\/simonjersey.eu\/lv\/wp-json\/wp\/v2\/media?parent=8884"}],"wp:term":[{"taxonomy":"product_brand","embeddable":true,"href":"https:\/\/simonjersey.eu\/lv\/wp-json\/wp\/v2\/product_brand?post=8884"},{"taxonomy":"product_cat","embeddable":true,"href":"https:\/\/simonjersey.eu\/lv\/wp-json\/wp\/v2\/product_cat?post=8884"},{"taxonomy":"product_tag","embeddable":true,"href":"https:\/\/simonjersey.eu\/lv\/wp-json\/wp\/v2\/product_tag?post=8884"}],"curies":[{"name":"wp","href":"https:\/\/api.w.org\/{rel}","templated":true}]}}