{"id":8897,"date":"2026-01-14T15:28:25","date_gmt":"2026-01-14T12:28:25","guid":{"rendered":"https:\/\/simonjersey.eu\/lv\/?post_type=product&#038;p=8897"},"modified":"2026-01-14T15:35:10","modified_gmt":"2026-01-14T12:35:10","slug":"sieviesu-dzemperis-ar-augstu-apkakli","status":"publish","type":"product","link":"https:\/\/simonjersey.eu\/lv\/produkts\/sieviesu-dzemperis-ar-augstu-apkakli\/","title":{"rendered":"Sievie\u0161u d\u017eemperis ar augstu apkakli"},"content":{"rendered":"","protected":false},"excerpt":{"rendered":"<p>Silts, \u0113rts un stil\u012bgs d\u017eemperis ar puskaklu ir eleganta alternat\u012bva jakai. Piem\u0113rots gan darba, gan atp\u016btas ap\u0123\u0113rbam.<\/p>\n<p>Rievots kakls, iestr\u0101d\u0101ts augum\u0101, kontrast\u0113jo\u0161a iek\u0161\u0113j\u0101 kakla izgriezums.<\/p>\n<p>Materi\u0101ls: 60% kokvilna, 40% akrils.<\/p>\n<p>Kop\u0161ana: 40\u00b0 ve\u013cas ma\u0161\u012bn\u0101, viegli kopjams.<\/p>\n<p>Izm\u0113ri: XS-3XL<\/p>\n<p>XS (UK 4\/6)<br \/>\nS (UK8)<br \/>\nM (UK10\/12)<br \/>\nL (UK14)<br \/>\nXL (UK16\/18)<br \/>\n2XL (UK20)<br \/>\n3XL (UK22\/24)<\/p>\n","protected":false},"featured_media":8899,"template":"","meta":[],"product_brand":[],"product_cat":[89,99,24,39,78,84,50,67,111],"product_tag":[],"class_list":{"0":"post-8897","1":"product","2":"type-product","3":"status-publish","4":"has-post-thumbnail","6":"product_cat-sievietem-lietiskais-apgerbs","7":"product_cat-vestes-un-trikotaza-sievietem-lietiskais-apgerbs","8":"product_cat-sievietem","9":"product_cat-vestes-un-trikotaza","10":"product_cat-recepcija","11":"product_cat-vestes-un-trikotaza-recepcija","12":"product_cat-sievietem-viesmiliba","13":"product_cat-vestes-un-trikotaza-sievietem-viesmiliba","14":"product_cat-vestes-un-trikotaza-2","16":"first","17":"instock","18":"taxable","19":"shipping-taxable","20":"purchasable","21":"product-type-variable","22":"has-default-attributes"},"yoast_head":"<!-- This site is optimized with the Yoast SEO plugin v27.2 - https:\/\/yoast.com\/product\/yoast-seo-wordpress\/ -->\n<title>Sievie\u0161u d\u017eemperis ar augstu apkakli - Simon Jersey Latvija<\/title>\n<meta name=\"robots\" content=\"index, follow, max-snippet:-1, max-image-preview:large, max-video-preview:-1\" \/>\n<link rel=\"canonical\" href=\"https:\/\/simonjersey.eu\/lv\/produkts\/sieviesu-dzemperis-ar-augstu-apkakli\/\" \/>\n<meta property=\"og:locale\" content=\"lv_LV\" \/>\n<meta property=\"og:type\" content=\"article\" \/>\n<meta property=\"og:title\" content=\"Sievie\u0161u d\u017eemperis ar augstu apkakli - Simon Jersey Latvija\" \/>\n<meta property=\"og:description\" content=\"Silts, \u0113rts un stil\u012bgs d\u017eemperis ar puskaklu ir eleganta alternat\u012bva jakai. Piem\u0113rots gan darba, gan atp\u016btas ap\u0123\u0113rbam.  Rievots kakls, iestr\u0101d\u0101ts augum\u0101, kontrast\u0113jo\u0161a iek\u0161\u0113j\u0101 kakla izgriezums.  Materi\u0101ls: 60% kokvilna, 40% akrils.  Kop\u0161ana: 40\u00b0 ve\u013cas ma\u0161\u012bn\u0101, viegli kopjams.  Izm\u0113ri: XS-3XL  XS (UK 4\/6) S (UK8) M (UK10\/12) L (UK14) XL (UK16\/18) 2XL (UK20) 3XL (UK22\/24)\" \/>\n<meta property=\"og:url\" content=\"https:\/\/simonjersey.eu\/lv\/produkts\/sieviesu-dzemperis-ar-augstu-apkakli\/\" \/>\n<meta property=\"og:site_name\" content=\"Simon Jersey Latvija\" \/>\n<meta property=\"article:modified_time\" content=\"2026-01-14T12:35:10+00:00\" \/>\n<meta property=\"og:image\" content=\"https:\/\/simonjersey.eu\/lv\/wp-content\/uploads\/sites\/2\/2026\/01\/Golden-Turtleneck-Jumper-Navy-700-x-1050.jpg\" \/>\n\t<meta property=\"og:image:width\" content=\"700\" \/>\n\t<meta property=\"og:image:height\" content=\"1050\" \/>\n\t<meta property=\"og:image:type\" content=\"image\/jpeg\" \/>\n<meta name=\"twitter:card\" content=\"summary_large_image\" \/>\n<meta name=\"twitter:label1\" content=\"Est. reading time\" \/>\n\t<meta name=\"twitter:data1\" content=\"1 min\u016bte\" \/>\n<script type=\"application\/ld+json\" class=\"yoast-schema-graph\">{\"@context\":\"https:\/\/schema.org\",\"@graph\":[{\"@type\":\"WebPage\",\"@id\":\"https:\/\/simonjersey.eu\/lv\/produkts\/sieviesu-dzemperis-ar-augstu-apkakli\/\",\"url\":\"https:\/\/simonjersey.eu\/lv\/produkts\/sieviesu-dzemperis-ar-augstu-apkakli\/\",\"name\":\"Sievie\u0161u d\u017eemperis ar augstu apkakli - Simon Jersey Latvija\",\"isPartOf\":{\"@id\":\"https:\/\/simonjersey.eu\/lv\/#website\"},\"primaryImageOfPage\":{\"@id\":\"https:\/\/simonjersey.eu\/lv\/produkts\/sieviesu-dzemperis-ar-augstu-apkakli\/#primaryimage\"},\"image\":{\"@id\":\"https:\/\/simonjersey.eu\/lv\/produkts\/sieviesu-dzemperis-ar-augstu-apkakli\/#primaryimage\"},\"thumbnailUrl\":\"https:\/\/simonjersey.eu\/lv\/wp-content\/uploads\/sites\/2\/2026\/01\/Golden-Turtleneck-Jumper-Navy-700-x-1050.jpg\",\"datePublished\":\"2026-01-14T12:28:25+00:00\",\"dateModified\":\"2026-01-14T12:35:10+00:00\",\"breadcrumb\":{\"@id\":\"https:\/\/simonjersey.eu\/lv\/produkts\/sieviesu-dzemperis-ar-augstu-apkakli\/#breadcrumb\"},\"inLanguage\":\"lv-LV\",\"potentialAction\":[{\"@type\":\"ReadAction\",\"target\":[\"https:\/\/simonjersey.eu\/lv\/produkts\/sieviesu-dzemperis-ar-augstu-apkakli\/\"]}]},{\"@type\":\"ImageObject\",\"inLanguage\":\"lv-LV\",\"@id\":\"https:\/\/simonjersey.eu\/lv\/produkts\/sieviesu-dzemperis-ar-augstu-apkakli\/#primaryimage\",\"url\":\"https:\/\/simonjersey.eu\/lv\/wp-content\/uploads\/sites\/2\/2026\/01\/Golden-Turtleneck-Jumper-Navy-700-x-1050.jpg\",\"contentUrl\":\"https:\/\/simonjersey.eu\/lv\/wp-content\/uploads\/sites\/2\/2026\/01\/Golden-Turtleneck-Jumper-Navy-700-x-1050.jpg\",\"width\":700,\"height\":1050},{\"@type\":\"BreadcrumbList\",\"@id\":\"https:\/\/simonjersey.eu\/lv\/produkts\/sieviesu-dzemperis-ar-augstu-apkakli\/#breadcrumb\",\"itemListElement\":[{\"@type\":\"ListItem\",\"position\":1,\"name\":\"Home\",\"item\":\"https:\/\/simonjersey.eu\/lv\/\"},{\"@type\":\"ListItem\",\"position\":2,\"name\":\"E-veikals\",\"item\":\"https:\/\/simonjersey.eu\/lv\/e-veikals\/\"},{\"@type\":\"ListItem\",\"position\":3,\"name\":\"Sievie\u0161u d\u017eemperis ar augstu apkakli\"}]},{\"@type\":\"WebSite\",\"@id\":\"https:\/\/simonjersey.eu\/lv\/#website\",\"url\":\"https:\/\/simonjersey.eu\/lv\/\",\"name\":\"Simon Jersey Latvija\",\"description\":\"Kvalitat\u012bvi un iztur\u012bgi darba ap\u0123\u0113rbi\",\"potentialAction\":[{\"@type\":\"SearchAction\",\"target\":{\"@type\":\"EntryPoint\",\"urlTemplate\":\"https:\/\/simonjersey.eu\/lv\/?s={search_term_string}\"},\"query-input\":{\"@type\":\"PropertyValueSpecification\",\"valueRequired\":true,\"valueName\":\"search_term_string\"}}],\"inLanguage\":\"lv-LV\"}]}<\/script>\n<!-- \/ Yoast SEO plugin. -->","yoast_head_json":{"title":"Sievie\u0161u d\u017eemperis ar augstu apkakli - Simon Jersey Latvija","robots":{"index":"index","follow":"follow","max-snippet":"max-snippet:-1","max-image-preview":"max-image-preview:large","max-video-preview":"max-video-preview:-1"},"canonical":"https:\/\/simonjersey.eu\/lv\/produkts\/sieviesu-dzemperis-ar-augstu-apkakli\/","og_locale":"lv_LV","og_type":"article","og_title":"Sievie\u0161u d\u017eemperis ar augstu apkakli - Simon Jersey Latvija","og_description":"Silts, \u0113rts un stil\u012bgs d\u017eemperis ar puskaklu ir eleganta alternat\u012bva jakai. Piem\u0113rots gan darba, gan atp\u016btas ap\u0123\u0113rbam.  Rievots kakls, iestr\u0101d\u0101ts augum\u0101, kontrast\u0113jo\u0161a iek\u0161\u0113j\u0101 kakla izgriezums.  Materi\u0101ls: 60% kokvilna, 40% akrils.  Kop\u0161ana: 40\u00b0 ve\u013cas ma\u0161\u012bn\u0101, viegli kopjams.  Izm\u0113ri: XS-3XL  XS (UK 4\/6) S (UK8) M (UK10\/12) L (UK14) XL (UK16\/18) 2XL (UK20) 3XL (UK22\/24)","og_url":"https:\/\/simonjersey.eu\/lv\/produkts\/sieviesu-dzemperis-ar-augstu-apkakli\/","og_site_name":"Simon Jersey Latvija","article_modified_time":"2026-01-14T12:35:10+00:00","og_image":[{"width":700,"height":1050,"url":"https:\/\/simonjersey.eu\/lv\/wp-content\/uploads\/sites\/2\/2026\/01\/Golden-Turtleneck-Jumper-Navy-700-x-1050.jpg","type":"image\/jpeg"}],"twitter_card":"summary_large_image","twitter_misc":{"Est. reading time":"1 min\u016bte"},"schema":{"@context":"https:\/\/schema.org","@graph":[{"@type":"WebPage","@id":"https:\/\/simonjersey.eu\/lv\/produkts\/sieviesu-dzemperis-ar-augstu-apkakli\/","url":"https:\/\/simonjersey.eu\/lv\/produkts\/sieviesu-dzemperis-ar-augstu-apkakli\/","name":"Sievie\u0161u d\u017eemperis ar augstu apkakli - Simon Jersey Latvija","isPartOf":{"@id":"https:\/\/simonjersey.eu\/lv\/#website"},"primaryImageOfPage":{"@id":"https:\/\/simonjersey.eu\/lv\/produkts\/sieviesu-dzemperis-ar-augstu-apkakli\/#primaryimage"},"image":{"@id":"https:\/\/simonjersey.eu\/lv\/produkts\/sieviesu-dzemperis-ar-augstu-apkakli\/#primaryimage"},"thumbnailUrl":"https:\/\/simonjersey.eu\/lv\/wp-content\/uploads\/sites\/2\/2026\/01\/Golden-Turtleneck-Jumper-Navy-700-x-1050.jpg","datePublished":"2026-01-14T12:28:25+00:00","dateModified":"2026-01-14T12:35:10+00:00","breadcrumb":{"@id":"https:\/\/simonjersey.eu\/lv\/produkts\/sieviesu-dzemperis-ar-augstu-apkakli\/#breadcrumb"},"inLanguage":"lv-LV","potentialAction":[{"@type":"ReadAction","target":["https:\/\/simonjersey.eu\/lv\/produkts\/sieviesu-dzemperis-ar-augstu-apkakli\/"]}]},{"@type":"ImageObject","inLanguage":"lv-LV","@id":"https:\/\/simonjersey.eu\/lv\/produkts\/sieviesu-dzemperis-ar-augstu-apkakli\/#primaryimage","url":"https:\/\/simonjersey.eu\/lv\/wp-content\/uploads\/sites\/2\/2026\/01\/Golden-Turtleneck-Jumper-Navy-700-x-1050.jpg","contentUrl":"https:\/\/simonjersey.eu\/lv\/wp-content\/uploads\/sites\/2\/2026\/01\/Golden-Turtleneck-Jumper-Navy-700-x-1050.jpg","width":700,"height":1050},{"@type":"BreadcrumbList","@id":"https:\/\/simonjersey.eu\/lv\/produkts\/sieviesu-dzemperis-ar-augstu-apkakli\/#breadcrumb","itemListElement":[{"@type":"ListItem","position":1,"name":"Home","item":"https:\/\/simonjersey.eu\/lv\/"},{"@type":"ListItem","position":2,"name":"E-veikals","item":"https:\/\/simonjersey.eu\/lv\/e-veikals\/"},{"@type":"ListItem","position":3,"name":"Sievie\u0161u d\u017eemperis ar augstu apkakli"}]},{"@type":"WebSite","@id":"https:\/\/simonjersey.eu\/lv\/#website","url":"https:\/\/simonjersey.eu\/lv\/","name":"Simon Jersey Latvija","description":"Kvalitat\u012bvi un iztur\u012bgi darba ap\u0123\u0113rbi","potentialAction":[{"@type":"SearchAction","target":{"@type":"EntryPoint","urlTemplate":"https:\/\/simonjersey.eu\/lv\/?s={search_term_string}"},"query-input":{"@type":"PropertyValueSpecification","valueRequired":true,"valueName":"search_term_string"}}],"inLanguage":"lv-LV"}]}},"_links":{"self":[{"href":"https:\/\/simonjersey.eu\/lv\/wp-json\/wp\/v2\/product\/8897","targetHints":{"allow":["GET"]}}],"collection":[{"href":"https:\/\/simonjersey.eu\/lv\/wp-json\/wp\/v2\/product"}],"about":[{"href":"https:\/\/simonjersey.eu\/lv\/wp-json\/wp\/v2\/types\/product"}],"wp:featuredmedia":[{"embeddable":true,"href":"https:\/\/simonjersey.eu\/lv\/wp-json\/wp\/v2\/media\/8899"}],"wp:attachment":[{"href":"https:\/\/simonjersey.eu\/lv\/wp-json\/wp\/v2\/media?parent=8897"}],"wp:term":[{"taxonomy":"product_brand","embeddable":true,"href":"https:\/\/simonjersey.eu\/lv\/wp-json\/wp\/v2\/product_brand?post=8897"},{"taxonomy":"product_cat","embeddable":true,"href":"https:\/\/simonjersey.eu\/lv\/wp-json\/wp\/v2\/product_cat?post=8897"},{"taxonomy":"product_tag","embeddable":true,"href":"https:\/\/simonjersey.eu\/lv\/wp-json\/wp\/v2\/product_tag?post=8897"}],"curies":[{"name":"wp","href":"https:\/\/api.w.org\/{rel}","templated":true}]}}