{"id":8959,"date":"2026-01-22T15:28:14","date_gmt":"2026-01-22T12:28:14","guid":{"rendered":"https:\/\/simonjersey.eu\/lv\/?post_type=product&#038;p=8959"},"modified":"2026-01-22T15:32:20","modified_gmt":"2026-01-22T12:32:20","slug":"viriesu-jogger-bikses","status":"publish","type":"product","link":"https:\/\/simonjersey.eu\/lv\/produkts\/viriesu-jogger-bikses\/","title":{"rendered":"V\u012brie\u0161u jogger bikses"},"content":{"rendered":"","protected":false},"excerpt":{"rendered":"<p><strong>V\u012brie\u0161u jogger bikses<\/strong> ar modernu piegriezumu un vid\u0113ju jostas augstumu nodro\u0161ina komfortu un praktiskumu ikdienas valk\u0101\u0161anai. Elast\u012bg\u0101 josta ar iek\u0161\u0113jo savelkamo auklu garant\u0113 labu piegul\u0161anu, savuk\u0101rt sieta auduma apdares deta\u013cas pie\u0161\u0137ir sportisku izskatu.<\/p>\n<p data-start=\"341\" data-end=\"618\">Biks\u0113m ir <strong data-start=\"351\" data-end=\"368\">se\u0161as kabatas<\/strong>: divas priek\u0161\u0113j\u0101s kabatas, dubultas cargo kabatas valk\u0101t\u0101ja labaj\u0101 pus\u0113, wrap-stila cargo kabata kreisaj\u0101 pus\u0113 un viena aizmugur\u0113j\u0101 uz\u0161\u016bt\u0101 kabata. Iek\u0161\u0113j\u0101s v\u012bles garums: 76 cm<\/p>\n<p style=\"background: white;margin: 0cm 0cm 15.0pt 0cm\"><span style=\"font-family: Roboto;color: black\">Materi\u0101ls: 78% poliesters \/ 20% viskoze (rajons) \/ 2% elast\u0101ns (tvilis)<\/span><\/p>\n<p style=\"background: white;text-align: start;margin: 0cm 0cm 15.0pt 0cm\"><span style=\"font-family: Roboto;color: black\">Kop\u0161ana: 40\u00ba mazg\u0101\u0161ana zem\u0101 apgriezienu re\u017e\u012bm\u0101, \u0101tri \u017e\u016bst, nav nepiecie\u0161ama gludin\u0101\u0161ana.<\/span><\/p>\n<p style=\"background: white;text-align: start;margin: 0cm 0cm 15.0pt 0cm\"><span style=\"font-family: Roboto;color: black\">Izm\u0113ri: XS\u20133XL<\/span><\/p>\n","protected":false},"featured_media":8975,"template":"","meta":[],"product_brand":[],"product_cat":[486,45,72,73,76,108],"product_tag":[],"class_list":{"0":"post-8959","1":"product","2":"type-product","3":"status-publish","4":"has-post-thumbnail","6":"product_cat-dickies-cherokee-darba-apgerbs","7":"product_cat-pavaru-bikses","8":"product_cat-veselibas-aprupe","9":"product_cat-arsti-un-medmasas","10":"product_cat-bikses-arsti-un-medmasas","11":"product_cat-viriesu-bikses","13":"first","14":"instock","15":"taxable","16":"shipping-taxable","17":"purchasable","18":"product-type-variable","19":"has-default-attributes"},"yoast_head":"<!-- This site is optimized with the Yoast SEO plugin v27.2 - https:\/\/yoast.com\/product\/yoast-seo-wordpress\/ -->\n<title>V\u012brie\u0161u jogger bikses - Simon Jersey Latvija<\/title>\n<meta name=\"robots\" content=\"index, follow, max-snippet:-1, max-image-preview:large, max-video-preview:-1\" \/>\n<link rel=\"canonical\" href=\"https:\/\/simonjersey.eu\/lv\/produkts\/viriesu-jogger-bikses\/\" \/>\n<meta property=\"og:locale\" content=\"lv_LV\" \/>\n<meta property=\"og:type\" content=\"article\" \/>\n<meta property=\"og:title\" content=\"V\u012brie\u0161u jogger bikses - Simon Jersey Latvija\" \/>\n<meta property=\"og:description\" content=\"V\u012brie\u0161u jogger bikses ar modernu piegriezumu un vid\u0113ju jostas augstumu nodro\u0161ina komfortu un praktiskumu ikdienas valk\u0101\u0161anai. Elast\u012bg\u0101 josta ar iek\u0161\u0113jo savelkamo auklu garant\u0113 labu piegul\u0161anu, savuk\u0101rt sieta auduma apdares deta\u013cas pie\u0161\u0137ir sportisku izskatu. Biks\u0113m ir se\u0161as kabatas: divas priek\u0161\u0113j\u0101s kabatas, dubultas cargo kabatas valk\u0101t\u0101ja labaj\u0101 pus\u0113, wrap-stila cargo kabata kreisaj\u0101 pus\u0113 un viena aizmugur\u0113j\u0101 uz\u0161\u016bt\u0101 kabata. Iek\u0161\u0113j\u0101s v\u012bles garums: 76 cm Materi\u0101ls: 78% poliesters \/ 20% viskoze (rajons) \/ 2% elast\u0101ns (tvilis) Kop\u0161ana: 40\u00ba mazg\u0101\u0161ana zem\u0101 apgriezienu re\u017e\u012bm\u0101, \u0101tri \u017e\u016bst, nav nepiecie\u0161ama gludin\u0101\u0161ana. Izm\u0113ri: XS\u20133XL\" \/>\n<meta property=\"og:url\" content=\"https:\/\/simonjersey.eu\/lv\/produkts\/viriesu-jogger-bikses\/\" \/>\n<meta property=\"og:site_name\" content=\"Simon Jersey Latvija\" \/>\n<meta property=\"article:modified_time\" content=\"2026-01-22T12:32:20+00:00\" \/>\n<meta property=\"og:image\" content=\"https:\/\/simonjersey.eu\/lv\/wp-content\/uploads\/sites\/2\/2026\/01\/WWE251_BLK-jogger-puksid.jpg\" \/>\n\t<meta property=\"og:image:width\" content=\"1100\" \/>\n\t<meta property=\"og:image:height\" content=\"1600\" \/>\n\t<meta property=\"og:image:type\" content=\"image\/jpeg\" \/>\n<meta name=\"twitter:card\" content=\"summary_large_image\" \/>\n<meta name=\"twitter:label1\" content=\"Est. reading time\" \/>\n\t<meta name=\"twitter:data1\" content=\"1 min\u016bte\" \/>\n<script type=\"application\/ld+json\" class=\"yoast-schema-graph\">{\"@context\":\"https:\/\/schema.org\",\"@graph\":[{\"@type\":\"WebPage\",\"@id\":\"https:\/\/simonjersey.eu\/lv\/produkts\/viriesu-jogger-bikses\/\",\"url\":\"https:\/\/simonjersey.eu\/lv\/produkts\/viriesu-jogger-bikses\/\",\"name\":\"V\u012brie\u0161u jogger bikses - Simon Jersey Latvija\",\"isPartOf\":{\"@id\":\"https:\/\/simonjersey.eu\/lv\/#website\"},\"primaryImageOfPage\":{\"@id\":\"https:\/\/simonjersey.eu\/lv\/produkts\/viriesu-jogger-bikses\/#primaryimage\"},\"image\":{\"@id\":\"https:\/\/simonjersey.eu\/lv\/produkts\/viriesu-jogger-bikses\/#primaryimage\"},\"thumbnailUrl\":\"https:\/\/simonjersey.eu\/lv\/wp-content\/uploads\/sites\/2\/2026\/01\/WWE251_BLK-jogger-puksid.jpg\",\"datePublished\":\"2026-01-22T12:28:14+00:00\",\"dateModified\":\"2026-01-22T12:32:20+00:00\",\"breadcrumb\":{\"@id\":\"https:\/\/simonjersey.eu\/lv\/produkts\/viriesu-jogger-bikses\/#breadcrumb\"},\"inLanguage\":\"lv-LV\",\"potentialAction\":[{\"@type\":\"ReadAction\",\"target\":[\"https:\/\/simonjersey.eu\/lv\/produkts\/viriesu-jogger-bikses\/\"]}]},{\"@type\":\"ImageObject\",\"inLanguage\":\"lv-LV\",\"@id\":\"https:\/\/simonjersey.eu\/lv\/produkts\/viriesu-jogger-bikses\/#primaryimage\",\"url\":\"https:\/\/simonjersey.eu\/lv\/wp-content\/uploads\/sites\/2\/2026\/01\/WWE251_BLK-jogger-puksid.jpg\",\"contentUrl\":\"https:\/\/simonjersey.eu\/lv\/wp-content\/uploads\/sites\/2\/2026\/01\/WWE251_BLK-jogger-puksid.jpg\",\"width\":1100,\"height\":1600},{\"@type\":\"BreadcrumbList\",\"@id\":\"https:\/\/simonjersey.eu\/lv\/produkts\/viriesu-jogger-bikses\/#breadcrumb\",\"itemListElement\":[{\"@type\":\"ListItem\",\"position\":1,\"name\":\"Home\",\"item\":\"https:\/\/simonjersey.eu\/lv\/\"},{\"@type\":\"ListItem\",\"position\":2,\"name\":\"E-veikals\",\"item\":\"https:\/\/simonjersey.eu\/lv\/e-veikals\/\"},{\"@type\":\"ListItem\",\"position\":3,\"name\":\"V\u012brie\u0161u jogger bikses\"}]},{\"@type\":\"WebSite\",\"@id\":\"https:\/\/simonjersey.eu\/lv\/#website\",\"url\":\"https:\/\/simonjersey.eu\/lv\/\",\"name\":\"Simon Jersey Latvija\",\"description\":\"Kvalitat\u012bvi un iztur\u012bgi darba ap\u0123\u0113rbi\",\"potentialAction\":[{\"@type\":\"SearchAction\",\"target\":{\"@type\":\"EntryPoint\",\"urlTemplate\":\"https:\/\/simonjersey.eu\/lv\/?s={search_term_string}\"},\"query-input\":{\"@type\":\"PropertyValueSpecification\",\"valueRequired\":true,\"valueName\":\"search_term_string\"}}],\"inLanguage\":\"lv-LV\"}]}<\/script>\n<!-- \/ Yoast SEO plugin. -->","yoast_head_json":{"title":"V\u012brie\u0161u jogger bikses - Simon Jersey Latvija","robots":{"index":"index","follow":"follow","max-snippet":"max-snippet:-1","max-image-preview":"max-image-preview:large","max-video-preview":"max-video-preview:-1"},"canonical":"https:\/\/simonjersey.eu\/lv\/produkts\/viriesu-jogger-bikses\/","og_locale":"lv_LV","og_type":"article","og_title":"V\u012brie\u0161u jogger bikses - Simon Jersey Latvija","og_description":"V\u012brie\u0161u jogger bikses ar modernu piegriezumu un vid\u0113ju jostas augstumu nodro\u0161ina komfortu un praktiskumu ikdienas valk\u0101\u0161anai. Elast\u012bg\u0101 josta ar iek\u0161\u0113jo savelkamo auklu garant\u0113 labu piegul\u0161anu, savuk\u0101rt sieta auduma apdares deta\u013cas pie\u0161\u0137ir sportisku izskatu. Biks\u0113m ir se\u0161as kabatas: divas priek\u0161\u0113j\u0101s kabatas, dubultas cargo kabatas valk\u0101t\u0101ja labaj\u0101 pus\u0113, wrap-stila cargo kabata kreisaj\u0101 pus\u0113 un viena aizmugur\u0113j\u0101 uz\u0161\u016bt\u0101 kabata. Iek\u0161\u0113j\u0101s v\u012bles garums: 76 cm Materi\u0101ls: 78% poliesters \/ 20% viskoze (rajons) \/ 2% elast\u0101ns (tvilis) Kop\u0161ana: 40\u00ba mazg\u0101\u0161ana zem\u0101 apgriezienu re\u017e\u012bm\u0101, \u0101tri \u017e\u016bst, nav nepiecie\u0161ama gludin\u0101\u0161ana. Izm\u0113ri: XS\u20133XL","og_url":"https:\/\/simonjersey.eu\/lv\/produkts\/viriesu-jogger-bikses\/","og_site_name":"Simon Jersey Latvija","article_modified_time":"2026-01-22T12:32:20+00:00","og_image":[{"width":1100,"height":1600,"url":"https:\/\/simonjersey.eu\/lv\/wp-content\/uploads\/sites\/2\/2026\/01\/WWE251_BLK-jogger-puksid.jpg","type":"image\/jpeg"}],"twitter_card":"summary_large_image","twitter_misc":{"Est. reading time":"1 min\u016bte"},"schema":{"@context":"https:\/\/schema.org","@graph":[{"@type":"WebPage","@id":"https:\/\/simonjersey.eu\/lv\/produkts\/viriesu-jogger-bikses\/","url":"https:\/\/simonjersey.eu\/lv\/produkts\/viriesu-jogger-bikses\/","name":"V\u012brie\u0161u jogger bikses - Simon Jersey Latvija","isPartOf":{"@id":"https:\/\/simonjersey.eu\/lv\/#website"},"primaryImageOfPage":{"@id":"https:\/\/simonjersey.eu\/lv\/produkts\/viriesu-jogger-bikses\/#primaryimage"},"image":{"@id":"https:\/\/simonjersey.eu\/lv\/produkts\/viriesu-jogger-bikses\/#primaryimage"},"thumbnailUrl":"https:\/\/simonjersey.eu\/lv\/wp-content\/uploads\/sites\/2\/2026\/01\/WWE251_BLK-jogger-puksid.jpg","datePublished":"2026-01-22T12:28:14+00:00","dateModified":"2026-01-22T12:32:20+00:00","breadcrumb":{"@id":"https:\/\/simonjersey.eu\/lv\/produkts\/viriesu-jogger-bikses\/#breadcrumb"},"inLanguage":"lv-LV","potentialAction":[{"@type":"ReadAction","target":["https:\/\/simonjersey.eu\/lv\/produkts\/viriesu-jogger-bikses\/"]}]},{"@type":"ImageObject","inLanguage":"lv-LV","@id":"https:\/\/simonjersey.eu\/lv\/produkts\/viriesu-jogger-bikses\/#primaryimage","url":"https:\/\/simonjersey.eu\/lv\/wp-content\/uploads\/sites\/2\/2026\/01\/WWE251_BLK-jogger-puksid.jpg","contentUrl":"https:\/\/simonjersey.eu\/lv\/wp-content\/uploads\/sites\/2\/2026\/01\/WWE251_BLK-jogger-puksid.jpg","width":1100,"height":1600},{"@type":"BreadcrumbList","@id":"https:\/\/simonjersey.eu\/lv\/produkts\/viriesu-jogger-bikses\/#breadcrumb","itemListElement":[{"@type":"ListItem","position":1,"name":"Home","item":"https:\/\/simonjersey.eu\/lv\/"},{"@type":"ListItem","position":2,"name":"E-veikals","item":"https:\/\/simonjersey.eu\/lv\/e-veikals\/"},{"@type":"ListItem","position":3,"name":"V\u012brie\u0161u jogger bikses"}]},{"@type":"WebSite","@id":"https:\/\/simonjersey.eu\/lv\/#website","url":"https:\/\/simonjersey.eu\/lv\/","name":"Simon Jersey Latvija","description":"Kvalitat\u012bvi un iztur\u012bgi darba ap\u0123\u0113rbi","potentialAction":[{"@type":"SearchAction","target":{"@type":"EntryPoint","urlTemplate":"https:\/\/simonjersey.eu\/lv\/?s={search_term_string}"},"query-input":{"@type":"PropertyValueSpecification","valueRequired":true,"valueName":"search_term_string"}}],"inLanguage":"lv-LV"}]}},"_links":{"self":[{"href":"https:\/\/simonjersey.eu\/lv\/wp-json\/wp\/v2\/product\/8959","targetHints":{"allow":["GET"]}}],"collection":[{"href":"https:\/\/simonjersey.eu\/lv\/wp-json\/wp\/v2\/product"}],"about":[{"href":"https:\/\/simonjersey.eu\/lv\/wp-json\/wp\/v2\/types\/product"}],"wp:featuredmedia":[{"embeddable":true,"href":"https:\/\/simonjersey.eu\/lv\/wp-json\/wp\/v2\/media\/8975"}],"wp:attachment":[{"href":"https:\/\/simonjersey.eu\/lv\/wp-json\/wp\/v2\/media?parent=8959"}],"wp:term":[{"taxonomy":"product_brand","embeddable":true,"href":"https:\/\/simonjersey.eu\/lv\/wp-json\/wp\/v2\/product_brand?post=8959"},{"taxonomy":"product_cat","embeddable":true,"href":"https:\/\/simonjersey.eu\/lv\/wp-json\/wp\/v2\/product_cat?post=8959"},{"taxonomy":"product_tag","embeddable":true,"href":"https:\/\/simonjersey.eu\/lv\/wp-json\/wp\/v2\/product_tag?post=8959"}],"curies":[{"name":"wp","href":"https:\/\/api.w.org\/{rel}","templated":true}]}}