{"id":9008,"date":"2026-02-05T13:58:51","date_gmt":"2026-02-05T10:58:51","guid":{"rendered":"https:\/\/simonjersey.eu\/lv\/?post_type=product&#038;p=9008"},"modified":"2026-02-05T14:37:34","modified_gmt":"2026-02-05T11:37:34","slug":"cherokee-sieviesu-medicinas-tunikas-maigi-pasteltoni","status":"publish","type":"product","link":"https:\/\/simonjersey.eu\/lv\/produkts\/cherokee-sieviesu-medicinas-tunikas-maigi-pasteltoni\/","title":{"rendered":"Cherokee Sievie\u0161u medic\u012bnas tunikas &#8211; maigi paste\u013cto\u0146i!"},"content":{"rendered":"","protected":false},"excerpt":{"rendered":"<p>Sievie\u0161u\u00a0 Cherokee tunika\u00a0 piem\u0113rots darbam \u0101rstniec\u012bbas iest\u0101d\u0113, k\u0101 ar\u012b masieriem un fizioterapeitiem,Spa darbiniekiem.<\/p>\n<p>\u0113rta un moderna V veida kakla medic\u012bnas bl\u016bze ir viegls un elpojo\u0161s, \u012asas piedurknes, Divas priek\u0161\u0113j\u0101s kabatas, M\u016bsdien\u012bgs modelis.<\/p>\n<p>Materi\u0101ls veidots t\u0101, lai piel\u0101gotos kust\u012bb\u0101m ar 5% Spandex un poliesteri.<\/p>\n<p>Materi\u0101ls: 78 Poly\/20 Rayon\/ 2 Elastane Twill<br \/>\nCare: 70\u00ba wash.\u00a0 Inductrial Launder. Easy care garment.<\/p>\n<p>Garums: 66cm<\/p>\n<p>Kop\u0161ana: 70\u00b0 ve\u013cas ma\u0161\u012bn\u0101, viegli kopjama<\/p>\n<p>Izm\u0113ri: XXS-3XL.<\/p>\n<p><a href=\"https:\/\/simonjersey.eu\/lv\/produkts\/sieviesu-cherokee-medicinas-bikses-pastelkrasas\/\"><strong>Bikses atrad\u012bsi \u0161eit!!<\/strong><\/a><\/p>\n","protected":false},"featured_media":9014,"template":"","meta":[],"product_brand":[],"product_cat":[486,17,18,73,74],"product_tag":[],"class_list":{"0":"post-9008","1":"product","2":"type-product","3":"status-publish","4":"has-post-thumbnail","6":"product_cat-dickies-cherokee-darba-apgerbs","7":"product_cat-skaistumkopsana","8":"product_cat-tunikas","9":"product_cat-arsti-un-medmasas","10":"product_cat-sieviesu-tunikas","12":"first","13":"instock","14":"taxable","15":"shipping-taxable","16":"purchasable","17":"product-type-variable","18":"has-default-attributes"},"yoast_head":"<!-- This site is optimized with the Yoast SEO plugin v27.2 - https:\/\/yoast.com\/product\/yoast-seo-wordpress\/ -->\n<title>Cherokee Sievie\u0161u medic\u012bnas tunikas - maigi paste\u013cto\u0146i! - Simon Jersey Latvija<\/title>\n<meta name=\"robots\" content=\"index, follow, max-snippet:-1, max-image-preview:large, max-video-preview:-1\" \/>\n<link rel=\"canonical\" href=\"https:\/\/simonjersey.eu\/lv\/produkts\/cherokee-sieviesu-medicinas-tunikas-maigi-pasteltoni\/\" \/>\n<meta property=\"og:locale\" content=\"lv_LV\" \/>\n<meta property=\"og:type\" content=\"article\" \/>\n<meta property=\"og:title\" content=\"Cherokee Sievie\u0161u medic\u012bnas tunikas - maigi paste\u013cto\u0146i! - Simon Jersey Latvija\" \/>\n<meta property=\"og:description\" content=\"Sievie\u0161u\u00a0 Cherokee tunika\u00a0 piem\u0113rots darbam \u0101rstniec\u012bbas iest\u0101d\u0113, k\u0101 ar\u012b masieriem un fizioterapeitiem,Spa darbiniekiem.  \u0113rta un moderna V veida kakla medic\u012bnas bl\u016bze ir viegls un elpojo\u0161s, \u012asas piedurknes, Divas priek\u0161\u0113j\u0101s kabatas, M\u016bsdien\u012bgs modelis.  Materi\u0101ls veidots t\u0101, lai piel\u0101gotos kust\u012bb\u0101m ar 5% Spandex un poliesteri.  Materi\u0101ls: 78 Poly\/20 Rayon\/ 2 Elastane Twill Care: 70\u00ba wash.\u00a0 Inductrial Launder. Easy care garment.  Garums: 66cm  Kop\u0161ana: 70\u00b0 ve\u013cas ma\u0161\u012bn\u0101, viegli kopjama  Izm\u0113ri: XXS-3XL.  Bikses atrad\u012bsi \u0161eit!!\" \/>\n<meta property=\"og:url\" content=\"https:\/\/simonjersey.eu\/lv\/produkts\/cherokee-sieviesu-medicinas-tunikas-maigi-pasteltoni\/\" \/>\n<meta property=\"og:site_name\" content=\"Simon Jersey Latvija\" \/>\n<meta property=\"article:modified_time\" content=\"2026-02-05T11:37:34+00:00\" \/>\n<meta property=\"og:image\" content=\"https:\/\/simonjersey.eu\/lv\/wp-content\/uploads\/sites\/2\/2026\/02\/WWE610_KAK_LEFT-meditsiini-pluus.jpg\" \/>\n\t<meta property=\"og:image:width\" content=\"1100\" \/>\n\t<meta property=\"og:image:height\" content=\"1600\" \/>\n\t<meta property=\"og:image:type\" content=\"image\/jpeg\" \/>\n<meta name=\"twitter:card\" content=\"summary_large_image\" \/>\n<meta name=\"twitter:label1\" content=\"Est. reading time\" \/>\n\t<meta name=\"twitter:data1\" content=\"1 min\u016bte\" \/>\n<script type=\"application\/ld+json\" class=\"yoast-schema-graph\">{\"@context\":\"https:\/\/schema.org\",\"@graph\":[{\"@type\":\"WebPage\",\"@id\":\"https:\/\/simonjersey.eu\/lv\/produkts\/cherokee-sieviesu-medicinas-tunikas-maigi-pasteltoni\/\",\"url\":\"https:\/\/simonjersey.eu\/lv\/produkts\/cherokee-sieviesu-medicinas-tunikas-maigi-pasteltoni\/\",\"name\":\"Cherokee Sievie\u0161u medic\u012bnas tunikas - maigi paste\u013cto\u0146i! - Simon Jersey Latvija\",\"isPartOf\":{\"@id\":\"https:\/\/simonjersey.eu\/lv\/#website\"},\"primaryImageOfPage\":{\"@id\":\"https:\/\/simonjersey.eu\/lv\/produkts\/cherokee-sieviesu-medicinas-tunikas-maigi-pasteltoni\/#primaryimage\"},\"image\":{\"@id\":\"https:\/\/simonjersey.eu\/lv\/produkts\/cherokee-sieviesu-medicinas-tunikas-maigi-pasteltoni\/#primaryimage\"},\"thumbnailUrl\":\"https:\/\/simonjersey.eu\/lv\/wp-content\/uploads\/sites\/2\/2026\/02\/WWE610_KAK_LEFT-meditsiini-pluus.jpg\",\"datePublished\":\"2026-02-05T10:58:51+00:00\",\"dateModified\":\"2026-02-05T11:37:34+00:00\",\"breadcrumb\":{\"@id\":\"https:\/\/simonjersey.eu\/lv\/produkts\/cherokee-sieviesu-medicinas-tunikas-maigi-pasteltoni\/#breadcrumb\"},\"inLanguage\":\"lv-LV\",\"potentialAction\":[{\"@type\":\"ReadAction\",\"target\":[\"https:\/\/simonjersey.eu\/lv\/produkts\/cherokee-sieviesu-medicinas-tunikas-maigi-pasteltoni\/\"]}]},{\"@type\":\"ImageObject\",\"inLanguage\":\"lv-LV\",\"@id\":\"https:\/\/simonjersey.eu\/lv\/produkts\/cherokee-sieviesu-medicinas-tunikas-maigi-pasteltoni\/#primaryimage\",\"url\":\"https:\/\/simonjersey.eu\/lv\/wp-content\/uploads\/sites\/2\/2026\/02\/WWE610_KAK_LEFT-meditsiini-pluus.jpg\",\"contentUrl\":\"https:\/\/simonjersey.eu\/lv\/wp-content\/uploads\/sites\/2\/2026\/02\/WWE610_KAK_LEFT-meditsiini-pluus.jpg\",\"width\":1100,\"height\":1600},{\"@type\":\"BreadcrumbList\",\"@id\":\"https:\/\/simonjersey.eu\/lv\/produkts\/cherokee-sieviesu-medicinas-tunikas-maigi-pasteltoni\/#breadcrumb\",\"itemListElement\":[{\"@type\":\"ListItem\",\"position\":1,\"name\":\"Home\",\"item\":\"https:\/\/simonjersey.eu\/lv\/\"},{\"@type\":\"ListItem\",\"position\":2,\"name\":\"E-veikals\",\"item\":\"https:\/\/simonjersey.eu\/lv\/e-veikals\/\"},{\"@type\":\"ListItem\",\"position\":3,\"name\":\"Cherokee Sievie\u0161u medic\u012bnas tunikas &#8211; maigi paste\u013cto\u0146i!\"}]},{\"@type\":\"WebSite\",\"@id\":\"https:\/\/simonjersey.eu\/lv\/#website\",\"url\":\"https:\/\/simonjersey.eu\/lv\/\",\"name\":\"Simon Jersey Latvija\",\"description\":\"Kvalitat\u012bvi un iztur\u012bgi darba ap\u0123\u0113rbi\",\"potentialAction\":[{\"@type\":\"SearchAction\",\"target\":{\"@type\":\"EntryPoint\",\"urlTemplate\":\"https:\/\/simonjersey.eu\/lv\/?s={search_term_string}\"},\"query-input\":{\"@type\":\"PropertyValueSpecification\",\"valueRequired\":true,\"valueName\":\"search_term_string\"}}],\"inLanguage\":\"lv-LV\"}]}<\/script>\n<!-- \/ Yoast SEO plugin. -->","yoast_head_json":{"title":"Cherokee Sievie\u0161u medic\u012bnas tunikas - maigi paste\u013cto\u0146i! - Simon Jersey Latvija","robots":{"index":"index","follow":"follow","max-snippet":"max-snippet:-1","max-image-preview":"max-image-preview:large","max-video-preview":"max-video-preview:-1"},"canonical":"https:\/\/simonjersey.eu\/lv\/produkts\/cherokee-sieviesu-medicinas-tunikas-maigi-pasteltoni\/","og_locale":"lv_LV","og_type":"article","og_title":"Cherokee Sievie\u0161u medic\u012bnas tunikas - maigi paste\u013cto\u0146i! - Simon Jersey Latvija","og_description":"Sievie\u0161u\u00a0 Cherokee tunika\u00a0 piem\u0113rots darbam \u0101rstniec\u012bbas iest\u0101d\u0113, k\u0101 ar\u012b masieriem un fizioterapeitiem,Spa darbiniekiem.  \u0113rta un moderna V veida kakla medic\u012bnas bl\u016bze ir viegls un elpojo\u0161s, \u012asas piedurknes, Divas priek\u0161\u0113j\u0101s kabatas, M\u016bsdien\u012bgs modelis.  Materi\u0101ls veidots t\u0101, lai piel\u0101gotos kust\u012bb\u0101m ar 5% Spandex un poliesteri.  Materi\u0101ls: 78 Poly\/20 Rayon\/ 2 Elastane Twill Care: 70\u00ba wash.\u00a0 Inductrial Launder. Easy care garment.  Garums: 66cm  Kop\u0161ana: 70\u00b0 ve\u013cas ma\u0161\u012bn\u0101, viegli kopjama  Izm\u0113ri: XXS-3XL.  Bikses atrad\u012bsi \u0161eit!!","og_url":"https:\/\/simonjersey.eu\/lv\/produkts\/cherokee-sieviesu-medicinas-tunikas-maigi-pasteltoni\/","og_site_name":"Simon Jersey Latvija","article_modified_time":"2026-02-05T11:37:34+00:00","og_image":[{"width":1100,"height":1600,"url":"https:\/\/simonjersey.eu\/lv\/wp-content\/uploads\/sites\/2\/2026\/02\/WWE610_KAK_LEFT-meditsiini-pluus.jpg","type":"image\/jpeg"}],"twitter_card":"summary_large_image","twitter_misc":{"Est. reading time":"1 min\u016bte"},"schema":{"@context":"https:\/\/schema.org","@graph":[{"@type":"WebPage","@id":"https:\/\/simonjersey.eu\/lv\/produkts\/cherokee-sieviesu-medicinas-tunikas-maigi-pasteltoni\/","url":"https:\/\/simonjersey.eu\/lv\/produkts\/cherokee-sieviesu-medicinas-tunikas-maigi-pasteltoni\/","name":"Cherokee Sievie\u0161u medic\u012bnas tunikas - maigi paste\u013cto\u0146i! - Simon Jersey Latvija","isPartOf":{"@id":"https:\/\/simonjersey.eu\/lv\/#website"},"primaryImageOfPage":{"@id":"https:\/\/simonjersey.eu\/lv\/produkts\/cherokee-sieviesu-medicinas-tunikas-maigi-pasteltoni\/#primaryimage"},"image":{"@id":"https:\/\/simonjersey.eu\/lv\/produkts\/cherokee-sieviesu-medicinas-tunikas-maigi-pasteltoni\/#primaryimage"},"thumbnailUrl":"https:\/\/simonjersey.eu\/lv\/wp-content\/uploads\/sites\/2\/2026\/02\/WWE610_KAK_LEFT-meditsiini-pluus.jpg","datePublished":"2026-02-05T10:58:51+00:00","dateModified":"2026-02-05T11:37:34+00:00","breadcrumb":{"@id":"https:\/\/simonjersey.eu\/lv\/produkts\/cherokee-sieviesu-medicinas-tunikas-maigi-pasteltoni\/#breadcrumb"},"inLanguage":"lv-LV","potentialAction":[{"@type":"ReadAction","target":["https:\/\/simonjersey.eu\/lv\/produkts\/cherokee-sieviesu-medicinas-tunikas-maigi-pasteltoni\/"]}]},{"@type":"ImageObject","inLanguage":"lv-LV","@id":"https:\/\/simonjersey.eu\/lv\/produkts\/cherokee-sieviesu-medicinas-tunikas-maigi-pasteltoni\/#primaryimage","url":"https:\/\/simonjersey.eu\/lv\/wp-content\/uploads\/sites\/2\/2026\/02\/WWE610_KAK_LEFT-meditsiini-pluus.jpg","contentUrl":"https:\/\/simonjersey.eu\/lv\/wp-content\/uploads\/sites\/2\/2026\/02\/WWE610_KAK_LEFT-meditsiini-pluus.jpg","width":1100,"height":1600},{"@type":"BreadcrumbList","@id":"https:\/\/simonjersey.eu\/lv\/produkts\/cherokee-sieviesu-medicinas-tunikas-maigi-pasteltoni\/#breadcrumb","itemListElement":[{"@type":"ListItem","position":1,"name":"Home","item":"https:\/\/simonjersey.eu\/lv\/"},{"@type":"ListItem","position":2,"name":"E-veikals","item":"https:\/\/simonjersey.eu\/lv\/e-veikals\/"},{"@type":"ListItem","position":3,"name":"Cherokee Sievie\u0161u medic\u012bnas tunikas &#8211; maigi paste\u013cto\u0146i!"}]},{"@type":"WebSite","@id":"https:\/\/simonjersey.eu\/lv\/#website","url":"https:\/\/simonjersey.eu\/lv\/","name":"Simon Jersey Latvija","description":"Kvalitat\u012bvi un iztur\u012bgi darba ap\u0123\u0113rbi","potentialAction":[{"@type":"SearchAction","target":{"@type":"EntryPoint","urlTemplate":"https:\/\/simonjersey.eu\/lv\/?s={search_term_string}"},"query-input":{"@type":"PropertyValueSpecification","valueRequired":true,"valueName":"search_term_string"}}],"inLanguage":"lv-LV"}]}},"_links":{"self":[{"href":"https:\/\/simonjersey.eu\/lv\/wp-json\/wp\/v2\/product\/9008","targetHints":{"allow":["GET"]}}],"collection":[{"href":"https:\/\/simonjersey.eu\/lv\/wp-json\/wp\/v2\/product"}],"about":[{"href":"https:\/\/simonjersey.eu\/lv\/wp-json\/wp\/v2\/types\/product"}],"wp:featuredmedia":[{"embeddable":true,"href":"https:\/\/simonjersey.eu\/lv\/wp-json\/wp\/v2\/media\/9014"}],"wp:attachment":[{"href":"https:\/\/simonjersey.eu\/lv\/wp-json\/wp\/v2\/media?parent=9008"}],"wp:term":[{"taxonomy":"product_brand","embeddable":true,"href":"https:\/\/simonjersey.eu\/lv\/wp-json\/wp\/v2\/product_brand?post=9008"},{"taxonomy":"product_cat","embeddable":true,"href":"https:\/\/simonjersey.eu\/lv\/wp-json\/wp\/v2\/product_cat?post=9008"},{"taxonomy":"product_tag","embeddable":true,"href":"https:\/\/simonjersey.eu\/lv\/wp-json\/wp\/v2\/product_tag?post=9008"}],"curies":[{"name":"wp","href":"https:\/\/api.w.org\/{rel}","templated":true}]}}