{"id":9035,"date":"2026-02-05T14:32:37","date_gmt":"2026-02-05T11:32:37","guid":{"rendered":"https:\/\/simonjersey.eu\/lv\/?post_type=product&#038;p=9035"},"modified":"2026-02-05T14:36:14","modified_gmt":"2026-02-05T11:36:14","slug":"sieviesu-cherokee-medicinas-bikses-pastelkrasas","status":"publish","type":"product","link":"https:\/\/simonjersey.eu\/lv\/produkts\/sieviesu-cherokee-medicinas-bikses-pastelkrasas\/","title":{"rendered":"Sievie\u0161u Cherokee medic\u012bnas bikses paste\u013ckr\u0101s\u0101s"},"content":{"rendered":"","protected":false},"excerpt":{"rendered":"<p>M\u016bsdien\u012bga un moderna dizaina <strong>\u0113rtas darba bikses<\/strong>, kas lieliski piem\u0113rotas medic\u012bnas un apkalpo\u0161anas nozares darbiniekiem.<\/p>\n<p><strong>\u012apa\u0161\u012bbas:<\/strong><\/p>\n<ul>\n<li><strong>Kabatas:<\/strong> Kop\u0101 5 praktiskas kabatas \u2013 uz\u0161\u016btas priek\u0161pus\u0113 un aizmugur\u0113, k\u0101 ar\u012b cargo kabata uz bik\u0161u staras, kas nodro\u0161ina pietiekami daudz vietas nepiecie\u0161amo lietu glab\u0101\u0161anai.<\/li>\n<li><strong>Jostasvieta:<\/strong> \u0112rta un labi piegu\u013co\u0161a jostasvieta ar iek\u0161\u0113jo elast\u012bgo gumiju nodro\u0161ina dro\u0161u un stabilu valk\u0101\u0161anu visas darba dienas garum\u0101.<\/li>\n<li><strong>Materi\u0101ls:<\/strong> Viegls un elpojo\u0161s <strong>tvil audums<\/strong> (78% poliesters, 20% rajons, 2% elast\u0101ns) nodro\u0161ina kust\u012bbu br\u012bv\u012bbu, vienlaikus saglab\u0101jot iztur\u012bbu un komfortu.<\/li>\n<li><strong>Kop\u0161ana:<\/strong> Viegli kopjamas \u2013 <strong>mazg\u0101\u0161ana ve\u013cas ma\u0161\u012bn\u0101 l\u012bdz 70\u00b0C<\/strong>, nepiecie\u0161ama minim\u0101la gludin\u0101\u0161ana.<\/li>\n<li><strong>Izm\u0113ri:<\/strong> Pieejami pla\u0161\u0101 izm\u0113ru kl\u0101st\u0101 \u2013 no <strong>XXS l\u012bdz 3XL<\/strong>, lai katra sieviete atrastu sev piem\u0113rot\u0101ko.<\/li>\n<li><strong>Garums:<\/strong> Iek\u0161\u0113jais staras garums <strong>78,5 cm<\/strong>.<\/li>\n<\/ul>\n<p><a href=\"https:\/\/simonjersey.eu\/lv\/produkts\/cherokee-sieviesu-medicinas-tunikas-maigi-pasteltoni\/\"><strong>Tuniku atrad\u012bsi \u0161eit!!<\/strong><\/a><\/p>\n","protected":false},"featured_media":9041,"template":"","meta":[],"product_brand":[],"product_cat":[486,17,20,73,76],"product_tag":[],"class_list":{"0":"post-9035","1":"product","2":"type-product","3":"status-publish","4":"has-post-thumbnail","6":"product_cat-dickies-cherokee-darba-apgerbs","7":"product_cat-skaistumkopsana","8":"product_cat-bikses","9":"product_cat-arsti-un-medmasas","10":"product_cat-bikses-arsti-un-medmasas","12":"first","13":"instock","14":"taxable","15":"shipping-taxable","16":"purchasable","17":"product-type-variable","18":"has-default-attributes"},"yoast_head":"<!-- This site is optimized with the Yoast SEO plugin v27.2 - https:\/\/yoast.com\/product\/yoast-seo-wordpress\/ -->\n<title>Sievie\u0161u Cherokee medic\u012bnas bikses paste\u013ckr\u0101s\u0101s - Simon Jersey Latvija<\/title>\n<meta name=\"robots\" content=\"index, follow, max-snippet:-1, max-image-preview:large, max-video-preview:-1\" \/>\n<link rel=\"canonical\" href=\"https:\/\/simonjersey.eu\/lv\/produkts\/sieviesu-cherokee-medicinas-bikses-pastelkrasas\/\" \/>\n<meta property=\"og:locale\" content=\"lv_LV\" \/>\n<meta property=\"og:type\" content=\"article\" \/>\n<meta property=\"og:title\" content=\"Sievie\u0161u Cherokee medic\u012bnas bikses paste\u013ckr\u0101s\u0101s - Simon Jersey Latvija\" \/>\n<meta property=\"og:description\" content=\"M\u016bsdien\u012bga un moderna dizaina \u0113rtas darba bikses, kas lieliski piem\u0113rotas medic\u012bnas un apkalpo\u0161anas nozares darbiniekiem.  \u012apa\u0161\u012bbas:   Kabatas: Kop\u0101 5 praktiskas kabatas \u2013 uz\u0161\u016btas priek\u0161pus\u0113 un aizmugur\u0113, k\u0101 ar\u012b cargo kabata uz bik\u0161u staras, kas nodro\u0161ina pietiekami daudz vietas nepiecie\u0161amo lietu glab\u0101\u0161anai.  Jostasvieta: \u0112rta un labi piegu\u013co\u0161a jostasvieta ar iek\u0161\u0113jo elast\u012bgo gumiju nodro\u0161ina dro\u0161u un stabilu valk\u0101\u0161anu visas darba dienas garum\u0101.  Materi\u0101ls: Viegls un elpojo\u0161s tvil audums (78% poliesters, 20% rajons, 2% elast\u0101ns) nodro\u0161ina kust\u012bbu br\u012bv\u012bbu, vienlaikus saglab\u0101jot iztur\u012bbu un komfortu.  Kop\u0161ana: Viegli kopjamas \u2013 mazg\u0101\u0161ana ve\u013cas ma\u0161\u012bn\u0101 l\u012bdz 70\u00b0C, nepiecie\u0161ama minim\u0101la gludin\u0101\u0161ana.  Izm\u0113ri: Pieejami pla\u0161\u0101 izm\u0113ru kl\u0101st\u0101 \u2013 no XXS l\u012bdz 3XL, lai katra sieviete atrastu sev piem\u0113rot\u0101ko.  Garums: Iek\u0161\u0113jais staras garums 78,5 cm.  Tuniku atrad\u012bsi \u0161eit!!\" \/>\n<meta property=\"og:url\" content=\"https:\/\/simonjersey.eu\/lv\/produkts\/sieviesu-cherokee-medicinas-bikses-pastelkrasas\/\" \/>\n<meta property=\"og:site_name\" content=\"Simon Jersey Latvija\" \/>\n<meta property=\"article:modified_time\" content=\"2026-02-05T11:36:14+00:00\" \/>\n<meta property=\"og:image\" content=\"https:\/\/simonjersey.eu\/lv\/wp-content\/uploads\/sites\/2\/2026\/02\/WWE110_KAK-MEDITSIINIPUKSID.jpg\" \/>\n\t<meta property=\"og:image:width\" content=\"1100\" \/>\n\t<meta property=\"og:image:height\" content=\"1600\" \/>\n\t<meta property=\"og:image:type\" content=\"image\/jpeg\" \/>\n<meta name=\"twitter:card\" content=\"summary_large_image\" \/>\n<meta name=\"twitter:label1\" content=\"Est. reading time\" \/>\n\t<meta name=\"twitter:data1\" content=\"1 min\u016bte\" \/>\n<script type=\"application\/ld+json\" class=\"yoast-schema-graph\">{\"@context\":\"https:\/\/schema.org\",\"@graph\":[{\"@type\":\"WebPage\",\"@id\":\"https:\/\/simonjersey.eu\/lv\/produkts\/sieviesu-cherokee-medicinas-bikses-pastelkrasas\/\",\"url\":\"https:\/\/simonjersey.eu\/lv\/produkts\/sieviesu-cherokee-medicinas-bikses-pastelkrasas\/\",\"name\":\"Sievie\u0161u Cherokee medic\u012bnas bikses paste\u013ckr\u0101s\u0101s - Simon Jersey Latvija\",\"isPartOf\":{\"@id\":\"https:\/\/simonjersey.eu\/lv\/#website\"},\"primaryImageOfPage\":{\"@id\":\"https:\/\/simonjersey.eu\/lv\/produkts\/sieviesu-cherokee-medicinas-bikses-pastelkrasas\/#primaryimage\"},\"image\":{\"@id\":\"https:\/\/simonjersey.eu\/lv\/produkts\/sieviesu-cherokee-medicinas-bikses-pastelkrasas\/#primaryimage\"},\"thumbnailUrl\":\"https:\/\/simonjersey.eu\/lv\/wp-content\/uploads\/sites\/2\/2026\/02\/WWE110_KAK-MEDITSIINIPUKSID.jpg\",\"datePublished\":\"2026-02-05T11:32:37+00:00\",\"dateModified\":\"2026-02-05T11:36:14+00:00\",\"breadcrumb\":{\"@id\":\"https:\/\/simonjersey.eu\/lv\/produkts\/sieviesu-cherokee-medicinas-bikses-pastelkrasas\/#breadcrumb\"},\"inLanguage\":\"lv-LV\",\"potentialAction\":[{\"@type\":\"ReadAction\",\"target\":[\"https:\/\/simonjersey.eu\/lv\/produkts\/sieviesu-cherokee-medicinas-bikses-pastelkrasas\/\"]}]},{\"@type\":\"ImageObject\",\"inLanguage\":\"lv-LV\",\"@id\":\"https:\/\/simonjersey.eu\/lv\/produkts\/sieviesu-cherokee-medicinas-bikses-pastelkrasas\/#primaryimage\",\"url\":\"https:\/\/simonjersey.eu\/lv\/wp-content\/uploads\/sites\/2\/2026\/02\/WWE110_KAK-MEDITSIINIPUKSID.jpg\",\"contentUrl\":\"https:\/\/simonjersey.eu\/lv\/wp-content\/uploads\/sites\/2\/2026\/02\/WWE110_KAK-MEDITSIINIPUKSID.jpg\",\"width\":1100,\"height\":1600},{\"@type\":\"BreadcrumbList\",\"@id\":\"https:\/\/simonjersey.eu\/lv\/produkts\/sieviesu-cherokee-medicinas-bikses-pastelkrasas\/#breadcrumb\",\"itemListElement\":[{\"@type\":\"ListItem\",\"position\":1,\"name\":\"Home\",\"item\":\"https:\/\/simonjersey.eu\/lv\/\"},{\"@type\":\"ListItem\",\"position\":2,\"name\":\"E-veikals\",\"item\":\"https:\/\/simonjersey.eu\/lv\/e-veikals\/\"},{\"@type\":\"ListItem\",\"position\":3,\"name\":\"Sievie\u0161u Cherokee medic\u012bnas bikses paste\u013ckr\u0101s\u0101s\"}]},{\"@type\":\"WebSite\",\"@id\":\"https:\/\/simonjersey.eu\/lv\/#website\",\"url\":\"https:\/\/simonjersey.eu\/lv\/\",\"name\":\"Simon Jersey Latvija\",\"description\":\"Kvalitat\u012bvi un iztur\u012bgi darba ap\u0123\u0113rbi\",\"potentialAction\":[{\"@type\":\"SearchAction\",\"target\":{\"@type\":\"EntryPoint\",\"urlTemplate\":\"https:\/\/simonjersey.eu\/lv\/?s={search_term_string}\"},\"query-input\":{\"@type\":\"PropertyValueSpecification\",\"valueRequired\":true,\"valueName\":\"search_term_string\"}}],\"inLanguage\":\"lv-LV\"}]}<\/script>\n<!-- \/ Yoast SEO plugin. -->","yoast_head_json":{"title":"Sievie\u0161u Cherokee medic\u012bnas bikses paste\u013ckr\u0101s\u0101s - Simon Jersey Latvija","robots":{"index":"index","follow":"follow","max-snippet":"max-snippet:-1","max-image-preview":"max-image-preview:large","max-video-preview":"max-video-preview:-1"},"canonical":"https:\/\/simonjersey.eu\/lv\/produkts\/sieviesu-cherokee-medicinas-bikses-pastelkrasas\/","og_locale":"lv_LV","og_type":"article","og_title":"Sievie\u0161u Cherokee medic\u012bnas bikses paste\u013ckr\u0101s\u0101s - Simon Jersey Latvija","og_description":"M\u016bsdien\u012bga un moderna dizaina \u0113rtas darba bikses, kas lieliski piem\u0113rotas medic\u012bnas un apkalpo\u0161anas nozares darbiniekiem.  \u012apa\u0161\u012bbas:   Kabatas: Kop\u0101 5 praktiskas kabatas \u2013 uz\u0161\u016btas priek\u0161pus\u0113 un aizmugur\u0113, k\u0101 ar\u012b cargo kabata uz bik\u0161u staras, kas nodro\u0161ina pietiekami daudz vietas nepiecie\u0161amo lietu glab\u0101\u0161anai.  Jostasvieta: \u0112rta un labi piegu\u013co\u0161a jostasvieta ar iek\u0161\u0113jo elast\u012bgo gumiju nodro\u0161ina dro\u0161u un stabilu valk\u0101\u0161anu visas darba dienas garum\u0101.  Materi\u0101ls: Viegls un elpojo\u0161s tvil audums (78% poliesters, 20% rajons, 2% elast\u0101ns) nodro\u0161ina kust\u012bbu br\u012bv\u012bbu, vienlaikus saglab\u0101jot iztur\u012bbu un komfortu.  Kop\u0161ana: Viegli kopjamas \u2013 mazg\u0101\u0161ana ve\u013cas ma\u0161\u012bn\u0101 l\u012bdz 70\u00b0C, nepiecie\u0161ama minim\u0101la gludin\u0101\u0161ana.  Izm\u0113ri: Pieejami pla\u0161\u0101 izm\u0113ru kl\u0101st\u0101 \u2013 no XXS l\u012bdz 3XL, lai katra sieviete atrastu sev piem\u0113rot\u0101ko.  Garums: Iek\u0161\u0113jais staras garums 78,5 cm.  Tuniku atrad\u012bsi \u0161eit!!","og_url":"https:\/\/simonjersey.eu\/lv\/produkts\/sieviesu-cherokee-medicinas-bikses-pastelkrasas\/","og_site_name":"Simon Jersey Latvija","article_modified_time":"2026-02-05T11:36:14+00:00","og_image":[{"width":1100,"height":1600,"url":"https:\/\/simonjersey.eu\/lv\/wp-content\/uploads\/sites\/2\/2026\/02\/WWE110_KAK-MEDITSIINIPUKSID.jpg","type":"image\/jpeg"}],"twitter_card":"summary_large_image","twitter_misc":{"Est. reading time":"1 min\u016bte"},"schema":{"@context":"https:\/\/schema.org","@graph":[{"@type":"WebPage","@id":"https:\/\/simonjersey.eu\/lv\/produkts\/sieviesu-cherokee-medicinas-bikses-pastelkrasas\/","url":"https:\/\/simonjersey.eu\/lv\/produkts\/sieviesu-cherokee-medicinas-bikses-pastelkrasas\/","name":"Sievie\u0161u Cherokee medic\u012bnas bikses paste\u013ckr\u0101s\u0101s - Simon Jersey Latvija","isPartOf":{"@id":"https:\/\/simonjersey.eu\/lv\/#website"},"primaryImageOfPage":{"@id":"https:\/\/simonjersey.eu\/lv\/produkts\/sieviesu-cherokee-medicinas-bikses-pastelkrasas\/#primaryimage"},"image":{"@id":"https:\/\/simonjersey.eu\/lv\/produkts\/sieviesu-cherokee-medicinas-bikses-pastelkrasas\/#primaryimage"},"thumbnailUrl":"https:\/\/simonjersey.eu\/lv\/wp-content\/uploads\/sites\/2\/2026\/02\/WWE110_KAK-MEDITSIINIPUKSID.jpg","datePublished":"2026-02-05T11:32:37+00:00","dateModified":"2026-02-05T11:36:14+00:00","breadcrumb":{"@id":"https:\/\/simonjersey.eu\/lv\/produkts\/sieviesu-cherokee-medicinas-bikses-pastelkrasas\/#breadcrumb"},"inLanguage":"lv-LV","potentialAction":[{"@type":"ReadAction","target":["https:\/\/simonjersey.eu\/lv\/produkts\/sieviesu-cherokee-medicinas-bikses-pastelkrasas\/"]}]},{"@type":"ImageObject","inLanguage":"lv-LV","@id":"https:\/\/simonjersey.eu\/lv\/produkts\/sieviesu-cherokee-medicinas-bikses-pastelkrasas\/#primaryimage","url":"https:\/\/simonjersey.eu\/lv\/wp-content\/uploads\/sites\/2\/2026\/02\/WWE110_KAK-MEDITSIINIPUKSID.jpg","contentUrl":"https:\/\/simonjersey.eu\/lv\/wp-content\/uploads\/sites\/2\/2026\/02\/WWE110_KAK-MEDITSIINIPUKSID.jpg","width":1100,"height":1600},{"@type":"BreadcrumbList","@id":"https:\/\/simonjersey.eu\/lv\/produkts\/sieviesu-cherokee-medicinas-bikses-pastelkrasas\/#breadcrumb","itemListElement":[{"@type":"ListItem","position":1,"name":"Home","item":"https:\/\/simonjersey.eu\/lv\/"},{"@type":"ListItem","position":2,"name":"E-veikals","item":"https:\/\/simonjersey.eu\/lv\/e-veikals\/"},{"@type":"ListItem","position":3,"name":"Sievie\u0161u Cherokee medic\u012bnas bikses paste\u013ckr\u0101s\u0101s"}]},{"@type":"WebSite","@id":"https:\/\/simonjersey.eu\/lv\/#website","url":"https:\/\/simonjersey.eu\/lv\/","name":"Simon Jersey Latvija","description":"Kvalitat\u012bvi un iztur\u012bgi darba ap\u0123\u0113rbi","potentialAction":[{"@type":"SearchAction","target":{"@type":"EntryPoint","urlTemplate":"https:\/\/simonjersey.eu\/lv\/?s={search_term_string}"},"query-input":{"@type":"PropertyValueSpecification","valueRequired":true,"valueName":"search_term_string"}}],"inLanguage":"lv-LV"}]}},"_links":{"self":[{"href":"https:\/\/simonjersey.eu\/lv\/wp-json\/wp\/v2\/product\/9035","targetHints":{"allow":["GET"]}}],"collection":[{"href":"https:\/\/simonjersey.eu\/lv\/wp-json\/wp\/v2\/product"}],"about":[{"href":"https:\/\/simonjersey.eu\/lv\/wp-json\/wp\/v2\/types\/product"}],"wp:featuredmedia":[{"embeddable":true,"href":"https:\/\/simonjersey.eu\/lv\/wp-json\/wp\/v2\/media\/9041"}],"wp:attachment":[{"href":"https:\/\/simonjersey.eu\/lv\/wp-json\/wp\/v2\/media?parent=9035"}],"wp:term":[{"taxonomy":"product_brand","embeddable":true,"href":"https:\/\/simonjersey.eu\/lv\/wp-json\/wp\/v2\/product_brand?post=9035"},{"taxonomy":"product_cat","embeddable":true,"href":"https:\/\/simonjersey.eu\/lv\/wp-json\/wp\/v2\/product_cat?post=9035"},{"taxonomy":"product_tag","embeddable":true,"href":"https:\/\/simonjersey.eu\/lv\/wp-json\/wp\/v2\/product_tag?post=9035"}],"curies":[{"name":"wp","href":"https:\/\/api.w.org\/{rel}","templated":true}]}}