{"id":9064,"date":"2026-03-05T11:49:42","date_gmt":"2026-03-05T08:49:42","guid":{"rendered":"https:\/\/simonjersey.eu\/lv\/?post_type=product&#038;p=9064"},"modified":"2026-03-05T11:55:38","modified_gmt":"2026-03-05T08:55:38","slug":"bpsieviesu-medicinas-halats-ar-klasisku-apkakli","status":"publish","type":"product","link":"https:\/\/simonjersey.eu\/lv\/produkts\/bpsieviesu-medicinas-halats-ar-klasisku-apkakli\/","title":{"rendered":"BP\u00aeSIEVIE\u0160U MEDIC\u012aNAS HAL\u0100TS AR KLASISKU APKAKLI"},"content":{"rendered":"","protected":false},"excerpt":{"rendered":"<p><strong>Apskatiet m\u016bsu jaun\u0101 z\u012bmola BP\u00aemedic\u012bnisko ap\u0123\u0113rbu tie\u0161i no V\u0101cijas.<\/strong><\/p>\n<p>\u0112rts, iztur\u012bgs, praktisks, viegls kokvilnas \u0101rsta un laboratorijas hal\u0101ts vesel\u012bbas apr\u016bpes darbiniekiem.<\/p>\n<p>Klasiska apkakle, jostasvieta, sl\u0113ptas spiedpogas, priek\u0161\u0113j\u0101s kabatas, kr\u016b\u0161u kabata. Aizmugur\u0113j\u0101 \u0161\u0137\u0113lums.<\/p>\n<p>Viegls materi\u0101ls, kas nodro\u0161ina maksim\u0101lu kust\u012bbu komfortu.<\/p>\n<p>Materi\u0101ls: 100% kokvilna\/215 g\/m\u00b2<\/p>\n<p>Kop\u0161ana: 95\u00b0 mazg\u0101\u0161ana ve\u013cas ma\u0161\u012bn\u0101, viegla kop\u0161ana. Viegls \u017e\u0101v\u0113\u0161anas process. Profesion\u0101la \u0137\u012bmisk\u0101 t\u012br\u012b\u0161ana.<\/p>\n<p>Pieejams izm\u0113ros: (UK) 6-30.<\/p>\n","protected":false},"featured_media":9066,"template":"","meta":[],"product_brand":[],"product_cat":[72,73,77],"product_tag":[],"class_list":{"0":"post-9064","1":"product","2":"type-product","3":"status-publish","4":"has-post-thumbnail","6":"product_cat-veselibas-aprupe","7":"product_cat-arsti-un-medmasas","8":"product_cat-kleitas-arsti-un-medmasas","10":"first","11":"instock","12":"taxable","13":"shipping-taxable","14":"purchasable","15":"product-type-variable","16":"has-default-attributes"},"yoast_head":"<!-- This site is optimized with the Yoast SEO plugin v27.2 - https:\/\/yoast.com\/product\/yoast-seo-wordpress\/ -->\n<title>BP\u00aeSIEVIE\u0160U MEDIC\u012aNAS HAL\u0100TS AR KLASISKU APKAKLI - Simon Jersey Latvija<\/title>\n<meta name=\"robots\" content=\"index, follow, max-snippet:-1, max-image-preview:large, max-video-preview:-1\" \/>\n<link rel=\"canonical\" href=\"https:\/\/simonjersey.eu\/lv\/produkts\/bpsieviesu-medicinas-halats-ar-klasisku-apkakli\/\" \/>\n<meta property=\"og:locale\" content=\"lv_LV\" \/>\n<meta property=\"og:type\" content=\"article\" \/>\n<meta property=\"og:title\" content=\"BP\u00aeSIEVIE\u0160U MEDIC\u012aNAS HAL\u0100TS AR KLASISKU APKAKLI - Simon Jersey Latvija\" \/>\n<meta property=\"og:description\" content=\"Apskatiet m\u016bsu jaun\u0101 z\u012bmola BP\u00aemedic\u012bnisko ap\u0123\u0113rbu tie\u0161i no V\u0101cijas.  \u0112rts, iztur\u012bgs, praktisks, viegls kokvilnas \u0101rsta un laboratorijas hal\u0101ts vesel\u012bbas apr\u016bpes darbiniekiem.  Klasiska apkakle, jostasvieta, sl\u0113ptas spiedpogas, priek\u0161\u0113j\u0101s kabatas, kr\u016b\u0161u kabata. Aizmugur\u0113j\u0101 \u0161\u0137\u0113lums.  Viegls materi\u0101ls, kas nodro\u0161ina maksim\u0101lu kust\u012bbu komfortu.  Materi\u0101ls: 100% kokvilna\/215 g\/m\u00b2  Kop\u0161ana: 95\u00b0 mazg\u0101\u0161ana ve\u013cas ma\u0161\u012bn\u0101, viegla kop\u0161ana. Viegls \u017e\u0101v\u0113\u0161anas process. Profesion\u0101la \u0137\u012bmisk\u0101 t\u012br\u012b\u0161ana.  Pieejams izm\u0113ros: (UK) 6-30.\" \/>\n<meta property=\"og:url\" content=\"https:\/\/simonjersey.eu\/lv\/produkts\/bpsieviesu-medicinas-halats-ar-klasisku-apkakli\/\" \/>\n<meta property=\"og:site_name\" content=\"Simon Jersey Latvija\" \/>\n<meta property=\"article:modified_time\" content=\"2026-03-05T08:55:38+00:00\" \/>\n<meta property=\"og:image\" content=\"https:\/\/simonjersey.eu\/lv\/wp-content\/uploads\/sites\/2\/2026\/03\/Naiste-arsti-kittel.jpg\" \/>\n\t<meta property=\"og:image:width\" content=\"1200\" \/>\n\t<meta property=\"og:image:height\" content=\"1688\" \/>\n\t<meta property=\"og:image:type\" content=\"image\/jpeg\" \/>\n<meta name=\"twitter:card\" content=\"summary_large_image\" \/>\n<meta name=\"twitter:label1\" content=\"Est. reading time\" \/>\n\t<meta name=\"twitter:data1\" content=\"1 min\u016bte\" \/>\n<script type=\"application\/ld+json\" class=\"yoast-schema-graph\">{\"@context\":\"https:\/\/schema.org\",\"@graph\":[{\"@type\":\"WebPage\",\"@id\":\"https:\/\/simonjersey.eu\/lv\/produkts\/bpsieviesu-medicinas-halats-ar-klasisku-apkakli\/\",\"url\":\"https:\/\/simonjersey.eu\/lv\/produkts\/bpsieviesu-medicinas-halats-ar-klasisku-apkakli\/\",\"name\":\"BP\u00aeSIEVIE\u0160U MEDIC\u012aNAS HAL\u0100TS AR KLASISKU APKAKLI - Simon Jersey Latvija\",\"isPartOf\":{\"@id\":\"https:\/\/simonjersey.eu\/lv\/#website\"},\"primaryImageOfPage\":{\"@id\":\"https:\/\/simonjersey.eu\/lv\/produkts\/bpsieviesu-medicinas-halats-ar-klasisku-apkakli\/#primaryimage\"},\"image\":{\"@id\":\"https:\/\/simonjersey.eu\/lv\/produkts\/bpsieviesu-medicinas-halats-ar-klasisku-apkakli\/#primaryimage\"},\"thumbnailUrl\":\"https:\/\/simonjersey.eu\/lv\/wp-content\/uploads\/sites\/2\/2026\/03\/Naiste-arsti-kittel.jpg\",\"datePublished\":\"2026-03-05T08:49:42+00:00\",\"dateModified\":\"2026-03-05T08:55:38+00:00\",\"breadcrumb\":{\"@id\":\"https:\/\/simonjersey.eu\/lv\/produkts\/bpsieviesu-medicinas-halats-ar-klasisku-apkakli\/#breadcrumb\"},\"inLanguage\":\"lv-LV\",\"potentialAction\":[{\"@type\":\"ReadAction\",\"target\":[\"https:\/\/simonjersey.eu\/lv\/produkts\/bpsieviesu-medicinas-halats-ar-klasisku-apkakli\/\"]}]},{\"@type\":\"ImageObject\",\"inLanguage\":\"lv-LV\",\"@id\":\"https:\/\/simonjersey.eu\/lv\/produkts\/bpsieviesu-medicinas-halats-ar-klasisku-apkakli\/#primaryimage\",\"url\":\"https:\/\/simonjersey.eu\/lv\/wp-content\/uploads\/sites\/2\/2026\/03\/Naiste-arsti-kittel.jpg\",\"contentUrl\":\"https:\/\/simonjersey.eu\/lv\/wp-content\/uploads\/sites\/2\/2026\/03\/Naiste-arsti-kittel.jpg\",\"width\":1200,\"height\":1688},{\"@type\":\"BreadcrumbList\",\"@id\":\"https:\/\/simonjersey.eu\/lv\/produkts\/bpsieviesu-medicinas-halats-ar-klasisku-apkakli\/#breadcrumb\",\"itemListElement\":[{\"@type\":\"ListItem\",\"position\":1,\"name\":\"Home\",\"item\":\"https:\/\/simonjersey.eu\/lv\/\"},{\"@type\":\"ListItem\",\"position\":2,\"name\":\"E-veikals\",\"item\":\"https:\/\/simonjersey.eu\/lv\/e-veikals\/\"},{\"@type\":\"ListItem\",\"position\":3,\"name\":\"BP\u00aeSIEVIE\u0160U MEDIC\u012aNAS HAL\u0100TS AR KLASISKU APKAKLI\"}]},{\"@type\":\"WebSite\",\"@id\":\"https:\/\/simonjersey.eu\/lv\/#website\",\"url\":\"https:\/\/simonjersey.eu\/lv\/\",\"name\":\"Simon Jersey Latvija\",\"description\":\"Kvalitat\u012bvi un iztur\u012bgi darba ap\u0123\u0113rbi\",\"potentialAction\":[{\"@type\":\"SearchAction\",\"target\":{\"@type\":\"EntryPoint\",\"urlTemplate\":\"https:\/\/simonjersey.eu\/lv\/?s={search_term_string}\"},\"query-input\":{\"@type\":\"PropertyValueSpecification\",\"valueRequired\":true,\"valueName\":\"search_term_string\"}}],\"inLanguage\":\"lv-LV\"}]}<\/script>\n<!-- \/ Yoast SEO plugin. -->","yoast_head_json":{"title":"BP\u00aeSIEVIE\u0160U MEDIC\u012aNAS HAL\u0100TS AR KLASISKU APKAKLI - Simon Jersey Latvija","robots":{"index":"index","follow":"follow","max-snippet":"max-snippet:-1","max-image-preview":"max-image-preview:large","max-video-preview":"max-video-preview:-1"},"canonical":"https:\/\/simonjersey.eu\/lv\/produkts\/bpsieviesu-medicinas-halats-ar-klasisku-apkakli\/","og_locale":"lv_LV","og_type":"article","og_title":"BP\u00aeSIEVIE\u0160U MEDIC\u012aNAS HAL\u0100TS AR KLASISKU APKAKLI - Simon Jersey Latvija","og_description":"Apskatiet m\u016bsu jaun\u0101 z\u012bmola BP\u00aemedic\u012bnisko ap\u0123\u0113rbu tie\u0161i no V\u0101cijas.  \u0112rts, iztur\u012bgs, praktisks, viegls kokvilnas \u0101rsta un laboratorijas hal\u0101ts vesel\u012bbas apr\u016bpes darbiniekiem.  Klasiska apkakle, jostasvieta, sl\u0113ptas spiedpogas, priek\u0161\u0113j\u0101s kabatas, kr\u016b\u0161u kabata. Aizmugur\u0113j\u0101 \u0161\u0137\u0113lums.  Viegls materi\u0101ls, kas nodro\u0161ina maksim\u0101lu kust\u012bbu komfortu.  Materi\u0101ls: 100% kokvilna\/215 g\/m\u00b2  Kop\u0161ana: 95\u00b0 mazg\u0101\u0161ana ve\u013cas ma\u0161\u012bn\u0101, viegla kop\u0161ana. Viegls \u017e\u0101v\u0113\u0161anas process. Profesion\u0101la \u0137\u012bmisk\u0101 t\u012br\u012b\u0161ana.  Pieejams izm\u0113ros: (UK) 6-30.","og_url":"https:\/\/simonjersey.eu\/lv\/produkts\/bpsieviesu-medicinas-halats-ar-klasisku-apkakli\/","og_site_name":"Simon Jersey Latvija","article_modified_time":"2026-03-05T08:55:38+00:00","og_image":[{"width":1200,"height":1688,"url":"https:\/\/simonjersey.eu\/lv\/wp-content\/uploads\/sites\/2\/2026\/03\/Naiste-arsti-kittel.jpg","type":"image\/jpeg"}],"twitter_card":"summary_large_image","twitter_misc":{"Est. reading time":"1 min\u016bte"},"schema":{"@context":"https:\/\/schema.org","@graph":[{"@type":"WebPage","@id":"https:\/\/simonjersey.eu\/lv\/produkts\/bpsieviesu-medicinas-halats-ar-klasisku-apkakli\/","url":"https:\/\/simonjersey.eu\/lv\/produkts\/bpsieviesu-medicinas-halats-ar-klasisku-apkakli\/","name":"BP\u00aeSIEVIE\u0160U MEDIC\u012aNAS HAL\u0100TS AR KLASISKU APKAKLI - Simon Jersey Latvija","isPartOf":{"@id":"https:\/\/simonjersey.eu\/lv\/#website"},"primaryImageOfPage":{"@id":"https:\/\/simonjersey.eu\/lv\/produkts\/bpsieviesu-medicinas-halats-ar-klasisku-apkakli\/#primaryimage"},"image":{"@id":"https:\/\/simonjersey.eu\/lv\/produkts\/bpsieviesu-medicinas-halats-ar-klasisku-apkakli\/#primaryimage"},"thumbnailUrl":"https:\/\/simonjersey.eu\/lv\/wp-content\/uploads\/sites\/2\/2026\/03\/Naiste-arsti-kittel.jpg","datePublished":"2026-03-05T08:49:42+00:00","dateModified":"2026-03-05T08:55:38+00:00","breadcrumb":{"@id":"https:\/\/simonjersey.eu\/lv\/produkts\/bpsieviesu-medicinas-halats-ar-klasisku-apkakli\/#breadcrumb"},"inLanguage":"lv-LV","potentialAction":[{"@type":"ReadAction","target":["https:\/\/simonjersey.eu\/lv\/produkts\/bpsieviesu-medicinas-halats-ar-klasisku-apkakli\/"]}]},{"@type":"ImageObject","inLanguage":"lv-LV","@id":"https:\/\/simonjersey.eu\/lv\/produkts\/bpsieviesu-medicinas-halats-ar-klasisku-apkakli\/#primaryimage","url":"https:\/\/simonjersey.eu\/lv\/wp-content\/uploads\/sites\/2\/2026\/03\/Naiste-arsti-kittel.jpg","contentUrl":"https:\/\/simonjersey.eu\/lv\/wp-content\/uploads\/sites\/2\/2026\/03\/Naiste-arsti-kittel.jpg","width":1200,"height":1688},{"@type":"BreadcrumbList","@id":"https:\/\/simonjersey.eu\/lv\/produkts\/bpsieviesu-medicinas-halats-ar-klasisku-apkakli\/#breadcrumb","itemListElement":[{"@type":"ListItem","position":1,"name":"Home","item":"https:\/\/simonjersey.eu\/lv\/"},{"@type":"ListItem","position":2,"name":"E-veikals","item":"https:\/\/simonjersey.eu\/lv\/e-veikals\/"},{"@type":"ListItem","position":3,"name":"BP\u00aeSIEVIE\u0160U MEDIC\u012aNAS HAL\u0100TS AR KLASISKU APKAKLI"}]},{"@type":"WebSite","@id":"https:\/\/simonjersey.eu\/lv\/#website","url":"https:\/\/simonjersey.eu\/lv\/","name":"Simon Jersey Latvija","description":"Kvalitat\u012bvi un iztur\u012bgi darba ap\u0123\u0113rbi","potentialAction":[{"@type":"SearchAction","target":{"@type":"EntryPoint","urlTemplate":"https:\/\/simonjersey.eu\/lv\/?s={search_term_string}"},"query-input":{"@type":"PropertyValueSpecification","valueRequired":true,"valueName":"search_term_string"}}],"inLanguage":"lv-LV"}]}},"_links":{"self":[{"href":"https:\/\/simonjersey.eu\/lv\/wp-json\/wp\/v2\/product\/9064","targetHints":{"allow":["GET"]}}],"collection":[{"href":"https:\/\/simonjersey.eu\/lv\/wp-json\/wp\/v2\/product"}],"about":[{"href":"https:\/\/simonjersey.eu\/lv\/wp-json\/wp\/v2\/types\/product"}],"wp:featuredmedia":[{"embeddable":true,"href":"https:\/\/simonjersey.eu\/lv\/wp-json\/wp\/v2\/media\/9066"}],"wp:attachment":[{"href":"https:\/\/simonjersey.eu\/lv\/wp-json\/wp\/v2\/media?parent=9064"}],"wp:term":[{"taxonomy":"product_brand","embeddable":true,"href":"https:\/\/simonjersey.eu\/lv\/wp-json\/wp\/v2\/product_brand?post=9064"},{"taxonomy":"product_cat","embeddable":true,"href":"https:\/\/simonjersey.eu\/lv\/wp-json\/wp\/v2\/product_cat?post=9064"},{"taxonomy":"product_tag","embeddable":true,"href":"https:\/\/simonjersey.eu\/lv\/wp-json\/wp\/v2\/product_tag?post=9064"}],"curies":[{"name":"wp","href":"https:\/\/api.w.org\/{rel}","templated":true}]}}