{"id":9144,"date":"2026-03-20T15:01:07","date_gmt":"2026-03-20T12:01:07","guid":{"rendered":"https:\/\/simonjersey.eu\/lv\/?post_type=product&#038;p=9144"},"modified":"2026-03-20T15:07:21","modified_gmt":"2026-03-20T12:07:21","slug":"stiligs-servisa-prieksauts-ar-augsdalu","status":"publish","type":"product","link":"https:\/\/simonjersey.eu\/lv\/produkts\/stiligs-servisa-prieksauts-ar-augsdalu\/","title":{"rendered":"Stil\u012bgs servisa priek\u0161auts ar aug\u0161da\u013cu"},"content":{"rendered":"","protected":false},"excerpt":{"rendered":"<p>Skaisti veidots priek\u0161auts ar smalk\u0101m dizaina deta\u013c\u0101m. Priek\u0161auta auklas aug\u0161da\u013ca ir nostiprin\u0101ta ar \u0101das akcentiem un met\u0101la klip\u0161iem, kas piestiprin\u0101s pie met\u0101la cilp\u0101m. Priek\u0161auta auklas ir krust\u0101m \u0161\u0137\u0113rs\u0101m p\u0101rvilktas p\u0101ri mugurai, izvilktas caur jostas cilp\u0101m un eleganti sasienamas aizmugur\u0113. Priek\u0161auta galvenaj\u0101 da\u013c\u0101 ir tr\u012bs lieli ar knied\u0113m nostiprin\u0101ti kabatas, k\u0101 ar\u012b ir maz\u0101ka kabata z\u012bmu\u013ca glab\u0101\u0161anai. Kokvilnas un p\u0101rstr\u0101d\u0101ta poliestera auduma mais\u012bjums pie\u0161\u0137ir \u0161im klip\u0161u priek\u0161autam iztur\u012bbu, formu un pat\u012bkamu m\u012bkstuma saj\u016btu.<\/p>\n<p>AUDUMS: Sast\u0101vs: 60% kokvilna, 40% p\u0101rstr\u0101d\u0101ts poliesters<\/p>\n<p>Svars: 310 gsm<\/p>\n<p>Mazg\u0101t ve\u013casma\u0161\u012bn\u0101 60\u00b0<\/p>\n","protected":false},"featured_media":9150,"template":"","meta":[],"product_brand":[],"product_cat":[28,55,113],"product_tag":[],"class_list":{"0":"post-9144","1":"product","2":"type-product","3":"status-publish","4":"has-post-thumbnail","6":"product_cat-prieksauti","7":"product_cat-prieksauti-viesmiliba","8":"product_cat-prieksauti-2","10":"first","11":"instock","12":"taxable","13":"shipping-taxable","14":"purchasable","15":"product-type-variable"},"yoast_head":"<!-- This site is optimized with the Yoast SEO plugin v27.2 - https:\/\/yoast.com\/product\/yoast-seo-wordpress\/ -->\n<title>Stil\u012bgs servisa priek\u0161auts ar aug\u0161da\u013cu - Simon Jersey Latvija<\/title>\n<meta name=\"robots\" content=\"index, follow, max-snippet:-1, max-image-preview:large, max-video-preview:-1\" \/>\n<link rel=\"canonical\" href=\"https:\/\/simonjersey.eu\/lv\/produkts\/stiligs-servisa-prieksauts-ar-augsdalu\/\" \/>\n<meta property=\"og:locale\" content=\"lv_LV\" \/>\n<meta property=\"og:type\" content=\"article\" \/>\n<meta property=\"og:title\" content=\"Stil\u012bgs servisa priek\u0161auts ar aug\u0161da\u013cu - Simon Jersey Latvija\" \/>\n<meta property=\"og:description\" content=\"Skaisti veidots priek\u0161auts ar smalk\u0101m dizaina deta\u013c\u0101m. Priek\u0161auta auklas aug\u0161da\u013ca ir nostiprin\u0101ta ar \u0101das akcentiem un met\u0101la klip\u0161iem, kas piestiprin\u0101s pie met\u0101la cilp\u0101m. Priek\u0161auta auklas ir krust\u0101m \u0161\u0137\u0113rs\u0101m p\u0101rvilktas p\u0101ri mugurai, izvilktas caur jostas cilp\u0101m un eleganti sasienamas aizmugur\u0113. Priek\u0161auta galvenaj\u0101 da\u013c\u0101 ir tr\u012bs lieli ar knied\u0113m nostiprin\u0101ti kabatas, k\u0101 ar\u012b ir maz\u0101ka kabata z\u012bmu\u013ca glab\u0101\u0161anai. Kokvilnas un p\u0101rstr\u0101d\u0101ta poliestera auduma mais\u012bjums pie\u0161\u0137ir \u0161im klip\u0161u priek\u0161autam iztur\u012bbu, formu un pat\u012bkamu m\u012bkstuma saj\u016btu.  AUDUMS: Sast\u0101vs: 60% kokvilna, 40% p\u0101rstr\u0101d\u0101ts poliesters  Svars: 310 gsm  Mazg\u0101t ve\u013casma\u0161\u012bn\u0101 60\u00b0\" \/>\n<meta property=\"og:url\" content=\"https:\/\/simonjersey.eu\/lv\/produkts\/stiligs-servisa-prieksauts-ar-augsdalu\/\" \/>\n<meta property=\"og:site_name\" content=\"Simon Jersey Latvija\" \/>\n<meta property=\"article:modified_time\" content=\"2026-03-20T12:07:21+00:00\" \/>\n<meta property=\"og:image\" content=\"https:\/\/simonjersey.eu\/lv\/wp-content\/uploads\/sites\/2\/2026\/03\/PR182_-bib-apron-black.jpg\" \/>\n\t<meta property=\"og:image:width\" content=\"1200\" \/>\n\t<meta property=\"og:image:height\" content=\"1525\" \/>\n\t<meta property=\"og:image:type\" content=\"image\/jpeg\" \/>\n<meta name=\"twitter:card\" content=\"summary_large_image\" \/>\n<meta name=\"twitter:label1\" content=\"Est. reading time\" \/>\n\t<meta name=\"twitter:data1\" content=\"1 min\u016bte\" \/>\n<script type=\"application\/ld+json\" class=\"yoast-schema-graph\">{\"@context\":\"https:\/\/schema.org\",\"@graph\":[{\"@type\":\"WebPage\",\"@id\":\"https:\/\/simonjersey.eu\/lv\/produkts\/stiligs-servisa-prieksauts-ar-augsdalu\/\",\"url\":\"https:\/\/simonjersey.eu\/lv\/produkts\/stiligs-servisa-prieksauts-ar-augsdalu\/\",\"name\":\"Stil\u012bgs servisa priek\u0161auts ar aug\u0161da\u013cu - Simon Jersey Latvija\",\"isPartOf\":{\"@id\":\"https:\/\/simonjersey.eu\/lv\/#website\"},\"primaryImageOfPage\":{\"@id\":\"https:\/\/simonjersey.eu\/lv\/produkts\/stiligs-servisa-prieksauts-ar-augsdalu\/#primaryimage\"},\"image\":{\"@id\":\"https:\/\/simonjersey.eu\/lv\/produkts\/stiligs-servisa-prieksauts-ar-augsdalu\/#primaryimage\"},\"thumbnailUrl\":\"https:\/\/simonjersey.eu\/lv\/wp-content\/uploads\/sites\/2\/2026\/03\/PR182_-bib-apron-black.jpg\",\"datePublished\":\"2026-03-20T12:01:07+00:00\",\"dateModified\":\"2026-03-20T12:07:21+00:00\",\"breadcrumb\":{\"@id\":\"https:\/\/simonjersey.eu\/lv\/produkts\/stiligs-servisa-prieksauts-ar-augsdalu\/#breadcrumb\"},\"inLanguage\":\"lv-LV\",\"potentialAction\":[{\"@type\":\"ReadAction\",\"target\":[\"https:\/\/simonjersey.eu\/lv\/produkts\/stiligs-servisa-prieksauts-ar-augsdalu\/\"]}]},{\"@type\":\"ImageObject\",\"inLanguage\":\"lv-LV\",\"@id\":\"https:\/\/simonjersey.eu\/lv\/produkts\/stiligs-servisa-prieksauts-ar-augsdalu\/#primaryimage\",\"url\":\"https:\/\/simonjersey.eu\/lv\/wp-content\/uploads\/sites\/2\/2026\/03\/PR182_-bib-apron-black.jpg\",\"contentUrl\":\"https:\/\/simonjersey.eu\/lv\/wp-content\/uploads\/sites\/2\/2026\/03\/PR182_-bib-apron-black.jpg\",\"width\":1200,\"height\":1525},{\"@type\":\"BreadcrumbList\",\"@id\":\"https:\/\/simonjersey.eu\/lv\/produkts\/stiligs-servisa-prieksauts-ar-augsdalu\/#breadcrumb\",\"itemListElement\":[{\"@type\":\"ListItem\",\"position\":1,\"name\":\"Home\",\"item\":\"https:\/\/simonjersey.eu\/lv\/\"},{\"@type\":\"ListItem\",\"position\":2,\"name\":\"E-veikals\",\"item\":\"https:\/\/simonjersey.eu\/lv\/e-veikals\/\"},{\"@type\":\"ListItem\",\"position\":3,\"name\":\"Stil\u012bgs servisa priek\u0161auts ar aug\u0161da\u013cu\"}]},{\"@type\":\"WebSite\",\"@id\":\"https:\/\/simonjersey.eu\/lv\/#website\",\"url\":\"https:\/\/simonjersey.eu\/lv\/\",\"name\":\"Simon Jersey Latvija\",\"description\":\"Kvalitat\u012bvi un iztur\u012bgi darba ap\u0123\u0113rbi\",\"potentialAction\":[{\"@type\":\"SearchAction\",\"target\":{\"@type\":\"EntryPoint\",\"urlTemplate\":\"https:\/\/simonjersey.eu\/lv\/?s={search_term_string}\"},\"query-input\":{\"@type\":\"PropertyValueSpecification\",\"valueRequired\":true,\"valueName\":\"search_term_string\"}}],\"inLanguage\":\"lv-LV\"}]}<\/script>\n<!-- \/ Yoast SEO plugin. -->","yoast_head_json":{"title":"Stil\u012bgs servisa priek\u0161auts ar aug\u0161da\u013cu - Simon Jersey Latvija","robots":{"index":"index","follow":"follow","max-snippet":"max-snippet:-1","max-image-preview":"max-image-preview:large","max-video-preview":"max-video-preview:-1"},"canonical":"https:\/\/simonjersey.eu\/lv\/produkts\/stiligs-servisa-prieksauts-ar-augsdalu\/","og_locale":"lv_LV","og_type":"article","og_title":"Stil\u012bgs servisa priek\u0161auts ar aug\u0161da\u013cu - Simon Jersey Latvija","og_description":"Skaisti veidots priek\u0161auts ar smalk\u0101m dizaina deta\u013c\u0101m. Priek\u0161auta auklas aug\u0161da\u013ca ir nostiprin\u0101ta ar \u0101das akcentiem un met\u0101la klip\u0161iem, kas piestiprin\u0101s pie met\u0101la cilp\u0101m. Priek\u0161auta auklas ir krust\u0101m \u0161\u0137\u0113rs\u0101m p\u0101rvilktas p\u0101ri mugurai, izvilktas caur jostas cilp\u0101m un eleganti sasienamas aizmugur\u0113. Priek\u0161auta galvenaj\u0101 da\u013c\u0101 ir tr\u012bs lieli ar knied\u0113m nostiprin\u0101ti kabatas, k\u0101 ar\u012b ir maz\u0101ka kabata z\u012bmu\u013ca glab\u0101\u0161anai. Kokvilnas un p\u0101rstr\u0101d\u0101ta poliestera auduma mais\u012bjums pie\u0161\u0137ir \u0161im klip\u0161u priek\u0161autam iztur\u012bbu, formu un pat\u012bkamu m\u012bkstuma saj\u016btu.  AUDUMS: Sast\u0101vs: 60% kokvilna, 40% p\u0101rstr\u0101d\u0101ts poliesters  Svars: 310 gsm  Mazg\u0101t ve\u013casma\u0161\u012bn\u0101 60\u00b0","og_url":"https:\/\/simonjersey.eu\/lv\/produkts\/stiligs-servisa-prieksauts-ar-augsdalu\/","og_site_name":"Simon Jersey Latvija","article_modified_time":"2026-03-20T12:07:21+00:00","og_image":[{"width":1200,"height":1525,"url":"https:\/\/simonjersey.eu\/lv\/wp-content\/uploads\/sites\/2\/2026\/03\/PR182_-bib-apron-black.jpg","type":"image\/jpeg"}],"twitter_card":"summary_large_image","twitter_misc":{"Est. reading time":"1 min\u016bte"},"schema":{"@context":"https:\/\/schema.org","@graph":[{"@type":"WebPage","@id":"https:\/\/simonjersey.eu\/lv\/produkts\/stiligs-servisa-prieksauts-ar-augsdalu\/","url":"https:\/\/simonjersey.eu\/lv\/produkts\/stiligs-servisa-prieksauts-ar-augsdalu\/","name":"Stil\u012bgs servisa priek\u0161auts ar aug\u0161da\u013cu - Simon Jersey Latvija","isPartOf":{"@id":"https:\/\/simonjersey.eu\/lv\/#website"},"primaryImageOfPage":{"@id":"https:\/\/simonjersey.eu\/lv\/produkts\/stiligs-servisa-prieksauts-ar-augsdalu\/#primaryimage"},"image":{"@id":"https:\/\/simonjersey.eu\/lv\/produkts\/stiligs-servisa-prieksauts-ar-augsdalu\/#primaryimage"},"thumbnailUrl":"https:\/\/simonjersey.eu\/lv\/wp-content\/uploads\/sites\/2\/2026\/03\/PR182_-bib-apron-black.jpg","datePublished":"2026-03-20T12:01:07+00:00","dateModified":"2026-03-20T12:07:21+00:00","breadcrumb":{"@id":"https:\/\/simonjersey.eu\/lv\/produkts\/stiligs-servisa-prieksauts-ar-augsdalu\/#breadcrumb"},"inLanguage":"lv-LV","potentialAction":[{"@type":"ReadAction","target":["https:\/\/simonjersey.eu\/lv\/produkts\/stiligs-servisa-prieksauts-ar-augsdalu\/"]}]},{"@type":"ImageObject","inLanguage":"lv-LV","@id":"https:\/\/simonjersey.eu\/lv\/produkts\/stiligs-servisa-prieksauts-ar-augsdalu\/#primaryimage","url":"https:\/\/simonjersey.eu\/lv\/wp-content\/uploads\/sites\/2\/2026\/03\/PR182_-bib-apron-black.jpg","contentUrl":"https:\/\/simonjersey.eu\/lv\/wp-content\/uploads\/sites\/2\/2026\/03\/PR182_-bib-apron-black.jpg","width":1200,"height":1525},{"@type":"BreadcrumbList","@id":"https:\/\/simonjersey.eu\/lv\/produkts\/stiligs-servisa-prieksauts-ar-augsdalu\/#breadcrumb","itemListElement":[{"@type":"ListItem","position":1,"name":"Home","item":"https:\/\/simonjersey.eu\/lv\/"},{"@type":"ListItem","position":2,"name":"E-veikals","item":"https:\/\/simonjersey.eu\/lv\/e-veikals\/"},{"@type":"ListItem","position":3,"name":"Stil\u012bgs servisa priek\u0161auts ar aug\u0161da\u013cu"}]},{"@type":"WebSite","@id":"https:\/\/simonjersey.eu\/lv\/#website","url":"https:\/\/simonjersey.eu\/lv\/","name":"Simon Jersey Latvija","description":"Kvalitat\u012bvi un iztur\u012bgi darba ap\u0123\u0113rbi","potentialAction":[{"@type":"SearchAction","target":{"@type":"EntryPoint","urlTemplate":"https:\/\/simonjersey.eu\/lv\/?s={search_term_string}"},"query-input":{"@type":"PropertyValueSpecification","valueRequired":true,"valueName":"search_term_string"}}],"inLanguage":"lv-LV"}]}},"_links":{"self":[{"href":"https:\/\/simonjersey.eu\/lv\/wp-json\/wp\/v2\/product\/9144","targetHints":{"allow":["GET"]}}],"collection":[{"href":"https:\/\/simonjersey.eu\/lv\/wp-json\/wp\/v2\/product"}],"about":[{"href":"https:\/\/simonjersey.eu\/lv\/wp-json\/wp\/v2\/types\/product"}],"wp:featuredmedia":[{"embeddable":true,"href":"https:\/\/simonjersey.eu\/lv\/wp-json\/wp\/v2\/media\/9150"}],"wp:attachment":[{"href":"https:\/\/simonjersey.eu\/lv\/wp-json\/wp\/v2\/media?parent=9144"}],"wp:term":[{"taxonomy":"product_brand","embeddable":true,"href":"https:\/\/simonjersey.eu\/lv\/wp-json\/wp\/v2\/product_brand?post=9144"},{"taxonomy":"product_cat","embeddable":true,"href":"https:\/\/simonjersey.eu\/lv\/wp-json\/wp\/v2\/product_cat?post=9144"},{"taxonomy":"product_tag","embeddable":true,"href":"https:\/\/simonjersey.eu\/lv\/wp-json\/wp\/v2\/product_tag?post=9144"}],"curies":[{"name":"wp","href":"https:\/\/api.w.org\/{rel}","templated":true}]}}