{"id":9177,"date":"2026-04-01T15:39:55","date_gmt":"2026-04-01T12:39:55","guid":{"rendered":"https:\/\/simonjersey.eu\/lv\/?post_type=product&#038;p=9177"},"modified":"2026-04-01T15:44:07","modified_gmt":"2026-04-01T12:44:07","slug":"krekla-stila-kleita","status":"publish","type":"product","link":"https:\/\/simonjersey.eu\/lv\/produkts\/krekla-stila-kleita\/","title":{"rendered":"Krekla stila kleita"},"content":{"rendered":"","protected":false},"excerpt":{"rendered":"<p>Eleganta <strong>krekla stila kleita <\/strong>apvieno komfortu un modernu siluetu. Kleitai ir klasiska apkakle un viegli zvana formas piegriezums. Paaugstin\u0101t\u0101 viduk\u013ca l\u012bnija \u013cauj kleitai br\u012bvi un skaisti krist, radot sievi\u0161\u0137\u012bgu siluetu. Praktisk\u0101s s\u0101nu kabatas priek\u0161pus\u0113 nodro\u0161ina papildu \u0113rt\u012bbu, bet sl\u0113ptais s\u0101nu r\u0101v\u0113jsl\u0113dz\u0113js atvieglo kleitas uzvilk\u0161anu.<\/p>\n<p>Kleita ir izgatavota no m\u012bksta un nedaudz elast\u012bga materi\u0101la, kas satur <strong>p\u0101rstr\u0101d\u0101tu poliesteru<\/strong>, nodro\u0161inot gan komfortu, gan videi draudz\u012bg\u0101ku izv\u0113li. Ide\u0101li piem\u0113rota ikdienai, darbam vai br\u012bv\u0101 laika pas\u0101kumiem.<\/p>\n<p><strong>Produkta inform\u0101cija:<\/strong><\/p>\n<ul>\n<li>Klasiska krekla apkakle<\/li>\n<li>Viegli zvana formas, br\u012bvs piegriezums<\/li>\n<li>Paaugstin\u0101ta viduk\u013ca l\u012bnija, kas rada br\u012bvi kr\u012bto\u0161u siluetu<\/li>\n<li>Divas praktiskas s\u0101nu kabatas priek\u0161pus\u0113<\/li>\n<li>Sl\u0113pts s\u0101nu r\u0101v\u0113jsl\u0113dz\u0113js<\/li>\n<li>Muguras garums no centra (12. izm\u0113rs): 104,5 cm<\/li>\n<li>Materi\u0101ls: 96% p\u0101rstr\u0101d\u0101ts poliesteris, 4% elast\u0101ns<\/li>\n<\/ul>\n<p>Izm\u0113rs: (UK) 6-24<\/p>\n","protected":false},"featured_media":9183,"template":"","meta":[],"product_brand":[],"product_cat":[96,36,19,81,64,109],"product_tag":[],"class_list":{"0":"post-9177","1":"product","2":"type-product","3":"status-publish","4":"has-post-thumbnail","6":"product_cat-kleitas-sievietem-lietiskais-apgerbs","7":"product_cat-kleitas-sievietem","8":"product_cat-kleitas","9":"product_cat-kleitas-recepcija","10":"product_cat-kleitas-sievietem-viesmiliba","11":"product_cat-svarki-un-kleitas","13":"first","14":"instock","15":"taxable","16":"shipping-taxable","17":"purchasable","18":"product-type-variable","19":"has-default-attributes"},"yoast_head":"<!-- This site is optimized with the Yoast SEO plugin v27.2 - https:\/\/yoast.com\/product\/yoast-seo-wordpress\/ -->\n<title>Krekla stila kleita - Simon Jersey Latvija<\/title>\n<meta name=\"robots\" content=\"index, follow, max-snippet:-1, max-image-preview:large, max-video-preview:-1\" \/>\n<link rel=\"canonical\" href=\"https:\/\/simonjersey.eu\/lv\/produkts\/krekla-stila-kleita\/\" \/>\n<meta property=\"og:locale\" content=\"lv_LV\" \/>\n<meta property=\"og:type\" content=\"article\" \/>\n<meta property=\"og:title\" content=\"Krekla stila kleita - Simon Jersey Latvija\" \/>\n<meta property=\"og:description\" content=\"Eleganta krekla stila kleita apvieno komfortu un modernu siluetu. Kleitai ir klasiska apkakle un viegli zvana formas piegriezums. Paaugstin\u0101t\u0101 viduk\u013ca l\u012bnija \u013cauj kleitai br\u012bvi un skaisti krist, radot sievi\u0161\u0137\u012bgu siluetu. Praktisk\u0101s s\u0101nu kabatas priek\u0161pus\u0113 nodro\u0161ina papildu \u0113rt\u012bbu, bet sl\u0113ptais s\u0101nu r\u0101v\u0113jsl\u0113dz\u0113js atvieglo kleitas uzvilk\u0161anu.  Kleita ir izgatavota no m\u012bksta un nedaudz elast\u012bga materi\u0101la, kas satur p\u0101rstr\u0101d\u0101tu poliesteru, nodro\u0161inot gan komfortu, gan videi draudz\u012bg\u0101ku izv\u0113li. Ide\u0101li piem\u0113rota ikdienai, darbam vai br\u012bv\u0101 laika pas\u0101kumiem.  Produkta inform\u0101cija:   Klasiska krekla apkakle  Viegli zvana formas, br\u012bvs piegriezums  Paaugstin\u0101ta viduk\u013ca l\u012bnija, kas rada br\u012bvi kr\u012bto\u0161u siluetu  Divas praktiskas s\u0101nu kabatas priek\u0161pus\u0113  Sl\u0113pts s\u0101nu r\u0101v\u0113jsl\u0113dz\u0113js  Muguras garums no centra (12. izm\u0113rs): 104,5 cm  Materi\u0101ls: 96% p\u0101rstr\u0101d\u0101ts poliesteris, 4% elast\u0101ns  Izm\u0113rs: (UK) 6-24\" \/>\n<meta property=\"og:url\" content=\"https:\/\/simonjersey.eu\/lv\/produkts\/krekla-stila-kleita\/\" \/>\n<meta property=\"og:site_name\" content=\"Simon Jersey Latvija\" \/>\n<meta property=\"article:modified_time\" content=\"2026-04-01T12:44:07+00:00\" \/>\n<meta property=\"og:image\" content=\"https:\/\/simonjersey.eu\/lv\/wp-content\/uploads\/sites\/2\/2026\/04\/Virgo-Dress-Sand-700-x-1050.jpg\" \/>\n\t<meta property=\"og:image:width\" content=\"700\" \/>\n\t<meta property=\"og:image:height\" content=\"1050\" \/>\n\t<meta property=\"og:image:type\" content=\"image\/jpeg\" \/>\n<meta name=\"twitter:card\" content=\"summary_large_image\" \/>\n<meta name=\"twitter:label1\" content=\"Est. reading time\" \/>\n\t<meta name=\"twitter:data1\" content=\"1 min\u016bte\" \/>\n<script type=\"application\/ld+json\" class=\"yoast-schema-graph\">{\"@context\":\"https:\/\/schema.org\",\"@graph\":[{\"@type\":\"WebPage\",\"@id\":\"https:\/\/simonjersey.eu\/lv\/produkts\/krekla-stila-kleita\/\",\"url\":\"https:\/\/simonjersey.eu\/lv\/produkts\/krekla-stila-kleita\/\",\"name\":\"Krekla stila kleita - Simon Jersey Latvija\",\"isPartOf\":{\"@id\":\"https:\/\/simonjersey.eu\/lv\/#website\"},\"primaryImageOfPage\":{\"@id\":\"https:\/\/simonjersey.eu\/lv\/produkts\/krekla-stila-kleita\/#primaryimage\"},\"image\":{\"@id\":\"https:\/\/simonjersey.eu\/lv\/produkts\/krekla-stila-kleita\/#primaryimage\"},\"thumbnailUrl\":\"https:\/\/simonjersey.eu\/lv\/wp-content\/uploads\/sites\/2\/2026\/04\/Virgo-Dress-Sand-700-x-1050.jpg\",\"datePublished\":\"2026-04-01T12:39:55+00:00\",\"dateModified\":\"2026-04-01T12:44:07+00:00\",\"breadcrumb\":{\"@id\":\"https:\/\/simonjersey.eu\/lv\/produkts\/krekla-stila-kleita\/#breadcrumb\"},\"inLanguage\":\"lv-LV\",\"potentialAction\":[{\"@type\":\"ReadAction\",\"target\":[\"https:\/\/simonjersey.eu\/lv\/produkts\/krekla-stila-kleita\/\"]}]},{\"@type\":\"ImageObject\",\"inLanguage\":\"lv-LV\",\"@id\":\"https:\/\/simonjersey.eu\/lv\/produkts\/krekla-stila-kleita\/#primaryimage\",\"url\":\"https:\/\/simonjersey.eu\/lv\/wp-content\/uploads\/sites\/2\/2026\/04\/Virgo-Dress-Sand-700-x-1050.jpg\",\"contentUrl\":\"https:\/\/simonjersey.eu\/lv\/wp-content\/uploads\/sites\/2\/2026\/04\/Virgo-Dress-Sand-700-x-1050.jpg\",\"width\":700,\"height\":1050},{\"@type\":\"BreadcrumbList\",\"@id\":\"https:\/\/simonjersey.eu\/lv\/produkts\/krekla-stila-kleita\/#breadcrumb\",\"itemListElement\":[{\"@type\":\"ListItem\",\"position\":1,\"name\":\"Home\",\"item\":\"https:\/\/simonjersey.eu\/lv\/\"},{\"@type\":\"ListItem\",\"position\":2,\"name\":\"E-veikals\",\"item\":\"https:\/\/simonjersey.eu\/lv\/e-veikals\/\"},{\"@type\":\"ListItem\",\"position\":3,\"name\":\"Krekla stila kleita\"}]},{\"@type\":\"WebSite\",\"@id\":\"https:\/\/simonjersey.eu\/lv\/#website\",\"url\":\"https:\/\/simonjersey.eu\/lv\/\",\"name\":\"Simon Jersey Latvija\",\"description\":\"Kvalitat\u012bvi un iztur\u012bgi darba ap\u0123\u0113rbi\",\"potentialAction\":[{\"@type\":\"SearchAction\",\"target\":{\"@type\":\"EntryPoint\",\"urlTemplate\":\"https:\/\/simonjersey.eu\/lv\/?s={search_term_string}\"},\"query-input\":{\"@type\":\"PropertyValueSpecification\",\"valueRequired\":true,\"valueName\":\"search_term_string\"}}],\"inLanguage\":\"lv-LV\"}]}<\/script>\n<!-- \/ Yoast SEO plugin. -->","yoast_head_json":{"title":"Krekla stila kleita - Simon Jersey Latvija","robots":{"index":"index","follow":"follow","max-snippet":"max-snippet:-1","max-image-preview":"max-image-preview:large","max-video-preview":"max-video-preview:-1"},"canonical":"https:\/\/simonjersey.eu\/lv\/produkts\/krekla-stila-kleita\/","og_locale":"lv_LV","og_type":"article","og_title":"Krekla stila kleita - Simon Jersey Latvija","og_description":"Eleganta krekla stila kleita apvieno komfortu un modernu siluetu. Kleitai ir klasiska apkakle un viegli zvana formas piegriezums. Paaugstin\u0101t\u0101 viduk\u013ca l\u012bnija \u013cauj kleitai br\u012bvi un skaisti krist, radot sievi\u0161\u0137\u012bgu siluetu. Praktisk\u0101s s\u0101nu kabatas priek\u0161pus\u0113 nodro\u0161ina papildu \u0113rt\u012bbu, bet sl\u0113ptais s\u0101nu r\u0101v\u0113jsl\u0113dz\u0113js atvieglo kleitas uzvilk\u0161anu.  Kleita ir izgatavota no m\u012bksta un nedaudz elast\u012bga materi\u0101la, kas satur p\u0101rstr\u0101d\u0101tu poliesteru, nodro\u0161inot gan komfortu, gan videi draudz\u012bg\u0101ku izv\u0113li. Ide\u0101li piem\u0113rota ikdienai, darbam vai br\u012bv\u0101 laika pas\u0101kumiem.  Produkta inform\u0101cija:   Klasiska krekla apkakle  Viegli zvana formas, br\u012bvs piegriezums  Paaugstin\u0101ta viduk\u013ca l\u012bnija, kas rada br\u012bvi kr\u012bto\u0161u siluetu  Divas praktiskas s\u0101nu kabatas priek\u0161pus\u0113  Sl\u0113pts s\u0101nu r\u0101v\u0113jsl\u0113dz\u0113js  Muguras garums no centra (12. izm\u0113rs): 104,5 cm  Materi\u0101ls: 96% p\u0101rstr\u0101d\u0101ts poliesteris, 4% elast\u0101ns  Izm\u0113rs: (UK) 6-24","og_url":"https:\/\/simonjersey.eu\/lv\/produkts\/krekla-stila-kleita\/","og_site_name":"Simon Jersey Latvija","article_modified_time":"2026-04-01T12:44:07+00:00","og_image":[{"width":700,"height":1050,"url":"https:\/\/simonjersey.eu\/lv\/wp-content\/uploads\/sites\/2\/2026\/04\/Virgo-Dress-Sand-700-x-1050.jpg","type":"image\/jpeg"}],"twitter_card":"summary_large_image","twitter_misc":{"Est. reading time":"1 min\u016bte"},"schema":{"@context":"https:\/\/schema.org","@graph":[{"@type":"WebPage","@id":"https:\/\/simonjersey.eu\/lv\/produkts\/krekla-stila-kleita\/","url":"https:\/\/simonjersey.eu\/lv\/produkts\/krekla-stila-kleita\/","name":"Krekla stila kleita - Simon Jersey Latvija","isPartOf":{"@id":"https:\/\/simonjersey.eu\/lv\/#website"},"primaryImageOfPage":{"@id":"https:\/\/simonjersey.eu\/lv\/produkts\/krekla-stila-kleita\/#primaryimage"},"image":{"@id":"https:\/\/simonjersey.eu\/lv\/produkts\/krekla-stila-kleita\/#primaryimage"},"thumbnailUrl":"https:\/\/simonjersey.eu\/lv\/wp-content\/uploads\/sites\/2\/2026\/04\/Virgo-Dress-Sand-700-x-1050.jpg","datePublished":"2026-04-01T12:39:55+00:00","dateModified":"2026-04-01T12:44:07+00:00","breadcrumb":{"@id":"https:\/\/simonjersey.eu\/lv\/produkts\/krekla-stila-kleita\/#breadcrumb"},"inLanguage":"lv-LV","potentialAction":[{"@type":"ReadAction","target":["https:\/\/simonjersey.eu\/lv\/produkts\/krekla-stila-kleita\/"]}]},{"@type":"ImageObject","inLanguage":"lv-LV","@id":"https:\/\/simonjersey.eu\/lv\/produkts\/krekla-stila-kleita\/#primaryimage","url":"https:\/\/simonjersey.eu\/lv\/wp-content\/uploads\/sites\/2\/2026\/04\/Virgo-Dress-Sand-700-x-1050.jpg","contentUrl":"https:\/\/simonjersey.eu\/lv\/wp-content\/uploads\/sites\/2\/2026\/04\/Virgo-Dress-Sand-700-x-1050.jpg","width":700,"height":1050},{"@type":"BreadcrumbList","@id":"https:\/\/simonjersey.eu\/lv\/produkts\/krekla-stila-kleita\/#breadcrumb","itemListElement":[{"@type":"ListItem","position":1,"name":"Home","item":"https:\/\/simonjersey.eu\/lv\/"},{"@type":"ListItem","position":2,"name":"E-veikals","item":"https:\/\/simonjersey.eu\/lv\/e-veikals\/"},{"@type":"ListItem","position":3,"name":"Krekla stila kleita"}]},{"@type":"WebSite","@id":"https:\/\/simonjersey.eu\/lv\/#website","url":"https:\/\/simonjersey.eu\/lv\/","name":"Simon Jersey Latvija","description":"Kvalitat\u012bvi un iztur\u012bgi darba ap\u0123\u0113rbi","potentialAction":[{"@type":"SearchAction","target":{"@type":"EntryPoint","urlTemplate":"https:\/\/simonjersey.eu\/lv\/?s={search_term_string}"},"query-input":{"@type":"PropertyValueSpecification","valueRequired":true,"valueName":"search_term_string"}}],"inLanguage":"lv-LV"}]}},"_links":{"self":[{"href":"https:\/\/simonjersey.eu\/lv\/wp-json\/wp\/v2\/product\/9177","targetHints":{"allow":["GET"]}}],"collection":[{"href":"https:\/\/simonjersey.eu\/lv\/wp-json\/wp\/v2\/product"}],"about":[{"href":"https:\/\/simonjersey.eu\/lv\/wp-json\/wp\/v2\/types\/product"}],"wp:featuredmedia":[{"embeddable":true,"href":"https:\/\/simonjersey.eu\/lv\/wp-json\/wp\/v2\/media\/9183"}],"wp:attachment":[{"href":"https:\/\/simonjersey.eu\/lv\/wp-json\/wp\/v2\/media?parent=9177"}],"wp:term":[{"taxonomy":"product_brand","embeddable":true,"href":"https:\/\/simonjersey.eu\/lv\/wp-json\/wp\/v2\/product_brand?post=9177"},{"taxonomy":"product_cat","embeddable":true,"href":"https:\/\/simonjersey.eu\/lv\/wp-json\/wp\/v2\/product_cat?post=9177"},{"taxonomy":"product_tag","embeddable":true,"href":"https:\/\/simonjersey.eu\/lv\/wp-json\/wp\/v2\/product_tag?post=9177"}],"curies":[{"name":"wp","href":"https:\/\/api.w.org\/{rel}","templated":true}]}}