{"id":9237,"date":"2026-05-08T14:08:39","date_gmt":"2026-05-08T11:08:39","guid":{"rendered":"https:\/\/simonjersey.eu\/lv\/?post_type=product&#038;p=9237"},"modified":"2026-05-08T14:11:29","modified_gmt":"2026-05-08T11:11:29","slug":"isais-dzinsa-prieksauts","status":"publish","type":"product","link":"https:\/\/simonjersey.eu\/lv\/produkts\/isais-dzinsa-prieksauts\/","title":{"rendered":"\u012asais d\u017einsa priek\u0161auts"},"content":{"rendered":"","protected":false},"excerpt":{"rendered":"<p>Pie\u0161\u0137iriet savai komandai modernu izskatu ar m\u016bsu jauno praktisko priek\u0161autu.<\/p>\n<p>\u012asais d\u017einsa priek\u0161auts ir lieliski piem\u0113rots darba ap\u0123\u0113rba aizsardz\u012bbai.<\/p>\n<p>\u010cetras kabatas \u2014 ide\u0101li piem\u0113rotas maks\u0101jumu termin\u0101\u013ciem, pas\u016bt\u012bjumu blokiem un servisa piederumiem.<\/p>\n<p>Aug\u0161\u0113j\u0101s kabatas 24 cm platas x 27 cm dzi\u013cas un apak\u0161\u0113j\u0101s kabatas 24 cm platas x 16 cm dzi\u013cas.<\/p>\n<p>Priek\u0161auti\u0146a aukli\u0146as ir pietiekami garas, lai t\u0101s var\u0113tu dubultot un gl\u012bti sasiet priek\u0161pus\u0113, radot profesion\u0101lu izskatu.<\/p>\n<p>Priek\u0161auti\u0146a platums 7,0 cm un garums 39,5 cm.<\/p>\n<p>Sast\u0101vs: 70% kokvilna \/ 30% poliestera tv\u012bls, 275 g\/m\u00b2<\/p>\n<p>Kokvilnai bag\u0101ts d\u017einsa tv\u012bls ar iztur\u012bgu un nodilumiztur\u012bgu konstrukciju.<\/p>\n<p>Viegli kopjams mais\u012bjums, kas saglab\u0101 savu izskatu, regul\u0101ri mazg\u0101jot.<\/p>\n<p>Mazg\u0101jams ve\u013cas ma\u0161\u012bn\u0101 60 \u00b0C temperat\u016br\u0101 \u2014 nebalin\u0101t un ne\u017e\u0101v\u0113t ve\u013cas \u017e\u0101v\u0113t\u0101j\u0101.<\/p>\n","protected":false},"featured_media":9239,"template":"","meta":[],"product_brand":[],"product_cat":[46,28,55,113],"product_tag":[],"class_list":{"0":"post-9237","1":"product","2":"type-product","3":"status-publish","4":"has-post-thumbnail","6":"product_cat-pavaru-prieksauti","7":"product_cat-prieksauti","8":"product_cat-prieksauti-viesmiliba","9":"product_cat-prieksauti-2","11":"first","12":"instock","13":"taxable","14":"shipping-taxable","15":"purchasable","16":"product-type-variable"},"yoast_head":"<!-- This site is optimized with the Yoast SEO plugin v27.5 - https:\/\/yoast.com\/product\/yoast-seo-wordpress\/ -->\n<title>\u012asais d\u017einsa priek\u0161auts - Simon Jersey Latvija<\/title>\n<meta name=\"robots\" content=\"index, follow, max-snippet:-1, max-image-preview:large, max-video-preview:-1\" \/>\n<link rel=\"canonical\" href=\"https:\/\/simonjersey.eu\/lv\/produkts\/isais-dzinsa-prieksauts\/\" \/>\n<meta property=\"og:locale\" content=\"lv_LV\" \/>\n<meta property=\"og:type\" content=\"article\" \/>\n<meta property=\"og:title\" content=\"\u012asais d\u017einsa priek\u0161auts - Simon Jersey Latvija\" \/>\n<meta property=\"og:description\" content=\"Pie\u0161\u0137iriet savai komandai modernu izskatu ar m\u016bsu jauno praktisko priek\u0161autu.  \u012asais d\u017einsa priek\u0161auts ir lieliski piem\u0113rots darba ap\u0123\u0113rba aizsardz\u012bbai.  \u010cetras kabatas \u2014 ide\u0101li piem\u0113rotas maks\u0101jumu termin\u0101\u013ciem, pas\u016bt\u012bjumu blokiem un servisa piederumiem.  Aug\u0161\u0113j\u0101s kabatas 24 cm platas x 27 cm dzi\u013cas un apak\u0161\u0113j\u0101s kabatas 24 cm platas x 16 cm dzi\u013cas.  Priek\u0161auti\u0146a aukli\u0146as ir pietiekami garas, lai t\u0101s var\u0113tu dubultot un gl\u012bti sasiet priek\u0161pus\u0113, radot profesion\u0101lu izskatu.  Priek\u0161auti\u0146a platums 7,0 cm un garums 39,5 cm.  Sast\u0101vs: 70% kokvilna \/ 30% poliestera tv\u012bls, 275 g\/m\u00b2  Kokvilnai bag\u0101ts d\u017einsa tv\u012bls ar iztur\u012bgu un nodilumiztur\u012bgu konstrukciju.  Viegli kopjams mais\u012bjums, kas saglab\u0101 savu izskatu, regul\u0101ri mazg\u0101jot.  Mazg\u0101jams ve\u013cas ma\u0161\u012bn\u0101 60 \u00b0C temperat\u016br\u0101 \u2014 nebalin\u0101t un ne\u017e\u0101v\u0113t ve\u013cas \u017e\u0101v\u0113t\u0101j\u0101.\" \/>\n<meta property=\"og:url\" content=\"https:\/\/simonjersey.eu\/lv\/produkts\/isais-dzinsa-prieksauts\/\" \/>\n<meta property=\"og:site_name\" content=\"Simon Jersey Latvija\" \/>\n<meta property=\"article:modified_time\" content=\"2026-05-08T11:11:29+00:00\" \/>\n<meta property=\"og:image\" content=\"https:\/\/simonjersey.eu\/lv\/wp-content\/uploads\/sites\/2\/2026\/05\/denim-short-apron-p4491-428948_image.png\" \/>\n\t<meta property=\"og:image:width\" content=\"1000\" \/>\n\t<meta property=\"og:image:height\" content=\"1500\" \/>\n\t<meta property=\"og:image:type\" content=\"image\/png\" \/>\n<meta name=\"twitter:card\" content=\"summary_large_image\" \/>\n<meta name=\"twitter:label1\" content=\"Est. reading time\" \/>\n\t<meta name=\"twitter:data1\" content=\"1 min\u016bte\" \/>\n<script type=\"application\/ld+json\" class=\"yoast-schema-graph\">{\"@context\":\"https:\\\/\\\/schema.org\",\"@graph\":[{\"@type\":\"WebPage\",\"@id\":\"https:\\\/\\\/simonjersey.eu\\\/lv\\\/produkts\\\/isais-dzinsa-prieksauts\\\/\",\"url\":\"https:\\\/\\\/simonjersey.eu\\\/lv\\\/produkts\\\/isais-dzinsa-prieksauts\\\/\",\"name\":\"\u012asais d\u017einsa priek\u0161auts - Simon Jersey Latvija\",\"isPartOf\":{\"@id\":\"https:\\\/\\\/simonjersey.eu\\\/lv\\\/#website\"},\"primaryImageOfPage\":{\"@id\":\"https:\\\/\\\/simonjersey.eu\\\/lv\\\/produkts\\\/isais-dzinsa-prieksauts\\\/#primaryimage\"},\"image\":{\"@id\":\"https:\\\/\\\/simonjersey.eu\\\/lv\\\/produkts\\\/isais-dzinsa-prieksauts\\\/#primaryimage\"},\"thumbnailUrl\":\"https:\\\/\\\/simonjersey.eu\\\/lv\\\/wp-content\\\/uploads\\\/sites\\\/2\\\/2026\\\/05\\\/denim-short-apron-p4491-428948_image.png\",\"datePublished\":\"2026-05-08T11:08:39+00:00\",\"dateModified\":\"2026-05-08T11:11:29+00:00\",\"breadcrumb\":{\"@id\":\"https:\\\/\\\/simonjersey.eu\\\/lv\\\/produkts\\\/isais-dzinsa-prieksauts\\\/#breadcrumb\"},\"inLanguage\":\"lv-LV\",\"potentialAction\":[{\"@type\":\"ReadAction\",\"target\":[\"https:\\\/\\\/simonjersey.eu\\\/lv\\\/produkts\\\/isais-dzinsa-prieksauts\\\/\"]}]},{\"@type\":\"ImageObject\",\"inLanguage\":\"lv-LV\",\"@id\":\"https:\\\/\\\/simonjersey.eu\\\/lv\\\/produkts\\\/isais-dzinsa-prieksauts\\\/#primaryimage\",\"url\":\"https:\\\/\\\/simonjersey.eu\\\/lv\\\/wp-content\\\/uploads\\\/sites\\\/2\\\/2026\\\/05\\\/denim-short-apron-p4491-428948_image.png\",\"contentUrl\":\"https:\\\/\\\/simonjersey.eu\\\/lv\\\/wp-content\\\/uploads\\\/sites\\\/2\\\/2026\\\/05\\\/denim-short-apron-p4491-428948_image.png\",\"width\":1000,\"height\":1500},{\"@type\":\"BreadcrumbList\",\"@id\":\"https:\\\/\\\/simonjersey.eu\\\/lv\\\/produkts\\\/isais-dzinsa-prieksauts\\\/#breadcrumb\",\"itemListElement\":[{\"@type\":\"ListItem\",\"position\":1,\"name\":\"Home\",\"item\":\"https:\\\/\\\/simonjersey.eu\\\/lv\\\/\"},{\"@type\":\"ListItem\",\"position\":2,\"name\":\"E-veikals\",\"item\":\"https:\\\/\\\/simonjersey.eu\\\/lv\\\/e-veikals\\\/\"},{\"@type\":\"ListItem\",\"position\":3,\"name\":\"\u012asais d\u017einsa priek\u0161auts\"}]},{\"@type\":\"WebSite\",\"@id\":\"https:\\\/\\\/simonjersey.eu\\\/lv\\\/#website\",\"url\":\"https:\\\/\\\/simonjersey.eu\\\/lv\\\/\",\"name\":\"Simon Jersey Latvija\",\"description\":\"Kvalitat\u012bvi un iztur\u012bgi darba ap\u0123\u0113rbi\",\"potentialAction\":[{\"@type\":\"SearchAction\",\"target\":{\"@type\":\"EntryPoint\",\"urlTemplate\":\"https:\\\/\\\/simonjersey.eu\\\/lv\\\/?s={search_term_string}\"},\"query-input\":{\"@type\":\"PropertyValueSpecification\",\"valueRequired\":true,\"valueName\":\"search_term_string\"}}],\"inLanguage\":\"lv-LV\"}]}<\/script>\n<!-- \/ Yoast SEO plugin. -->","yoast_head_json":{"title":"\u012asais d\u017einsa priek\u0161auts - Simon Jersey Latvija","robots":{"index":"index","follow":"follow","max-snippet":"max-snippet:-1","max-image-preview":"max-image-preview:large","max-video-preview":"max-video-preview:-1"},"canonical":"https:\/\/simonjersey.eu\/lv\/produkts\/isais-dzinsa-prieksauts\/","og_locale":"lv_LV","og_type":"article","og_title":"\u012asais d\u017einsa priek\u0161auts - Simon Jersey Latvija","og_description":"Pie\u0161\u0137iriet savai komandai modernu izskatu ar m\u016bsu jauno praktisko priek\u0161autu.  \u012asais d\u017einsa priek\u0161auts ir lieliski piem\u0113rots darba ap\u0123\u0113rba aizsardz\u012bbai.  \u010cetras kabatas \u2014 ide\u0101li piem\u0113rotas maks\u0101jumu termin\u0101\u013ciem, pas\u016bt\u012bjumu blokiem un servisa piederumiem.  Aug\u0161\u0113j\u0101s kabatas 24 cm platas x 27 cm dzi\u013cas un apak\u0161\u0113j\u0101s kabatas 24 cm platas x 16 cm dzi\u013cas.  Priek\u0161auti\u0146a aukli\u0146as ir pietiekami garas, lai t\u0101s var\u0113tu dubultot un gl\u012bti sasiet priek\u0161pus\u0113, radot profesion\u0101lu izskatu.  Priek\u0161auti\u0146a platums 7,0 cm un garums 39,5 cm.  Sast\u0101vs: 70% kokvilna \/ 30% poliestera tv\u012bls, 275 g\/m\u00b2  Kokvilnai bag\u0101ts d\u017einsa tv\u012bls ar iztur\u012bgu un nodilumiztur\u012bgu konstrukciju.  Viegli kopjams mais\u012bjums, kas saglab\u0101 savu izskatu, regul\u0101ri mazg\u0101jot.  Mazg\u0101jams ve\u013cas ma\u0161\u012bn\u0101 60 \u00b0C temperat\u016br\u0101 \u2014 nebalin\u0101t un ne\u017e\u0101v\u0113t ve\u013cas \u017e\u0101v\u0113t\u0101j\u0101.","og_url":"https:\/\/simonjersey.eu\/lv\/produkts\/isais-dzinsa-prieksauts\/","og_site_name":"Simon Jersey Latvija","article_modified_time":"2026-05-08T11:11:29+00:00","og_image":[{"width":1000,"height":1500,"url":"https:\/\/simonjersey.eu\/lv\/wp-content\/uploads\/sites\/2\/2026\/05\/denim-short-apron-p4491-428948_image.png","type":"image\/png"}],"twitter_card":"summary_large_image","twitter_misc":{"Est. reading time":"1 min\u016bte"},"schema":{"@context":"https:\/\/schema.org","@graph":[{"@type":"WebPage","@id":"https:\/\/simonjersey.eu\/lv\/produkts\/isais-dzinsa-prieksauts\/","url":"https:\/\/simonjersey.eu\/lv\/produkts\/isais-dzinsa-prieksauts\/","name":"\u012asais d\u017einsa priek\u0161auts - Simon Jersey Latvija","isPartOf":{"@id":"https:\/\/simonjersey.eu\/lv\/#website"},"primaryImageOfPage":{"@id":"https:\/\/simonjersey.eu\/lv\/produkts\/isais-dzinsa-prieksauts\/#primaryimage"},"image":{"@id":"https:\/\/simonjersey.eu\/lv\/produkts\/isais-dzinsa-prieksauts\/#primaryimage"},"thumbnailUrl":"https:\/\/simonjersey.eu\/lv\/wp-content\/uploads\/sites\/2\/2026\/05\/denim-short-apron-p4491-428948_image.png","datePublished":"2026-05-08T11:08:39+00:00","dateModified":"2026-05-08T11:11:29+00:00","breadcrumb":{"@id":"https:\/\/simonjersey.eu\/lv\/produkts\/isais-dzinsa-prieksauts\/#breadcrumb"},"inLanguage":"lv-LV","potentialAction":[{"@type":"ReadAction","target":["https:\/\/simonjersey.eu\/lv\/produkts\/isais-dzinsa-prieksauts\/"]}]},{"@type":"ImageObject","inLanguage":"lv-LV","@id":"https:\/\/simonjersey.eu\/lv\/produkts\/isais-dzinsa-prieksauts\/#primaryimage","url":"https:\/\/simonjersey.eu\/lv\/wp-content\/uploads\/sites\/2\/2026\/05\/denim-short-apron-p4491-428948_image.png","contentUrl":"https:\/\/simonjersey.eu\/lv\/wp-content\/uploads\/sites\/2\/2026\/05\/denim-short-apron-p4491-428948_image.png","width":1000,"height":1500},{"@type":"BreadcrumbList","@id":"https:\/\/simonjersey.eu\/lv\/produkts\/isais-dzinsa-prieksauts\/#breadcrumb","itemListElement":[{"@type":"ListItem","position":1,"name":"Home","item":"https:\/\/simonjersey.eu\/lv\/"},{"@type":"ListItem","position":2,"name":"E-veikals","item":"https:\/\/simonjersey.eu\/lv\/e-veikals\/"},{"@type":"ListItem","position":3,"name":"\u012asais d\u017einsa priek\u0161auts"}]},{"@type":"WebSite","@id":"https:\/\/simonjersey.eu\/lv\/#website","url":"https:\/\/simonjersey.eu\/lv\/","name":"Simon Jersey Latvija","description":"Kvalitat\u012bvi un iztur\u012bgi darba ap\u0123\u0113rbi","potentialAction":[{"@type":"SearchAction","target":{"@type":"EntryPoint","urlTemplate":"https:\/\/simonjersey.eu\/lv\/?s={search_term_string}"},"query-input":{"@type":"PropertyValueSpecification","valueRequired":true,"valueName":"search_term_string"}}],"inLanguage":"lv-LV"}]}},"_links":{"self":[{"href":"https:\/\/simonjersey.eu\/lv\/wp-json\/wp\/v2\/product\/9237","targetHints":{"allow":["GET"]}}],"collection":[{"href":"https:\/\/simonjersey.eu\/lv\/wp-json\/wp\/v2\/product"}],"about":[{"href":"https:\/\/simonjersey.eu\/lv\/wp-json\/wp\/v2\/types\/product"}],"wp:featuredmedia":[{"embeddable":true,"href":"https:\/\/simonjersey.eu\/lv\/wp-json\/wp\/v2\/media\/9239"}],"wp:attachment":[{"href":"https:\/\/simonjersey.eu\/lv\/wp-json\/wp\/v2\/media?parent=9237"}],"wp:term":[{"taxonomy":"product_brand","embeddable":true,"href":"https:\/\/simonjersey.eu\/lv\/wp-json\/wp\/v2\/product_brand?post=9237"},{"taxonomy":"product_cat","embeddable":true,"href":"https:\/\/simonjersey.eu\/lv\/wp-json\/wp\/v2\/product_cat?post=9237"},{"taxonomy":"product_tag","embeddable":true,"href":"https:\/\/simonjersey.eu\/lv\/wp-json\/wp\/v2\/product_tag?post=9237"}],"curies":[{"name":"wp","href":"https:\/\/api.w.org\/{rel}","templated":true}]}}