{"id":9242,"date":"2026-05-08T14:20:21","date_gmt":"2026-05-08T11:20:21","guid":{"rendered":"https:\/\/simonjersey.eu\/lv\/?post_type=product&#038;p=9242"},"modified":"2026-05-08T14:22:59","modified_gmt":"2026-05-08T11:22:59","slug":"dzinsa-mini-gurnu-prieksauts-ar-kabatam","status":"publish","type":"product","link":"https:\/\/simonjersey.eu\/lv\/produkts\/dzinsa-mini-gurnu-prieksauts-ar-kabatam\/","title":{"rendered":"D\u017einsa mini gurnu priek\u0161auts ar kabat\u0101m"},"content":{"rendered":"","protected":false},"excerpt":{"rendered":"<p>Mini gurnu priek\u0161auts &#8211; stil\u012bgs un moderns papildin\u0101jums, kas pie\u0161\u0137ir svaigu un modernu izskatu viesm\u012b\u013ca darba ap\u0123\u0113rbam. \u0160is kompaktais gurnu priek\u0161auts nodro\u0161ina \u0113rtu piek\u013cuvi kabat\u0101m, atrodoties kust\u012bb\u0101. Priek\u0161autam ir plan\u0161etdatoram piem\u0113rota kabata un r\u0101v\u0113jsl\u0113dz\u0113ja kabata dro\u0161ai glab\u0101\u0161anai. Regul\u0113jamajai auduma jostasvietai ir D veida gredzena aizdare, kas piem\u0113rota da\u017e\u0101diem viduk\u013ca izm\u0113riem.<\/p>\n<p>Priekauta izm\u0113ri: 32 cm platums x 31 cm garums<\/p>\n<p>Plan\u0161etdatoram piem\u0113rota kabata &#8211; 18,5 cm platums x 20 cm dzi\u013ca<\/p>\n<p>Iek\u0161\u0113j\u0101 kabata ar r\u0101v\u0113jsl\u0113dz\u0113ju &#8211; 16 cm platums x 16 cm dzi\u013ca<\/p>\n<p>Materi\u0101ls: Audekls, kokvilna 70% kokvilna, 30% poliestera twill\/265 g\/m\u00b2<\/p>\n<p>Mazg\u0101t ve\u013cas ma\u0161\u012bn\u0101: 60\u00b0C temperat\u016br\u0101, nebalin\u0101t un ne\u017e\u0101v\u0113t ve\u013cas \u017e\u0101v\u0113t\u0101j\u0101.<\/p>\n<p>&nbsp;<\/p>\n","protected":false},"featured_media":9248,"template":"","meta":[],"product_brand":[],"product_cat":[46,28,55,113],"product_tag":[],"class_list":{"0":"post-9242","1":"product","2":"type-product","3":"status-publish","4":"has-post-thumbnail","6":"product_cat-pavaru-prieksauti","7":"product_cat-prieksauti","8":"product_cat-prieksauti-viesmiliba","9":"product_cat-prieksauti-2","11":"first","12":"instock","13":"taxable","14":"shipping-taxable","15":"purchasable","16":"product-type-variable"},"yoast_head":"<!-- This site is optimized with the Yoast SEO plugin v27.5 - https:\/\/yoast.com\/product\/yoast-seo-wordpress\/ -->\n<title>D\u017einsa mini gurnu priek\u0161auts ar kabat\u0101m - Simon Jersey Latvija<\/title>\n<meta name=\"robots\" content=\"index, follow, max-snippet:-1, max-image-preview:large, max-video-preview:-1\" \/>\n<link rel=\"canonical\" href=\"https:\/\/simonjersey.eu\/lv\/produkts\/dzinsa-mini-gurnu-prieksauts-ar-kabatam\/\" \/>\n<meta property=\"og:locale\" content=\"lv_LV\" \/>\n<meta property=\"og:type\" content=\"article\" \/>\n<meta property=\"og:title\" content=\"D\u017einsa mini gurnu priek\u0161auts ar kabat\u0101m - Simon Jersey Latvija\" \/>\n<meta property=\"og:description\" content=\"Mini gurnu priek\u0161auts - stil\u012bgs un moderns papildin\u0101jums, kas pie\u0161\u0137ir svaigu un modernu izskatu viesm\u012b\u013ca darba ap\u0123\u0113rbam. \u0160is kompaktais gurnu priek\u0161auts nodro\u0161ina \u0113rtu piek\u013cuvi kabat\u0101m, atrodoties kust\u012bb\u0101. Priek\u0161autam ir plan\u0161etdatoram piem\u0113rota kabata un r\u0101v\u0113jsl\u0113dz\u0113ja kabata dro\u0161ai glab\u0101\u0161anai. Regul\u0113jamajai auduma jostasvietai ir D veida gredzena aizdare, kas piem\u0113rota da\u017e\u0101diem viduk\u013ca izm\u0113riem.  Priekauta izm\u0113ri: 32 cm platums x 31 cm garums  Plan\u0161etdatoram piem\u0113rota kabata - 18,5 cm platums x 20 cm dzi\u013ca  Iek\u0161\u0113j\u0101 kabata ar r\u0101v\u0113jsl\u0113dz\u0113ju - 16 cm platums x 16 cm dzi\u013ca  Materi\u0101ls: Audekls, kokvilna 70% kokvilna, 30% poliestera twill\/265 g\/m\u00b2  Mazg\u0101t ve\u013cas ma\u0161\u012bn\u0101: 60\u00b0C temperat\u016br\u0101, nebalin\u0101t un ne\u017e\u0101v\u0113t ve\u013cas \u017e\u0101v\u0113t\u0101j\u0101.  &nbsp;\" \/>\n<meta property=\"og:url\" content=\"https:\/\/simonjersey.eu\/lv\/produkts\/dzinsa-mini-gurnu-prieksauts-ar-kabatam\/\" \/>\n<meta property=\"og:site_name\" content=\"Simon Jersey Latvija\" \/>\n<meta property=\"article:modified_time\" content=\"2026-05-08T11:22:59+00:00\" \/>\n<meta property=\"og:image\" content=\"https:\/\/simonjersey.eu\/lv\/wp-content\/uploads\/sites\/2\/2026\/05\/PR138_1-Hip-apron.jpg\" \/>\n\t<meta property=\"og:image:width\" content=\"435\" \/>\n\t<meta property=\"og:image:height\" content=\"544\" \/>\n\t<meta property=\"og:image:type\" content=\"image\/jpeg\" \/>\n<meta name=\"twitter:card\" content=\"summary_large_image\" \/>\n<meta name=\"twitter:label1\" content=\"Est. reading time\" \/>\n\t<meta name=\"twitter:data1\" content=\"1 min\u016bte\" \/>\n<script type=\"application\/ld+json\" class=\"yoast-schema-graph\">{\"@context\":\"https:\\\/\\\/schema.org\",\"@graph\":[{\"@type\":\"WebPage\",\"@id\":\"https:\\\/\\\/simonjersey.eu\\\/lv\\\/produkts\\\/dzinsa-mini-gurnu-prieksauts-ar-kabatam\\\/\",\"url\":\"https:\\\/\\\/simonjersey.eu\\\/lv\\\/produkts\\\/dzinsa-mini-gurnu-prieksauts-ar-kabatam\\\/\",\"name\":\"D\u017einsa mini gurnu priek\u0161auts ar kabat\u0101m - Simon Jersey Latvija\",\"isPartOf\":{\"@id\":\"https:\\\/\\\/simonjersey.eu\\\/lv\\\/#website\"},\"primaryImageOfPage\":{\"@id\":\"https:\\\/\\\/simonjersey.eu\\\/lv\\\/produkts\\\/dzinsa-mini-gurnu-prieksauts-ar-kabatam\\\/#primaryimage\"},\"image\":{\"@id\":\"https:\\\/\\\/simonjersey.eu\\\/lv\\\/produkts\\\/dzinsa-mini-gurnu-prieksauts-ar-kabatam\\\/#primaryimage\"},\"thumbnailUrl\":\"https:\\\/\\\/simonjersey.eu\\\/lv\\\/wp-content\\\/uploads\\\/sites\\\/2\\\/2026\\\/05\\\/PR138_1-Hip-apron.jpg\",\"datePublished\":\"2026-05-08T11:20:21+00:00\",\"dateModified\":\"2026-05-08T11:22:59+00:00\",\"breadcrumb\":{\"@id\":\"https:\\\/\\\/simonjersey.eu\\\/lv\\\/produkts\\\/dzinsa-mini-gurnu-prieksauts-ar-kabatam\\\/#breadcrumb\"},\"inLanguage\":\"lv-LV\",\"potentialAction\":[{\"@type\":\"ReadAction\",\"target\":[\"https:\\\/\\\/simonjersey.eu\\\/lv\\\/produkts\\\/dzinsa-mini-gurnu-prieksauts-ar-kabatam\\\/\"]}]},{\"@type\":\"ImageObject\",\"inLanguage\":\"lv-LV\",\"@id\":\"https:\\\/\\\/simonjersey.eu\\\/lv\\\/produkts\\\/dzinsa-mini-gurnu-prieksauts-ar-kabatam\\\/#primaryimage\",\"url\":\"https:\\\/\\\/simonjersey.eu\\\/lv\\\/wp-content\\\/uploads\\\/sites\\\/2\\\/2026\\\/05\\\/PR138_1-Hip-apron.jpg\",\"contentUrl\":\"https:\\\/\\\/simonjersey.eu\\\/lv\\\/wp-content\\\/uploads\\\/sites\\\/2\\\/2026\\\/05\\\/PR138_1-Hip-apron.jpg\",\"width\":435,\"height\":544},{\"@type\":\"BreadcrumbList\",\"@id\":\"https:\\\/\\\/simonjersey.eu\\\/lv\\\/produkts\\\/dzinsa-mini-gurnu-prieksauts-ar-kabatam\\\/#breadcrumb\",\"itemListElement\":[{\"@type\":\"ListItem\",\"position\":1,\"name\":\"Home\",\"item\":\"https:\\\/\\\/simonjersey.eu\\\/lv\\\/\"},{\"@type\":\"ListItem\",\"position\":2,\"name\":\"E-veikals\",\"item\":\"https:\\\/\\\/simonjersey.eu\\\/lv\\\/e-veikals\\\/\"},{\"@type\":\"ListItem\",\"position\":3,\"name\":\"D\u017einsa mini gurnu priek\u0161auts ar kabat\u0101m\"}]},{\"@type\":\"WebSite\",\"@id\":\"https:\\\/\\\/simonjersey.eu\\\/lv\\\/#website\",\"url\":\"https:\\\/\\\/simonjersey.eu\\\/lv\\\/\",\"name\":\"Simon Jersey Latvija\",\"description\":\"Kvalitat\u012bvi un iztur\u012bgi darba ap\u0123\u0113rbi\",\"potentialAction\":[{\"@type\":\"SearchAction\",\"target\":{\"@type\":\"EntryPoint\",\"urlTemplate\":\"https:\\\/\\\/simonjersey.eu\\\/lv\\\/?s={search_term_string}\"},\"query-input\":{\"@type\":\"PropertyValueSpecification\",\"valueRequired\":true,\"valueName\":\"search_term_string\"}}],\"inLanguage\":\"lv-LV\"}]}<\/script>\n<!-- \/ Yoast SEO plugin. -->","yoast_head_json":{"title":"D\u017einsa mini gurnu priek\u0161auts ar kabat\u0101m - Simon Jersey Latvija","robots":{"index":"index","follow":"follow","max-snippet":"max-snippet:-1","max-image-preview":"max-image-preview:large","max-video-preview":"max-video-preview:-1"},"canonical":"https:\/\/simonjersey.eu\/lv\/produkts\/dzinsa-mini-gurnu-prieksauts-ar-kabatam\/","og_locale":"lv_LV","og_type":"article","og_title":"D\u017einsa mini gurnu priek\u0161auts ar kabat\u0101m - Simon Jersey Latvija","og_description":"Mini gurnu priek\u0161auts - stil\u012bgs un moderns papildin\u0101jums, kas pie\u0161\u0137ir svaigu un modernu izskatu viesm\u012b\u013ca darba ap\u0123\u0113rbam. \u0160is kompaktais gurnu priek\u0161auts nodro\u0161ina \u0113rtu piek\u013cuvi kabat\u0101m, atrodoties kust\u012bb\u0101. Priek\u0161autam ir plan\u0161etdatoram piem\u0113rota kabata un r\u0101v\u0113jsl\u0113dz\u0113ja kabata dro\u0161ai glab\u0101\u0161anai. Regul\u0113jamajai auduma jostasvietai ir D veida gredzena aizdare, kas piem\u0113rota da\u017e\u0101diem viduk\u013ca izm\u0113riem.  Priekauta izm\u0113ri: 32 cm platums x 31 cm garums  Plan\u0161etdatoram piem\u0113rota kabata - 18,5 cm platums x 20 cm dzi\u013ca  Iek\u0161\u0113j\u0101 kabata ar r\u0101v\u0113jsl\u0113dz\u0113ju - 16 cm platums x 16 cm dzi\u013ca  Materi\u0101ls: Audekls, kokvilna 70% kokvilna, 30% poliestera twill\/265 g\/m\u00b2  Mazg\u0101t ve\u013cas ma\u0161\u012bn\u0101: 60\u00b0C temperat\u016br\u0101, nebalin\u0101t un ne\u017e\u0101v\u0113t ve\u013cas \u017e\u0101v\u0113t\u0101j\u0101.  &nbsp;","og_url":"https:\/\/simonjersey.eu\/lv\/produkts\/dzinsa-mini-gurnu-prieksauts-ar-kabatam\/","og_site_name":"Simon Jersey Latvija","article_modified_time":"2026-05-08T11:22:59+00:00","og_image":[{"width":435,"height":544,"url":"https:\/\/simonjersey.eu\/lv\/wp-content\/uploads\/sites\/2\/2026\/05\/PR138_1-Hip-apron.jpg","type":"image\/jpeg"}],"twitter_card":"summary_large_image","twitter_misc":{"Est. reading time":"1 min\u016bte"},"schema":{"@context":"https:\/\/schema.org","@graph":[{"@type":"WebPage","@id":"https:\/\/simonjersey.eu\/lv\/produkts\/dzinsa-mini-gurnu-prieksauts-ar-kabatam\/","url":"https:\/\/simonjersey.eu\/lv\/produkts\/dzinsa-mini-gurnu-prieksauts-ar-kabatam\/","name":"D\u017einsa mini gurnu priek\u0161auts ar kabat\u0101m - Simon Jersey Latvija","isPartOf":{"@id":"https:\/\/simonjersey.eu\/lv\/#website"},"primaryImageOfPage":{"@id":"https:\/\/simonjersey.eu\/lv\/produkts\/dzinsa-mini-gurnu-prieksauts-ar-kabatam\/#primaryimage"},"image":{"@id":"https:\/\/simonjersey.eu\/lv\/produkts\/dzinsa-mini-gurnu-prieksauts-ar-kabatam\/#primaryimage"},"thumbnailUrl":"https:\/\/simonjersey.eu\/lv\/wp-content\/uploads\/sites\/2\/2026\/05\/PR138_1-Hip-apron.jpg","datePublished":"2026-05-08T11:20:21+00:00","dateModified":"2026-05-08T11:22:59+00:00","breadcrumb":{"@id":"https:\/\/simonjersey.eu\/lv\/produkts\/dzinsa-mini-gurnu-prieksauts-ar-kabatam\/#breadcrumb"},"inLanguage":"lv-LV","potentialAction":[{"@type":"ReadAction","target":["https:\/\/simonjersey.eu\/lv\/produkts\/dzinsa-mini-gurnu-prieksauts-ar-kabatam\/"]}]},{"@type":"ImageObject","inLanguage":"lv-LV","@id":"https:\/\/simonjersey.eu\/lv\/produkts\/dzinsa-mini-gurnu-prieksauts-ar-kabatam\/#primaryimage","url":"https:\/\/simonjersey.eu\/lv\/wp-content\/uploads\/sites\/2\/2026\/05\/PR138_1-Hip-apron.jpg","contentUrl":"https:\/\/simonjersey.eu\/lv\/wp-content\/uploads\/sites\/2\/2026\/05\/PR138_1-Hip-apron.jpg","width":435,"height":544},{"@type":"BreadcrumbList","@id":"https:\/\/simonjersey.eu\/lv\/produkts\/dzinsa-mini-gurnu-prieksauts-ar-kabatam\/#breadcrumb","itemListElement":[{"@type":"ListItem","position":1,"name":"Home","item":"https:\/\/simonjersey.eu\/lv\/"},{"@type":"ListItem","position":2,"name":"E-veikals","item":"https:\/\/simonjersey.eu\/lv\/e-veikals\/"},{"@type":"ListItem","position":3,"name":"D\u017einsa mini gurnu priek\u0161auts ar kabat\u0101m"}]},{"@type":"WebSite","@id":"https:\/\/simonjersey.eu\/lv\/#website","url":"https:\/\/simonjersey.eu\/lv\/","name":"Simon Jersey Latvija","description":"Kvalitat\u012bvi un iztur\u012bgi darba ap\u0123\u0113rbi","potentialAction":[{"@type":"SearchAction","target":{"@type":"EntryPoint","urlTemplate":"https:\/\/simonjersey.eu\/lv\/?s={search_term_string}"},"query-input":{"@type":"PropertyValueSpecification","valueRequired":true,"valueName":"search_term_string"}}],"inLanguage":"lv-LV"}]}},"_links":{"self":[{"href":"https:\/\/simonjersey.eu\/lv\/wp-json\/wp\/v2\/product\/9242","targetHints":{"allow":["GET"]}}],"collection":[{"href":"https:\/\/simonjersey.eu\/lv\/wp-json\/wp\/v2\/product"}],"about":[{"href":"https:\/\/simonjersey.eu\/lv\/wp-json\/wp\/v2\/types\/product"}],"wp:featuredmedia":[{"embeddable":true,"href":"https:\/\/simonjersey.eu\/lv\/wp-json\/wp\/v2\/media\/9248"}],"wp:attachment":[{"href":"https:\/\/simonjersey.eu\/lv\/wp-json\/wp\/v2\/media?parent=9242"}],"wp:term":[{"taxonomy":"product_brand","embeddable":true,"href":"https:\/\/simonjersey.eu\/lv\/wp-json\/wp\/v2\/product_brand?post=9242"},{"taxonomy":"product_cat","embeddable":true,"href":"https:\/\/simonjersey.eu\/lv\/wp-json\/wp\/v2\/product_cat?post=9242"},{"taxonomy":"product_tag","embeddable":true,"href":"https:\/\/simonjersey.eu\/lv\/wp-json\/wp\/v2\/product_tag?post=9242"}],"curies":[{"name":"wp","href":"https:\/\/api.w.org\/{rel}","templated":true}]}}