{"id":9259,"date":"2026-05-11T12:27:07","date_gmt":"2026-05-11T09:27:07","guid":{"rendered":"https:\/\/simonjersey.eu\/lv\/?post_type=product&#038;p=9259"},"modified":"2026-05-11T13:48:57","modified_gmt":"2026-05-11T10:48:57","slug":"cherokee-infinity-medicinas-tunika","status":"publish","type":"product","link":"https:\/\/simonjersey.eu\/lv\/produkts\/cherokee-infinity-medicinas-tunika\/","title":{"rendered":"Cherokee Infinity medic\u012bnas tunika"},"content":{"rendered":"","protected":false},"excerpt":{"rendered":"<p>Cherokee Infinity medic\u012bnas tunika apvieno stilu, komfortu un iztur\u012bbu. M\u012bksts, elast\u012bgs\u00a0 audums, kr\u0101sas notur\u012bba un pretmikrobu apstr\u0101de padara to par ide\u0101lu izv\u0113li pras\u012bgai darba dienai. Dizainam ir vair\u0101kas funkcion\u0101las kabatas un elast\u012bga muguras da\u013ca kust\u012bbu br\u012bv\u012bbai. Pieejams izm\u0113ros XXS\u20133XL, tunikas garums 66 vai 75 cm.<\/p>\n<p>Piem\u0113rots ikdienas darba ap\u0123\u0113rbam medic\u012bnas speci\u0101listiem, k\u0101 ar\u012b masieriem un fizioterapeitiem.<\/p>\n<ul>\n<li>Kop\u0161ana: Mazg\u0101t ve\u013cas ma\u0161\u012bn\u0101 60 \u00b0C temperat\u016br\u0101, gludin\u0101\u0161ana nav nepiecie\u0161ama.<\/li>\n<li>Izm\u0113ri: XXS\u20133XL. izm\u0113ri 4XL-5XL pieejam\u0101s kr\u0101sas: melna, tum\u0161i zila, pel\u0113ka, bordo, benz\u012bna zila)<\/li>\n<li>Tunikas garums: 66 cm<\/li>\n<\/ul>\n","protected":false},"featured_media":9265,"template":"","meta":[],"product_brand":[],"product_cat":[73,74,112],"product_tag":[],"class_list":{"0":"post-9259","1":"product","2":"type-product","3":"status-publish","4":"has-post-thumbnail","6":"product_cat-arsti-un-medmasas","7":"product_cat-sieviesu-tunikas","8":"product_cat-tunikas-2","10":"first","11":"instock","12":"taxable","13":"shipping-taxable","14":"purchasable","15":"product-type-variable","16":"has-default-attributes"},"yoast_head":"<!-- This site is optimized with the Yoast SEO plugin v27.5 - https:\/\/yoast.com\/product\/yoast-seo-wordpress\/ -->\n<title>Cherokee Infinity medic\u012bnas tunika - Simon Jersey Latvija<\/title>\n<meta name=\"robots\" content=\"index, follow, max-snippet:-1, max-image-preview:large, max-video-preview:-1\" \/>\n<link rel=\"canonical\" href=\"https:\/\/simonjersey.eu\/lv\/produkts\/cherokee-infinity-medicinas-tunika\/\" \/>\n<meta property=\"og:locale\" content=\"lv_LV\" \/>\n<meta property=\"og:type\" content=\"article\" \/>\n<meta property=\"og:title\" content=\"Cherokee Infinity medic\u012bnas tunika - Simon Jersey Latvija\" \/>\n<meta property=\"og:description\" content=\"Cherokee Infinity medic\u012bnas tunika apvieno stilu, komfortu un iztur\u012bbu. M\u012bksts, elast\u012bgs\u00a0 audums, kr\u0101sas notur\u012bba un pretmikrobu apstr\u0101de padara to par ide\u0101lu izv\u0113li pras\u012bgai darba dienai. Dizainam ir vair\u0101kas funkcion\u0101las kabatas un elast\u012bga muguras da\u013ca kust\u012bbu br\u012bv\u012bbai. Pieejams izm\u0113ros XXS\u20133XL, tunikas garums 66 vai 75 cm.  Piem\u0113rots ikdienas darba ap\u0123\u0113rbam medic\u012bnas speci\u0101listiem, k\u0101 ar\u012b masieriem un fizioterapeitiem.   Kop\u0161ana: Mazg\u0101t ve\u013cas ma\u0161\u012bn\u0101 60 \u00b0C temperat\u016br\u0101, gludin\u0101\u0161ana nav nepiecie\u0161ama.  Izm\u0113ri: XXS\u20133XL. izm\u0113ri 4XL-5XL pieejam\u0101s kr\u0101sas: melna, tum\u0161i zila, pel\u0113ka, bordo, benz\u012bna zila)  Tunikas garums: 66 cm\" \/>\n<meta property=\"og:url\" content=\"https:\/\/simonjersey.eu\/lv\/produkts\/cherokee-infinity-medicinas-tunika\/\" \/>\n<meta property=\"og:site_name\" content=\"Simon Jersey Latvija\" \/>\n<meta property=\"article:modified_time\" content=\"2026-05-11T10:48:57+00:00\" \/>\n<meta property=\"og:image\" content=\"https:\/\/simonjersey.eu\/lv\/wp-content\/uploads\/sites\/2\/2026\/05\/CKE2625A_KAK_-cherokee-hoitopaita-kerma.jpg\" \/>\n\t<meta property=\"og:image:width\" content=\"1100\" \/>\n\t<meta property=\"og:image:height\" content=\"1600\" \/>\n\t<meta property=\"og:image:type\" content=\"image\/jpeg\" \/>\n<meta name=\"twitter:card\" content=\"summary_large_image\" \/>\n<meta name=\"twitter:label1\" content=\"Est. reading time\" \/>\n\t<meta name=\"twitter:data1\" content=\"1 min\u016bte\" \/>\n<script type=\"application\/ld+json\" class=\"yoast-schema-graph\">{\"@context\":\"https:\\\/\\\/schema.org\",\"@graph\":[{\"@type\":\"WebPage\",\"@id\":\"https:\\\/\\\/simonjersey.eu\\\/lv\\\/produkts\\\/cherokee-infinity-medicinas-tunika\\\/\",\"url\":\"https:\\\/\\\/simonjersey.eu\\\/lv\\\/produkts\\\/cherokee-infinity-medicinas-tunika\\\/\",\"name\":\"Cherokee Infinity medic\u012bnas tunika - Simon Jersey Latvija\",\"isPartOf\":{\"@id\":\"https:\\\/\\\/simonjersey.eu\\\/lv\\\/#website\"},\"primaryImageOfPage\":{\"@id\":\"https:\\\/\\\/simonjersey.eu\\\/lv\\\/produkts\\\/cherokee-infinity-medicinas-tunika\\\/#primaryimage\"},\"image\":{\"@id\":\"https:\\\/\\\/simonjersey.eu\\\/lv\\\/produkts\\\/cherokee-infinity-medicinas-tunika\\\/#primaryimage\"},\"thumbnailUrl\":\"https:\\\/\\\/simonjersey.eu\\\/lv\\\/wp-content\\\/uploads\\\/sites\\\/2\\\/2026\\\/05\\\/CKE2625A_KAK_-cherokee-hoitopaita-kerma.jpg\",\"datePublished\":\"2026-05-11T09:27:07+00:00\",\"dateModified\":\"2026-05-11T10:48:57+00:00\",\"breadcrumb\":{\"@id\":\"https:\\\/\\\/simonjersey.eu\\\/lv\\\/produkts\\\/cherokee-infinity-medicinas-tunika\\\/#breadcrumb\"},\"inLanguage\":\"lv-LV\",\"potentialAction\":[{\"@type\":\"ReadAction\",\"target\":[\"https:\\\/\\\/simonjersey.eu\\\/lv\\\/produkts\\\/cherokee-infinity-medicinas-tunika\\\/\"]}]},{\"@type\":\"ImageObject\",\"inLanguage\":\"lv-LV\",\"@id\":\"https:\\\/\\\/simonjersey.eu\\\/lv\\\/produkts\\\/cherokee-infinity-medicinas-tunika\\\/#primaryimage\",\"url\":\"https:\\\/\\\/simonjersey.eu\\\/lv\\\/wp-content\\\/uploads\\\/sites\\\/2\\\/2026\\\/05\\\/CKE2625A_KAK_-cherokee-hoitopaita-kerma.jpg\",\"contentUrl\":\"https:\\\/\\\/simonjersey.eu\\\/lv\\\/wp-content\\\/uploads\\\/sites\\\/2\\\/2026\\\/05\\\/CKE2625A_KAK_-cherokee-hoitopaita-kerma.jpg\",\"width\":1100,\"height\":1600},{\"@type\":\"BreadcrumbList\",\"@id\":\"https:\\\/\\\/simonjersey.eu\\\/lv\\\/produkts\\\/cherokee-infinity-medicinas-tunika\\\/#breadcrumb\",\"itemListElement\":[{\"@type\":\"ListItem\",\"position\":1,\"name\":\"Home\",\"item\":\"https:\\\/\\\/simonjersey.eu\\\/lv\\\/\"},{\"@type\":\"ListItem\",\"position\":2,\"name\":\"E-veikals\",\"item\":\"https:\\\/\\\/simonjersey.eu\\\/lv\\\/e-veikals\\\/\"},{\"@type\":\"ListItem\",\"position\":3,\"name\":\"Cherokee Infinity medic\u012bnas tunika\"}]},{\"@type\":\"WebSite\",\"@id\":\"https:\\\/\\\/simonjersey.eu\\\/lv\\\/#website\",\"url\":\"https:\\\/\\\/simonjersey.eu\\\/lv\\\/\",\"name\":\"Simon Jersey Latvija\",\"description\":\"Kvalitat\u012bvi un iztur\u012bgi darba ap\u0123\u0113rbi\",\"potentialAction\":[{\"@type\":\"SearchAction\",\"target\":{\"@type\":\"EntryPoint\",\"urlTemplate\":\"https:\\\/\\\/simonjersey.eu\\\/lv\\\/?s={search_term_string}\"},\"query-input\":{\"@type\":\"PropertyValueSpecification\",\"valueRequired\":true,\"valueName\":\"search_term_string\"}}],\"inLanguage\":\"lv-LV\"}]}<\/script>\n<!-- \/ Yoast SEO plugin. -->","yoast_head_json":{"title":"Cherokee Infinity medic\u012bnas tunika - Simon Jersey Latvija","robots":{"index":"index","follow":"follow","max-snippet":"max-snippet:-1","max-image-preview":"max-image-preview:large","max-video-preview":"max-video-preview:-1"},"canonical":"https:\/\/simonjersey.eu\/lv\/produkts\/cherokee-infinity-medicinas-tunika\/","og_locale":"lv_LV","og_type":"article","og_title":"Cherokee Infinity medic\u012bnas tunika - Simon Jersey Latvija","og_description":"Cherokee Infinity medic\u012bnas tunika apvieno stilu, komfortu un iztur\u012bbu. M\u012bksts, elast\u012bgs\u00a0 audums, kr\u0101sas notur\u012bba un pretmikrobu apstr\u0101de padara to par ide\u0101lu izv\u0113li pras\u012bgai darba dienai. Dizainam ir vair\u0101kas funkcion\u0101las kabatas un elast\u012bga muguras da\u013ca kust\u012bbu br\u012bv\u012bbai. Pieejams izm\u0113ros XXS\u20133XL, tunikas garums 66 vai 75 cm.  Piem\u0113rots ikdienas darba ap\u0123\u0113rbam medic\u012bnas speci\u0101listiem, k\u0101 ar\u012b masieriem un fizioterapeitiem.   Kop\u0161ana: Mazg\u0101t ve\u013cas ma\u0161\u012bn\u0101 60 \u00b0C temperat\u016br\u0101, gludin\u0101\u0161ana nav nepiecie\u0161ama.  Izm\u0113ri: XXS\u20133XL. izm\u0113ri 4XL-5XL pieejam\u0101s kr\u0101sas: melna, tum\u0161i zila, pel\u0113ka, bordo, benz\u012bna zila)  Tunikas garums: 66 cm","og_url":"https:\/\/simonjersey.eu\/lv\/produkts\/cherokee-infinity-medicinas-tunika\/","og_site_name":"Simon Jersey Latvija","article_modified_time":"2026-05-11T10:48:57+00:00","og_image":[{"width":1100,"height":1600,"url":"https:\/\/simonjersey.eu\/lv\/wp-content\/uploads\/sites\/2\/2026\/05\/CKE2625A_KAK_-cherokee-hoitopaita-kerma.jpg","type":"image\/jpeg"}],"twitter_card":"summary_large_image","twitter_misc":{"Est. reading time":"1 min\u016bte"},"schema":{"@context":"https:\/\/schema.org","@graph":[{"@type":"WebPage","@id":"https:\/\/simonjersey.eu\/lv\/produkts\/cherokee-infinity-medicinas-tunika\/","url":"https:\/\/simonjersey.eu\/lv\/produkts\/cherokee-infinity-medicinas-tunika\/","name":"Cherokee Infinity medic\u012bnas tunika - Simon Jersey Latvija","isPartOf":{"@id":"https:\/\/simonjersey.eu\/lv\/#website"},"primaryImageOfPage":{"@id":"https:\/\/simonjersey.eu\/lv\/produkts\/cherokee-infinity-medicinas-tunika\/#primaryimage"},"image":{"@id":"https:\/\/simonjersey.eu\/lv\/produkts\/cherokee-infinity-medicinas-tunika\/#primaryimage"},"thumbnailUrl":"https:\/\/simonjersey.eu\/lv\/wp-content\/uploads\/sites\/2\/2026\/05\/CKE2625A_KAK_-cherokee-hoitopaita-kerma.jpg","datePublished":"2026-05-11T09:27:07+00:00","dateModified":"2026-05-11T10:48:57+00:00","breadcrumb":{"@id":"https:\/\/simonjersey.eu\/lv\/produkts\/cherokee-infinity-medicinas-tunika\/#breadcrumb"},"inLanguage":"lv-LV","potentialAction":[{"@type":"ReadAction","target":["https:\/\/simonjersey.eu\/lv\/produkts\/cherokee-infinity-medicinas-tunika\/"]}]},{"@type":"ImageObject","inLanguage":"lv-LV","@id":"https:\/\/simonjersey.eu\/lv\/produkts\/cherokee-infinity-medicinas-tunika\/#primaryimage","url":"https:\/\/simonjersey.eu\/lv\/wp-content\/uploads\/sites\/2\/2026\/05\/CKE2625A_KAK_-cherokee-hoitopaita-kerma.jpg","contentUrl":"https:\/\/simonjersey.eu\/lv\/wp-content\/uploads\/sites\/2\/2026\/05\/CKE2625A_KAK_-cherokee-hoitopaita-kerma.jpg","width":1100,"height":1600},{"@type":"BreadcrumbList","@id":"https:\/\/simonjersey.eu\/lv\/produkts\/cherokee-infinity-medicinas-tunika\/#breadcrumb","itemListElement":[{"@type":"ListItem","position":1,"name":"Home","item":"https:\/\/simonjersey.eu\/lv\/"},{"@type":"ListItem","position":2,"name":"E-veikals","item":"https:\/\/simonjersey.eu\/lv\/e-veikals\/"},{"@type":"ListItem","position":3,"name":"Cherokee Infinity medic\u012bnas tunika"}]},{"@type":"WebSite","@id":"https:\/\/simonjersey.eu\/lv\/#website","url":"https:\/\/simonjersey.eu\/lv\/","name":"Simon Jersey Latvija","description":"Kvalitat\u012bvi un iztur\u012bgi darba ap\u0123\u0113rbi","potentialAction":[{"@type":"SearchAction","target":{"@type":"EntryPoint","urlTemplate":"https:\/\/simonjersey.eu\/lv\/?s={search_term_string}"},"query-input":{"@type":"PropertyValueSpecification","valueRequired":true,"valueName":"search_term_string"}}],"inLanguage":"lv-LV"}]}},"_links":{"self":[{"href":"https:\/\/simonjersey.eu\/lv\/wp-json\/wp\/v2\/product\/9259","targetHints":{"allow":["GET"]}}],"collection":[{"href":"https:\/\/simonjersey.eu\/lv\/wp-json\/wp\/v2\/product"}],"about":[{"href":"https:\/\/simonjersey.eu\/lv\/wp-json\/wp\/v2\/types\/product"}],"wp:featuredmedia":[{"embeddable":true,"href":"https:\/\/simonjersey.eu\/lv\/wp-json\/wp\/v2\/media\/9265"}],"wp:attachment":[{"href":"https:\/\/simonjersey.eu\/lv\/wp-json\/wp\/v2\/media?parent=9259"}],"wp:term":[{"taxonomy":"product_brand","embeddable":true,"href":"https:\/\/simonjersey.eu\/lv\/wp-json\/wp\/v2\/product_brand?post=9259"},{"taxonomy":"product_cat","embeddable":true,"href":"https:\/\/simonjersey.eu\/lv\/wp-json\/wp\/v2\/product_cat?post=9259"},{"taxonomy":"product_tag","embeddable":true,"href":"https:\/\/simonjersey.eu\/lv\/wp-json\/wp\/v2\/product_tag?post=9259"}],"curies":[{"name":"wp","href":"https:\/\/api.w.org\/{rel}","templated":true}]}}