{"id":9348,"date":"2026-05-15T12:34:15","date_gmt":"2026-05-15T09:34:15","guid":{"rendered":"https:\/\/simonjersey.eu\/lv\/?post_type=product&#038;p=9348"},"modified":"2026-05-15T13:04:04","modified_gmt":"2026-05-15T10:04:04","slug":"unisex-t-krekls","status":"publish","type":"product","link":"https:\/\/simonjersey.eu\/lv\/produkts\/unisex-t-krekls\/","title":{"rendered":"Unisex T-krekls"},"content":{"rendered":"","protected":false},"excerpt":{"rendered":"<p>Laba izv\u0113le vasaras darba videi.<\/p>\n<p>Unisex T-krekls ir izgatavots no iztur\u012bga auduma (200 g\/m\u00b2), kas kalpos ilg\u0101k.<\/p>\n<p>Pla\u0161a kr\u0101su gamma \u013cauj sadal\u012bt darbiniekus pa noda\u013c\u0101m.<\/p>\n<p>Materi\u0101ls: 100% kokvilna, \/ 200 g\/m\u00b2<\/p>\n<p>Kop\u0161ana: mazg\u0101\u0161ana 40\u00b0 temperat\u016br\u0101 ve\u013cas ma\u0161\u012bn\u0101, zema centrif\u016bgas temperat\u016bra.<\/p>\n<p>Izm\u0113ri: XS-3XL.<\/p>\n","protected":false},"featured_media":9350,"template":"","meta":[],"product_brand":[],"product_cat":[29,56,87,91],"product_tag":[],"class_list":{"0":"post-9348","1":"product","2":"type-product","3":"status-publish","4":"has-post-thumbnail","6":"product_cat-polo-krekli-un-t-krekli","7":"product_cat-polo-krekli-un-t-krekli-viesmiliba","8":"product_cat-polo-krekli-un-t-krekli-darba-apgerbs","9":"product_cat-polo-krekli-un-t-krekli-lietiskais-apgerbs","11":"first","12":"instock","13":"taxable","14":"shipping-taxable","15":"purchasable","16":"product-type-variable","17":"has-default-attributes"},"yoast_head":"<!-- This site is optimized with the Yoast SEO plugin v27.5 - https:\/\/yoast.com\/product\/yoast-seo-wordpress\/ -->\n<title>Unisex T-krekls - Simon Jersey Latvija<\/title>\n<meta name=\"robots\" content=\"index, follow, max-snippet:-1, max-image-preview:large, max-video-preview:-1\" \/>\n<link rel=\"canonical\" href=\"https:\/\/simonjersey.eu\/lv\/produkts\/unisex-t-krekls\/\" \/>\n<meta property=\"og:locale\" content=\"lv_LV\" \/>\n<meta property=\"og:type\" content=\"article\" \/>\n<meta property=\"og:title\" content=\"Unisex T-krekls - Simon Jersey Latvija\" \/>\n<meta property=\"og:description\" content=\"Laba izv\u0113le vasaras darba videi.  Unisex T-krekls ir izgatavots no iztur\u012bga auduma (200 g\/m\u00b2), kas kalpos ilg\u0101k.  Pla\u0161a kr\u0101su gamma \u013cauj sadal\u012bt darbiniekus pa noda\u013c\u0101m.  Materi\u0101ls: 100% kokvilna, \/ 200 g\/m\u00b2  Kop\u0161ana: mazg\u0101\u0161ana 40\u00b0 temperat\u016br\u0101 ve\u013cas ma\u0161\u012bn\u0101, zema centrif\u016bgas temperat\u016bra.  Izm\u0113ri: XS-3XL.\" \/>\n<meta property=\"og:url\" content=\"https:\/\/simonjersey.eu\/lv\/produkts\/unisex-t-krekls\/\" \/>\n<meta property=\"og:site_name\" content=\"Simon Jersey Latvija\" \/>\n<meta property=\"article:modified_time\" content=\"2026-05-15T10:04:04+00:00\" \/>\n<meta property=\"og:image\" content=\"https:\/\/simonjersey.eu\/lv\/wp-content\/uploads\/sites\/2\/2026\/05\/137-F37_IMG11943_full_86_maxWidth_1200_maxHeight_1050_ppi_300_quality_100.jpg\" \/>\n\t<meta property=\"og:image:width\" content=\"788\" \/>\n\t<meta property=\"og:image:height\" content=\"1050\" \/>\n\t<meta property=\"og:image:type\" content=\"image\/jpeg\" \/>\n<meta name=\"twitter:card\" content=\"summary_large_image\" \/>\n<meta name=\"twitter:label1\" content=\"Est. reading time\" \/>\n\t<meta name=\"twitter:data1\" content=\"1 min\u016bte\" \/>\n<script type=\"application\/ld+json\" class=\"yoast-schema-graph\">{\"@context\":\"https:\\\/\\\/schema.org\",\"@graph\":[{\"@type\":\"WebPage\",\"@id\":\"https:\\\/\\\/simonjersey.eu\\\/lv\\\/produkts\\\/unisex-t-krekls\\\/\",\"url\":\"https:\\\/\\\/simonjersey.eu\\\/lv\\\/produkts\\\/unisex-t-krekls\\\/\",\"name\":\"Unisex T-krekls - Simon Jersey Latvija\",\"isPartOf\":{\"@id\":\"https:\\\/\\\/simonjersey.eu\\\/lv\\\/#website\"},\"primaryImageOfPage\":{\"@id\":\"https:\\\/\\\/simonjersey.eu\\\/lv\\\/produkts\\\/unisex-t-krekls\\\/#primaryimage\"},\"image\":{\"@id\":\"https:\\\/\\\/simonjersey.eu\\\/lv\\\/produkts\\\/unisex-t-krekls\\\/#primaryimage\"},\"thumbnailUrl\":\"https:\\\/\\\/simonjersey.eu\\\/lv\\\/wp-content\\\/uploads\\\/sites\\\/2\\\/2026\\\/05\\\/137-F37_IMG11943_full_86_maxWidth_1200_maxHeight_1050_ppi_300_quality_100.jpg\",\"datePublished\":\"2026-05-15T09:34:15+00:00\",\"dateModified\":\"2026-05-15T10:04:04+00:00\",\"breadcrumb\":{\"@id\":\"https:\\\/\\\/simonjersey.eu\\\/lv\\\/produkts\\\/unisex-t-krekls\\\/#breadcrumb\"},\"inLanguage\":\"lv-LV\",\"potentialAction\":[{\"@type\":\"ReadAction\",\"target\":[\"https:\\\/\\\/simonjersey.eu\\\/lv\\\/produkts\\\/unisex-t-krekls\\\/\"]}]},{\"@type\":\"ImageObject\",\"inLanguage\":\"lv-LV\",\"@id\":\"https:\\\/\\\/simonjersey.eu\\\/lv\\\/produkts\\\/unisex-t-krekls\\\/#primaryimage\",\"url\":\"https:\\\/\\\/simonjersey.eu\\\/lv\\\/wp-content\\\/uploads\\\/sites\\\/2\\\/2026\\\/05\\\/137-F37_IMG11943_full_86_maxWidth_1200_maxHeight_1050_ppi_300_quality_100.jpg\",\"contentUrl\":\"https:\\\/\\\/simonjersey.eu\\\/lv\\\/wp-content\\\/uploads\\\/sites\\\/2\\\/2026\\\/05\\\/137-F37_IMG11943_full_86_maxWidth_1200_maxHeight_1050_ppi_300_quality_100.jpg\",\"width\":788,\"height\":1050},{\"@type\":\"BreadcrumbList\",\"@id\":\"https:\\\/\\\/simonjersey.eu\\\/lv\\\/produkts\\\/unisex-t-krekls\\\/#breadcrumb\",\"itemListElement\":[{\"@type\":\"ListItem\",\"position\":1,\"name\":\"Home\",\"item\":\"https:\\\/\\\/simonjersey.eu\\\/lv\\\/\"},{\"@type\":\"ListItem\",\"position\":2,\"name\":\"E-veikals\",\"item\":\"https:\\\/\\\/simonjersey.eu\\\/lv\\\/e-veikals\\\/\"},{\"@type\":\"ListItem\",\"position\":3,\"name\":\"Unisex T-krekls\"}]},{\"@type\":\"WebSite\",\"@id\":\"https:\\\/\\\/simonjersey.eu\\\/lv\\\/#website\",\"url\":\"https:\\\/\\\/simonjersey.eu\\\/lv\\\/\",\"name\":\"Simon Jersey Latvija\",\"description\":\"Kvalitat\u012bvi un iztur\u012bgi darba ap\u0123\u0113rbi\",\"potentialAction\":[{\"@type\":\"SearchAction\",\"target\":{\"@type\":\"EntryPoint\",\"urlTemplate\":\"https:\\\/\\\/simonjersey.eu\\\/lv\\\/?s={search_term_string}\"},\"query-input\":{\"@type\":\"PropertyValueSpecification\",\"valueRequired\":true,\"valueName\":\"search_term_string\"}}],\"inLanguage\":\"lv-LV\"}]}<\/script>\n<!-- \/ Yoast SEO plugin. -->","yoast_head_json":{"title":"Unisex T-krekls - Simon Jersey Latvija","robots":{"index":"index","follow":"follow","max-snippet":"max-snippet:-1","max-image-preview":"max-image-preview:large","max-video-preview":"max-video-preview:-1"},"canonical":"https:\/\/simonjersey.eu\/lv\/produkts\/unisex-t-krekls\/","og_locale":"lv_LV","og_type":"article","og_title":"Unisex T-krekls - Simon Jersey Latvija","og_description":"Laba izv\u0113le vasaras darba videi.  Unisex T-krekls ir izgatavots no iztur\u012bga auduma (200 g\/m\u00b2), kas kalpos ilg\u0101k.  Pla\u0161a kr\u0101su gamma \u013cauj sadal\u012bt darbiniekus pa noda\u013c\u0101m.  Materi\u0101ls: 100% kokvilna, \/ 200 g\/m\u00b2  Kop\u0161ana: mazg\u0101\u0161ana 40\u00b0 temperat\u016br\u0101 ve\u013cas ma\u0161\u012bn\u0101, zema centrif\u016bgas temperat\u016bra.  Izm\u0113ri: XS-3XL.","og_url":"https:\/\/simonjersey.eu\/lv\/produkts\/unisex-t-krekls\/","og_site_name":"Simon Jersey Latvija","article_modified_time":"2026-05-15T10:04:04+00:00","og_image":[{"width":788,"height":1050,"url":"https:\/\/simonjersey.eu\/lv\/wp-content\/uploads\/sites\/2\/2026\/05\/137-F37_IMG11943_full_86_maxWidth_1200_maxHeight_1050_ppi_300_quality_100.jpg","type":"image\/jpeg"}],"twitter_card":"summary_large_image","twitter_misc":{"Est. reading time":"1 min\u016bte"},"schema":{"@context":"https:\/\/schema.org","@graph":[{"@type":"WebPage","@id":"https:\/\/simonjersey.eu\/lv\/produkts\/unisex-t-krekls\/","url":"https:\/\/simonjersey.eu\/lv\/produkts\/unisex-t-krekls\/","name":"Unisex T-krekls - Simon Jersey Latvija","isPartOf":{"@id":"https:\/\/simonjersey.eu\/lv\/#website"},"primaryImageOfPage":{"@id":"https:\/\/simonjersey.eu\/lv\/produkts\/unisex-t-krekls\/#primaryimage"},"image":{"@id":"https:\/\/simonjersey.eu\/lv\/produkts\/unisex-t-krekls\/#primaryimage"},"thumbnailUrl":"https:\/\/simonjersey.eu\/lv\/wp-content\/uploads\/sites\/2\/2026\/05\/137-F37_IMG11943_full_86_maxWidth_1200_maxHeight_1050_ppi_300_quality_100.jpg","datePublished":"2026-05-15T09:34:15+00:00","dateModified":"2026-05-15T10:04:04+00:00","breadcrumb":{"@id":"https:\/\/simonjersey.eu\/lv\/produkts\/unisex-t-krekls\/#breadcrumb"},"inLanguage":"lv-LV","potentialAction":[{"@type":"ReadAction","target":["https:\/\/simonjersey.eu\/lv\/produkts\/unisex-t-krekls\/"]}]},{"@type":"ImageObject","inLanguage":"lv-LV","@id":"https:\/\/simonjersey.eu\/lv\/produkts\/unisex-t-krekls\/#primaryimage","url":"https:\/\/simonjersey.eu\/lv\/wp-content\/uploads\/sites\/2\/2026\/05\/137-F37_IMG11943_full_86_maxWidth_1200_maxHeight_1050_ppi_300_quality_100.jpg","contentUrl":"https:\/\/simonjersey.eu\/lv\/wp-content\/uploads\/sites\/2\/2026\/05\/137-F37_IMG11943_full_86_maxWidth_1200_maxHeight_1050_ppi_300_quality_100.jpg","width":788,"height":1050},{"@type":"BreadcrumbList","@id":"https:\/\/simonjersey.eu\/lv\/produkts\/unisex-t-krekls\/#breadcrumb","itemListElement":[{"@type":"ListItem","position":1,"name":"Home","item":"https:\/\/simonjersey.eu\/lv\/"},{"@type":"ListItem","position":2,"name":"E-veikals","item":"https:\/\/simonjersey.eu\/lv\/e-veikals\/"},{"@type":"ListItem","position":3,"name":"Unisex T-krekls"}]},{"@type":"WebSite","@id":"https:\/\/simonjersey.eu\/lv\/#website","url":"https:\/\/simonjersey.eu\/lv\/","name":"Simon Jersey Latvija","description":"Kvalitat\u012bvi un iztur\u012bgi darba ap\u0123\u0113rbi","potentialAction":[{"@type":"SearchAction","target":{"@type":"EntryPoint","urlTemplate":"https:\/\/simonjersey.eu\/lv\/?s={search_term_string}"},"query-input":{"@type":"PropertyValueSpecification","valueRequired":true,"valueName":"search_term_string"}}],"inLanguage":"lv-LV"}]}},"_links":{"self":[{"href":"https:\/\/simonjersey.eu\/lv\/wp-json\/wp\/v2\/product\/9348","targetHints":{"allow":["GET"]}}],"collection":[{"href":"https:\/\/simonjersey.eu\/lv\/wp-json\/wp\/v2\/product"}],"about":[{"href":"https:\/\/simonjersey.eu\/lv\/wp-json\/wp\/v2\/types\/product"}],"wp:featuredmedia":[{"embeddable":true,"href":"https:\/\/simonjersey.eu\/lv\/wp-json\/wp\/v2\/media\/9350"}],"wp:attachment":[{"href":"https:\/\/simonjersey.eu\/lv\/wp-json\/wp\/v2\/media?parent=9348"}],"wp:term":[{"taxonomy":"product_brand","embeddable":true,"href":"https:\/\/simonjersey.eu\/lv\/wp-json\/wp\/v2\/product_brand?post=9348"},{"taxonomy":"product_cat","embeddable":true,"href":"https:\/\/simonjersey.eu\/lv\/wp-json\/wp\/v2\/product_cat?post=9348"},{"taxonomy":"product_tag","embeddable":true,"href":"https:\/\/simonjersey.eu\/lv\/wp-json\/wp\/v2\/product_tag?post=9348"}],"curies":[{"name":"wp","href":"https:\/\/api.w.org\/{rel}","templated":true}]}}